{"id":155406,"date":"2023-03-15T14:03:57","date_gmt":"2023-03-15T13:03:57","guid":{"rendered":"https:\/\/endormoonstore.com\/yunyun-kono-subarashii-sekai-ni-syukufuku-wo-nendoroid\/"},"modified":"2024-04-01T09:14:27","modified_gmt":"2024-04-01T07:14:27","slug":"yunyun-kono-subarashii-sekai-ni-syukufuku-wo-nendoroid","status":"publish","type":"product","link":"https:\/\/endormoonstore.com\/en\/yunyun-kono-subarashii-sekai-ni-syukufuku-wo-nendoroid\/","title":{"rendered":"Yunyun Kono Subarashii Sekai ni Syukufuku wo! Nendoroid"},"content":{"rendered":"<p class=\"p1\"><strong>Yunyun Kono Subarashii Sekai ni Syukufuku wo! Nendoroid<\/strong><\/p>\n<ul>\n<li>&#8220;\u00a1Mi nombre es Yunyun! \u00a1Una Archimaga que alg\u00fan d\u00eda ser\u00e1 el jefe de la aldea Crimson Magic!&#8221; De la serie de anime &#8220;Kono Subarashii Sekai ni Syukufuku wo! 2&#8221; llega una nueva versi\u00f3n de la Nendoroid miembro del Crimson Magic Clan y autoproclamado rival de Megumin, \u00a1Yunyun!<\/li>\n<li>La figura mide 10 cent\u00edmetros. Ella viene con tres caras que incluyen una expresi\u00f3n de confianza para mostrarla proponiendo un duelo con Megumin, una expresi\u00f3n vacilante para capturar su personalidad m\u00e1s reservada, as\u00ed como una expresi\u00f3n angustiada con l\u00e1grimas en los ojos.<\/li>\n<li>Las piezas opcionales incluyen una cesta de regalo llena de frutas, un dedo que se\u00f1ala y piezas especiales para mostrarla agitando los brazos fren\u00e9ticamente.<\/li>\n<li>Otra Nendoroid mostrada en las foto se venden por separado<\/li>\n<li>Nota: Art\u00edculo nuevo precintado de fabrica pero como puede ver en la ultima foto tiene una arruga en cart\u00f3n en la parte superior de la caja.<\/li>\n<\/ul>\n<p>&nbsp;<\/p>\n","protected":false},"excerpt":{"rendered":"<p class=\"p1\"><strong>Yunyun Kono Subarashii Sekai ni Syukufuku wo! Nendoroid<\/strong><\/p>\n<p class=\"p1\">&#8220;\u00a1Mi nombre es Yunyun! \u00a1Una Archimaga que alg\u00fan d\u00eda ser\u00e1 el jefe de la aldea Crimson Magic!&#8221; De la serie de anime &#8220;Kono Subarashii Sekai ni Syukufuku wo! 2&#8221; llega una nueva versi\u00f3n de la Nendoroid miembro del Crimson Magic Clan y autoproclamado rival de Megumin, \u00a1Yunyun!<\/p>\n","protected":false},"featured_media":155395,"template":"","meta":{"_acf_changed":false,"_kad_blocks_custom_css":"","_kad_blocks_head_custom_js":"","_kad_blocks_body_custom_js":"","_kad_blocks_footer_custom_js":""},"product_cat":[1390,13511],"product_tag":[],"class_list":{"0":"post-155406","1":"product","2":"type-product","3":"status-publish","4":"has-post-thumbnail","6":"product_cat-figures","7":"product_cat-new-arrivals","8":"pa_brand-good-smile-company-en","9":"pa_character-yunyun-en","10":"pa_license-kono-subarashii-sekai-ni-syukufuku-wo-en","11":"pa_product-type-figure","12":"pa_theme-nendoroid-en","14":"first","15":"instock","16":"sale","17":"taxable","18":"shipping-taxable","19":"purchasable","20":"product-type-simple"},"acf":[],"yoast_head":"<!-- This site is optimized with the Yoast SEO plugin v26.1.1 - https:\/\/yoast.com\/wordpress\/plugins\/seo\/ -->\n<title>Yunyun Kono Subarashii Sekai ni Syukufuku wo! Nendoroid - EndormoonStore<\/title>\n<meta name=\"robots\" content=\"index, follow, max-snippet:-1, max-image-preview:large, max-video-preview:-1\" \/>\n<link rel=\"canonical\" href=\"https:\/\/endormoonstore.com\/en\/yunyun-kono-subarashii-sekai-ni-syukufuku-wo-nendoroid\/\" \/>\n<meta property=\"og:locale\" content=\"en_US\" \/>\n<meta property=\"og:type\" content=\"article\" \/>\n<meta property=\"og:title\" content=\"Yunyun Kono Subarashii Sekai ni Syukufuku wo! Nendoroid - EndormoonStore\" \/>\n<meta property=\"og:description\" content=\"Yunyun Kono Subarashii Sekai ni Syukufuku wo! Nendoroid &quot;\u00a1Mi nombre es Yunyun! \u00a1Una Archimaga que alg\u00fan d\u00eda ser\u00e1 el jefe de la aldea Crimson Magic!&quot; De la serie de anime &quot;Kono Subarashii Sekai ni Syukufuku wo! 2&quot; llega una nueva versi\u00f3n de la Nendoroid miembro del Crimson Magic Clan y autoproclamado rival de Megumin, \u00a1Yunyun!\" \/>\n<meta property=\"og:url\" content=\"https:\/\/endormoonstore.com\/en\/yunyun-kono-subarashii-sekai-ni-syukufuku-wo-nendoroid\/\" \/>\n<meta property=\"og:site_name\" content=\"EndormoonStore\" \/>\n<meta property=\"article:modified_time\" content=\"2024-04-01T07:14:27+00:00\" \/>\n<meta property=\"og:image\" content=\"https:\/\/endormoonstore.com\/wp-content\/uploads\/2024\/04\/Yunyun-Kono-Subarashii-Sekai-ni-Syukufuku-wo-2-Nendoroid-1.jpg\" \/>\n\t<meta property=\"og:image:width\" content=\"600\" \/>\n\t<meta property=\"og:image:height\" content=\"800\" \/>\n\t<meta property=\"og:image:type\" content=\"image\/jpeg\" \/>\n<meta name=\"twitter:card\" content=\"summary_large_image\" \/>\n<meta name=\"twitter:label1\" content=\"Est. reading time\" \/>\n\t<meta name=\"twitter:data1\" content=\"1 minute\" \/>\n<script type=\"application\/ld+json\" class=\"yoast-schema-graph\">{\"@context\":\"https:\/\/schema.org\",\"@graph\":[{\"@type\":\"WebPage\",\"@id\":\"https:\/\/endormoonstore.com\/en\/yunyun-kono-subarashii-sekai-ni-syukufuku-wo-nendoroid\/\",\"url\":\"https:\/\/endormoonstore.com\/en\/yunyun-kono-subarashii-sekai-ni-syukufuku-wo-nendoroid\/\",\"name\":\"Yunyun Kono Subarashii Sekai ni Syukufuku wo! Nendoroid - EndormoonStore\",\"isPartOf\":{\"@id\":\"https:\/\/endormoonstore.com\/#website\"},\"primaryImageOfPage\":{\"@id\":\"https:\/\/endormoonstore.com\/en\/yunyun-kono-subarashii-sekai-ni-syukufuku-wo-nendoroid\/#primaryimage\"},\"image\":{\"@id\":\"https:\/\/endormoonstore.com\/en\/yunyun-kono-subarashii-sekai-ni-syukufuku-wo-nendoroid\/#primaryimage\"},\"thumbnailUrl\":\"https:\/\/endormoonstore.com\/wp-content\/uploads\/2024\/04\/Yunyun-Kono-Subarashii-Sekai-ni-Syukufuku-wo-2-Nendoroid-1.jpg\",\"datePublished\":\"2023-03-15T13:03:57+00:00\",\"dateModified\":\"2024-04-01T07:14:27+00:00\",\"breadcrumb\":{\"@id\":\"https:\/\/endormoonstore.com\/en\/yunyun-kono-subarashii-sekai-ni-syukufuku-wo-nendoroid\/#breadcrumb\"},\"inLanguage\":\"en-US\",\"potentialAction\":[{\"@type\":\"ReadAction\",\"target\":[\"https:\/\/endormoonstore.com\/en\/yunyun-kono-subarashii-sekai-ni-syukufuku-wo-nendoroid\/\"]}]},{\"@type\":\"ImageObject\",\"inLanguage\":\"en-US\",\"@id\":\"https:\/\/endormoonstore.com\/en\/yunyun-kono-subarashii-sekai-ni-syukufuku-wo-nendoroid\/#primaryimage\",\"url\":\"https:\/\/endormoonstore.com\/wp-content\/uploads\/2024\/04\/Yunyun-Kono-Subarashii-Sekai-ni-Syukufuku-wo-2-Nendoroid-1.jpg\",\"contentUrl\":\"https:\/\/endormoonstore.com\/wp-content\/uploads\/2024\/04\/Yunyun-Kono-Subarashii-Sekai-ni-Syukufuku-wo-2-Nendoroid-1.jpg\",\"width\":600,\"height\":800},{\"@type\":\"BreadcrumbList\",\"@id\":\"https:\/\/endormoonstore.com\/en\/yunyun-kono-subarashii-sekai-ni-syukufuku-wo-nendoroid\/#breadcrumb\",\"itemListElement\":[{\"@type\":\"ListItem\",\"position\":1,\"name\":\"Shop\",\"item\":\"https:\/\/endormoonstore.com\/en\/shop\/\"},{\"@type\":\"ListItem\",\"position\":2,\"name\":\"Yunyun Kono Subarashii Sekai ni Syukufuku wo! Nendoroid\"}]},{\"@type\":\"WebSite\",\"@id\":\"https:\/\/endormoonstore.com\/#website\",\"url\":\"https:\/\/endormoonstore.com\/\",\"name\":\"EndormoonStore\",\"description\":\"\",\"potentialAction\":[{\"@type\":\"SearchAction\",\"target\":{\"@type\":\"EntryPoint\",\"urlTemplate\":\"https:\/\/endormoonstore.com\/?s={search_term_string}\"},\"query-input\":{\"@type\":\"PropertyValueSpecification\",\"valueRequired\":true,\"valueName\":\"search_term_string\"}}],\"inLanguage\":\"en-US\"}]}<\/script>\n<!-- \/ Yoast SEO plugin. -->","yoast_head_json":{"title":"Yunyun Kono Subarashii Sekai ni Syukufuku wo! Nendoroid - EndormoonStore","robots":{"index":"index","follow":"follow","max-snippet":"max-snippet:-1","max-image-preview":"max-image-preview:large","max-video-preview":"max-video-preview:-1"},"canonical":"https:\/\/endormoonstore.com\/en\/yunyun-kono-subarashii-sekai-ni-syukufuku-wo-nendoroid\/","og_locale":"en_US","og_type":"article","og_title":"Yunyun Kono Subarashii Sekai ni Syukufuku wo! Nendoroid - EndormoonStore","og_description":"Yunyun Kono Subarashii Sekai ni Syukufuku wo! Nendoroid \"\u00a1Mi nombre es Yunyun! \u00a1Una Archimaga que alg\u00fan d\u00eda ser\u00e1 el jefe de la aldea Crimson Magic!\" De la serie de anime \"Kono Subarashii Sekai ni Syukufuku wo! 2\" llega una nueva versi\u00f3n de la Nendoroid miembro del Crimson Magic Clan y autoproclamado rival de Megumin, \u00a1Yunyun!","og_url":"https:\/\/endormoonstore.com\/en\/yunyun-kono-subarashii-sekai-ni-syukufuku-wo-nendoroid\/","og_site_name":"EndormoonStore","article_modified_time":"2024-04-01T07:14:27+00:00","og_image":[{"width":600,"height":800,"url":"https:\/\/endormoonstore.com\/wp-content\/uploads\/2024\/04\/Yunyun-Kono-Subarashii-Sekai-ni-Syukufuku-wo-2-Nendoroid-1.jpg","type":"image\/jpeg"}],"twitter_card":"summary_large_image","twitter_misc":{"Est. reading time":"1 minute"},"schema":{"@context":"https:\/\/schema.org","@graph":[{"@type":"WebPage","@id":"https:\/\/endormoonstore.com\/en\/yunyun-kono-subarashii-sekai-ni-syukufuku-wo-nendoroid\/","url":"https:\/\/endormoonstore.com\/en\/yunyun-kono-subarashii-sekai-ni-syukufuku-wo-nendoroid\/","name":"Yunyun Kono Subarashii Sekai ni Syukufuku wo! Nendoroid - EndormoonStore","isPartOf":{"@id":"https:\/\/endormoonstore.com\/#website"},"primaryImageOfPage":{"@id":"https:\/\/endormoonstore.com\/en\/yunyun-kono-subarashii-sekai-ni-syukufuku-wo-nendoroid\/#primaryimage"},"image":{"@id":"https:\/\/endormoonstore.com\/en\/yunyun-kono-subarashii-sekai-ni-syukufuku-wo-nendoroid\/#primaryimage"},"thumbnailUrl":"https:\/\/endormoonstore.com\/wp-content\/uploads\/2024\/04\/Yunyun-Kono-Subarashii-Sekai-ni-Syukufuku-wo-2-Nendoroid-1.jpg","datePublished":"2023-03-15T13:03:57+00:00","dateModified":"2024-04-01T07:14:27+00:00","breadcrumb":{"@id":"https:\/\/endormoonstore.com\/en\/yunyun-kono-subarashii-sekai-ni-syukufuku-wo-nendoroid\/#breadcrumb"},"inLanguage":"en-US","potentialAction":[{"@type":"ReadAction","target":["https:\/\/endormoonstore.com\/en\/yunyun-kono-subarashii-sekai-ni-syukufuku-wo-nendoroid\/"]}]},{"@type":"ImageObject","inLanguage":"en-US","@id":"https:\/\/endormoonstore.com\/en\/yunyun-kono-subarashii-sekai-ni-syukufuku-wo-nendoroid\/#primaryimage","url":"https:\/\/endormoonstore.com\/wp-content\/uploads\/2024\/04\/Yunyun-Kono-Subarashii-Sekai-ni-Syukufuku-wo-2-Nendoroid-1.jpg","contentUrl":"https:\/\/endormoonstore.com\/wp-content\/uploads\/2024\/04\/Yunyun-Kono-Subarashii-Sekai-ni-Syukufuku-wo-2-Nendoroid-1.jpg","width":600,"height":800},{"@type":"BreadcrumbList","@id":"https:\/\/endormoonstore.com\/en\/yunyun-kono-subarashii-sekai-ni-syukufuku-wo-nendoroid\/#breadcrumb","itemListElement":[{"@type":"ListItem","position":1,"name":"Shop","item":"https:\/\/endormoonstore.com\/en\/shop\/"},{"@type":"ListItem","position":2,"name":"Yunyun Kono Subarashii Sekai ni Syukufuku wo! Nendoroid"}]},{"@type":"WebSite","@id":"https:\/\/endormoonstore.com\/#website","url":"https:\/\/endormoonstore.com\/","name":"EndormoonStore","description":"","potentialAction":[{"@type":"SearchAction","target":{"@type":"EntryPoint","urlTemplate":"https:\/\/endormoonstore.com\/?s={search_term_string}"},"query-input":{"@type":"PropertyValueSpecification","valueRequired":true,"valueName":"search_term_string"}}],"inLanguage":"en-US"}]}},"taxonomy_info":{"product_cat":[{"value":1390,"label":"Figures"},{"value":13511,"label":"New Arrivals"}],"pa_brand":[{"value":2081,"label":"Good Smile Company"}],"pa_character":[{"value":14236,"label":"Yunyun"}],"pa_license":[{"value":14233,"label":"Kono Subarashii Sekai ni Syukufuku wo!"}],"pa_product-type":[{"value":2387,"label":"Figure"}],"pa_theme":[{"value":1861,"label":"Nendoroid"}]},"featured_image_src_large":["https:\/\/endormoonstore.com\/wp-content\/uploads\/2024\/04\/Yunyun-Kono-Subarashii-Sekai-ni-Syukufuku-wo-2-Nendoroid-1.jpg",600,800,false],"author_info":[],"comment_info":"","_links":{"self":[{"href":"https:\/\/endormoonstore.com\/en\/wp-json\/wp\/v2\/product\/155406","targetHints":{"allow":["GET"]}}],"collection":[{"href":"https:\/\/endormoonstore.com\/en\/wp-json\/wp\/v2\/product"}],"about":[{"href":"https:\/\/endormoonstore.com\/en\/wp-json\/wp\/v2\/types\/product"}],"wp:featuredmedia":[{"embeddable":true,"href":"https:\/\/endormoonstore.com\/en\/wp-json\/wp\/v2\/media\/155395"}],"wp:attachment":[{"href":"https:\/\/endormoonstore.com\/en\/wp-json\/wp\/v2\/media?parent=155406"}],"wp:term":[{"taxonomy":"product_cat","embeddable":true,"href":"https:\/\/endormoonstore.com\/en\/wp-json\/wp\/v2\/product_cat?post=155406"},{"taxonomy":"product_tag","embeddable":true,"href":"https:\/\/endormoonstore.com\/en\/wp-json\/wp\/v2\/product_tag?post=155406"}],"curies":[{"name":"wp","href":"https:\/\/api.w.org\/{rel}","templated":true}]}}