{"id":155385,"date":"2024-01-03T04:35:43","date_gmt":"2024-01-03T03:35:43","guid":{"rendered":"https:\/\/endormoonstore.com\/jotaro-kujo-jojos-bizarre-adventure-stone-ocean-nendoroid\/"},"modified":"2024-03-30T23:47:01","modified_gmt":"2024-03-30T22:47:01","slug":"jotaro-kujo-jojos-bizarre-adventure-stone-ocean-nendoroid","status":"publish","type":"product","link":"https:\/\/endormoonstore.com\/en\/jotaro-kujo-jojos-bizarre-adventure-stone-ocean-nendoroid\/","title":{"rendered":"Jotaro Kujo JoJo&#8217;s Bizarre Adventure: Stone Ocean Nendoroid"},"content":{"rendered":"<p class=\"p1\"><b>Jotaro Kujo JoJo&#8217;s Bizarre Adventure: Stone Ocean Nendoroid Figura 10 cm<\/b><\/p>\n<ul class=\"ul1\">\n<li class=\"li1\"><i>&#8220;<\/i>Siempre me he preocupado por ti<i>&#8220;.<\/i>\u00a1De la serie de anime &#8220;JoJo&#8217;s Bizarre Adventure: Stone Ocean&#8221; viene un Nendoroid del padre de Jolyne Cujoh, Jotaro Kujo, tal como aparece en el arco de Stone Ocean!<\/li>\n<li class=\"li1\">La figura est\u00e1 completamente articulada para que exhibirla en una amplia variedad de poses.<\/li>\n<li class=\"li1\">Con con tres placas faciales que incluyen una cara est\u00e1ndar, una cara &#8220;Ora Ora&#8221; y una cara DISC de la impactante escena cuando le hirieron de muerte.<\/li>\n<li class=\"li1\">Tambi\u00e9n se incluye una parte de efecto de golpe basada en su Stand, Star Platinum, para que puedas recrear escenas de combate en forma de Nendoroid<\/li>\n<li class=\"li1\">El Nendoroid tambi\u00e9n viene con partes para mostrarlo en la pose de cuando se reuni\u00f3 con Jolyne en prisi\u00f3n junto con varias partes de manos intercambiables.<\/li>\n<li class=\"li1\">La otra Nendoroid de Jolyne Cujoh se vende por separado<\/li>\n<li class=\"li1\">\u00a0\u00a1Aseg\u00farate de agregarlo a tu colecci\u00f3n!<\/li>\n<\/ul>\n","protected":false},"excerpt":{"rendered":"<p><strong>Jotaro Kujo JoJo&#8217;s Bizarre Adventure: Stone Ocean Nendoroid Figura 10 cm<\/strong><\/p>\n<p><em>&#8220;<\/em>Siempre me he preocupado por ti<em>&#8220;.<\/em>\u00a1De la serie de anime &#8220;JoJo&#8217;s Bizarre Adventure: Stone Ocean&#8221; viene un Nendoroid del padre de Jolyne Cujoh, Jotaro Kujo, tal como aparece en el arco de Stone Ocean!<\/p>\n","protected":false},"featured_media":130384,"template":"","meta":{"_acf_changed":false,"_kad_blocks_custom_css":"","_kad_blocks_head_custom_js":"","_kad_blocks_body_custom_js":"","_kad_blocks_footer_custom_js":""},"product_cat":[1390,13511],"product_tag":[],"class_list":{"0":"post-155385","1":"product","2":"type-product","3":"status-publish","4":"has-post-thumbnail","6":"product_cat-figures","7":"product_cat-new-arrivals","8":"pa_brand-medicos-entertainment-en","9":"pa_character-jotaro-kujo-en","10":"pa_license-jojos-bizarre-adventure-en","11":"pa_product-type-figure","12":"pa_theme-nendoroid-en","14":"first","15":"outofstock","16":"sale","17":"taxable","18":"shipping-taxable","19":"purchasable","20":"product-type-simple"},"acf":[],"yoast_head":"<!-- This site is optimized with the Yoast SEO plugin v26.1.1 - https:\/\/yoast.com\/wordpress\/plugins\/seo\/ -->\n<title>Jotaro Kujo JoJo&#039;s Bizarre Adventure: Stone Ocean Nendoroid - EndormoonStore<\/title>\n<meta name=\"robots\" content=\"index, follow, max-snippet:-1, max-image-preview:large, max-video-preview:-1\" \/>\n<link rel=\"canonical\" href=\"https:\/\/endormoonstore.com\/en\/jotaro-kujo-jojos-bizarre-adventure-stone-ocean-nendoroid\/\" \/>\n<meta property=\"og:locale\" content=\"en_US\" \/>\n<meta property=\"og:type\" content=\"article\" \/>\n<meta property=\"og:title\" content=\"Jotaro Kujo JoJo&#039;s Bizarre Adventure: Stone Ocean Nendoroid - EndormoonStore\" \/>\n<meta property=\"og:description\" content=\"Jotaro Kujo JoJo&#039;s Bizarre Adventure: Stone Ocean Nendoroid Figura 10 cm  &quot;Siempre me he preocupado por ti&quot;.\u00a1De la serie de anime &quot;JoJo&#039;s Bizarre Adventure: Stone Ocean&quot; viene un Nendoroid del padre de Jolyne Cujoh, Jotaro Kujo, tal como aparece en el arco de Stone Ocean!\" \/>\n<meta property=\"og:url\" content=\"https:\/\/endormoonstore.com\/en\/jotaro-kujo-jojos-bizarre-adventure-stone-ocean-nendoroid\/\" \/>\n<meta property=\"og:site_name\" content=\"EndormoonStore\" \/>\n<meta property=\"article:modified_time\" content=\"2024-03-30T22:47:01+00:00\" \/>\n<meta property=\"og:image\" content=\"https:\/\/endormoonstore.com\/wp-content\/uploads\/2022\/05\/Jotaro-Kujo-JoJos-Bizarre-Adventure-Stone-Ocean-Nendoroid-1.jpeg\" \/>\n\t<meta property=\"og:image:width\" content=\"730\" \/>\n\t<meta property=\"og:image:height\" content=\"900\" \/>\n\t<meta property=\"og:image:type\" content=\"image\/jpeg\" \/>\n<meta name=\"twitter:card\" content=\"summary_large_image\" \/>\n<meta name=\"twitter:label1\" content=\"Est. reading time\" \/>\n\t<meta name=\"twitter:data1\" content=\"1 minute\" \/>\n<script type=\"application\/ld+json\" class=\"yoast-schema-graph\">{\"@context\":\"https:\/\/schema.org\",\"@graph\":[{\"@type\":\"WebPage\",\"@id\":\"https:\/\/endormoonstore.com\/en\/jotaro-kujo-jojos-bizarre-adventure-stone-ocean-nendoroid\/\",\"url\":\"https:\/\/endormoonstore.com\/en\/jotaro-kujo-jojos-bizarre-adventure-stone-ocean-nendoroid\/\",\"name\":\"Jotaro Kujo JoJo's Bizarre Adventure: Stone Ocean Nendoroid - EndormoonStore\",\"isPartOf\":{\"@id\":\"https:\/\/endormoonstore.com\/#website\"},\"primaryImageOfPage\":{\"@id\":\"https:\/\/endormoonstore.com\/en\/jotaro-kujo-jojos-bizarre-adventure-stone-ocean-nendoroid\/#primaryimage\"},\"image\":{\"@id\":\"https:\/\/endormoonstore.com\/en\/jotaro-kujo-jojos-bizarre-adventure-stone-ocean-nendoroid\/#primaryimage\"},\"thumbnailUrl\":\"https:\/\/endormoonstore.com\/wp-content\/uploads\/2022\/05\/Jotaro-Kujo-JoJos-Bizarre-Adventure-Stone-Ocean-Nendoroid-1.jpeg\",\"datePublished\":\"2024-01-03T03:35:43+00:00\",\"dateModified\":\"2024-03-30T22:47:01+00:00\",\"breadcrumb\":{\"@id\":\"https:\/\/endormoonstore.com\/en\/jotaro-kujo-jojos-bizarre-adventure-stone-ocean-nendoroid\/#breadcrumb\"},\"inLanguage\":\"en-US\",\"potentialAction\":[{\"@type\":\"ReadAction\",\"target\":[\"https:\/\/endormoonstore.com\/en\/jotaro-kujo-jojos-bizarre-adventure-stone-ocean-nendoroid\/\"]}]},{\"@type\":\"ImageObject\",\"inLanguage\":\"en-US\",\"@id\":\"https:\/\/endormoonstore.com\/en\/jotaro-kujo-jojos-bizarre-adventure-stone-ocean-nendoroid\/#primaryimage\",\"url\":\"https:\/\/endormoonstore.com\/wp-content\/uploads\/2022\/05\/Jotaro-Kujo-JoJos-Bizarre-Adventure-Stone-Ocean-Nendoroid-1.jpeg\",\"contentUrl\":\"https:\/\/endormoonstore.com\/wp-content\/uploads\/2022\/05\/Jotaro-Kujo-JoJos-Bizarre-Adventure-Stone-Ocean-Nendoroid-1.jpeg\",\"width\":730,\"height\":900},{\"@type\":\"BreadcrumbList\",\"@id\":\"https:\/\/endormoonstore.com\/en\/jotaro-kujo-jojos-bizarre-adventure-stone-ocean-nendoroid\/#breadcrumb\",\"itemListElement\":[{\"@type\":\"ListItem\",\"position\":1,\"name\":\"Shop\",\"item\":\"https:\/\/endormoonstore.com\/en\/shop\/\"},{\"@type\":\"ListItem\",\"position\":2,\"name\":\"Jotaro Kujo JoJo&#8217;s Bizarre Adventure: Stone Ocean Nendoroid\"}]},{\"@type\":\"WebSite\",\"@id\":\"https:\/\/endormoonstore.com\/#website\",\"url\":\"https:\/\/endormoonstore.com\/\",\"name\":\"EndormoonStore\",\"description\":\"\",\"potentialAction\":[{\"@type\":\"SearchAction\",\"target\":{\"@type\":\"EntryPoint\",\"urlTemplate\":\"https:\/\/endormoonstore.com\/?s={search_term_string}\"},\"query-input\":{\"@type\":\"PropertyValueSpecification\",\"valueRequired\":true,\"valueName\":\"search_term_string\"}}],\"inLanguage\":\"en-US\"}]}<\/script>\n<!-- \/ Yoast SEO plugin. -->","yoast_head_json":{"title":"Jotaro Kujo JoJo's Bizarre Adventure: Stone Ocean Nendoroid - EndormoonStore","robots":{"index":"index","follow":"follow","max-snippet":"max-snippet:-1","max-image-preview":"max-image-preview:large","max-video-preview":"max-video-preview:-1"},"canonical":"https:\/\/endormoonstore.com\/en\/jotaro-kujo-jojos-bizarre-adventure-stone-ocean-nendoroid\/","og_locale":"en_US","og_type":"article","og_title":"Jotaro Kujo JoJo's Bizarre Adventure: Stone Ocean Nendoroid - EndormoonStore","og_description":"Jotaro Kujo JoJo's Bizarre Adventure: Stone Ocean Nendoroid Figura 10 cm  \"Siempre me he preocupado por ti\".\u00a1De la serie de anime \"JoJo's Bizarre Adventure: Stone Ocean\" viene un Nendoroid del padre de Jolyne Cujoh, Jotaro Kujo, tal como aparece en el arco de Stone Ocean!","og_url":"https:\/\/endormoonstore.com\/en\/jotaro-kujo-jojos-bizarre-adventure-stone-ocean-nendoroid\/","og_site_name":"EndormoonStore","article_modified_time":"2024-03-30T22:47:01+00:00","og_image":[{"width":730,"height":900,"url":"https:\/\/endormoonstore.com\/wp-content\/uploads\/2022\/05\/Jotaro-Kujo-JoJos-Bizarre-Adventure-Stone-Ocean-Nendoroid-1.jpeg","type":"image\/jpeg"}],"twitter_card":"summary_large_image","twitter_misc":{"Est. reading time":"1 minute"},"schema":{"@context":"https:\/\/schema.org","@graph":[{"@type":"WebPage","@id":"https:\/\/endormoonstore.com\/en\/jotaro-kujo-jojos-bizarre-adventure-stone-ocean-nendoroid\/","url":"https:\/\/endormoonstore.com\/en\/jotaro-kujo-jojos-bizarre-adventure-stone-ocean-nendoroid\/","name":"Jotaro Kujo JoJo's Bizarre Adventure: Stone Ocean Nendoroid - EndormoonStore","isPartOf":{"@id":"https:\/\/endormoonstore.com\/#website"},"primaryImageOfPage":{"@id":"https:\/\/endormoonstore.com\/en\/jotaro-kujo-jojos-bizarre-adventure-stone-ocean-nendoroid\/#primaryimage"},"image":{"@id":"https:\/\/endormoonstore.com\/en\/jotaro-kujo-jojos-bizarre-adventure-stone-ocean-nendoroid\/#primaryimage"},"thumbnailUrl":"https:\/\/endormoonstore.com\/wp-content\/uploads\/2022\/05\/Jotaro-Kujo-JoJos-Bizarre-Adventure-Stone-Ocean-Nendoroid-1.jpeg","datePublished":"2024-01-03T03:35:43+00:00","dateModified":"2024-03-30T22:47:01+00:00","breadcrumb":{"@id":"https:\/\/endormoonstore.com\/en\/jotaro-kujo-jojos-bizarre-adventure-stone-ocean-nendoroid\/#breadcrumb"},"inLanguage":"en-US","potentialAction":[{"@type":"ReadAction","target":["https:\/\/endormoonstore.com\/en\/jotaro-kujo-jojos-bizarre-adventure-stone-ocean-nendoroid\/"]}]},{"@type":"ImageObject","inLanguage":"en-US","@id":"https:\/\/endormoonstore.com\/en\/jotaro-kujo-jojos-bizarre-adventure-stone-ocean-nendoroid\/#primaryimage","url":"https:\/\/endormoonstore.com\/wp-content\/uploads\/2022\/05\/Jotaro-Kujo-JoJos-Bizarre-Adventure-Stone-Ocean-Nendoroid-1.jpeg","contentUrl":"https:\/\/endormoonstore.com\/wp-content\/uploads\/2022\/05\/Jotaro-Kujo-JoJos-Bizarre-Adventure-Stone-Ocean-Nendoroid-1.jpeg","width":730,"height":900},{"@type":"BreadcrumbList","@id":"https:\/\/endormoonstore.com\/en\/jotaro-kujo-jojos-bizarre-adventure-stone-ocean-nendoroid\/#breadcrumb","itemListElement":[{"@type":"ListItem","position":1,"name":"Shop","item":"https:\/\/endormoonstore.com\/en\/shop\/"},{"@type":"ListItem","position":2,"name":"Jotaro Kujo JoJo&#8217;s Bizarre Adventure: Stone Ocean Nendoroid"}]},{"@type":"WebSite","@id":"https:\/\/endormoonstore.com\/#website","url":"https:\/\/endormoonstore.com\/","name":"EndormoonStore","description":"","potentialAction":[{"@type":"SearchAction","target":{"@type":"EntryPoint","urlTemplate":"https:\/\/endormoonstore.com\/?s={search_term_string}"},"query-input":{"@type":"PropertyValueSpecification","valueRequired":true,"valueName":"search_term_string"}}],"inLanguage":"en-US"}]}},"taxonomy_info":{"product_cat":[{"value":1390,"label":"Figures"},{"value":13511,"label":"New Arrivals"}],"pa_brand":[{"value":14231,"label":"Medicos Entertainment"}],"pa_character":[{"value":3170,"label":"Jotaro Kujo"}],"pa_license":[{"value":1915,"label":"JoJo\u00b4s Bizarre Adventure"}],"pa_product-type":[{"value":2387,"label":"Figure"}],"pa_theme":[{"value":1861,"label":"Nendoroid"}]},"featured_image_src_large":["https:\/\/endormoonstore.com\/wp-content\/uploads\/2022\/05\/Jotaro-Kujo-JoJos-Bizarre-Adventure-Stone-Ocean-Nendoroid-1.jpeg",730,900,false],"author_info":[],"comment_info":"","_links":{"self":[{"href":"https:\/\/endormoonstore.com\/en\/wp-json\/wp\/v2\/product\/155385","targetHints":{"allow":["GET"]}}],"collection":[{"href":"https:\/\/endormoonstore.com\/en\/wp-json\/wp\/v2\/product"}],"about":[{"href":"https:\/\/endormoonstore.com\/en\/wp-json\/wp\/v2\/types\/product"}],"wp:featuredmedia":[{"embeddable":true,"href":"https:\/\/endormoonstore.com\/en\/wp-json\/wp\/v2\/media\/130384"}],"wp:attachment":[{"href":"https:\/\/endormoonstore.com\/en\/wp-json\/wp\/v2\/media?parent=155385"}],"wp:term":[{"taxonomy":"product_cat","embeddable":true,"href":"https:\/\/endormoonstore.com\/en\/wp-json\/wp\/v2\/product_cat?post=155385"},{"taxonomy":"product_tag","embeddable":true,"href":"https:\/\/endormoonstore.com\/en\/wp-json\/wp\/v2\/product_tag?post=155385"}],"curies":[{"name":"wp","href":"https:\/\/api.w.org\/{rel}","templated":true}]}}