{"id":155359,"date":"2023-03-15T14:02:42","date_gmt":"2023-03-15T13:02:42","guid":{"rendered":"https:\/\/endormoonstore.com\/kazuma-kono-subarashii-sekai-ni-shukufuku-wo-nendoroid\/"},"modified":"2024-04-01T08:24:11","modified_gmt":"2024-04-01T06:24:11","slug":"kazuma-kono-subarashii-sekai-ni-syukufuku-wo-nendoroid","status":"publish","type":"product","link":"https:\/\/endormoonstore.com\/en\/kazuma-kono-subarashii-sekai-ni-syukufuku-wo-nendoroid\/","title":{"rendered":"Kazuma Kono Subarashii Sekai ni Syukufuku wo! Nendoroid"},"content":{"rendered":"<p><strong>Kazuma Kono Subarashii Sekai ni Syukufuku wo! Nendoroid<\/strong><\/p>\n<ul>\n<li>&#8220;\u00a1Adi\u00f3s vida aburrida! \u00a1Hola mundo de fantas\u00eda!&#8221; De la serie de anime &#8220;Kono Subarashii Sekai ni Shukufuku wo! 2 &#8221; llega una reedici\u00f3n del Nendoroid del aventurero Kazuma.<\/li>\n<li>Viene con tres caras diferentes que incluyen una expresi\u00f3n est\u00e1ndar, una expresi\u00f3n de grito con ojos que muestran que est\u00e1 pasando por un momento bastante dif\u00edcil, as\u00ed como una expresi\u00f3n m\u00e1s tortuosa cuando hace uso de trucos sucios.<\/li>\n<li>Su capa verde se puede quitar para una apariencia ligeramente diferente, y otras partes opcionales incluyen su espada Chunchunmaru, partes de efectos m\u00e1gicos para mostrar c\u00f3mo lanza agua y las bragas que rob\u00f3 usando el hechizo de robo.<\/li>\n<li>\u00a1Tambi\u00e9n viene con partes de manos especiales para capturar sus poses m\u00e1s ic\u00f3nicas, lo que permite a los fan\u00e1ticos recrear varias poses de la serie!<\/li>\n<li>Las otras nendoroid de las fotos de la serie se venden por separado<\/li>\n<\/ul>\n","protected":false},"excerpt":{"rendered":"<p><strong>Kazuma Kono Subarashii Sekai ni Syukufuku wo! Nendoroid<\/strong><\/p>\n<p>&#8220;\u00a1Adi\u00f3s vida aburrida! \u00a1Hola mundo de fantas\u00eda!&#8221; De la serie de anime &#8220;Kono Subarashii Sekai ni Shukufuku wo! 2 &#8221; llega una reedici\u00f3n del Nendoroid del aventurero Kazuma.<\/p>\n","protected":false},"featured_media":155350,"template":"","meta":{"_acf_changed":false,"_kad_blocks_custom_css":"","_kad_blocks_head_custom_js":"","_kad_blocks_body_custom_js":"","_kad_blocks_footer_custom_js":""},"product_cat":[1390,13511],"product_tag":[],"class_list":{"0":"post-155359","1":"product","2":"type-product","3":"status-publish","4":"has-post-thumbnail","6":"product_cat-figures","7":"product_cat-new-arrivals","8":"pa_brand-good-smile-company-en","9":"pa_character-kazuma-en","10":"pa_license-kono-subarashii-sekai-ni-syukufuku-wo-en","11":"pa_product-type-figure","12":"pa_theme-nendoroid-en","14":"first","15":"instock","16":"sale","17":"taxable","18":"shipping-taxable","19":"purchasable","20":"product-type-simple"},"acf":[],"yoast_head":"<!-- This site is optimized with the Yoast SEO plugin v26.1.1 - https:\/\/yoast.com\/wordpress\/plugins\/seo\/ -->\n<title>Kazuma Kono Subarashii Sekai ni Syukufuku wo! Nendoroid - EndormoonStore<\/title>\n<meta name=\"robots\" content=\"index, follow, max-snippet:-1, max-image-preview:large, max-video-preview:-1\" \/>\n<link rel=\"canonical\" href=\"https:\/\/endormoonstore.com\/en\/kazuma-kono-subarashii-sekai-ni-syukufuku-wo-nendoroid\/\" \/>\n<meta property=\"og:locale\" content=\"en_US\" \/>\n<meta property=\"og:type\" content=\"article\" \/>\n<meta property=\"og:title\" content=\"Kazuma Kono Subarashii Sekai ni Syukufuku wo! Nendoroid - EndormoonStore\" \/>\n<meta property=\"og:description\" content=\"Kazuma Kono Subarashii Sekai ni Syukufuku wo! Nendoroid  &quot;\u00a1Adi\u00f3s vida aburrida! \u00a1Hola mundo de fantas\u00eda!&quot; De la serie de anime &quot;Kono Subarashii Sekai ni Shukufuku wo! 2 &quot; llega una reedici\u00f3n del Nendoroid del aventurero Kazuma.\" \/>\n<meta property=\"og:url\" content=\"https:\/\/endormoonstore.com\/en\/kazuma-kono-subarashii-sekai-ni-syukufuku-wo-nendoroid\/\" \/>\n<meta property=\"og:site_name\" content=\"EndormoonStore\" \/>\n<meta property=\"article:modified_time\" content=\"2024-04-01T06:24:11+00:00\" \/>\n<meta property=\"og:image\" content=\"https:\/\/endormoonstore.com\/wp-content\/uploads\/2023\/03\/Kazuma-Kono-Subarashii-Sekai-ni-Shukufuku-wo-Nendoroid-1.jpg\" \/>\n\t<meta property=\"og:image:width\" content=\"600\" \/>\n\t<meta property=\"og:image:height\" content=\"800\" \/>\n\t<meta property=\"og:image:type\" content=\"image\/jpeg\" \/>\n<meta name=\"twitter:card\" content=\"summary_large_image\" \/>\n<meta name=\"twitter:label1\" content=\"Est. reading time\" \/>\n\t<meta name=\"twitter:data1\" content=\"1 minute\" \/>\n<script type=\"application\/ld+json\" class=\"yoast-schema-graph\">{\"@context\":\"https:\/\/schema.org\",\"@graph\":[{\"@type\":\"WebPage\",\"@id\":\"https:\/\/endormoonstore.com\/en\/kazuma-kono-subarashii-sekai-ni-syukufuku-wo-nendoroid\/\",\"url\":\"https:\/\/endormoonstore.com\/en\/kazuma-kono-subarashii-sekai-ni-syukufuku-wo-nendoroid\/\",\"name\":\"Kazuma Kono Subarashii Sekai ni Syukufuku wo! Nendoroid - EndormoonStore\",\"isPartOf\":{\"@id\":\"https:\/\/endormoonstore.com\/#website\"},\"primaryImageOfPage\":{\"@id\":\"https:\/\/endormoonstore.com\/en\/kazuma-kono-subarashii-sekai-ni-syukufuku-wo-nendoroid\/#primaryimage\"},\"image\":{\"@id\":\"https:\/\/endormoonstore.com\/en\/kazuma-kono-subarashii-sekai-ni-syukufuku-wo-nendoroid\/#primaryimage\"},\"thumbnailUrl\":\"https:\/\/endormoonstore.com\/wp-content\/uploads\/2023\/03\/Kazuma-Kono-Subarashii-Sekai-ni-Shukufuku-wo-Nendoroid-1.jpg\",\"datePublished\":\"2023-03-15T13:02:42+00:00\",\"dateModified\":\"2024-04-01T06:24:11+00:00\",\"breadcrumb\":{\"@id\":\"https:\/\/endormoonstore.com\/en\/kazuma-kono-subarashii-sekai-ni-syukufuku-wo-nendoroid\/#breadcrumb\"},\"inLanguage\":\"en-US\",\"potentialAction\":[{\"@type\":\"ReadAction\",\"target\":[\"https:\/\/endormoonstore.com\/en\/kazuma-kono-subarashii-sekai-ni-syukufuku-wo-nendoroid\/\"]}]},{\"@type\":\"ImageObject\",\"inLanguage\":\"en-US\",\"@id\":\"https:\/\/endormoonstore.com\/en\/kazuma-kono-subarashii-sekai-ni-syukufuku-wo-nendoroid\/#primaryimage\",\"url\":\"https:\/\/endormoonstore.com\/wp-content\/uploads\/2023\/03\/Kazuma-Kono-Subarashii-Sekai-ni-Shukufuku-wo-Nendoroid-1.jpg\",\"contentUrl\":\"https:\/\/endormoonstore.com\/wp-content\/uploads\/2023\/03\/Kazuma-Kono-Subarashii-Sekai-ni-Shukufuku-wo-Nendoroid-1.jpg\",\"width\":600,\"height\":800},{\"@type\":\"BreadcrumbList\",\"@id\":\"https:\/\/endormoonstore.com\/en\/kazuma-kono-subarashii-sekai-ni-syukufuku-wo-nendoroid\/#breadcrumb\",\"itemListElement\":[{\"@type\":\"ListItem\",\"position\":1,\"name\":\"Shop\",\"item\":\"https:\/\/endormoonstore.com\/en\/shop\/\"},{\"@type\":\"ListItem\",\"position\":2,\"name\":\"Kazuma Kono Subarashii Sekai ni Syukufuku wo! Nendoroid\"}]},{\"@type\":\"WebSite\",\"@id\":\"https:\/\/endormoonstore.com\/#website\",\"url\":\"https:\/\/endormoonstore.com\/\",\"name\":\"EndormoonStore\",\"description\":\"\",\"potentialAction\":[{\"@type\":\"SearchAction\",\"target\":{\"@type\":\"EntryPoint\",\"urlTemplate\":\"https:\/\/endormoonstore.com\/?s={search_term_string}\"},\"query-input\":{\"@type\":\"PropertyValueSpecification\",\"valueRequired\":true,\"valueName\":\"search_term_string\"}}],\"inLanguage\":\"en-US\"}]}<\/script>\n<!-- \/ Yoast SEO plugin. -->","yoast_head_json":{"title":"Kazuma Kono Subarashii Sekai ni Syukufuku wo! Nendoroid - EndormoonStore","robots":{"index":"index","follow":"follow","max-snippet":"max-snippet:-1","max-image-preview":"max-image-preview:large","max-video-preview":"max-video-preview:-1"},"canonical":"https:\/\/endormoonstore.com\/en\/kazuma-kono-subarashii-sekai-ni-syukufuku-wo-nendoroid\/","og_locale":"en_US","og_type":"article","og_title":"Kazuma Kono Subarashii Sekai ni Syukufuku wo! Nendoroid - EndormoonStore","og_description":"Kazuma Kono Subarashii Sekai ni Syukufuku wo! Nendoroid  \"\u00a1Adi\u00f3s vida aburrida! \u00a1Hola mundo de fantas\u00eda!\" De la serie de anime \"Kono Subarashii Sekai ni Shukufuku wo! 2 \" llega una reedici\u00f3n del Nendoroid del aventurero Kazuma.","og_url":"https:\/\/endormoonstore.com\/en\/kazuma-kono-subarashii-sekai-ni-syukufuku-wo-nendoroid\/","og_site_name":"EndormoonStore","article_modified_time":"2024-04-01T06:24:11+00:00","og_image":[{"width":600,"height":800,"url":"https:\/\/endormoonstore.com\/wp-content\/uploads\/2023\/03\/Kazuma-Kono-Subarashii-Sekai-ni-Shukufuku-wo-Nendoroid-1.jpg","type":"image\/jpeg"}],"twitter_card":"summary_large_image","twitter_misc":{"Est. reading time":"1 minute"},"schema":{"@context":"https:\/\/schema.org","@graph":[{"@type":"WebPage","@id":"https:\/\/endormoonstore.com\/en\/kazuma-kono-subarashii-sekai-ni-syukufuku-wo-nendoroid\/","url":"https:\/\/endormoonstore.com\/en\/kazuma-kono-subarashii-sekai-ni-syukufuku-wo-nendoroid\/","name":"Kazuma Kono Subarashii Sekai ni Syukufuku wo! Nendoroid - EndormoonStore","isPartOf":{"@id":"https:\/\/endormoonstore.com\/#website"},"primaryImageOfPage":{"@id":"https:\/\/endormoonstore.com\/en\/kazuma-kono-subarashii-sekai-ni-syukufuku-wo-nendoroid\/#primaryimage"},"image":{"@id":"https:\/\/endormoonstore.com\/en\/kazuma-kono-subarashii-sekai-ni-syukufuku-wo-nendoroid\/#primaryimage"},"thumbnailUrl":"https:\/\/endormoonstore.com\/wp-content\/uploads\/2023\/03\/Kazuma-Kono-Subarashii-Sekai-ni-Shukufuku-wo-Nendoroid-1.jpg","datePublished":"2023-03-15T13:02:42+00:00","dateModified":"2024-04-01T06:24:11+00:00","breadcrumb":{"@id":"https:\/\/endormoonstore.com\/en\/kazuma-kono-subarashii-sekai-ni-syukufuku-wo-nendoroid\/#breadcrumb"},"inLanguage":"en-US","potentialAction":[{"@type":"ReadAction","target":["https:\/\/endormoonstore.com\/en\/kazuma-kono-subarashii-sekai-ni-syukufuku-wo-nendoroid\/"]}]},{"@type":"ImageObject","inLanguage":"en-US","@id":"https:\/\/endormoonstore.com\/en\/kazuma-kono-subarashii-sekai-ni-syukufuku-wo-nendoroid\/#primaryimage","url":"https:\/\/endormoonstore.com\/wp-content\/uploads\/2023\/03\/Kazuma-Kono-Subarashii-Sekai-ni-Shukufuku-wo-Nendoroid-1.jpg","contentUrl":"https:\/\/endormoonstore.com\/wp-content\/uploads\/2023\/03\/Kazuma-Kono-Subarashii-Sekai-ni-Shukufuku-wo-Nendoroid-1.jpg","width":600,"height":800},{"@type":"BreadcrumbList","@id":"https:\/\/endormoonstore.com\/en\/kazuma-kono-subarashii-sekai-ni-syukufuku-wo-nendoroid\/#breadcrumb","itemListElement":[{"@type":"ListItem","position":1,"name":"Shop","item":"https:\/\/endormoonstore.com\/en\/shop\/"},{"@type":"ListItem","position":2,"name":"Kazuma Kono Subarashii Sekai ni Syukufuku wo! Nendoroid"}]},{"@type":"WebSite","@id":"https:\/\/endormoonstore.com\/#website","url":"https:\/\/endormoonstore.com\/","name":"EndormoonStore","description":"","potentialAction":[{"@type":"SearchAction","target":{"@type":"EntryPoint","urlTemplate":"https:\/\/endormoonstore.com\/?s={search_term_string}"},"query-input":{"@type":"PropertyValueSpecification","valueRequired":true,"valueName":"search_term_string"}}],"inLanguage":"en-US"}]}},"taxonomy_info":{"product_cat":[{"value":1390,"label":"Figures"},{"value":13511,"label":"New Arrivals"}],"pa_brand":[{"value":2081,"label":"Good Smile Company"}],"pa_character":[{"value":14229,"label":"Kazuma"}],"pa_license":[{"value":14233,"label":"Kono Subarashii Sekai ni Syukufuku wo!"}],"pa_product-type":[{"value":2387,"label":"Figure"}],"pa_theme":[{"value":1861,"label":"Nendoroid"}]},"featured_image_src_large":["https:\/\/endormoonstore.com\/wp-content\/uploads\/2023\/03\/Kazuma-Kono-Subarashii-Sekai-ni-Shukufuku-wo-Nendoroid-1.jpg",600,800,false],"author_info":[],"comment_info":"","_links":{"self":[{"href":"https:\/\/endormoonstore.com\/en\/wp-json\/wp\/v2\/product\/155359","targetHints":{"allow":["GET"]}}],"collection":[{"href":"https:\/\/endormoonstore.com\/en\/wp-json\/wp\/v2\/product"}],"about":[{"href":"https:\/\/endormoonstore.com\/en\/wp-json\/wp\/v2\/types\/product"}],"wp:featuredmedia":[{"embeddable":true,"href":"https:\/\/endormoonstore.com\/en\/wp-json\/wp\/v2\/media\/155350"}],"wp:attachment":[{"href":"https:\/\/endormoonstore.com\/en\/wp-json\/wp\/v2\/media?parent=155359"}],"wp:term":[{"taxonomy":"product_cat","embeddable":true,"href":"https:\/\/endormoonstore.com\/en\/wp-json\/wp\/v2\/product_cat?post=155359"},{"taxonomy":"product_tag","embeddable":true,"href":"https:\/\/endormoonstore.com\/en\/wp-json\/wp\/v2\/product_tag?post=155359"}],"curies":[{"name":"wp","href":"https:\/\/api.w.org\/{rel}","templated":true}]}}