{"id":155190,"date":"2024-02-21T00:15:41","date_gmt":"2024-02-20T23:10:41","guid":{"rendered":"https:\/\/endormoonstore.com\/eternal-tiare-pretty-guardian-sailor-moon-cosmos-the-movie-proplica\/"},"modified":"2024-03-26T08:18:04","modified_gmt":"2024-03-26T07:18:04","slug":"eternal-tiare-pretty-guardian-sailor-moon-cosmos-the-movie-proplica","status":"publish","type":"product","link":"https:\/\/endormoonstore.com\/en\/eternal-tiare-pretty-guardian-sailor-moon-cosmos-the-movie-proplica\/","title":{"rendered":"Eternal Tiare Pretty Guardian Sailor Moon Cosmos The Movie Proplica"},"content":{"rendered":"<p><strong>Eternal Tiare Pretty Guardian Sailor Moon Cosmos The Movie Proplica<\/strong><\/p>\n<div class=\"pull-left margenDatosSecundarios\">\n<div id=\"ctl00_MainContent_dvSinopsis\" class=\"pull-left w100\">\n<ul>\n<li class=\"pull-left w100 text-justify well well-lg text-primary\">Tamashii Nations presenta, dentro de la colecci\u00f3n Proplica, esta r\u00e9plica de la Eternal Tiare. La r\u00e9plica mide 87 cm y est\u00e1 basada en la pel\u00edcula &#8220;Pretty Guardian Sailor Moon Cosmos&#8221;.<\/li>\n<li class=\"pull-left w100 text-justify well well-lg text-primary\">Contiene un soporte para su exhibici\u00f3n y requiere de pilas para su funcionamiento (incluye pilas de muestra).<\/li>\n<li class=\"pull-left w100 text-justify well well-lg text-primary\">Reproduce m\u00fasica y efectos de sonido, tiene alrededor de 18 tipos de voces, emisi\u00f3n de luz LED en varios colores y si la dejas encendida, despu\u00e9s de cierto tiempo, se reproducir\u00e1 una voz dedicada al modo de suspensi\u00f3n.<\/li>\n<\/ul>\n<\/div>\n<\/div>\n<p>&nbsp;<\/p>\n<p>&nbsp;<\/p>\n<p>&nbsp;<\/p>\n","protected":false},"excerpt":{"rendered":"<p><strong>Eternal Tiare Pretty Guardian Sailor Moon Cosmos The Movie Proplica<\/strong><\/p>\n<p>Tamashii Nations presenta, dentro de la colecci\u00f3n Proplica, esta r\u00e9plica de la Eternal Tiare. La r\u00e9plica mide 87 cm y est\u00e1 basada en la pel\u00edcula &#8220;Pretty Guardian Sailor Moon Cosmos&#8221;.<\/p>\n","protected":false},"featured_media":155171,"template":"","meta":{"_acf_changed":false,"_kad_blocks_custom_css":"","_kad_blocks_head_custom_js":"","_kad_blocks_body_custom_js":"","_kad_blocks_footer_custom_js":""},"product_cat":[1390,13511],"product_tag":[],"class_list":{"0":"post-155190","1":"product","2":"type-product","3":"status-publish","4":"has-post-thumbnail","6":"product_cat-figures","7":"product_cat-new-arrivals","8":"pa_brand-tamashii-nations-en","9":"pa_character-eternal-tiare-en","10":"pa_episode-pretty-guardian-sailor-moon-cosmos-the-movie-en","11":"pa_license-sailor-moon-en","12":"pa_product-type-replica-en","13":"pa_theme-proplica-en","15":"first","16":"outofstock","17":"taxable","18":"shipping-taxable","19":"purchasable","20":"product-type-simple"},"acf":[],"yoast_head":"<!-- This site is optimized with the Yoast SEO plugin v26.1.1 - https:\/\/yoast.com\/wordpress\/plugins\/seo\/ -->\n<title>Eternal Tiare Pretty Guardian Sailor Moon Cosmos The Movie Proplica - EndormoonStore<\/title>\n<meta name=\"robots\" content=\"index, follow, max-snippet:-1, max-image-preview:large, max-video-preview:-1\" \/>\n<link rel=\"canonical\" href=\"https:\/\/endormoonstore.com\/en\/eternal-tiare-pretty-guardian-sailor-moon-cosmos-the-movie-proplica\/\" \/>\n<meta property=\"og:locale\" content=\"en_US\" \/>\n<meta property=\"og:type\" content=\"article\" \/>\n<meta property=\"og:title\" content=\"Eternal Tiare Pretty Guardian Sailor Moon Cosmos The Movie Proplica - EndormoonStore\" \/>\n<meta property=\"og:description\" content=\"Eternal Tiare Pretty Guardian Sailor Moon Cosmos The Movie Proplica  Tamashii Nations presenta, dentro de la colecci\u00f3n Proplica, esta r\u00e9plica de la Eternal Tiare. La r\u00e9plica mide 87 cm y est\u00e1 basada en la pel\u00edcula &quot;Pretty Guardian Sailor Moon Cosmos&quot;.\" \/>\n<meta property=\"og:url\" content=\"https:\/\/endormoonstore.com\/en\/eternal-tiare-pretty-guardian-sailor-moon-cosmos-the-movie-proplica\/\" \/>\n<meta property=\"og:site_name\" content=\"EndormoonStore\" \/>\n<meta property=\"article:modified_time\" content=\"2024-03-26T07:18:04+00:00\" \/>\n<meta property=\"og:image\" content=\"https:\/\/endormoonstore.com\/wp-content\/uploads\/2024\/03\/Eternal-Tiare-Pretty-Guardian-Sailor-Moon-Cosmos-The-Movie-Proplica-1.jpg\" \/>\n\t<meta property=\"og:image:width\" content=\"560\" \/>\n\t<meta property=\"og:image:height\" content=\"935\" \/>\n\t<meta property=\"og:image:type\" content=\"image\/jpeg\" \/>\n<meta name=\"twitter:card\" content=\"summary_large_image\" \/>\n<meta name=\"twitter:label1\" content=\"Est. reading time\" \/>\n\t<meta name=\"twitter:data1\" content=\"1 minute\" \/>\n<script type=\"application\/ld+json\" class=\"yoast-schema-graph\">{\"@context\":\"https:\/\/schema.org\",\"@graph\":[{\"@type\":\"WebPage\",\"@id\":\"https:\/\/endormoonstore.com\/en\/eternal-tiare-pretty-guardian-sailor-moon-cosmos-the-movie-proplica\/\",\"url\":\"https:\/\/endormoonstore.com\/en\/eternal-tiare-pretty-guardian-sailor-moon-cosmos-the-movie-proplica\/\",\"name\":\"Eternal Tiare Pretty Guardian Sailor Moon Cosmos The Movie Proplica - EndormoonStore\",\"isPartOf\":{\"@id\":\"https:\/\/endormoonstore.com\/#website\"},\"primaryImageOfPage\":{\"@id\":\"https:\/\/endormoonstore.com\/en\/eternal-tiare-pretty-guardian-sailor-moon-cosmos-the-movie-proplica\/#primaryimage\"},\"image\":{\"@id\":\"https:\/\/endormoonstore.com\/en\/eternal-tiare-pretty-guardian-sailor-moon-cosmos-the-movie-proplica\/#primaryimage\"},\"thumbnailUrl\":\"https:\/\/endormoonstore.com\/wp-content\/uploads\/2024\/03\/Eternal-Tiare-Pretty-Guardian-Sailor-Moon-Cosmos-The-Movie-Proplica-1.jpg\",\"datePublished\":\"2024-02-20T23:10:41+00:00\",\"dateModified\":\"2024-03-26T07:18:04+00:00\",\"breadcrumb\":{\"@id\":\"https:\/\/endormoonstore.com\/en\/eternal-tiare-pretty-guardian-sailor-moon-cosmos-the-movie-proplica\/#breadcrumb\"},\"inLanguage\":\"en-US\",\"potentialAction\":[{\"@type\":\"ReadAction\",\"target\":[\"https:\/\/endormoonstore.com\/en\/eternal-tiare-pretty-guardian-sailor-moon-cosmos-the-movie-proplica\/\"]}]},{\"@type\":\"ImageObject\",\"inLanguage\":\"en-US\",\"@id\":\"https:\/\/endormoonstore.com\/en\/eternal-tiare-pretty-guardian-sailor-moon-cosmos-the-movie-proplica\/#primaryimage\",\"url\":\"https:\/\/endormoonstore.com\/wp-content\/uploads\/2024\/03\/Eternal-Tiare-Pretty-Guardian-Sailor-Moon-Cosmos-The-Movie-Proplica-1.jpg\",\"contentUrl\":\"https:\/\/endormoonstore.com\/wp-content\/uploads\/2024\/03\/Eternal-Tiare-Pretty-Guardian-Sailor-Moon-Cosmos-The-Movie-Proplica-1.jpg\",\"width\":560,\"height\":935},{\"@type\":\"BreadcrumbList\",\"@id\":\"https:\/\/endormoonstore.com\/en\/eternal-tiare-pretty-guardian-sailor-moon-cosmos-the-movie-proplica\/#breadcrumb\",\"itemListElement\":[{\"@type\":\"ListItem\",\"position\":1,\"name\":\"Shop\",\"item\":\"https:\/\/endormoonstore.com\/en\/shop\/\"},{\"@type\":\"ListItem\",\"position\":2,\"name\":\"Eternal Tiare Pretty Guardian Sailor Moon Cosmos The Movie Proplica\"}]},{\"@type\":\"WebSite\",\"@id\":\"https:\/\/endormoonstore.com\/#website\",\"url\":\"https:\/\/endormoonstore.com\/\",\"name\":\"EndormoonStore\",\"description\":\"\",\"potentialAction\":[{\"@type\":\"SearchAction\",\"target\":{\"@type\":\"EntryPoint\",\"urlTemplate\":\"https:\/\/endormoonstore.com\/?s={search_term_string}\"},\"query-input\":{\"@type\":\"PropertyValueSpecification\",\"valueRequired\":true,\"valueName\":\"search_term_string\"}}],\"inLanguage\":\"en-US\"}]}<\/script>\n<!-- \/ Yoast SEO plugin. -->","yoast_head_json":{"title":"Eternal Tiare Pretty Guardian Sailor Moon Cosmos The Movie Proplica - EndormoonStore","robots":{"index":"index","follow":"follow","max-snippet":"max-snippet:-1","max-image-preview":"max-image-preview:large","max-video-preview":"max-video-preview:-1"},"canonical":"https:\/\/endormoonstore.com\/en\/eternal-tiare-pretty-guardian-sailor-moon-cosmos-the-movie-proplica\/","og_locale":"en_US","og_type":"article","og_title":"Eternal Tiare Pretty Guardian Sailor Moon Cosmos The Movie Proplica - EndormoonStore","og_description":"Eternal Tiare Pretty Guardian Sailor Moon Cosmos The Movie Proplica  Tamashii Nations presenta, dentro de la colecci\u00f3n Proplica, esta r\u00e9plica de la Eternal Tiare. La r\u00e9plica mide 87 cm y est\u00e1 basada en la pel\u00edcula \"Pretty Guardian Sailor Moon Cosmos\".","og_url":"https:\/\/endormoonstore.com\/en\/eternal-tiare-pretty-guardian-sailor-moon-cosmos-the-movie-proplica\/","og_site_name":"EndormoonStore","article_modified_time":"2024-03-26T07:18:04+00:00","og_image":[{"width":560,"height":935,"url":"https:\/\/endormoonstore.com\/wp-content\/uploads\/2024\/03\/Eternal-Tiare-Pretty-Guardian-Sailor-Moon-Cosmos-The-Movie-Proplica-1.jpg","type":"image\/jpeg"}],"twitter_card":"summary_large_image","twitter_misc":{"Est. reading time":"1 minute"},"schema":{"@context":"https:\/\/schema.org","@graph":[{"@type":"WebPage","@id":"https:\/\/endormoonstore.com\/en\/eternal-tiare-pretty-guardian-sailor-moon-cosmos-the-movie-proplica\/","url":"https:\/\/endormoonstore.com\/en\/eternal-tiare-pretty-guardian-sailor-moon-cosmos-the-movie-proplica\/","name":"Eternal Tiare Pretty Guardian Sailor Moon Cosmos The Movie Proplica - EndormoonStore","isPartOf":{"@id":"https:\/\/endormoonstore.com\/#website"},"primaryImageOfPage":{"@id":"https:\/\/endormoonstore.com\/en\/eternal-tiare-pretty-guardian-sailor-moon-cosmos-the-movie-proplica\/#primaryimage"},"image":{"@id":"https:\/\/endormoonstore.com\/en\/eternal-tiare-pretty-guardian-sailor-moon-cosmos-the-movie-proplica\/#primaryimage"},"thumbnailUrl":"https:\/\/endormoonstore.com\/wp-content\/uploads\/2024\/03\/Eternal-Tiare-Pretty-Guardian-Sailor-Moon-Cosmos-The-Movie-Proplica-1.jpg","datePublished":"2024-02-20T23:10:41+00:00","dateModified":"2024-03-26T07:18:04+00:00","breadcrumb":{"@id":"https:\/\/endormoonstore.com\/en\/eternal-tiare-pretty-guardian-sailor-moon-cosmos-the-movie-proplica\/#breadcrumb"},"inLanguage":"en-US","potentialAction":[{"@type":"ReadAction","target":["https:\/\/endormoonstore.com\/en\/eternal-tiare-pretty-guardian-sailor-moon-cosmos-the-movie-proplica\/"]}]},{"@type":"ImageObject","inLanguage":"en-US","@id":"https:\/\/endormoonstore.com\/en\/eternal-tiare-pretty-guardian-sailor-moon-cosmos-the-movie-proplica\/#primaryimage","url":"https:\/\/endormoonstore.com\/wp-content\/uploads\/2024\/03\/Eternal-Tiare-Pretty-Guardian-Sailor-Moon-Cosmos-The-Movie-Proplica-1.jpg","contentUrl":"https:\/\/endormoonstore.com\/wp-content\/uploads\/2024\/03\/Eternal-Tiare-Pretty-Guardian-Sailor-Moon-Cosmos-The-Movie-Proplica-1.jpg","width":560,"height":935},{"@type":"BreadcrumbList","@id":"https:\/\/endormoonstore.com\/en\/eternal-tiare-pretty-guardian-sailor-moon-cosmos-the-movie-proplica\/#breadcrumb","itemListElement":[{"@type":"ListItem","position":1,"name":"Shop","item":"https:\/\/endormoonstore.com\/en\/shop\/"},{"@type":"ListItem","position":2,"name":"Eternal Tiare Pretty Guardian Sailor Moon Cosmos The Movie Proplica"}]},{"@type":"WebSite","@id":"https:\/\/endormoonstore.com\/#website","url":"https:\/\/endormoonstore.com\/","name":"EndormoonStore","description":"","potentialAction":[{"@type":"SearchAction","target":{"@type":"EntryPoint","urlTemplate":"https:\/\/endormoonstore.com\/?s={search_term_string}"},"query-input":{"@type":"PropertyValueSpecification","valueRequired":true,"valueName":"search_term_string"}}],"inLanguage":"en-US"}]}},"taxonomy_info":{"product_cat":[{"value":1390,"label":"Figures"},{"value":13511,"label":"New Arrivals"}],"pa_brand":[{"value":2096,"label":"Tamashii Nations"}],"pa_character":[{"value":14198,"label":"Eternal Tiare"}],"pa_episode":[{"value":13727,"label":"Pretty Guardian Sailor Moon Cosmos: The Movie"}],"pa_license":[{"value":3296,"label":"Sailor Moon"}],"pa_product-type":[{"value":4076,"label":"Replica"}],"pa_theme":[{"value":2204,"label":"Proplica"}]},"featured_image_src_large":["https:\/\/endormoonstore.com\/wp-content\/uploads\/2024\/03\/Eternal-Tiare-Pretty-Guardian-Sailor-Moon-Cosmos-The-Movie-Proplica-1.jpg",560,935,false],"author_info":[],"comment_info":"","_links":{"self":[{"href":"https:\/\/endormoonstore.com\/en\/wp-json\/wp\/v2\/product\/155190","targetHints":{"allow":["GET"]}}],"collection":[{"href":"https:\/\/endormoonstore.com\/en\/wp-json\/wp\/v2\/product"}],"about":[{"href":"https:\/\/endormoonstore.com\/en\/wp-json\/wp\/v2\/types\/product"}],"wp:featuredmedia":[{"embeddable":true,"href":"https:\/\/endormoonstore.com\/en\/wp-json\/wp\/v2\/media\/155171"}],"wp:attachment":[{"href":"https:\/\/endormoonstore.com\/en\/wp-json\/wp\/v2\/media?parent=155190"}],"wp:term":[{"taxonomy":"product_cat","embeddable":true,"href":"https:\/\/endormoonstore.com\/en\/wp-json\/wp\/v2\/product_cat?post=155190"},{"taxonomy":"product_tag","embeddable":true,"href":"https:\/\/endormoonstore.com\/en\/wp-json\/wp\/v2\/product_tag?post=155190"}],"curies":[{"name":"wp","href":"https:\/\/api.w.org\/{rel}","templated":true}]}}