{"id":155079,"date":"2024-01-03T04:00:59","date_gmt":"2024-01-03T03:00:59","guid":{"rendered":"https:\/\/endormoonstore.com\/leonardo-teenage-mutant-ninja-turtles-gallery-diorama\/"},"modified":"2024-03-21T09:11:01","modified_gmt":"2024-03-21T08:11:01","slug":"leonardo-teenage-mutant-ninja-turtles-gallery-diorama","status":"publish","type":"product","link":"https:\/\/endormoonstore.com\/en\/leonardo-teenage-mutant-ninja-turtles-gallery-diorama\/","title":{"rendered":"Leonardo Teenage Mutant Ninja Turtles Gallery Diorama"},"content":{"rendered":"<p class=\"p1\"><strong>Leonardo Teenage Mutant Ninja Turtles Gallery Diorama<\/strong><\/p>\n<ul class=\"ul1\">\n<li class=\"li1\">Nunca antes hab\u00edas visto TMNT as\u00ed. La nueva l\u00ednea de dioramas din\u00e1micos de la Serie Gallery de LasTortugas Ninja Mutantes de Diamond Select comienza con el l\u00edder Leonardo, que empu\u00f1a una katana.<\/li>\n<li class=\"li1\">Colecciona los cuatro encima de sus bases en los tejados para formar un gran diorama ( Se venden cada una por separado )<\/li>\n<li class=\"li1\">Este diorama de 9 pulgadas ( unos 22,80 cm ) hecho de PVC de alta calidad viene en una caja con ventana a todo color.<\/li>\n<li class=\"li1\">Dise\u00f1ado por Kinetic Underground; esculpido por Sandro Luis Sampaio.<\/li>\n<\/ul>\n","protected":false},"excerpt":{"rendered":"<p class=\"p1\"><strong>Leonardo Teenage Mutant Ninja Turtles Gallery Diorama<\/strong><\/p>\n<p class=\"p1\">Nunca antes hab\u00edas visto TMNT as\u00ed. La nueva l\u00ednea de dioramas din\u00e1micos de la Serie Gallery de LasTortugas Ninja Mutantes de Diamond Select comienza con el l\u00edder Leonardo, que empu\u00f1a una katana.<\/p>\n","protected":false},"featured_media":155072,"template":"","meta":{"_acf_changed":false,"_kad_blocks_custom_css":"","_kad_blocks_head_custom_js":"","_kad_blocks_body_custom_js":"","_kad_blocks_footer_custom_js":""},"product_cat":[1390,13511],"product_tag":[],"class_list":{"0":"post-155079","1":"product","2":"type-product","3":"status-publish","4":"has-post-thumbnail","6":"product_cat-figures","7":"product_cat-new-arrivals","8":"pa_brand-diamond-select-toys-en","9":"pa_character-leonardo-en","10":"pa_license-teenage-mutant-ninja-turtles","11":"pa_product-type-diorama-en","12":"pa_theme-tmnt-gallery-dioramas","14":"first","15":"instock","16":"taxable","17":"shipping-taxable","18":"purchasable","19":"product-type-simple"},"acf":[],"yoast_head":"<!-- This site is optimized with the Yoast SEO plugin v26.1.1 - https:\/\/yoast.com\/wordpress\/plugins\/seo\/ -->\n<title>Leonardo Teenage Mutant Ninja Turtles Gallery Diorama - EndormoonStore<\/title>\n<meta name=\"robots\" content=\"index, follow, max-snippet:-1, max-image-preview:large, max-video-preview:-1\" \/>\n<link rel=\"canonical\" href=\"https:\/\/endormoonstore.com\/en\/leonardo-teenage-mutant-ninja-turtles-gallery-diorama\/\" \/>\n<meta property=\"og:locale\" content=\"en_US\" \/>\n<meta property=\"og:type\" content=\"article\" \/>\n<meta property=\"og:title\" content=\"Leonardo Teenage Mutant Ninja Turtles Gallery Diorama - EndormoonStore\" \/>\n<meta property=\"og:description\" content=\"Leonardo Teenage Mutant Ninja Turtles Gallery Diorama Nunca antes hab\u00edas visto TMNT as\u00ed. La nueva l\u00ednea de dioramas din\u00e1micos de la Serie Gallery de LasTortugas Ninja Mutantes de Diamond Select comienza con el l\u00edder Leonardo, que empu\u00f1a una katana.\" \/>\n<meta property=\"og:url\" content=\"https:\/\/endormoonstore.com\/en\/leonardo-teenage-mutant-ninja-turtles-gallery-diorama\/\" \/>\n<meta property=\"og:site_name\" content=\"EndormoonStore\" \/>\n<meta property=\"article:modified_time\" content=\"2024-03-21T08:11:01+00:00\" \/>\n<meta property=\"og:image\" content=\"https:\/\/endormoonstore.com\/wp-content\/uploads\/2024\/03\/Leonardo-Teenage-Mutant-Ninja-Turtles-Gallery-Diorama-1.jpg\" \/>\n\t<meta property=\"og:image:width\" content=\"1280\" \/>\n\t<meta property=\"og:image:height\" content=\"1280\" \/>\n\t<meta property=\"og:image:type\" content=\"image\/jpeg\" \/>\n<meta name=\"twitter:card\" content=\"summary_large_image\" \/>\n<meta name=\"twitter:label1\" content=\"Est. reading time\" \/>\n\t<meta name=\"twitter:data1\" content=\"1 minute\" \/>\n<script type=\"application\/ld+json\" class=\"yoast-schema-graph\">{\"@context\":\"https:\/\/schema.org\",\"@graph\":[{\"@type\":\"WebPage\",\"@id\":\"https:\/\/endormoonstore.com\/en\/leonardo-teenage-mutant-ninja-turtles-gallery-diorama\/\",\"url\":\"https:\/\/endormoonstore.com\/en\/leonardo-teenage-mutant-ninja-turtles-gallery-diorama\/\",\"name\":\"Leonardo Teenage Mutant Ninja Turtles Gallery Diorama - EndormoonStore\",\"isPartOf\":{\"@id\":\"https:\/\/endormoonstore.com\/#website\"},\"primaryImageOfPage\":{\"@id\":\"https:\/\/endormoonstore.com\/en\/leonardo-teenage-mutant-ninja-turtles-gallery-diorama\/#primaryimage\"},\"image\":{\"@id\":\"https:\/\/endormoonstore.com\/en\/leonardo-teenage-mutant-ninja-turtles-gallery-diorama\/#primaryimage\"},\"thumbnailUrl\":\"https:\/\/endormoonstore.com\/wp-content\/uploads\/2024\/03\/Leonardo-Teenage-Mutant-Ninja-Turtles-Gallery-Diorama-1.jpg\",\"datePublished\":\"2024-01-03T03:00:59+00:00\",\"dateModified\":\"2024-03-21T08:11:01+00:00\",\"breadcrumb\":{\"@id\":\"https:\/\/endormoonstore.com\/en\/leonardo-teenage-mutant-ninja-turtles-gallery-diorama\/#breadcrumb\"},\"inLanguage\":\"en-US\",\"potentialAction\":[{\"@type\":\"ReadAction\",\"target\":[\"https:\/\/endormoonstore.com\/en\/leonardo-teenage-mutant-ninja-turtles-gallery-diorama\/\"]}]},{\"@type\":\"ImageObject\",\"inLanguage\":\"en-US\",\"@id\":\"https:\/\/endormoonstore.com\/en\/leonardo-teenage-mutant-ninja-turtles-gallery-diorama\/#primaryimage\",\"url\":\"https:\/\/endormoonstore.com\/wp-content\/uploads\/2024\/03\/Leonardo-Teenage-Mutant-Ninja-Turtles-Gallery-Diorama-1.jpg\",\"contentUrl\":\"https:\/\/endormoonstore.com\/wp-content\/uploads\/2024\/03\/Leonardo-Teenage-Mutant-Ninja-Turtles-Gallery-Diorama-1.jpg\",\"width\":1280,\"height\":1280},{\"@type\":\"BreadcrumbList\",\"@id\":\"https:\/\/endormoonstore.com\/en\/leonardo-teenage-mutant-ninja-turtles-gallery-diorama\/#breadcrumb\",\"itemListElement\":[{\"@type\":\"ListItem\",\"position\":1,\"name\":\"Shop\",\"item\":\"https:\/\/endormoonstore.com\/en\/shop\/\"},{\"@type\":\"ListItem\",\"position\":2,\"name\":\"Leonardo Teenage Mutant Ninja Turtles Gallery Diorama\"}]},{\"@type\":\"WebSite\",\"@id\":\"https:\/\/endormoonstore.com\/#website\",\"url\":\"https:\/\/endormoonstore.com\/\",\"name\":\"EndormoonStore\",\"description\":\"\",\"potentialAction\":[{\"@type\":\"SearchAction\",\"target\":{\"@type\":\"EntryPoint\",\"urlTemplate\":\"https:\/\/endormoonstore.com\/?s={search_term_string}\"},\"query-input\":{\"@type\":\"PropertyValueSpecification\",\"valueRequired\":true,\"valueName\":\"search_term_string\"}}],\"inLanguage\":\"en-US\"}]}<\/script>\n<!-- \/ Yoast SEO plugin. -->","yoast_head_json":{"title":"Leonardo Teenage Mutant Ninja Turtles Gallery Diorama - EndormoonStore","robots":{"index":"index","follow":"follow","max-snippet":"max-snippet:-1","max-image-preview":"max-image-preview:large","max-video-preview":"max-video-preview:-1"},"canonical":"https:\/\/endormoonstore.com\/en\/leonardo-teenage-mutant-ninja-turtles-gallery-diorama\/","og_locale":"en_US","og_type":"article","og_title":"Leonardo Teenage Mutant Ninja Turtles Gallery Diorama - EndormoonStore","og_description":"Leonardo Teenage Mutant Ninja Turtles Gallery Diorama Nunca antes hab\u00edas visto TMNT as\u00ed. La nueva l\u00ednea de dioramas din\u00e1micos de la Serie Gallery de LasTortugas Ninja Mutantes de Diamond Select comienza con el l\u00edder Leonardo, que empu\u00f1a una katana.","og_url":"https:\/\/endormoonstore.com\/en\/leonardo-teenage-mutant-ninja-turtles-gallery-diorama\/","og_site_name":"EndormoonStore","article_modified_time":"2024-03-21T08:11:01+00:00","og_image":[{"width":1280,"height":1280,"url":"https:\/\/endormoonstore.com\/wp-content\/uploads\/2024\/03\/Leonardo-Teenage-Mutant-Ninja-Turtles-Gallery-Diorama-1.jpg","type":"image\/jpeg"}],"twitter_card":"summary_large_image","twitter_misc":{"Est. reading time":"1 minute"},"schema":{"@context":"https:\/\/schema.org","@graph":[{"@type":"WebPage","@id":"https:\/\/endormoonstore.com\/en\/leonardo-teenage-mutant-ninja-turtles-gallery-diorama\/","url":"https:\/\/endormoonstore.com\/en\/leonardo-teenage-mutant-ninja-turtles-gallery-diorama\/","name":"Leonardo Teenage Mutant Ninja Turtles Gallery Diorama - EndormoonStore","isPartOf":{"@id":"https:\/\/endormoonstore.com\/#website"},"primaryImageOfPage":{"@id":"https:\/\/endormoonstore.com\/en\/leonardo-teenage-mutant-ninja-turtles-gallery-diorama\/#primaryimage"},"image":{"@id":"https:\/\/endormoonstore.com\/en\/leonardo-teenage-mutant-ninja-turtles-gallery-diorama\/#primaryimage"},"thumbnailUrl":"https:\/\/endormoonstore.com\/wp-content\/uploads\/2024\/03\/Leonardo-Teenage-Mutant-Ninja-Turtles-Gallery-Diorama-1.jpg","datePublished":"2024-01-03T03:00:59+00:00","dateModified":"2024-03-21T08:11:01+00:00","breadcrumb":{"@id":"https:\/\/endormoonstore.com\/en\/leonardo-teenage-mutant-ninja-turtles-gallery-diorama\/#breadcrumb"},"inLanguage":"en-US","potentialAction":[{"@type":"ReadAction","target":["https:\/\/endormoonstore.com\/en\/leonardo-teenage-mutant-ninja-turtles-gallery-diorama\/"]}]},{"@type":"ImageObject","inLanguage":"en-US","@id":"https:\/\/endormoonstore.com\/en\/leonardo-teenage-mutant-ninja-turtles-gallery-diorama\/#primaryimage","url":"https:\/\/endormoonstore.com\/wp-content\/uploads\/2024\/03\/Leonardo-Teenage-Mutant-Ninja-Turtles-Gallery-Diorama-1.jpg","contentUrl":"https:\/\/endormoonstore.com\/wp-content\/uploads\/2024\/03\/Leonardo-Teenage-Mutant-Ninja-Turtles-Gallery-Diorama-1.jpg","width":1280,"height":1280},{"@type":"BreadcrumbList","@id":"https:\/\/endormoonstore.com\/en\/leonardo-teenage-mutant-ninja-turtles-gallery-diorama\/#breadcrumb","itemListElement":[{"@type":"ListItem","position":1,"name":"Shop","item":"https:\/\/endormoonstore.com\/en\/shop\/"},{"@type":"ListItem","position":2,"name":"Leonardo Teenage Mutant Ninja Turtles Gallery Diorama"}]},{"@type":"WebSite","@id":"https:\/\/endormoonstore.com\/#website","url":"https:\/\/endormoonstore.com\/","name":"EndormoonStore","description":"","potentialAction":[{"@type":"SearchAction","target":{"@type":"EntryPoint","urlTemplate":"https:\/\/endormoonstore.com\/?s={search_term_string}"},"query-input":{"@type":"PropertyValueSpecification","valueRequired":true,"valueName":"search_term_string"}}],"inLanguage":"en-US"}]}},"taxonomy_info":{"product_cat":[{"value":1390,"label":"Figures"},{"value":13511,"label":"New Arrivals"}],"pa_brand":[{"value":1632,"label":"Diamond Select Toys"}],"pa_character":[{"value":5255,"label":"Leonardo"}],"pa_license":[{"value":2035,"label":"Teenage Mutant Ninja Turtles"}],"pa_product-type":[{"value":6603,"label":"Diorama"}],"pa_theme":[{"value":13567,"label":"TMNT Gallery Dioramas"}]},"featured_image_src_large":["https:\/\/endormoonstore.com\/wp-content\/uploads\/2024\/03\/Leonardo-Teenage-Mutant-Ninja-Turtles-Gallery-Diorama-1.jpg",1280,1280,false],"author_info":[],"comment_info":"","_links":{"self":[{"href":"https:\/\/endormoonstore.com\/en\/wp-json\/wp\/v2\/product\/155079","targetHints":{"allow":["GET"]}}],"collection":[{"href":"https:\/\/endormoonstore.com\/en\/wp-json\/wp\/v2\/product"}],"about":[{"href":"https:\/\/endormoonstore.com\/en\/wp-json\/wp\/v2\/types\/product"}],"wp:featuredmedia":[{"embeddable":true,"href":"https:\/\/endormoonstore.com\/en\/wp-json\/wp\/v2\/media\/155072"}],"wp:attachment":[{"href":"https:\/\/endormoonstore.com\/en\/wp-json\/wp\/v2\/media?parent=155079"}],"wp:term":[{"taxonomy":"product_cat","embeddable":true,"href":"https:\/\/endormoonstore.com\/en\/wp-json\/wp\/v2\/product_cat?post=155079"},{"taxonomy":"product_tag","embeddable":true,"href":"https:\/\/endormoonstore.com\/en\/wp-json\/wp\/v2\/product_tag?post=155079"}],"curies":[{"name":"wp","href":"https:\/\/api.w.org\/{rel}","templated":true}]}}