{"id":154804,"date":"2024-01-03T01:45:35","date_gmt":"2024-01-03T00:45:35","guid":{"rendered":"https:\/\/endormoonstore.com\/volvo-vnr-300-optimus-prime-transformers-generations\/"},"modified":"2024-03-01T21:32:52","modified_gmt":"2024-03-01T20:32:52","slug":"volvo-vnr-300-optimus-prime-transformers-generations","status":"publish","type":"product","link":"https:\/\/endormoonstore.com\/en\/volvo-vnr-300-optimus-prime-transformers-generations\/","title":{"rendered":"Volvo VNR 300 Optimus Prime Transformers Generations"},"content":{"rendered":"<p class=\"p1\"><b>Volvo VNR 300 Optimus Prime Transformers Generations<\/b><\/p>\n<ul class=\"ul1\">\n<li class=\"li1\">Hasbro presenta, dentro de la colecci\u00f3n Transformers, la figura de Volvo VNR 300 Optimus Prime. La figura mide 17,5 cm y cuenta con un dise\u00f1o y detalles cl\u00e1sicos G1.<\/li>\n<li class=\"li1\">Esta figura de acci\u00f3n de Optimus Prime presenta un modo alternativo redise\u00f1ado con licencia de Volvo, con decoraci\u00f3n y detalles cl\u00e1sicos de G1.<\/li>\n<li class=\"li1\">La figura pasa del modo robot al modo cami\u00f3n Volvo con licencia en 37 pasos.\u00a0Viene con un accesorio de remolque que se conecta al modo de cabina del cami\u00f3n y se abre para convertirse en una estaci\u00f3n de batalla.<\/li>\n<li class=\"li1\">Incluye accesorios Ion Blaster y Matrix of Leadership.\u00a0Abre los paneles del pecho de la figura para insertar el accesorio Matrix of Leadership.<\/li>\n<\/ul>\n","protected":false},"excerpt":{"rendered":"<p class=\"p1\"><strong>Volvo VNR 300 Optimus Prime Transformers Generations<\/strong><\/p>\n<p class=\"p1\">Hasbro presenta, dentro de la colecci\u00f3n Transformers, la figura de Volvo VNR 300 Optimus Prime. La figura mide 17,5 cm y cuenta con un dise\u00f1o y detalles cl\u00e1sicos G1.<\/p>\n<p class=\"p1\">\n","protected":false},"featured_media":154795,"template":"","meta":{"_acf_changed":false,"_kad_blocks_custom_css":"","_kad_blocks_head_custom_js":"","_kad_blocks_body_custom_js":"","_kad_blocks_footer_custom_js":""},"product_cat":[1390,13511],"product_tag":[],"class_list":{"0":"post-154804","1":"product","2":"type-product","3":"status-publish","4":"has-post-thumbnail","6":"product_cat-figures","7":"product_cat-new-arrivals","8":"pa_brand-hasbro-en","9":"pa_character-optimus-prime-en","10":"pa_license-transformers-en","11":"pa_product-type-figure","12":"pa_theme-transformers-generations-en","14":"first","15":"instock","16":"taxable","17":"shipping-taxable","18":"purchasable","19":"product-type-simple"},"acf":[],"yoast_head":"<!-- This site is optimized with the Yoast SEO plugin v26.1.1 - https:\/\/yoast.com\/wordpress\/plugins\/seo\/ -->\n<title>Volvo VNR 300 Optimus Prime Transformers Generations - EndormoonStore<\/title>\n<meta name=\"robots\" content=\"index, follow, max-snippet:-1, max-image-preview:large, max-video-preview:-1\" \/>\n<link rel=\"canonical\" href=\"https:\/\/endormoonstore.com\/volvo-vnr-300-optimus-prime-transformers-generations\/\" \/>\n<meta property=\"og:locale\" content=\"en_US\" \/>\n<meta property=\"og:type\" content=\"article\" \/>\n<meta property=\"og:title\" content=\"Volvo VNR 300 Optimus Prime Transformers Generations - EndormoonStore\" \/>\n<meta property=\"og:description\" content=\"Volvo VNR 300 Optimus Prime Transformers Generations Hasbro presenta, dentro de la colecci\u00f3n Transformers, la figura de Volvo VNR 300 Optimus Prime. La figura mide 17,5 cm y cuenta con un dise\u00f1o y detalles cl\u00e1sicos G1.\" \/>\n<meta property=\"og:url\" content=\"https:\/\/endormoonstore.com\/volvo-vnr-300-optimus-prime-transformers-generations\/\" \/>\n<meta property=\"og:site_name\" content=\"EndormoonStore\" \/>\n<meta property=\"article:modified_time\" content=\"2024-03-01T20:32:52+00:00\" \/>\n<meta property=\"og:image\" content=\"https:\/\/endormoonstore.com\/wp-content\/uploads\/2024\/03\/Volvo-VNR-300-Optimus-Prime-Transformers-Generations-1.jpg\" \/>\n\t<meta property=\"og:image:width\" content=\"1000\" \/>\n\t<meta property=\"og:image:height\" content=\"1000\" \/>\n\t<meta property=\"og:image:type\" content=\"image\/jpeg\" \/>\n<meta name=\"twitter:card\" content=\"summary_large_image\" \/>\n<meta name=\"twitter:label1\" content=\"Est. reading time\" \/>\n\t<meta name=\"twitter:data1\" content=\"1 minute\" \/>\n<script type=\"application\/ld+json\" class=\"yoast-schema-graph\">{\"@context\":\"https:\/\/schema.org\",\"@graph\":[{\"@type\":\"WebPage\",\"@id\":\"https:\/\/endormoonstore.com\/volvo-vnr-300-optimus-prime-transformers-generations\/\",\"url\":\"https:\/\/endormoonstore.com\/volvo-vnr-300-optimus-prime-transformers-generations\/\",\"name\":\"Volvo VNR 300 Optimus Prime Transformers Generations - EndormoonStore\",\"isPartOf\":{\"@id\":\"https:\/\/endormoonstore.com\/#website\"},\"primaryImageOfPage\":{\"@id\":\"https:\/\/endormoonstore.com\/volvo-vnr-300-optimus-prime-transformers-generations\/#primaryimage\"},\"image\":{\"@id\":\"https:\/\/endormoonstore.com\/volvo-vnr-300-optimus-prime-transformers-generations\/#primaryimage\"},\"thumbnailUrl\":\"https:\/\/endormoonstore.com\/wp-content\/uploads\/2024\/03\/Volvo-VNR-300-Optimus-Prime-Transformers-Generations-1.jpg\",\"datePublished\":\"2024-01-03T00:45:35+00:00\",\"dateModified\":\"2024-03-01T20:32:52+00:00\",\"breadcrumb\":{\"@id\":\"https:\/\/endormoonstore.com\/volvo-vnr-300-optimus-prime-transformers-generations\/#breadcrumb\"},\"inLanguage\":\"en-US\",\"potentialAction\":[{\"@type\":\"ReadAction\",\"target\":[\"https:\/\/endormoonstore.com\/volvo-vnr-300-optimus-prime-transformers-generations\/\"]}]},{\"@type\":\"ImageObject\",\"inLanguage\":\"en-US\",\"@id\":\"https:\/\/endormoonstore.com\/volvo-vnr-300-optimus-prime-transformers-generations\/#primaryimage\",\"url\":\"https:\/\/endormoonstore.com\/wp-content\/uploads\/2024\/03\/Volvo-VNR-300-Optimus-Prime-Transformers-Generations-1.jpg\",\"contentUrl\":\"https:\/\/endormoonstore.com\/wp-content\/uploads\/2024\/03\/Volvo-VNR-300-Optimus-Prime-Transformers-Generations-1.jpg\",\"width\":1000,\"height\":1000},{\"@type\":\"BreadcrumbList\",\"@id\":\"https:\/\/endormoonstore.com\/volvo-vnr-300-optimus-prime-transformers-generations\/#breadcrumb\",\"itemListElement\":[{\"@type\":\"ListItem\",\"position\":1,\"name\":\"Shop\",\"item\":\"https:\/\/endormoonstore.com\/en\/shop\/\"},{\"@type\":\"ListItem\",\"position\":2,\"name\":\"Volvo VNR 300 Optimus Prime Transformers Generations\"}]},{\"@type\":\"WebSite\",\"@id\":\"https:\/\/endormoonstore.com\/#website\",\"url\":\"https:\/\/endormoonstore.com\/\",\"name\":\"EndormoonStore\",\"description\":\"\",\"potentialAction\":[{\"@type\":\"SearchAction\",\"target\":{\"@type\":\"EntryPoint\",\"urlTemplate\":\"https:\/\/endormoonstore.com\/?s={search_term_string}\"},\"query-input\":{\"@type\":\"PropertyValueSpecification\",\"valueRequired\":true,\"valueName\":\"search_term_string\"}}],\"inLanguage\":\"en-US\"}]}<\/script>\n<!-- \/ Yoast SEO plugin. -->","yoast_head_json":{"title":"Volvo VNR 300 Optimus Prime Transformers Generations - EndormoonStore","robots":{"index":"index","follow":"follow","max-snippet":"max-snippet:-1","max-image-preview":"max-image-preview:large","max-video-preview":"max-video-preview:-1"},"canonical":"https:\/\/endormoonstore.com\/volvo-vnr-300-optimus-prime-transformers-generations\/","og_locale":"en_US","og_type":"article","og_title":"Volvo VNR 300 Optimus Prime Transformers Generations - EndormoonStore","og_description":"Volvo VNR 300 Optimus Prime Transformers Generations Hasbro presenta, dentro de la colecci\u00f3n Transformers, la figura de Volvo VNR 300 Optimus Prime. La figura mide 17,5 cm y cuenta con un dise\u00f1o y detalles cl\u00e1sicos G1.","og_url":"https:\/\/endormoonstore.com\/volvo-vnr-300-optimus-prime-transformers-generations\/","og_site_name":"EndormoonStore","article_modified_time":"2024-03-01T20:32:52+00:00","og_image":[{"width":1000,"height":1000,"url":"https:\/\/endormoonstore.com\/wp-content\/uploads\/2024\/03\/Volvo-VNR-300-Optimus-Prime-Transformers-Generations-1.jpg","type":"image\/jpeg"}],"twitter_card":"summary_large_image","twitter_misc":{"Est. reading time":"1 minute"},"schema":{"@context":"https:\/\/schema.org","@graph":[{"@type":"WebPage","@id":"https:\/\/endormoonstore.com\/volvo-vnr-300-optimus-prime-transformers-generations\/","url":"https:\/\/endormoonstore.com\/volvo-vnr-300-optimus-prime-transformers-generations\/","name":"Volvo VNR 300 Optimus Prime Transformers Generations - EndormoonStore","isPartOf":{"@id":"https:\/\/endormoonstore.com\/#website"},"primaryImageOfPage":{"@id":"https:\/\/endormoonstore.com\/volvo-vnr-300-optimus-prime-transformers-generations\/#primaryimage"},"image":{"@id":"https:\/\/endormoonstore.com\/volvo-vnr-300-optimus-prime-transformers-generations\/#primaryimage"},"thumbnailUrl":"https:\/\/endormoonstore.com\/wp-content\/uploads\/2024\/03\/Volvo-VNR-300-Optimus-Prime-Transformers-Generations-1.jpg","datePublished":"2024-01-03T00:45:35+00:00","dateModified":"2024-03-01T20:32:52+00:00","breadcrumb":{"@id":"https:\/\/endormoonstore.com\/volvo-vnr-300-optimus-prime-transformers-generations\/#breadcrumb"},"inLanguage":"en-US","potentialAction":[{"@type":"ReadAction","target":["https:\/\/endormoonstore.com\/volvo-vnr-300-optimus-prime-transformers-generations\/"]}]},{"@type":"ImageObject","inLanguage":"en-US","@id":"https:\/\/endormoonstore.com\/volvo-vnr-300-optimus-prime-transformers-generations\/#primaryimage","url":"https:\/\/endormoonstore.com\/wp-content\/uploads\/2024\/03\/Volvo-VNR-300-Optimus-Prime-Transformers-Generations-1.jpg","contentUrl":"https:\/\/endormoonstore.com\/wp-content\/uploads\/2024\/03\/Volvo-VNR-300-Optimus-Prime-Transformers-Generations-1.jpg","width":1000,"height":1000},{"@type":"BreadcrumbList","@id":"https:\/\/endormoonstore.com\/volvo-vnr-300-optimus-prime-transformers-generations\/#breadcrumb","itemListElement":[{"@type":"ListItem","position":1,"name":"Shop","item":"https:\/\/endormoonstore.com\/en\/shop\/"},{"@type":"ListItem","position":2,"name":"Volvo VNR 300 Optimus Prime Transformers Generations"}]},{"@type":"WebSite","@id":"https:\/\/endormoonstore.com\/#website","url":"https:\/\/endormoonstore.com\/","name":"EndormoonStore","description":"","potentialAction":[{"@type":"SearchAction","target":{"@type":"EntryPoint","urlTemplate":"https:\/\/endormoonstore.com\/?s={search_term_string}"},"query-input":{"@type":"PropertyValueSpecification","valueRequired":true,"valueName":"search_term_string"}}],"inLanguage":"en-US"}]}},"taxonomy_info":{"product_cat":[{"value":1390,"label":"Figures"},{"value":13511,"label":"New Arrivals"}],"pa_brand":[{"value":2084,"label":"Hasbro"}],"pa_character":[{"value":5378,"label":"Optimus Prime"}],"pa_license":[{"value":1873,"label":"Transformers"}],"pa_product-type":[{"value":2387,"label":"Figure"}],"pa_theme":[{"value":14164,"label":"Transformers Generations"}]},"featured_image_src_large":["https:\/\/endormoonstore.com\/wp-content\/uploads\/2024\/03\/Volvo-VNR-300-Optimus-Prime-Transformers-Generations-1.jpg",1000,1000,false],"author_info":[],"comment_info":"","_links":{"self":[{"href":"https:\/\/endormoonstore.com\/en\/wp-json\/wp\/v2\/product\/154804","targetHints":{"allow":["GET"]}}],"collection":[{"href":"https:\/\/endormoonstore.com\/en\/wp-json\/wp\/v2\/product"}],"about":[{"href":"https:\/\/endormoonstore.com\/en\/wp-json\/wp\/v2\/types\/product"}],"wp:featuredmedia":[{"embeddable":true,"href":"https:\/\/endormoonstore.com\/en\/wp-json\/wp\/v2\/media\/154795"}],"wp:attachment":[{"href":"https:\/\/endormoonstore.com\/en\/wp-json\/wp\/v2\/media?parent=154804"}],"wp:term":[{"taxonomy":"product_cat","embeddable":true,"href":"https:\/\/endormoonstore.com\/en\/wp-json\/wp\/v2\/product_cat?post=154804"},{"taxonomy":"product_tag","embeddable":true,"href":"https:\/\/endormoonstore.com\/en\/wp-json\/wp\/v2\/product_tag?post=154804"}],"curies":[{"name":"wp","href":"https:\/\/api.w.org\/{rel}","templated":true}]}}