{"id":154549,"date":"2024-01-03T00:50:40","date_gmt":"2024-01-02T23:50:40","guid":{"rendered":"https:\/\/endormoonstore.com\/kingpin-hawkeye-marvel-gallery-diorama\/"},"modified":"2024-02-14T13:35:07","modified_gmt":"2024-02-14T12:35:07","slug":"kingpin-hawkeye-marvel-gallery-diorama","status":"publish","type":"product","link":"https:\/\/endormoonstore.com\/en\/kingpin-hawkeye-marvel-gallery-diorama\/","title":{"rendered":"Kingpin Hawkeye Marvel Gallery Diorama"},"content":{"rendered":"<p><strong>Kingpin Hawkeye Marvel Gallery Diorama<\/strong><\/p>\n<ul>\n<li>\u00a1Kingpin ha llegado! Este Gallery Diormana de 25,5 cm de Vincent D&#8217;Onofrio como Kingpin de la televisi\u00f3n se basa en su aparici\u00f3n en la serie de televisi\u00f3n Hawkeye.<\/li>\n<li>Con su traje blanco, camisa negra y su bast\u00f3n con empu\u00f1adura de diamante, The Kingpin se encuentra en medio de los escombros de su pelea con Kate Bishop.<\/li>\n<li>Hecha de PVC de alta calidad viene empaquetada en una caja con ventana a todo color dise\u00f1ada por Nelson X. Asencio.<\/li>\n<\/ul>\n<p>&nbsp;<\/p>\n","protected":false},"excerpt":{"rendered":"<p><strong>Kingpin Hawkeye Marvel Gallery Diorama<\/strong><\/p>\n<p>\u00a1Kingpin ha llegado! Este Gakkery Diormana de 25,5 cm de Vincent D&#8217;Onofrio como Kingpin de la televisi\u00f3n se basa en su aparici\u00f3n en la serie de televisi\u00f3n Hawkeye.<\/p>\n","protected":false},"featured_media":154544,"template":"","meta":{"_acf_changed":false,"_kad_blocks_custom_css":"","_kad_blocks_head_custom_js":"","_kad_blocks_body_custom_js":"","_kad_blocks_footer_custom_js":""},"product_cat":[1390,13511,15769],"product_tag":[],"class_list":{"0":"post-154549","1":"product","2":"type-product","3":"status-publish","4":"has-post-thumbnail","6":"product_cat-figures","7":"product_cat-new-arrivals","8":"product_cat-sales","9":"pa_brand-diamond-select-toys-en","10":"pa_character-kingpin-en","11":"pa_episode-hawkeye-en","12":"pa_license-marvel-en","13":"pa_product-type-diorama-en","14":"pa_theme-gallery-diorama-en","16":"first","17":"instock","18":"sale","19":"taxable","20":"shipping-taxable","21":"purchasable","22":"product-type-simple"},"acf":[],"yoast_head":"<!-- This site is optimized with the Yoast SEO plugin v26.1.1 - https:\/\/yoast.com\/wordpress\/plugins\/seo\/ -->\n<title>Kingpin Hawkeye Marvel Gallery Diorama - EndormoonStore<\/title>\n<meta name=\"robots\" content=\"index, follow, max-snippet:-1, max-image-preview:large, max-video-preview:-1\" \/>\n<link rel=\"canonical\" href=\"https:\/\/endormoonstore.com\/en\/kingpin-hawkeye-marvel-gallery-diorama\/\" \/>\n<meta property=\"og:locale\" content=\"en_US\" \/>\n<meta property=\"og:type\" content=\"article\" \/>\n<meta property=\"og:title\" content=\"Kingpin Hawkeye Marvel Gallery Diorama - EndormoonStore\" \/>\n<meta property=\"og:description\" content=\"Kingpin Hawkeye Marvel Gallery Diorama  \u00a1Kingpin ha llegado! Este Gakkery Diormana de 25,5 cm de Vincent D&#039;Onofrio como Kingpin de la televisi\u00f3n se basa en su aparici\u00f3n en la serie de televisi\u00f3n Hawkeye.\" \/>\n<meta property=\"og:url\" content=\"https:\/\/endormoonstore.com\/en\/kingpin-hawkeye-marvel-gallery-diorama\/\" \/>\n<meta property=\"og:site_name\" content=\"EndormoonStore\" \/>\n<meta property=\"article:modified_time\" content=\"2024-02-14T12:35:07+00:00\" \/>\n<meta property=\"og:image\" content=\"https:\/\/endormoonstore.com\/wp-content\/uploads\/2024\/01\/Kingpin-Hawkeye-Marvel-Gallery-Diorama-1.jpg\" \/>\n\t<meta property=\"og:image:width\" content=\"1280\" \/>\n\t<meta property=\"og:image:height\" content=\"1280\" \/>\n\t<meta property=\"og:image:type\" content=\"image\/jpeg\" \/>\n<meta name=\"twitter:card\" content=\"summary_large_image\" \/>\n<meta name=\"twitter:label1\" content=\"Est. reading time\" \/>\n\t<meta name=\"twitter:data1\" content=\"1 minute\" \/>\n<script type=\"application\/ld+json\" class=\"yoast-schema-graph\">{\"@context\":\"https:\/\/schema.org\",\"@graph\":[{\"@type\":\"WebPage\",\"@id\":\"https:\/\/endormoonstore.com\/en\/kingpin-hawkeye-marvel-gallery-diorama\/\",\"url\":\"https:\/\/endormoonstore.com\/en\/kingpin-hawkeye-marvel-gallery-diorama\/\",\"name\":\"Kingpin Hawkeye Marvel Gallery Diorama - EndormoonStore\",\"isPartOf\":{\"@id\":\"https:\/\/endormoonstore.com\/#website\"},\"primaryImageOfPage\":{\"@id\":\"https:\/\/endormoonstore.com\/en\/kingpin-hawkeye-marvel-gallery-diorama\/#primaryimage\"},\"image\":{\"@id\":\"https:\/\/endormoonstore.com\/en\/kingpin-hawkeye-marvel-gallery-diorama\/#primaryimage\"},\"thumbnailUrl\":\"https:\/\/endormoonstore.com\/wp-content\/uploads\/2024\/01\/Kingpin-Hawkeye-Marvel-Gallery-Diorama-1.jpg\",\"datePublished\":\"2024-01-02T23:50:40+00:00\",\"dateModified\":\"2024-02-14T12:35:07+00:00\",\"breadcrumb\":{\"@id\":\"https:\/\/endormoonstore.com\/en\/kingpin-hawkeye-marvel-gallery-diorama\/#breadcrumb\"},\"inLanguage\":\"en-US\",\"potentialAction\":[{\"@type\":\"ReadAction\",\"target\":[\"https:\/\/endormoonstore.com\/en\/kingpin-hawkeye-marvel-gallery-diorama\/\"]}]},{\"@type\":\"ImageObject\",\"inLanguage\":\"en-US\",\"@id\":\"https:\/\/endormoonstore.com\/en\/kingpin-hawkeye-marvel-gallery-diorama\/#primaryimage\",\"url\":\"https:\/\/endormoonstore.com\/wp-content\/uploads\/2024\/01\/Kingpin-Hawkeye-Marvel-Gallery-Diorama-1.jpg\",\"contentUrl\":\"https:\/\/endormoonstore.com\/wp-content\/uploads\/2024\/01\/Kingpin-Hawkeye-Marvel-Gallery-Diorama-1.jpg\",\"width\":1280,\"height\":1280},{\"@type\":\"BreadcrumbList\",\"@id\":\"https:\/\/endormoonstore.com\/en\/kingpin-hawkeye-marvel-gallery-diorama\/#breadcrumb\",\"itemListElement\":[{\"@type\":\"ListItem\",\"position\":1,\"name\":\"Shop\",\"item\":\"https:\/\/endormoonstore.com\/en\/shop\/\"},{\"@type\":\"ListItem\",\"position\":2,\"name\":\"Kingpin Hawkeye Marvel Gallery Diorama\"}]},{\"@type\":\"WebSite\",\"@id\":\"https:\/\/endormoonstore.com\/#website\",\"url\":\"https:\/\/endormoonstore.com\/\",\"name\":\"EndormoonStore\",\"description\":\"\",\"potentialAction\":[{\"@type\":\"SearchAction\",\"target\":{\"@type\":\"EntryPoint\",\"urlTemplate\":\"https:\/\/endormoonstore.com\/?s={search_term_string}\"},\"query-input\":{\"@type\":\"PropertyValueSpecification\",\"valueRequired\":true,\"valueName\":\"search_term_string\"}}],\"inLanguage\":\"en-US\"}]}<\/script>\n<!-- \/ Yoast SEO plugin. -->","yoast_head_json":{"title":"Kingpin Hawkeye Marvel Gallery Diorama - EndormoonStore","robots":{"index":"index","follow":"follow","max-snippet":"max-snippet:-1","max-image-preview":"max-image-preview:large","max-video-preview":"max-video-preview:-1"},"canonical":"https:\/\/endormoonstore.com\/en\/kingpin-hawkeye-marvel-gallery-diorama\/","og_locale":"en_US","og_type":"article","og_title":"Kingpin Hawkeye Marvel Gallery Diorama - EndormoonStore","og_description":"Kingpin Hawkeye Marvel Gallery Diorama  \u00a1Kingpin ha llegado! Este Gakkery Diormana de 25,5 cm de Vincent D'Onofrio como Kingpin de la televisi\u00f3n se basa en su aparici\u00f3n en la serie de televisi\u00f3n Hawkeye.","og_url":"https:\/\/endormoonstore.com\/en\/kingpin-hawkeye-marvel-gallery-diorama\/","og_site_name":"EndormoonStore","article_modified_time":"2024-02-14T12:35:07+00:00","og_image":[{"width":1280,"height":1280,"url":"https:\/\/endormoonstore.com\/wp-content\/uploads\/2024\/01\/Kingpin-Hawkeye-Marvel-Gallery-Diorama-1.jpg","type":"image\/jpeg"}],"twitter_card":"summary_large_image","twitter_misc":{"Est. reading time":"1 minute"},"schema":{"@context":"https:\/\/schema.org","@graph":[{"@type":"WebPage","@id":"https:\/\/endormoonstore.com\/en\/kingpin-hawkeye-marvel-gallery-diorama\/","url":"https:\/\/endormoonstore.com\/en\/kingpin-hawkeye-marvel-gallery-diorama\/","name":"Kingpin Hawkeye Marvel Gallery Diorama - EndormoonStore","isPartOf":{"@id":"https:\/\/endormoonstore.com\/#website"},"primaryImageOfPage":{"@id":"https:\/\/endormoonstore.com\/en\/kingpin-hawkeye-marvel-gallery-diorama\/#primaryimage"},"image":{"@id":"https:\/\/endormoonstore.com\/en\/kingpin-hawkeye-marvel-gallery-diorama\/#primaryimage"},"thumbnailUrl":"https:\/\/endormoonstore.com\/wp-content\/uploads\/2024\/01\/Kingpin-Hawkeye-Marvel-Gallery-Diorama-1.jpg","datePublished":"2024-01-02T23:50:40+00:00","dateModified":"2024-02-14T12:35:07+00:00","breadcrumb":{"@id":"https:\/\/endormoonstore.com\/en\/kingpin-hawkeye-marvel-gallery-diorama\/#breadcrumb"},"inLanguage":"en-US","potentialAction":[{"@type":"ReadAction","target":["https:\/\/endormoonstore.com\/en\/kingpin-hawkeye-marvel-gallery-diorama\/"]}]},{"@type":"ImageObject","inLanguage":"en-US","@id":"https:\/\/endormoonstore.com\/en\/kingpin-hawkeye-marvel-gallery-diorama\/#primaryimage","url":"https:\/\/endormoonstore.com\/wp-content\/uploads\/2024\/01\/Kingpin-Hawkeye-Marvel-Gallery-Diorama-1.jpg","contentUrl":"https:\/\/endormoonstore.com\/wp-content\/uploads\/2024\/01\/Kingpin-Hawkeye-Marvel-Gallery-Diorama-1.jpg","width":1280,"height":1280},{"@type":"BreadcrumbList","@id":"https:\/\/endormoonstore.com\/en\/kingpin-hawkeye-marvel-gallery-diorama\/#breadcrumb","itemListElement":[{"@type":"ListItem","position":1,"name":"Shop","item":"https:\/\/endormoonstore.com\/en\/shop\/"},{"@type":"ListItem","position":2,"name":"Kingpin Hawkeye Marvel Gallery Diorama"}]},{"@type":"WebSite","@id":"https:\/\/endormoonstore.com\/#website","url":"https:\/\/endormoonstore.com\/","name":"EndormoonStore","description":"","potentialAction":[{"@type":"SearchAction","target":{"@type":"EntryPoint","urlTemplate":"https:\/\/endormoonstore.com\/?s={search_term_string}"},"query-input":{"@type":"PropertyValueSpecification","valueRequired":true,"valueName":"search_term_string"}}],"inLanguage":"en-US"}]}},"taxonomy_info":{"product_cat":[{"value":1390,"label":"Figures"},{"value":13511,"label":"New Arrivals"},{"value":15769,"label":"Sales"}],"pa_brand":[{"value":1632,"label":"Diamond Select Toys"}],"pa_character":[{"value":14147,"label":"Kingpin"}],"pa_episode":[{"value":12309,"label":"Hawkeye"}],"pa_license":[{"value":1642,"label":"Marvel"}],"pa_product-type":[{"value":6603,"label":"Diorama"}],"pa_theme":[{"value":3674,"label":"Gallery Diorama"}]},"featured_image_src_large":["https:\/\/endormoonstore.com\/wp-content\/uploads\/2024\/01\/Kingpin-Hawkeye-Marvel-Gallery-Diorama-1.jpg",1280,1280,false],"author_info":[],"comment_info":"","_links":{"self":[{"href":"https:\/\/endormoonstore.com\/en\/wp-json\/wp\/v2\/product\/154549","targetHints":{"allow":["GET"]}}],"collection":[{"href":"https:\/\/endormoonstore.com\/en\/wp-json\/wp\/v2\/product"}],"about":[{"href":"https:\/\/endormoonstore.com\/en\/wp-json\/wp\/v2\/types\/product"}],"wp:featuredmedia":[{"embeddable":true,"href":"https:\/\/endormoonstore.com\/en\/wp-json\/wp\/v2\/media\/154544"}],"wp:attachment":[{"href":"https:\/\/endormoonstore.com\/en\/wp-json\/wp\/v2\/media?parent=154549"}],"wp:term":[{"taxonomy":"product_cat","embeddable":true,"href":"https:\/\/endormoonstore.com\/en\/wp-json\/wp\/v2\/product_cat?post=154549"},{"taxonomy":"product_tag","embeddable":true,"href":"https:\/\/endormoonstore.com\/en\/wp-json\/wp\/v2\/product_tag?post=154549"}],"curies":[{"name":"wp","href":"https:\/\/api.w.org\/{rel}","templated":true}]}}