{"id":154335,"date":"2024-01-03T02:30:52","date_gmt":"2024-01-02T00:55:52","guid":{"rendered":"https:\/\/endormoonstore.com\/super-saiyan-goku-legendary-super-saiyan-dragon-ball-z-s-h-figuarts\/"},"modified":"2024-04-22T13:12:09","modified_gmt":"2024-04-22T11:12:09","slug":"super-saiyan-goku-legendary-super-saiyan-dragon-ball-z-s-h-figuarts","status":"publish","type":"product","link":"https:\/\/endormoonstore.com\/en\/super-saiyan-goku-legendary-super-saiyan-dragon-ball-z-s-h-figuarts\/","title":{"rendered":"Super Saiyan Goku (Legendary Super Saiyan) Dragon Ball Z S.H.Figuarts"},"content":{"rendered":"<p><strong>Super Saiyan Goku (Legendary Super Saiyan) Dragon Ball Z S.H.Figuarts<\/strong><\/p>\n<ul>\n<li>Tamashii Nations presenta dentro de su l\u00ednea de figuras S.H. Figuarts esta figura de Son Goku Legemdaru Super Saiyan version.<\/li>\n<li>Esta figura articulada mide casi 15 cm y est\u00e1 esculpida en PVC con la \u00faltima tecnolog\u00eda en articulaciones. Incluye 3x expresiones opcionales, 5x pares de manos opcionales, 1x parte de pelo opcional, 1x cabeza opcional y 1x pieza con efecto kamahameha.<\/li>\n<\/ul>\n<p>&nbsp;<\/p>\n","protected":false},"excerpt":{"rendered":"<p><strong>Super Saiyan Goku (Legendary Super Saiyan) Dragon Ball Z S.H.Figuarts<\/strong><\/p>\n<p>Tamashii Nations presenta dentro de su l\u00ednea de figuras S.H. Figuarts esta figura de Son Goku Legemdaru Super Saiyan version.<\/p>\n","protected":false},"featured_media":154319,"template":"","meta":{"_acf_changed":false,"_kad_blocks_custom_css":"","_kad_blocks_head_custom_js":"","_kad_blocks_body_custom_js":"","_kad_blocks_footer_custom_js":""},"product_cat":[1390,13511],"product_tag":[],"class_list":{"0":"post-154335","1":"product","2":"type-product","3":"status-publish","4":"has-post-thumbnail","6":"product_cat-figures","7":"product_cat-new-arrivals","8":"pa_brand-tamashii-nations-en","9":"pa_character-son-goku-en","10":"pa_license-dragon-ball-en","11":"pa_product-type-figure","12":"pa_theme-s-h-figuarts-en","14":"first","15":"outofstock","16":"taxable","17":"shipping-taxable","18":"purchasable","19":"product-type-simple"},"acf":[],"yoast_head":"<!-- This site is optimized with the Yoast SEO plugin v26.1.1 - https:\/\/yoast.com\/wordpress\/plugins\/seo\/ -->\n<title>Super Saiyan Goku (Legendary Super Saiyan) Dragon Ball Z S.H.Figuarts - EndormoonStore<\/title>\n<meta name=\"robots\" content=\"index, follow, max-snippet:-1, max-image-preview:large, max-video-preview:-1\" \/>\n<link rel=\"canonical\" href=\"https:\/\/endormoonstore.com\/en\/super-saiyan-goku-legendary-super-saiyan-dragon-ball-z-s-h-figuarts\/\" \/>\n<meta property=\"og:locale\" content=\"en_US\" \/>\n<meta property=\"og:type\" content=\"article\" \/>\n<meta property=\"og:title\" content=\"Super Saiyan Goku (Legendary Super Saiyan) Dragon Ball Z S.H.Figuarts - EndormoonStore\" \/>\n<meta property=\"og:description\" content=\"Super Saiyan Goku (Legendary Super Saiyan) Dragon Ball Z S.H.Figuarts  Tamashii Nations presenta dentro de su l\u00ednea de figuras S.H. Figuarts esta figura de Son Goku Legemdaru Super Saiyan version.\" \/>\n<meta property=\"og:url\" content=\"https:\/\/endormoonstore.com\/en\/super-saiyan-goku-legendary-super-saiyan-dragon-ball-z-s-h-figuarts\/\" \/>\n<meta property=\"og:site_name\" content=\"EndormoonStore\" \/>\n<meta property=\"article:modified_time\" content=\"2024-04-22T11:12:09+00:00\" \/>\n<meta property=\"og:image\" content=\"https:\/\/endormoonstore.com\/wp-content\/uploads\/2024\/02\/Super-Saiyan-Goku-Legendary-Super-Saiyan-Dragon-Ball-Z-S.H.Figuarts-1.jpg\" \/>\n\t<meta property=\"og:image:width\" content=\"960\" \/>\n\t<meta property=\"og:image:height\" content=\"1200\" \/>\n\t<meta property=\"og:image:type\" content=\"image\/jpeg\" \/>\n<meta name=\"twitter:card\" content=\"summary_large_image\" \/>\n<meta name=\"twitter:label1\" content=\"Est. reading time\" \/>\n\t<meta name=\"twitter:data1\" content=\"1 minute\" \/>\n<script type=\"application\/ld+json\" class=\"yoast-schema-graph\">{\"@context\":\"https:\/\/schema.org\",\"@graph\":[{\"@type\":\"WebPage\",\"@id\":\"https:\/\/endormoonstore.com\/en\/super-saiyan-goku-legendary-super-saiyan-dragon-ball-z-s-h-figuarts\/\",\"url\":\"https:\/\/endormoonstore.com\/en\/super-saiyan-goku-legendary-super-saiyan-dragon-ball-z-s-h-figuarts\/\",\"name\":\"Super Saiyan Goku (Legendary Super Saiyan) Dragon Ball Z S.H.Figuarts - EndormoonStore\",\"isPartOf\":{\"@id\":\"https:\/\/endormoonstore.com\/#website\"},\"primaryImageOfPage\":{\"@id\":\"https:\/\/endormoonstore.com\/en\/super-saiyan-goku-legendary-super-saiyan-dragon-ball-z-s-h-figuarts\/#primaryimage\"},\"image\":{\"@id\":\"https:\/\/endormoonstore.com\/en\/super-saiyan-goku-legendary-super-saiyan-dragon-ball-z-s-h-figuarts\/#primaryimage\"},\"thumbnailUrl\":\"https:\/\/endormoonstore.com\/wp-content\/uploads\/2024\/02\/Super-Saiyan-Goku-Legendary-Super-Saiyan-Dragon-Ball-Z-S.H.Figuarts-1.jpg\",\"datePublished\":\"2024-01-02T00:55:52+00:00\",\"dateModified\":\"2024-04-22T11:12:09+00:00\",\"breadcrumb\":{\"@id\":\"https:\/\/endormoonstore.com\/en\/super-saiyan-goku-legendary-super-saiyan-dragon-ball-z-s-h-figuarts\/#breadcrumb\"},\"inLanguage\":\"en-US\",\"potentialAction\":[{\"@type\":\"ReadAction\",\"target\":[\"https:\/\/endormoonstore.com\/en\/super-saiyan-goku-legendary-super-saiyan-dragon-ball-z-s-h-figuarts\/\"]}]},{\"@type\":\"ImageObject\",\"inLanguage\":\"en-US\",\"@id\":\"https:\/\/endormoonstore.com\/en\/super-saiyan-goku-legendary-super-saiyan-dragon-ball-z-s-h-figuarts\/#primaryimage\",\"url\":\"https:\/\/endormoonstore.com\/wp-content\/uploads\/2024\/02\/Super-Saiyan-Goku-Legendary-Super-Saiyan-Dragon-Ball-Z-S.H.Figuarts-1.jpg\",\"contentUrl\":\"https:\/\/endormoonstore.com\/wp-content\/uploads\/2024\/02\/Super-Saiyan-Goku-Legendary-Super-Saiyan-Dragon-Ball-Z-S.H.Figuarts-1.jpg\",\"width\":960,\"height\":1200},{\"@type\":\"BreadcrumbList\",\"@id\":\"https:\/\/endormoonstore.com\/en\/super-saiyan-goku-legendary-super-saiyan-dragon-ball-z-s-h-figuarts\/#breadcrumb\",\"itemListElement\":[{\"@type\":\"ListItem\",\"position\":1,\"name\":\"Shop\",\"item\":\"https:\/\/endormoonstore.com\/en\/shop\/\"},{\"@type\":\"ListItem\",\"position\":2,\"name\":\"Super Saiyan Goku (Legendary Super Saiyan) Dragon Ball Z S.H.Figuarts\"}]},{\"@type\":\"WebSite\",\"@id\":\"https:\/\/endormoonstore.com\/#website\",\"url\":\"https:\/\/endormoonstore.com\/\",\"name\":\"EndormoonStore\",\"description\":\"\",\"potentialAction\":[{\"@type\":\"SearchAction\",\"target\":{\"@type\":\"EntryPoint\",\"urlTemplate\":\"https:\/\/endormoonstore.com\/?s={search_term_string}\"},\"query-input\":{\"@type\":\"PropertyValueSpecification\",\"valueRequired\":true,\"valueName\":\"search_term_string\"}}],\"inLanguage\":\"en-US\"}]}<\/script>\n<!-- \/ Yoast SEO plugin. -->","yoast_head_json":{"title":"Super Saiyan Goku (Legendary Super Saiyan) Dragon Ball Z S.H.Figuarts - EndormoonStore","robots":{"index":"index","follow":"follow","max-snippet":"max-snippet:-1","max-image-preview":"max-image-preview:large","max-video-preview":"max-video-preview:-1"},"canonical":"https:\/\/endormoonstore.com\/en\/super-saiyan-goku-legendary-super-saiyan-dragon-ball-z-s-h-figuarts\/","og_locale":"en_US","og_type":"article","og_title":"Super Saiyan Goku (Legendary Super Saiyan) Dragon Ball Z S.H.Figuarts - EndormoonStore","og_description":"Super Saiyan Goku (Legendary Super Saiyan) Dragon Ball Z S.H.Figuarts  Tamashii Nations presenta dentro de su l\u00ednea de figuras S.H. Figuarts esta figura de Son Goku Legemdaru Super Saiyan version.","og_url":"https:\/\/endormoonstore.com\/en\/super-saiyan-goku-legendary-super-saiyan-dragon-ball-z-s-h-figuarts\/","og_site_name":"EndormoonStore","article_modified_time":"2024-04-22T11:12:09+00:00","og_image":[{"width":960,"height":1200,"url":"https:\/\/endormoonstore.com\/wp-content\/uploads\/2024\/02\/Super-Saiyan-Goku-Legendary-Super-Saiyan-Dragon-Ball-Z-S.H.Figuarts-1.jpg","type":"image\/jpeg"}],"twitter_card":"summary_large_image","twitter_misc":{"Est. reading time":"1 minute"},"schema":{"@context":"https:\/\/schema.org","@graph":[{"@type":"WebPage","@id":"https:\/\/endormoonstore.com\/en\/super-saiyan-goku-legendary-super-saiyan-dragon-ball-z-s-h-figuarts\/","url":"https:\/\/endormoonstore.com\/en\/super-saiyan-goku-legendary-super-saiyan-dragon-ball-z-s-h-figuarts\/","name":"Super Saiyan Goku (Legendary Super Saiyan) Dragon Ball Z S.H.Figuarts - EndormoonStore","isPartOf":{"@id":"https:\/\/endormoonstore.com\/#website"},"primaryImageOfPage":{"@id":"https:\/\/endormoonstore.com\/en\/super-saiyan-goku-legendary-super-saiyan-dragon-ball-z-s-h-figuarts\/#primaryimage"},"image":{"@id":"https:\/\/endormoonstore.com\/en\/super-saiyan-goku-legendary-super-saiyan-dragon-ball-z-s-h-figuarts\/#primaryimage"},"thumbnailUrl":"https:\/\/endormoonstore.com\/wp-content\/uploads\/2024\/02\/Super-Saiyan-Goku-Legendary-Super-Saiyan-Dragon-Ball-Z-S.H.Figuarts-1.jpg","datePublished":"2024-01-02T00:55:52+00:00","dateModified":"2024-04-22T11:12:09+00:00","breadcrumb":{"@id":"https:\/\/endormoonstore.com\/en\/super-saiyan-goku-legendary-super-saiyan-dragon-ball-z-s-h-figuarts\/#breadcrumb"},"inLanguage":"en-US","potentialAction":[{"@type":"ReadAction","target":["https:\/\/endormoonstore.com\/en\/super-saiyan-goku-legendary-super-saiyan-dragon-ball-z-s-h-figuarts\/"]}]},{"@type":"ImageObject","inLanguage":"en-US","@id":"https:\/\/endormoonstore.com\/en\/super-saiyan-goku-legendary-super-saiyan-dragon-ball-z-s-h-figuarts\/#primaryimage","url":"https:\/\/endormoonstore.com\/wp-content\/uploads\/2024\/02\/Super-Saiyan-Goku-Legendary-Super-Saiyan-Dragon-Ball-Z-S.H.Figuarts-1.jpg","contentUrl":"https:\/\/endormoonstore.com\/wp-content\/uploads\/2024\/02\/Super-Saiyan-Goku-Legendary-Super-Saiyan-Dragon-Ball-Z-S.H.Figuarts-1.jpg","width":960,"height":1200},{"@type":"BreadcrumbList","@id":"https:\/\/endormoonstore.com\/en\/super-saiyan-goku-legendary-super-saiyan-dragon-ball-z-s-h-figuarts\/#breadcrumb","itemListElement":[{"@type":"ListItem","position":1,"name":"Shop","item":"https:\/\/endormoonstore.com\/en\/shop\/"},{"@type":"ListItem","position":2,"name":"Super Saiyan Goku (Legendary Super Saiyan) Dragon Ball Z S.H.Figuarts"}]},{"@type":"WebSite","@id":"https:\/\/endormoonstore.com\/#website","url":"https:\/\/endormoonstore.com\/","name":"EndormoonStore","description":"","potentialAction":[{"@type":"SearchAction","target":{"@type":"EntryPoint","urlTemplate":"https:\/\/endormoonstore.com\/?s={search_term_string}"},"query-input":{"@type":"PropertyValueSpecification","valueRequired":true,"valueName":"search_term_string"}}],"inLanguage":"en-US"}]}},"taxonomy_info":{"product_cat":[{"value":1390,"label":"Figures"},{"value":13511,"label":"New Arrivals"}],"pa_brand":[{"value":2096,"label":"Tamashii Nations"}],"pa_character":[{"value":2234,"label":"Son Goku"}],"pa_license":[{"value":2240,"label":"Dragon Ball"}],"pa_product-type":[{"value":2387,"label":"Figure"}],"pa_theme":[{"value":1813,"label":"S.H. Figuarts"}]},"featured_image_src_large":["https:\/\/endormoonstore.com\/wp-content\/uploads\/2024\/02\/Super-Saiyan-Goku-Legendary-Super-Saiyan-Dragon-Ball-Z-S.H.Figuarts-1.jpg",960,1200,false],"author_info":[],"comment_info":"","_links":{"self":[{"href":"https:\/\/endormoonstore.com\/en\/wp-json\/wp\/v2\/product\/154335","targetHints":{"allow":["GET"]}}],"collection":[{"href":"https:\/\/endormoonstore.com\/en\/wp-json\/wp\/v2\/product"}],"about":[{"href":"https:\/\/endormoonstore.com\/en\/wp-json\/wp\/v2\/types\/product"}],"wp:featuredmedia":[{"embeddable":true,"href":"https:\/\/endormoonstore.com\/en\/wp-json\/wp\/v2\/media\/154319"}],"wp:attachment":[{"href":"https:\/\/endormoonstore.com\/en\/wp-json\/wp\/v2\/media?parent=154335"}],"wp:term":[{"taxonomy":"product_cat","embeddable":true,"href":"https:\/\/endormoonstore.com\/en\/wp-json\/wp\/v2\/product_cat?post=154335"},{"taxonomy":"product_tag","embeddable":true,"href":"https:\/\/endormoonstore.com\/en\/wp-json\/wp\/v2\/product_tag?post=154335"}],"curies":[{"name":"wp","href":"https:\/\/api.w.org\/{rel}","templated":true}]}}