{"id":154080,"date":"2024-01-03T01:00:37","date_gmt":"2024-01-01T23:45:37","guid":{"rendered":"https:\/\/endormoonstore.com\/star-wars-the-black-series-star-wars-the-force-unleashed-starkiller-stormtroopers\/"},"modified":"2024-02-14T16:02:00","modified_gmt":"2024-02-14T15:02:00","slug":"star-wars-the-black-series-star-wars-the-force-unleashed-starkiller-stormtroopers","status":"publish","type":"product","link":"https:\/\/endormoonstore.com\/en\/star-wars-the-black-series-star-wars-the-force-unleashed-starkiller-stormtroopers\/","title":{"rendered":"Star Wars The Black Series Star Wars: The Force Unleashed Starkiller &#038; Stormtroopers"},"content":{"rendered":"<p><strong>Star Wars The Black Series Star Wars: The Force Unleashed Starkiller &amp; Stormtroopers<\/strong><\/p>\n<div class=\"pull-left margenDatosSecundarios\">\n<div id=\"ctl00_MainContent_dvSinopsis\" class=\"pull-left w100\">\n<ul>\n<li>Hasbro presenta, dentro de la colecci\u00f3n The Black Series Archive, este pack de figuras de Starkiller &amp; Stormtroopers. Miden 15 cm y est\u00e1n basadas en los personajes de &#8220;Star Wars: The Force Unleashed&#8221;.<\/li>\n<li>Durante su b\u00fasqueda para cazar y destruir Jedi, Starkiller se al\u00eda con algunos h\u00e9roes improbables y toma decisiones que alterar\u00e1n su destino y dar\u00e1n forma al futuro de la galaxia<\/li>\n<li>Cuenta con detalles premium y m\u00faltiples puntos de articulaci\u00f3n. Incluye 3x figuras (Starkiller y 2x Stormtroopers).<\/li>\n<li>Adem\u00e1s, para Starkiller contiene 4x accesorios de efectos, 2x cabezas alternativas, 2x pares de manos y 1x sable de luz (con 2x efectos). Y para los Stormtroopers incluye 2x bl\u00e1sters y 2x efectos de sable de luz.<\/li>\n<\/ul>\n<\/div>\n<\/div>\n<p>&nbsp;<\/p>\n<p>&nbsp;<\/p>\n<div class=\"pull-left margenDatosSecundarios\">\n<div id=\"ctl00_MainContent_dvSinopsis\" class=\"pull-left w100\">\n<p>&nbsp;<\/p>\n<\/div>\n<\/div>\n<p>&nbsp;<\/p>\n<div class=\"pull-left margenDatosSecundarios\">\n<p>&nbsp;<\/p>\n<\/div>\n","protected":false},"excerpt":{"rendered":"<p><strong>Star Wars The Black Series Star Wars: The Force Unleashed Starkiller &amp; Stormtroopers<\/strong><\/p>\n<p>Hasbro presenta, dentro de la colecci\u00f3n The Black Series Archive, este pack de figuras de Starkiller &amp; Stormtroopers. Miden 15 cm y est\u00e1n basadas en los personajes de &#8220;Star Wars: The Force Unleashed&#8221;.<\/p>\n","protected":false},"featured_media":154059,"template":"","meta":{"_acf_changed":false,"_kad_blocks_custom_css":"","_kad_blocks_head_custom_js":"","_kad_blocks_body_custom_js":"","_kad_blocks_footer_custom_js":""},"product_cat":[1390,13511],"product_tag":[],"class_list":{"0":"post-154080","1":"product","2":"type-product","3":"status-publish","4":"has-post-thumbnail","6":"product_cat-figures","7":"product_cat-new-arrivals","8":"pa_brand-hasbro-en","9":"pa_character-stormtrooper-en","10":"pa_character-starkiller-en","11":"pa_episode-star-wars-the-force-unleashed-en","12":"pa_license-star-wars-en","13":"pa_product-type-figure","14":"pa_theme-the-black-series-en","16":"first","17":"instock","18":"taxable","19":"shipping-taxable","20":"purchasable","21":"product-type-simple"},"acf":[],"yoast_head":"<!-- This site is optimized with the Yoast SEO plugin v26.1.1 - https:\/\/yoast.com\/wordpress\/plugins\/seo\/ -->\n<title>Star Wars The Black Series Star Wars: The Force Unleashed Starkiller &amp; Stormtroopers - EndormoonStore<\/title>\n<meta name=\"robots\" content=\"index, follow, max-snippet:-1, max-image-preview:large, max-video-preview:-1\" \/>\n<link rel=\"canonical\" href=\"https:\/\/endormoonstore.com\/en\/star-wars-the-black-series-star-wars-the-force-unleashed-starkiller-stormtroopers\/\" \/>\n<meta property=\"og:locale\" content=\"en_US\" \/>\n<meta property=\"og:type\" content=\"article\" \/>\n<meta property=\"og:title\" content=\"Star Wars The Black Series Star Wars: The Force Unleashed Starkiller &amp; Stormtroopers - EndormoonStore\" \/>\n<meta property=\"og:description\" content=\"Star Wars The Black Series Star Wars: The Force Unleashed Starkiller &amp; Stormtroopers  Hasbro presenta, dentro de la colecci\u00f3n The Black Series Archive, este pack de figuras de Starkiller &amp; Stormtroopers. Miden 15 cm y est\u00e1n basadas en los personajes de &quot;Star Wars: The Force Unleashed&quot;.\" \/>\n<meta property=\"og:url\" content=\"https:\/\/endormoonstore.com\/en\/star-wars-the-black-series-star-wars-the-force-unleashed-starkiller-stormtroopers\/\" \/>\n<meta property=\"og:site_name\" content=\"EndormoonStore\" \/>\n<meta property=\"article:modified_time\" content=\"2024-02-14T15:02:00+00:00\" \/>\n<meta property=\"og:image\" content=\"https:\/\/endormoonstore.com\/wp-content\/uploads\/2024\/01\/Star-Wars-The-Black-Series-Star-Wars-The-Force-Unleahed-Starkiller-Stormtroopers-1.jpg\" \/>\n\t<meta property=\"og:image:width\" content=\"2000\" \/>\n\t<meta property=\"og:image:height\" content=\"2000\" \/>\n\t<meta property=\"og:image:type\" content=\"image\/jpeg\" \/>\n<meta name=\"twitter:card\" content=\"summary_large_image\" \/>\n<meta name=\"twitter:label1\" content=\"Est. reading time\" \/>\n\t<meta name=\"twitter:data1\" content=\"1 minute\" \/>\n<script type=\"application\/ld+json\" class=\"yoast-schema-graph\">{\"@context\":\"https:\/\/schema.org\",\"@graph\":[{\"@type\":\"WebPage\",\"@id\":\"https:\/\/endormoonstore.com\/en\/star-wars-the-black-series-star-wars-the-force-unleashed-starkiller-stormtroopers\/\",\"url\":\"https:\/\/endormoonstore.com\/en\/star-wars-the-black-series-star-wars-the-force-unleashed-starkiller-stormtroopers\/\",\"name\":\"Star Wars The Black Series Star Wars: The Force Unleashed Starkiller & Stormtroopers - EndormoonStore\",\"isPartOf\":{\"@id\":\"https:\/\/endormoonstore.com\/#website\"},\"primaryImageOfPage\":{\"@id\":\"https:\/\/endormoonstore.com\/en\/star-wars-the-black-series-star-wars-the-force-unleashed-starkiller-stormtroopers\/#primaryimage\"},\"image\":{\"@id\":\"https:\/\/endormoonstore.com\/en\/star-wars-the-black-series-star-wars-the-force-unleashed-starkiller-stormtroopers\/#primaryimage\"},\"thumbnailUrl\":\"https:\/\/endormoonstore.com\/wp-content\/uploads\/2024\/01\/Star-Wars-The-Black-Series-Star-Wars-The-Force-Unleahed-Starkiller-Stormtroopers-1.jpg\",\"datePublished\":\"2024-01-01T23:45:37+00:00\",\"dateModified\":\"2024-02-14T15:02:00+00:00\",\"breadcrumb\":{\"@id\":\"https:\/\/endormoonstore.com\/en\/star-wars-the-black-series-star-wars-the-force-unleashed-starkiller-stormtroopers\/#breadcrumb\"},\"inLanguage\":\"en-US\",\"potentialAction\":[{\"@type\":\"ReadAction\",\"target\":[\"https:\/\/endormoonstore.com\/en\/star-wars-the-black-series-star-wars-the-force-unleashed-starkiller-stormtroopers\/\"]}]},{\"@type\":\"ImageObject\",\"inLanguage\":\"en-US\",\"@id\":\"https:\/\/endormoonstore.com\/en\/star-wars-the-black-series-star-wars-the-force-unleashed-starkiller-stormtroopers\/#primaryimage\",\"url\":\"https:\/\/endormoonstore.com\/wp-content\/uploads\/2024\/01\/Star-Wars-The-Black-Series-Star-Wars-The-Force-Unleahed-Starkiller-Stormtroopers-1.jpg\",\"contentUrl\":\"https:\/\/endormoonstore.com\/wp-content\/uploads\/2024\/01\/Star-Wars-The-Black-Series-Star-Wars-The-Force-Unleahed-Starkiller-Stormtroopers-1.jpg\",\"width\":2000,\"height\":2000},{\"@type\":\"BreadcrumbList\",\"@id\":\"https:\/\/endormoonstore.com\/en\/star-wars-the-black-series-star-wars-the-force-unleashed-starkiller-stormtroopers\/#breadcrumb\",\"itemListElement\":[{\"@type\":\"ListItem\",\"position\":1,\"name\":\"Shop\",\"item\":\"https:\/\/endormoonstore.com\/en\/shop\/\"},{\"@type\":\"ListItem\",\"position\":2,\"name\":\"Star Wars The Black Series Star Wars: The Force Unleashed Starkiller &#038; Stormtroopers\"}]},{\"@type\":\"WebSite\",\"@id\":\"https:\/\/endormoonstore.com\/#website\",\"url\":\"https:\/\/endormoonstore.com\/\",\"name\":\"EndormoonStore\",\"description\":\"\",\"potentialAction\":[{\"@type\":\"SearchAction\",\"target\":{\"@type\":\"EntryPoint\",\"urlTemplate\":\"https:\/\/endormoonstore.com\/?s={search_term_string}\"},\"query-input\":{\"@type\":\"PropertyValueSpecification\",\"valueRequired\":true,\"valueName\":\"search_term_string\"}}],\"inLanguage\":\"en-US\"}]}<\/script>\n<!-- \/ Yoast SEO plugin. -->","yoast_head_json":{"title":"Star Wars The Black Series Star Wars: The Force Unleashed Starkiller & Stormtroopers - EndormoonStore","robots":{"index":"index","follow":"follow","max-snippet":"max-snippet:-1","max-image-preview":"max-image-preview:large","max-video-preview":"max-video-preview:-1"},"canonical":"https:\/\/endormoonstore.com\/en\/star-wars-the-black-series-star-wars-the-force-unleashed-starkiller-stormtroopers\/","og_locale":"en_US","og_type":"article","og_title":"Star Wars The Black Series Star Wars: The Force Unleashed Starkiller & Stormtroopers - EndormoonStore","og_description":"Star Wars The Black Series Star Wars: The Force Unleashed Starkiller &amp; Stormtroopers  Hasbro presenta, dentro de la colecci\u00f3n The Black Series Archive, este pack de figuras de Starkiller &amp; Stormtroopers. Miden 15 cm y est\u00e1n basadas en los personajes de \"Star Wars: The Force Unleashed\".","og_url":"https:\/\/endormoonstore.com\/en\/star-wars-the-black-series-star-wars-the-force-unleashed-starkiller-stormtroopers\/","og_site_name":"EndormoonStore","article_modified_time":"2024-02-14T15:02:00+00:00","og_image":[{"width":2000,"height":2000,"url":"https:\/\/endormoonstore.com\/wp-content\/uploads\/2024\/01\/Star-Wars-The-Black-Series-Star-Wars-The-Force-Unleahed-Starkiller-Stormtroopers-1.jpg","type":"image\/jpeg"}],"twitter_card":"summary_large_image","twitter_misc":{"Est. reading time":"1 minute"},"schema":{"@context":"https:\/\/schema.org","@graph":[{"@type":"WebPage","@id":"https:\/\/endormoonstore.com\/en\/star-wars-the-black-series-star-wars-the-force-unleashed-starkiller-stormtroopers\/","url":"https:\/\/endormoonstore.com\/en\/star-wars-the-black-series-star-wars-the-force-unleashed-starkiller-stormtroopers\/","name":"Star Wars The Black Series Star Wars: The Force Unleashed Starkiller & Stormtroopers - EndormoonStore","isPartOf":{"@id":"https:\/\/endormoonstore.com\/#website"},"primaryImageOfPage":{"@id":"https:\/\/endormoonstore.com\/en\/star-wars-the-black-series-star-wars-the-force-unleashed-starkiller-stormtroopers\/#primaryimage"},"image":{"@id":"https:\/\/endormoonstore.com\/en\/star-wars-the-black-series-star-wars-the-force-unleashed-starkiller-stormtroopers\/#primaryimage"},"thumbnailUrl":"https:\/\/endormoonstore.com\/wp-content\/uploads\/2024\/01\/Star-Wars-The-Black-Series-Star-Wars-The-Force-Unleahed-Starkiller-Stormtroopers-1.jpg","datePublished":"2024-01-01T23:45:37+00:00","dateModified":"2024-02-14T15:02:00+00:00","breadcrumb":{"@id":"https:\/\/endormoonstore.com\/en\/star-wars-the-black-series-star-wars-the-force-unleashed-starkiller-stormtroopers\/#breadcrumb"},"inLanguage":"en-US","potentialAction":[{"@type":"ReadAction","target":["https:\/\/endormoonstore.com\/en\/star-wars-the-black-series-star-wars-the-force-unleashed-starkiller-stormtroopers\/"]}]},{"@type":"ImageObject","inLanguage":"en-US","@id":"https:\/\/endormoonstore.com\/en\/star-wars-the-black-series-star-wars-the-force-unleashed-starkiller-stormtroopers\/#primaryimage","url":"https:\/\/endormoonstore.com\/wp-content\/uploads\/2024\/01\/Star-Wars-The-Black-Series-Star-Wars-The-Force-Unleahed-Starkiller-Stormtroopers-1.jpg","contentUrl":"https:\/\/endormoonstore.com\/wp-content\/uploads\/2024\/01\/Star-Wars-The-Black-Series-Star-Wars-The-Force-Unleahed-Starkiller-Stormtroopers-1.jpg","width":2000,"height":2000},{"@type":"BreadcrumbList","@id":"https:\/\/endormoonstore.com\/en\/star-wars-the-black-series-star-wars-the-force-unleashed-starkiller-stormtroopers\/#breadcrumb","itemListElement":[{"@type":"ListItem","position":1,"name":"Shop","item":"https:\/\/endormoonstore.com\/en\/shop\/"},{"@type":"ListItem","position":2,"name":"Star Wars The Black Series Star Wars: The Force Unleashed Starkiller &#038; Stormtroopers"}]},{"@type":"WebSite","@id":"https:\/\/endormoonstore.com\/#website","url":"https:\/\/endormoonstore.com\/","name":"EndormoonStore","description":"","potentialAction":[{"@type":"SearchAction","target":{"@type":"EntryPoint","urlTemplate":"https:\/\/endormoonstore.com\/?s={search_term_string}"},"query-input":{"@type":"PropertyValueSpecification","valueRequired":true,"valueName":"search_term_string"}}],"inLanguage":"en-US"}]}},"taxonomy_info":{"product_cat":[{"value":1390,"label":"Figures"},{"value":13511,"label":"New Arrivals"}],"pa_brand":[{"value":2084,"label":"Hasbro"}],"pa_character":[{"value":4493,"label":"Stormtrooper"},{"value":14024,"label":"Starkiller"}],"pa_episode":[{"value":4463,"label":"Star Wars: The Force Unleashed"}],"pa_license":[{"value":1644,"label":"Star Wars"}],"pa_product-type":[{"value":2387,"label":"Figure"}],"pa_theme":[{"value":2552,"label":"The Black Series"}]},"featured_image_src_large":["https:\/\/endormoonstore.com\/wp-content\/uploads\/2024\/01\/Star-Wars-The-Black-Series-Star-Wars-The-Force-Unleahed-Starkiller-Stormtroopers-1.jpg",2000,2000,false],"author_info":[],"comment_info":"","_links":{"self":[{"href":"https:\/\/endormoonstore.com\/en\/wp-json\/wp\/v2\/product\/154080","targetHints":{"allow":["GET"]}}],"collection":[{"href":"https:\/\/endormoonstore.com\/en\/wp-json\/wp\/v2\/product"}],"about":[{"href":"https:\/\/endormoonstore.com\/en\/wp-json\/wp\/v2\/types\/product"}],"wp:featuredmedia":[{"embeddable":true,"href":"https:\/\/endormoonstore.com\/en\/wp-json\/wp\/v2\/media\/154059"}],"wp:attachment":[{"href":"https:\/\/endormoonstore.com\/en\/wp-json\/wp\/v2\/media?parent=154080"}],"wp:term":[{"taxonomy":"product_cat","embeddable":true,"href":"https:\/\/endormoonstore.com\/en\/wp-json\/wp\/v2\/product_cat?post=154080"},{"taxonomy":"product_tag","embeddable":true,"href":"https:\/\/endormoonstore.com\/en\/wp-json\/wp\/v2\/product_tag?post=154080"}],"curies":[{"name":"wp","href":"https:\/\/api.w.org\/{rel}","templated":true}]}}