{"id":153927,"date":"2024-01-02T00:15:11","date_gmt":"2024-01-01T23:15:11","guid":{"rendered":"https:\/\/endormoonstore.com\/griffith-hawk-of-light-berserk-s-h-figuarts\/"},"modified":"2024-01-11T23:10:47","modified_gmt":"2024-01-11T22:10:47","slug":"griffith-hawk-of-light-berserk-s-h-figuarts","status":"publish","type":"product","link":"https:\/\/endormoonstore.com\/en\/griffith-hawk-of-light-berserk-s-h-figuarts\/","title":{"rendered":"Griffith (Hawk of Light) Berserk S.H Figuarts"},"content":{"rendered":"<p class=\"p1\"><strong>Griffith (Hawk of Light) Berserk S.H Figuarts<\/strong><\/p>\n<ul class=\"ul1\">\n<li class=\"li1\">Tamashii Nations presenta la figura de Griffith (Hawk of Light) junto con su caballo de de la fantas\u00eda oscura de Berserk. Griffith, l\u00edder de la banda renacida del halc\u00f3n, mide 15,5 cm y viene con su poderoso corcel.<\/li>\n<li>Su armadura y armas est\u00e1n fielmente detalladas y coloreadas.<\/li>\n<li class=\"li1\">El casco es desmontable y la visera abatible. Incluye 3x manos izquierdas, 2x manos derechas, expresi\u00f3n opcional, 1x casco, piezas opcionales para el casco, pelo para el casco opcional, 1x espada, 1x capa, 1x caballo y riendas.<\/li>\n<li>Nota S.H Figuarts de Guts que sale en la foto se vende por separado.<\/li>\n<\/ul>\n","protected":false},"excerpt":{"rendered":"<p class=\"p1\"><strong>Griffith (Hawk of Light) Berserk S.H Figuarts<\/strong><\/p>\n<p class=\"p1\">Tamashii Nations presenta la figura de Griffith (Hawk of Light) junto con su caballo de de la fantas\u00eda oscura de Berserk. Griffith, l\u00edder de la banda renacida del halc\u00f3n, mide 15,5 cm y viene con su poderoso corcel.<\/p>\n","protected":false},"featured_media":153902,"template":"","meta":{"_acf_changed":false,"_kad_blocks_custom_css":"","_kad_blocks_head_custom_js":"","_kad_blocks_body_custom_js":"","_kad_blocks_footer_custom_js":""},"product_cat":[1390,13511],"product_tag":[],"class_list":{"0":"post-153927","1":"product","2":"type-product","3":"status-publish","4":"has-post-thumbnail","6":"product_cat-figures","7":"product_cat-new-arrivals","8":"pa_brand-tamashii-nations-en","9":"pa_character-griffith-en","10":"pa_license-berserk-en","11":"pa_product-type-figure","12":"pa_theme-s-h-figuarts-en","14":"first","15":"outofstock","16":"taxable","17":"shipping-taxable","18":"purchasable","19":"product-type-simple"},"acf":[],"yoast_head":"<!-- This site is optimized with the Yoast SEO plugin v26.1.1 - https:\/\/yoast.com\/wordpress\/plugins\/seo\/ -->\n<title>Griffith (Hawk of Light) Berserk S.H Figuarts - EndormoonStore<\/title>\n<meta name=\"robots\" content=\"index, follow, max-snippet:-1, max-image-preview:large, max-video-preview:-1\" \/>\n<link rel=\"canonical\" href=\"https:\/\/endormoonstore.com\/en\/griffith-hawk-of-light-berserk-s-h-figuarts\/\" \/>\n<meta property=\"og:locale\" content=\"en_US\" \/>\n<meta property=\"og:type\" content=\"article\" \/>\n<meta property=\"og:title\" content=\"Griffith (Hawk of Light) Berserk S.H Figuarts - EndormoonStore\" \/>\n<meta property=\"og:description\" content=\"Griffith (Hawk of Light) Berserk S.H Figuarts Tamashii Nations presenta la figura de Griffith (Hawk of Light) junto con su caballo de de la fantas\u00eda oscura de Berserk. Griffith, l\u00edder de la banda renacida del halc\u00f3n, mide 15,5 cm y viene con su poderoso corcel.\" \/>\n<meta property=\"og:url\" content=\"https:\/\/endormoonstore.com\/en\/griffith-hawk-of-light-berserk-s-h-figuarts\/\" \/>\n<meta property=\"og:site_name\" content=\"EndormoonStore\" \/>\n<meta property=\"article:modified_time\" content=\"2024-01-11T22:10:47+00:00\" \/>\n<meta property=\"og:image\" content=\"https:\/\/endormoonstore.com\/wp-content\/uploads\/2024\/01\/Griffith-Hawk-of-Light-Berserk-S.H-Figuarts-1.jpg\" \/>\n\t<meta property=\"og:image:width\" content=\"785\" \/>\n\t<meta property=\"og:image:height\" content=\"1200\" \/>\n\t<meta property=\"og:image:type\" content=\"image\/jpeg\" \/>\n<meta name=\"twitter:card\" content=\"summary_large_image\" \/>\n<meta name=\"twitter:label1\" content=\"Est. reading time\" \/>\n\t<meta name=\"twitter:data1\" content=\"1 minute\" \/>\n<script type=\"application\/ld+json\" class=\"yoast-schema-graph\">{\"@context\":\"https:\/\/schema.org\",\"@graph\":[{\"@type\":\"WebPage\",\"@id\":\"https:\/\/endormoonstore.com\/en\/griffith-hawk-of-light-berserk-s-h-figuarts\/\",\"url\":\"https:\/\/endormoonstore.com\/en\/griffith-hawk-of-light-berserk-s-h-figuarts\/\",\"name\":\"Griffith (Hawk of Light) Berserk S.H Figuarts - EndormoonStore\",\"isPartOf\":{\"@id\":\"https:\/\/endormoonstore.com\/#website\"},\"primaryImageOfPage\":{\"@id\":\"https:\/\/endormoonstore.com\/en\/griffith-hawk-of-light-berserk-s-h-figuarts\/#primaryimage\"},\"image\":{\"@id\":\"https:\/\/endormoonstore.com\/en\/griffith-hawk-of-light-berserk-s-h-figuarts\/#primaryimage\"},\"thumbnailUrl\":\"https:\/\/endormoonstore.com\/wp-content\/uploads\/2024\/01\/Griffith-Hawk-of-Light-Berserk-S.H-Figuarts-1.jpg\",\"datePublished\":\"2024-01-01T23:15:11+00:00\",\"dateModified\":\"2024-01-11T22:10:47+00:00\",\"breadcrumb\":{\"@id\":\"https:\/\/endormoonstore.com\/en\/griffith-hawk-of-light-berserk-s-h-figuarts\/#breadcrumb\"},\"inLanguage\":\"en-US\",\"potentialAction\":[{\"@type\":\"ReadAction\",\"target\":[\"https:\/\/endormoonstore.com\/en\/griffith-hawk-of-light-berserk-s-h-figuarts\/\"]}]},{\"@type\":\"ImageObject\",\"inLanguage\":\"en-US\",\"@id\":\"https:\/\/endormoonstore.com\/en\/griffith-hawk-of-light-berserk-s-h-figuarts\/#primaryimage\",\"url\":\"https:\/\/endormoonstore.com\/wp-content\/uploads\/2024\/01\/Griffith-Hawk-of-Light-Berserk-S.H-Figuarts-1.jpg\",\"contentUrl\":\"https:\/\/endormoonstore.com\/wp-content\/uploads\/2024\/01\/Griffith-Hawk-of-Light-Berserk-S.H-Figuarts-1.jpg\",\"width\":785,\"height\":1200},{\"@type\":\"BreadcrumbList\",\"@id\":\"https:\/\/endormoonstore.com\/en\/griffith-hawk-of-light-berserk-s-h-figuarts\/#breadcrumb\",\"itemListElement\":[{\"@type\":\"ListItem\",\"position\":1,\"name\":\"Shop\",\"item\":\"https:\/\/endormoonstore.com\/en\/shop\/\"},{\"@type\":\"ListItem\",\"position\":2,\"name\":\"Griffith (Hawk of Light) Berserk S.H Figuarts\"}]},{\"@type\":\"WebSite\",\"@id\":\"https:\/\/endormoonstore.com\/#website\",\"url\":\"https:\/\/endormoonstore.com\/\",\"name\":\"EndormoonStore\",\"description\":\"\",\"potentialAction\":[{\"@type\":\"SearchAction\",\"target\":{\"@type\":\"EntryPoint\",\"urlTemplate\":\"https:\/\/endormoonstore.com\/?s={search_term_string}\"},\"query-input\":{\"@type\":\"PropertyValueSpecification\",\"valueRequired\":true,\"valueName\":\"search_term_string\"}}],\"inLanguage\":\"en-US\"}]}<\/script>\n<!-- \/ Yoast SEO plugin. -->","yoast_head_json":{"title":"Griffith (Hawk of Light) Berserk S.H Figuarts - EndormoonStore","robots":{"index":"index","follow":"follow","max-snippet":"max-snippet:-1","max-image-preview":"max-image-preview:large","max-video-preview":"max-video-preview:-1"},"canonical":"https:\/\/endormoonstore.com\/en\/griffith-hawk-of-light-berserk-s-h-figuarts\/","og_locale":"en_US","og_type":"article","og_title":"Griffith (Hawk of Light) Berserk S.H Figuarts - EndormoonStore","og_description":"Griffith (Hawk of Light) Berserk S.H Figuarts Tamashii Nations presenta la figura de Griffith (Hawk of Light) junto con su caballo de de la fantas\u00eda oscura de Berserk. Griffith, l\u00edder de la banda renacida del halc\u00f3n, mide 15,5 cm y viene con su poderoso corcel.","og_url":"https:\/\/endormoonstore.com\/en\/griffith-hawk-of-light-berserk-s-h-figuarts\/","og_site_name":"EndormoonStore","article_modified_time":"2024-01-11T22:10:47+00:00","og_image":[{"width":785,"height":1200,"url":"https:\/\/endormoonstore.com\/wp-content\/uploads\/2024\/01\/Griffith-Hawk-of-Light-Berserk-S.H-Figuarts-1.jpg","type":"image\/jpeg"}],"twitter_card":"summary_large_image","twitter_misc":{"Est. reading time":"1 minute"},"schema":{"@context":"https:\/\/schema.org","@graph":[{"@type":"WebPage","@id":"https:\/\/endormoonstore.com\/en\/griffith-hawk-of-light-berserk-s-h-figuarts\/","url":"https:\/\/endormoonstore.com\/en\/griffith-hawk-of-light-berserk-s-h-figuarts\/","name":"Griffith (Hawk of Light) Berserk S.H Figuarts - EndormoonStore","isPartOf":{"@id":"https:\/\/endormoonstore.com\/#website"},"primaryImageOfPage":{"@id":"https:\/\/endormoonstore.com\/en\/griffith-hawk-of-light-berserk-s-h-figuarts\/#primaryimage"},"image":{"@id":"https:\/\/endormoonstore.com\/en\/griffith-hawk-of-light-berserk-s-h-figuarts\/#primaryimage"},"thumbnailUrl":"https:\/\/endormoonstore.com\/wp-content\/uploads\/2024\/01\/Griffith-Hawk-of-Light-Berserk-S.H-Figuarts-1.jpg","datePublished":"2024-01-01T23:15:11+00:00","dateModified":"2024-01-11T22:10:47+00:00","breadcrumb":{"@id":"https:\/\/endormoonstore.com\/en\/griffith-hawk-of-light-berserk-s-h-figuarts\/#breadcrumb"},"inLanguage":"en-US","potentialAction":[{"@type":"ReadAction","target":["https:\/\/endormoonstore.com\/en\/griffith-hawk-of-light-berserk-s-h-figuarts\/"]}]},{"@type":"ImageObject","inLanguage":"en-US","@id":"https:\/\/endormoonstore.com\/en\/griffith-hawk-of-light-berserk-s-h-figuarts\/#primaryimage","url":"https:\/\/endormoonstore.com\/wp-content\/uploads\/2024\/01\/Griffith-Hawk-of-Light-Berserk-S.H-Figuarts-1.jpg","contentUrl":"https:\/\/endormoonstore.com\/wp-content\/uploads\/2024\/01\/Griffith-Hawk-of-Light-Berserk-S.H-Figuarts-1.jpg","width":785,"height":1200},{"@type":"BreadcrumbList","@id":"https:\/\/endormoonstore.com\/en\/griffith-hawk-of-light-berserk-s-h-figuarts\/#breadcrumb","itemListElement":[{"@type":"ListItem","position":1,"name":"Shop","item":"https:\/\/endormoonstore.com\/en\/shop\/"},{"@type":"ListItem","position":2,"name":"Griffith (Hawk of Light) Berserk S.H Figuarts"}]},{"@type":"WebSite","@id":"https:\/\/endormoonstore.com\/#website","url":"https:\/\/endormoonstore.com\/","name":"EndormoonStore","description":"","potentialAction":[{"@type":"SearchAction","target":{"@type":"EntryPoint","urlTemplate":"https:\/\/endormoonstore.com\/?s={search_term_string}"},"query-input":{"@type":"PropertyValueSpecification","valueRequired":true,"valueName":"search_term_string"}}],"inLanguage":"en-US"}]}},"taxonomy_info":{"product_cat":[{"value":1390,"label":"Figures"},{"value":13511,"label":"New Arrivals"}],"pa_brand":[{"value":2096,"label":"Tamashii Nations"}],"pa_character":[{"value":14109,"label":"Griffith"}],"pa_license":[{"value":3617,"label":"Berserk"}],"pa_product-type":[{"value":2387,"label":"Figure"}],"pa_theme":[{"value":1813,"label":"S.H. Figuarts"}]},"featured_image_src_large":["https:\/\/endormoonstore.com\/wp-content\/uploads\/2024\/01\/Griffith-Hawk-of-Light-Berserk-S.H-Figuarts-1.jpg",785,1200,false],"author_info":[],"comment_info":"","_links":{"self":[{"href":"https:\/\/endormoonstore.com\/en\/wp-json\/wp\/v2\/product\/153927","targetHints":{"allow":["GET"]}}],"collection":[{"href":"https:\/\/endormoonstore.com\/en\/wp-json\/wp\/v2\/product"}],"about":[{"href":"https:\/\/endormoonstore.com\/en\/wp-json\/wp\/v2\/types\/product"}],"wp:featuredmedia":[{"embeddable":true,"href":"https:\/\/endormoonstore.com\/en\/wp-json\/wp\/v2\/media\/153902"}],"wp:attachment":[{"href":"https:\/\/endormoonstore.com\/en\/wp-json\/wp\/v2\/media?parent=153927"}],"wp:term":[{"taxonomy":"product_cat","embeddable":true,"href":"https:\/\/endormoonstore.com\/en\/wp-json\/wp\/v2\/product_cat?post=153927"},{"taxonomy":"product_tag","embeddable":true,"href":"https:\/\/endormoonstore.com\/en\/wp-json\/wp\/v2\/product_tag?post=153927"}],"curies":[{"name":"wp","href":"https:\/\/api.w.org\/{rel}","templated":true}]}}