{"id":153725,"date":"2024-05-10T01:55:38","date_gmt":"2023-11-30T01:10:38","guid":{"rendered":"https:\/\/endormoonstore.com\/star-wars-the-vintage-collection-star-wars-attack-of-the-clones-jango-fett\/"},"modified":"2024-05-28T23:57:52","modified_gmt":"2024-05-28T21:57:52","slug":"star-wars-the-vintage-collection-star-wars-attack-of-the-clones-jango-fett","status":"publish","type":"product","link":"https:\/\/endormoonstore.com\/en\/star-wars-the-vintage-collection-star-wars-attack-of-the-clones-jango-fett\/","title":{"rendered":"Star Wars The Vintage Collection Star Wars: Attack of the Clones Jango Fett"},"content":{"rendered":"<p class=\"p1\"><strong>Star Wars The Vintage Collection Star Wars: Attack of the Clones Jango Fett<\/strong><\/p>\n<ul class=\"ul1\">\n<li>Hasbro presenta, dentro de la serie The Vintage Collection, la figura de Jango Fett. El cazarecompensas mide 9,5 cm. Y est\u00e1 basado en su apariencia en la pel\u00edcula &#8220;Star Wars: Attack of the Clones&#8221;.<\/li>\n<li>En los \u00faltimos a\u00f1os de la Rep\u00fablica, el h\u00e1bil tirador Jango Fett era considerado el mejor cazarrecompensas de la galaxia.\u00a0Se puso un elegante traje blindado que ocultaba su rostro lleno de cicatrices.<\/li>\n<li class=\"li1\">La figura incluye 2x blasters, efectos de fuego para los blasters, 1x jetpack, efecto fuego para el jetpack y 1x casco.<\/li>\n<\/ul>\n","protected":false},"excerpt":{"rendered":"<p class=\"p1\"><strong>Star Wars The Vintage Collection Star Wars: Attack of the Clones Jango Fett<\/strong><\/p>\n<p class=\"p1\">Hasbro presenta, dentro de la serie The Vintage Collection, la figura de Jango Fett. El cazarecompensas mide 9,5 cm. Y est\u00e1 basado en su apariencia en la pel\u00edcula &#8220;Star Wars: Attack of the Clones&#8221;.<\/p>\n","protected":false},"featured_media":153710,"template":"","meta":{"_acf_changed":false,"_kad_blocks_custom_css":"","_kad_blocks_head_custom_js":"","_kad_blocks_body_custom_js":"","_kad_blocks_footer_custom_js":""},"product_cat":[1390,13511],"product_tag":[],"class_list":{"0":"post-153725","1":"product","2":"type-product","3":"status-publish","4":"has-post-thumbnail","6":"product_cat-figures","7":"product_cat-new-arrivals","8":"pa_brand-hasbro-en","9":"pa_character-jango-fett-en","10":"pa_episode-star-wars-attack-of-the-clones","11":"pa_license-star-wars-en","12":"pa_product-type-figure","13":"pa_theme-the-vintage-collection-en","15":"first","16":"instock","17":"taxable","18":"shipping-taxable","19":"purchasable","20":"product-type-simple"},"acf":[],"yoast_head":"<!-- This site is optimized with the Yoast SEO plugin v26.1.1 - https:\/\/yoast.com\/wordpress\/plugins\/seo\/ -->\n<title>Star Wars The Vintage Collection Star Wars: Attack of the Clones Jango Fett - EndormoonStore<\/title>\n<meta name=\"robots\" content=\"index, follow, max-snippet:-1, max-image-preview:large, max-video-preview:-1\" \/>\n<link rel=\"canonical\" href=\"https:\/\/endormoonstore.com\/en\/star-wars-the-vintage-collection-star-wars-attack-of-the-clones-jango-fett\/\" \/>\n<meta property=\"og:locale\" content=\"en_US\" \/>\n<meta property=\"og:type\" content=\"article\" \/>\n<meta property=\"og:title\" content=\"Star Wars The Vintage Collection Star Wars: Attack of the Clones Jango Fett - EndormoonStore\" \/>\n<meta property=\"og:description\" content=\"Star Wars The Vintage Collection Star Wars: Attack of the Clones Jango Fett Hasbro presenta, dentro de la serie The Vintage Collection, la figura de Jango Fett. El cazarecompensas mide 9,5 cm. Y est\u00e1 basado en su apariencia en la pel\u00edcula &quot;Star Wars: Attack of the Clones&quot;.\" \/>\n<meta property=\"og:url\" content=\"https:\/\/endormoonstore.com\/en\/star-wars-the-vintage-collection-star-wars-attack-of-the-clones-jango-fett\/\" \/>\n<meta property=\"og:site_name\" content=\"EndormoonStore\" \/>\n<meta property=\"article:modified_time\" content=\"2024-05-28T21:57:52+00:00\" \/>\n<meta property=\"og:image\" content=\"https:\/\/endormoonstore.com\/wp-content\/uploads\/2024\/01\/Star-Wars-The-Vintage-Collection-Star-Wars-Attack-of-the-Clones-Jango-Fett-1.jpg\" \/>\n\t<meta property=\"og:image:width\" content=\"1000\" \/>\n\t<meta property=\"og:image:height\" content=\"1000\" \/>\n\t<meta property=\"og:image:type\" content=\"image\/jpeg\" \/>\n<meta name=\"twitter:card\" content=\"summary_large_image\" \/>\n<meta name=\"twitter:label1\" content=\"Est. reading time\" \/>\n\t<meta name=\"twitter:data1\" content=\"1 minute\" \/>\n<script type=\"application\/ld+json\" class=\"yoast-schema-graph\">{\"@context\":\"https:\/\/schema.org\",\"@graph\":[{\"@type\":\"WebPage\",\"@id\":\"https:\/\/endormoonstore.com\/en\/star-wars-the-vintage-collection-star-wars-attack-of-the-clones-jango-fett\/\",\"url\":\"https:\/\/endormoonstore.com\/en\/star-wars-the-vintage-collection-star-wars-attack-of-the-clones-jango-fett\/\",\"name\":\"Star Wars The Vintage Collection Star Wars: Attack of the Clones Jango Fett - EndormoonStore\",\"isPartOf\":{\"@id\":\"https:\/\/endormoonstore.com\/#website\"},\"primaryImageOfPage\":{\"@id\":\"https:\/\/endormoonstore.com\/en\/star-wars-the-vintage-collection-star-wars-attack-of-the-clones-jango-fett\/#primaryimage\"},\"image\":{\"@id\":\"https:\/\/endormoonstore.com\/en\/star-wars-the-vintage-collection-star-wars-attack-of-the-clones-jango-fett\/#primaryimage\"},\"thumbnailUrl\":\"https:\/\/endormoonstore.com\/wp-content\/uploads\/2024\/01\/Star-Wars-The-Vintage-Collection-Star-Wars-Attack-of-the-Clones-Jango-Fett-1.jpg\",\"datePublished\":\"2023-11-30T01:10:38+00:00\",\"dateModified\":\"2024-05-28T21:57:52+00:00\",\"breadcrumb\":{\"@id\":\"https:\/\/endormoonstore.com\/en\/star-wars-the-vintage-collection-star-wars-attack-of-the-clones-jango-fett\/#breadcrumb\"},\"inLanguage\":\"en-US\",\"potentialAction\":[{\"@type\":\"ReadAction\",\"target\":[\"https:\/\/endormoonstore.com\/en\/star-wars-the-vintage-collection-star-wars-attack-of-the-clones-jango-fett\/\"]}]},{\"@type\":\"ImageObject\",\"inLanguage\":\"en-US\",\"@id\":\"https:\/\/endormoonstore.com\/en\/star-wars-the-vintage-collection-star-wars-attack-of-the-clones-jango-fett\/#primaryimage\",\"url\":\"https:\/\/endormoonstore.com\/wp-content\/uploads\/2024\/01\/Star-Wars-The-Vintage-Collection-Star-Wars-Attack-of-the-Clones-Jango-Fett-1.jpg\",\"contentUrl\":\"https:\/\/endormoonstore.com\/wp-content\/uploads\/2024\/01\/Star-Wars-The-Vintage-Collection-Star-Wars-Attack-of-the-Clones-Jango-Fett-1.jpg\",\"width\":1000,\"height\":1000},{\"@type\":\"BreadcrumbList\",\"@id\":\"https:\/\/endormoonstore.com\/en\/star-wars-the-vintage-collection-star-wars-attack-of-the-clones-jango-fett\/#breadcrumb\",\"itemListElement\":[{\"@type\":\"ListItem\",\"position\":1,\"name\":\"Shop\",\"item\":\"https:\/\/endormoonstore.com\/en\/shop\/\"},{\"@type\":\"ListItem\",\"position\":2,\"name\":\"Star Wars The Vintage Collection Star Wars: Attack of the Clones Jango Fett\"}]},{\"@type\":\"WebSite\",\"@id\":\"https:\/\/endormoonstore.com\/#website\",\"url\":\"https:\/\/endormoonstore.com\/\",\"name\":\"EndormoonStore\",\"description\":\"\",\"potentialAction\":[{\"@type\":\"SearchAction\",\"target\":{\"@type\":\"EntryPoint\",\"urlTemplate\":\"https:\/\/endormoonstore.com\/?s={search_term_string}\"},\"query-input\":{\"@type\":\"PropertyValueSpecification\",\"valueRequired\":true,\"valueName\":\"search_term_string\"}}],\"inLanguage\":\"en-US\"}]}<\/script>\n<!-- \/ Yoast SEO plugin. -->","yoast_head_json":{"title":"Star Wars The Vintage Collection Star Wars: Attack of the Clones Jango Fett - EndormoonStore","robots":{"index":"index","follow":"follow","max-snippet":"max-snippet:-1","max-image-preview":"max-image-preview:large","max-video-preview":"max-video-preview:-1"},"canonical":"https:\/\/endormoonstore.com\/en\/star-wars-the-vintage-collection-star-wars-attack-of-the-clones-jango-fett\/","og_locale":"en_US","og_type":"article","og_title":"Star Wars The Vintage Collection Star Wars: Attack of the Clones Jango Fett - EndormoonStore","og_description":"Star Wars The Vintage Collection Star Wars: Attack of the Clones Jango Fett Hasbro presenta, dentro de la serie The Vintage Collection, la figura de Jango Fett. El cazarecompensas mide 9,5 cm. Y est\u00e1 basado en su apariencia en la pel\u00edcula \"Star Wars: Attack of the Clones\".","og_url":"https:\/\/endormoonstore.com\/en\/star-wars-the-vintage-collection-star-wars-attack-of-the-clones-jango-fett\/","og_site_name":"EndormoonStore","article_modified_time":"2024-05-28T21:57:52+00:00","og_image":[{"width":1000,"height":1000,"url":"https:\/\/endormoonstore.com\/wp-content\/uploads\/2024\/01\/Star-Wars-The-Vintage-Collection-Star-Wars-Attack-of-the-Clones-Jango-Fett-1.jpg","type":"image\/jpeg"}],"twitter_card":"summary_large_image","twitter_misc":{"Est. reading time":"1 minute"},"schema":{"@context":"https:\/\/schema.org","@graph":[{"@type":"WebPage","@id":"https:\/\/endormoonstore.com\/en\/star-wars-the-vintage-collection-star-wars-attack-of-the-clones-jango-fett\/","url":"https:\/\/endormoonstore.com\/en\/star-wars-the-vintage-collection-star-wars-attack-of-the-clones-jango-fett\/","name":"Star Wars The Vintage Collection Star Wars: Attack of the Clones Jango Fett - EndormoonStore","isPartOf":{"@id":"https:\/\/endormoonstore.com\/#website"},"primaryImageOfPage":{"@id":"https:\/\/endormoonstore.com\/en\/star-wars-the-vintage-collection-star-wars-attack-of-the-clones-jango-fett\/#primaryimage"},"image":{"@id":"https:\/\/endormoonstore.com\/en\/star-wars-the-vintage-collection-star-wars-attack-of-the-clones-jango-fett\/#primaryimage"},"thumbnailUrl":"https:\/\/endormoonstore.com\/wp-content\/uploads\/2024\/01\/Star-Wars-The-Vintage-Collection-Star-Wars-Attack-of-the-Clones-Jango-Fett-1.jpg","datePublished":"2023-11-30T01:10:38+00:00","dateModified":"2024-05-28T21:57:52+00:00","breadcrumb":{"@id":"https:\/\/endormoonstore.com\/en\/star-wars-the-vintage-collection-star-wars-attack-of-the-clones-jango-fett\/#breadcrumb"},"inLanguage":"en-US","potentialAction":[{"@type":"ReadAction","target":["https:\/\/endormoonstore.com\/en\/star-wars-the-vintage-collection-star-wars-attack-of-the-clones-jango-fett\/"]}]},{"@type":"ImageObject","inLanguage":"en-US","@id":"https:\/\/endormoonstore.com\/en\/star-wars-the-vintage-collection-star-wars-attack-of-the-clones-jango-fett\/#primaryimage","url":"https:\/\/endormoonstore.com\/wp-content\/uploads\/2024\/01\/Star-Wars-The-Vintage-Collection-Star-Wars-Attack-of-the-Clones-Jango-Fett-1.jpg","contentUrl":"https:\/\/endormoonstore.com\/wp-content\/uploads\/2024\/01\/Star-Wars-The-Vintage-Collection-Star-Wars-Attack-of-the-Clones-Jango-Fett-1.jpg","width":1000,"height":1000},{"@type":"BreadcrumbList","@id":"https:\/\/endormoonstore.com\/en\/star-wars-the-vintage-collection-star-wars-attack-of-the-clones-jango-fett\/#breadcrumb","itemListElement":[{"@type":"ListItem","position":1,"name":"Shop","item":"https:\/\/endormoonstore.com\/en\/shop\/"},{"@type":"ListItem","position":2,"name":"Star Wars The Vintage Collection Star Wars: Attack of the Clones Jango Fett"}]},{"@type":"WebSite","@id":"https:\/\/endormoonstore.com\/#website","url":"https:\/\/endormoonstore.com\/","name":"EndormoonStore","description":"","potentialAction":[{"@type":"SearchAction","target":{"@type":"EntryPoint","urlTemplate":"https:\/\/endormoonstore.com\/?s={search_term_string}"},"query-input":{"@type":"PropertyValueSpecification","valueRequired":true,"valueName":"search_term_string"}}],"inLanguage":"en-US"}]}},"taxonomy_info":{"product_cat":[{"value":1390,"label":"Figures"},{"value":13511,"label":"New Arrivals"}],"pa_brand":[{"value":2084,"label":"Hasbro"}],"pa_character":[{"value":4565,"label":"Jango Fett"}],"pa_episode":[{"value":2498,"label":"Star Wars: Attack of the Clones"}],"pa_license":[{"value":1644,"label":"Star Wars"}],"pa_product-type":[{"value":2387,"label":"Figure"}],"pa_theme":[{"value":1660,"label":"The Vintage Collection"}]},"featured_image_src_large":["https:\/\/endormoonstore.com\/wp-content\/uploads\/2024\/01\/Star-Wars-The-Vintage-Collection-Star-Wars-Attack-of-the-Clones-Jango-Fett-1.jpg",1000,1000,false],"author_info":[],"comment_info":"","_links":{"self":[{"href":"https:\/\/endormoonstore.com\/en\/wp-json\/wp\/v2\/product\/153725","targetHints":{"allow":["GET"]}}],"collection":[{"href":"https:\/\/endormoonstore.com\/en\/wp-json\/wp\/v2\/product"}],"about":[{"href":"https:\/\/endormoonstore.com\/en\/wp-json\/wp\/v2\/types\/product"}],"wp:featuredmedia":[{"embeddable":true,"href":"https:\/\/endormoonstore.com\/en\/wp-json\/wp\/v2\/media\/153710"}],"wp:attachment":[{"href":"https:\/\/endormoonstore.com\/en\/wp-json\/wp\/v2\/media?parent=153725"}],"wp:term":[{"taxonomy":"product_cat","embeddable":true,"href":"https:\/\/endormoonstore.com\/en\/wp-json\/wp\/v2\/product_cat?post=153725"},{"taxonomy":"product_tag","embeddable":true,"href":"https:\/\/endormoonstore.com\/en\/wp-json\/wp\/v2\/product_tag?post=153725"}],"curies":[{"name":"wp","href":"https:\/\/api.w.org\/{rel}","templated":true}]}}