{"id":153506,"date":"2024-01-03T03:35:32","date_gmt":"2024-01-03T02:35:32","guid":{"rendered":"https:\/\/endormoonstore.com\/mazinger-z-50th-anniversary-ver-mazinger-z-dx-soul-of-chogokin\/"},"modified":"2026-01-01T00:07:36","modified_gmt":"2025-12-31T23:07:36","slug":"mazinger-z-50th-anniversary-ver-mazinger-z-dx-soul-of-chogokin","status":"publish","type":"product","link":"https:\/\/endormoonstore.com\/en\/mazinger-z-50th-anniversary-ver-mazinger-z-dx-soul-of-chogokin\/","title":{"rendered":"Mazinger Z 50th Anniversary Ver. Mazinger Z DX Soul of Chogokin"},"content":{"rendered":"<p class=\"p1\"><strong>Mazinger Z 50th Anniversary Ver. Mazinger Z DX Soul of Chogokin<\/strong><\/p>\n<ul class=\"ul1\">\n<li class=\"li1\">Tamashii Nations presenta, dentro de la colecci\u00f3n DX Soul of Chogokin, la figura de Mazinger Z en celebraci\u00f3n del 50 aniversario. La figura mide 30 cm y est\u00e1 dise\u00f1ada para mejorar la edici\u00f3n anterior mejorando la luz, el sonido y sustituyendo los LED por aletas pectorales totalmente iluminadas.<\/li>\n<li class=\"li1\">Contiene Hover Pilder, Jet Pilder, piezas de armadura, piezas de armadura modelo Cutaway, aletas de fuego para el pecho iluminadas, 1x armadura de cintura lanzamisiles, 1x par de manos, 1x par de manos mec\u00e1nicas, 1x armadura Ironcutter, 1x Hangar Mazinger Z Jet Scrander, 1x lanzador de Jet Scranger, 1x mando a distancia y 1x manual de instrucciones.<\/li>\n<li>Se necesitan 7 pilas AAA (se venden por separado).<\/li>\n<\/ul>\n","protected":false},"excerpt":{"rendered":"<p class=\"p1\"><strong>Mazinger Z 50th Anniversary Ver. Mazinger Z DX Soul of Chogokin<\/strong><\/p>\n<p class=\"p1\">Tamashii Nations presenta, dentro de la colecci\u00f3n DX Soul of Chogokin, la figura de Mazinger Z en celebraci\u00f3n del 50 aniversario. La figura mide 30 cm y est\u00e1 dise\u00f1ada para mejorar la edici\u00f3n anterior mejorando la luz, el sonido y sustituyendo los LED por aletas pectorales totalmente iluminadas.<\/p>\n<p>&nbsp;<\/p>\n","protected":false},"featured_media":153467,"template":"","meta":{"_acf_changed":false,"_kad_blocks_custom_css":"","_kad_blocks_head_custom_js":"","_kad_blocks_body_custom_js":"","_kad_blocks_footer_custom_js":""},"product_cat":[13453,1390,13511,15769],"product_tag":[],"class_list":{"0":"post-153506","1":"product","2":"type-product","3":"status-publish","4":"has-post-thumbnail","6":"product_cat-featured","7":"product_cat-figures","8":"product_cat-new-arrivals","9":"product_cat-sales","10":"pa_brand-tamashii-nations-en","11":"pa_character-mazinger-z-en","12":"pa_license-mazinger-z-en","13":"pa_product-type-figure","14":"pa_theme-dx-soul-of-chogokin-en","16":"first","17":"instock","18":"taxable","19":"shipping-taxable","20":"purchasable","21":"product-type-simple"},"acf":[],"yoast_head":"<!-- This site is optimized with the Yoast SEO plugin v26.1.1 - https:\/\/yoast.com\/wordpress\/plugins\/seo\/ -->\n<title>Mazinger Z 50th Anniversary Ver. Mazinger Z DX Soul of Chogokin - EndormoonStore<\/title>\n<meta name=\"robots\" content=\"index, follow, max-snippet:-1, max-image-preview:large, max-video-preview:-1\" \/>\n<link rel=\"canonical\" href=\"https:\/\/endormoonstore.com\/en\/mazinger-z-50th-anniversary-ver-mazinger-z-dx-soul-of-chogokin\/\" \/>\n<meta property=\"og:locale\" content=\"en_US\" \/>\n<meta property=\"og:type\" content=\"article\" \/>\n<meta property=\"og:title\" content=\"Mazinger Z 50th Anniversary Ver. Mazinger Z DX Soul of Chogokin - EndormoonStore\" \/>\n<meta property=\"og:description\" content=\"Mazinger Z 50th Anniversary Ver. Mazinger Z DX Soul of Chogokin Tamashii Nations presenta, dentro de la colecci\u00f3n DX Soul of Chogokin, la figura de Mazinger Z en celebraci\u00f3n del 50 aniversario. La figura mide 30 cm y est\u00e1 dise\u00f1ada para mejorar la edici\u00f3n anterior mejorando la luz, el sonido y sustituyendo los LED por aletas pectorales totalmente iluminadas. &nbsp;\" \/>\n<meta property=\"og:url\" content=\"https:\/\/endormoonstore.com\/en\/mazinger-z-50th-anniversary-ver-mazinger-z-dx-soul-of-chogokin\/\" \/>\n<meta property=\"og:site_name\" content=\"EndormoonStore\" \/>\n<meta property=\"article:modified_time\" content=\"2025-12-31T23:07:36+00:00\" \/>\n<meta property=\"og:image\" content=\"https:\/\/endormoonstore.com\/wp-content\/uploads\/2023\/12\/Mazinger-Z-50th-Anniversary-Ver.-Mazinger-Z-DX-Soul-of-Chogokin-1.jpeg\" \/>\n\t<meta property=\"og:image:width\" content=\"1129\" \/>\n\t<meta property=\"og:image:height\" content=\"1200\" \/>\n\t<meta property=\"og:image:type\" content=\"image\/jpeg\" \/>\n<meta name=\"twitter:card\" content=\"summary_large_image\" \/>\n<meta name=\"twitter:label1\" content=\"Est. reading time\" \/>\n\t<meta name=\"twitter:data1\" content=\"1 minute\" \/>\n<script type=\"application\/ld+json\" class=\"yoast-schema-graph\">{\"@context\":\"https:\/\/schema.org\",\"@graph\":[{\"@type\":\"WebPage\",\"@id\":\"https:\/\/endormoonstore.com\/en\/mazinger-z-50th-anniversary-ver-mazinger-z-dx-soul-of-chogokin\/\",\"url\":\"https:\/\/endormoonstore.com\/en\/mazinger-z-50th-anniversary-ver-mazinger-z-dx-soul-of-chogokin\/\",\"name\":\"Mazinger Z 50th Anniversary Ver. Mazinger Z DX Soul of Chogokin - EndormoonStore\",\"isPartOf\":{\"@id\":\"https:\/\/endormoonstore.com\/#website\"},\"primaryImageOfPage\":{\"@id\":\"https:\/\/endormoonstore.com\/en\/mazinger-z-50th-anniversary-ver-mazinger-z-dx-soul-of-chogokin\/#primaryimage\"},\"image\":{\"@id\":\"https:\/\/endormoonstore.com\/en\/mazinger-z-50th-anniversary-ver-mazinger-z-dx-soul-of-chogokin\/#primaryimage\"},\"thumbnailUrl\":\"https:\/\/endormoonstore.com\/wp-content\/uploads\/2023\/12\/Mazinger-Z-50th-Anniversary-Ver.-Mazinger-Z-DX-Soul-of-Chogokin-1.jpeg\",\"datePublished\":\"2024-01-03T02:35:32+00:00\",\"dateModified\":\"2025-12-31T23:07:36+00:00\",\"breadcrumb\":{\"@id\":\"https:\/\/endormoonstore.com\/en\/mazinger-z-50th-anniversary-ver-mazinger-z-dx-soul-of-chogokin\/#breadcrumb\"},\"inLanguage\":\"en-US\",\"potentialAction\":[{\"@type\":\"ReadAction\",\"target\":[\"https:\/\/endormoonstore.com\/en\/mazinger-z-50th-anniversary-ver-mazinger-z-dx-soul-of-chogokin\/\"]}]},{\"@type\":\"ImageObject\",\"inLanguage\":\"en-US\",\"@id\":\"https:\/\/endormoonstore.com\/en\/mazinger-z-50th-anniversary-ver-mazinger-z-dx-soul-of-chogokin\/#primaryimage\",\"url\":\"https:\/\/endormoonstore.com\/wp-content\/uploads\/2023\/12\/Mazinger-Z-50th-Anniversary-Ver.-Mazinger-Z-DX-Soul-of-Chogokin-1.jpeg\",\"contentUrl\":\"https:\/\/endormoonstore.com\/wp-content\/uploads\/2023\/12\/Mazinger-Z-50th-Anniversary-Ver.-Mazinger-Z-DX-Soul-of-Chogokin-1.jpeg\",\"width\":1129,\"height\":1200},{\"@type\":\"BreadcrumbList\",\"@id\":\"https:\/\/endormoonstore.com\/en\/mazinger-z-50th-anniversary-ver-mazinger-z-dx-soul-of-chogokin\/#breadcrumb\",\"itemListElement\":[{\"@type\":\"ListItem\",\"position\":1,\"name\":\"Shop\",\"item\":\"https:\/\/endormoonstore.com\/en\/shop\/\"},{\"@type\":\"ListItem\",\"position\":2,\"name\":\"Mazinger Z 50th Anniversary Ver. Mazinger Z DX Soul of Chogokin\"}]},{\"@type\":\"WebSite\",\"@id\":\"https:\/\/endormoonstore.com\/#website\",\"url\":\"https:\/\/endormoonstore.com\/\",\"name\":\"EndormoonStore\",\"description\":\"\",\"potentialAction\":[{\"@type\":\"SearchAction\",\"target\":{\"@type\":\"EntryPoint\",\"urlTemplate\":\"https:\/\/endormoonstore.com\/?s={search_term_string}\"},\"query-input\":{\"@type\":\"PropertyValueSpecification\",\"valueRequired\":true,\"valueName\":\"search_term_string\"}}],\"inLanguage\":\"en-US\"}]}<\/script>\n<!-- \/ Yoast SEO plugin. -->","yoast_head_json":{"title":"Mazinger Z 50th Anniversary Ver. Mazinger Z DX Soul of Chogokin - EndormoonStore","robots":{"index":"index","follow":"follow","max-snippet":"max-snippet:-1","max-image-preview":"max-image-preview:large","max-video-preview":"max-video-preview:-1"},"canonical":"https:\/\/endormoonstore.com\/en\/mazinger-z-50th-anniversary-ver-mazinger-z-dx-soul-of-chogokin\/","og_locale":"en_US","og_type":"article","og_title":"Mazinger Z 50th Anniversary Ver. Mazinger Z DX Soul of Chogokin - EndormoonStore","og_description":"Mazinger Z 50th Anniversary Ver. Mazinger Z DX Soul of Chogokin Tamashii Nations presenta, dentro de la colecci\u00f3n DX Soul of Chogokin, la figura de Mazinger Z en celebraci\u00f3n del 50 aniversario. La figura mide 30 cm y est\u00e1 dise\u00f1ada para mejorar la edici\u00f3n anterior mejorando la luz, el sonido y sustituyendo los LED por aletas pectorales totalmente iluminadas. &nbsp;","og_url":"https:\/\/endormoonstore.com\/en\/mazinger-z-50th-anniversary-ver-mazinger-z-dx-soul-of-chogokin\/","og_site_name":"EndormoonStore","article_modified_time":"2025-12-31T23:07:36+00:00","og_image":[{"width":1129,"height":1200,"url":"https:\/\/endormoonstore.com\/wp-content\/uploads\/2023\/12\/Mazinger-Z-50th-Anniversary-Ver.-Mazinger-Z-DX-Soul-of-Chogokin-1.jpeg","type":"image\/jpeg"}],"twitter_card":"summary_large_image","twitter_misc":{"Est. reading time":"1 minute"},"schema":{"@context":"https:\/\/schema.org","@graph":[{"@type":"WebPage","@id":"https:\/\/endormoonstore.com\/en\/mazinger-z-50th-anniversary-ver-mazinger-z-dx-soul-of-chogokin\/","url":"https:\/\/endormoonstore.com\/en\/mazinger-z-50th-anniversary-ver-mazinger-z-dx-soul-of-chogokin\/","name":"Mazinger Z 50th Anniversary Ver. Mazinger Z DX Soul of Chogokin - EndormoonStore","isPartOf":{"@id":"https:\/\/endormoonstore.com\/#website"},"primaryImageOfPage":{"@id":"https:\/\/endormoonstore.com\/en\/mazinger-z-50th-anniversary-ver-mazinger-z-dx-soul-of-chogokin\/#primaryimage"},"image":{"@id":"https:\/\/endormoonstore.com\/en\/mazinger-z-50th-anniversary-ver-mazinger-z-dx-soul-of-chogokin\/#primaryimage"},"thumbnailUrl":"https:\/\/endormoonstore.com\/wp-content\/uploads\/2023\/12\/Mazinger-Z-50th-Anniversary-Ver.-Mazinger-Z-DX-Soul-of-Chogokin-1.jpeg","datePublished":"2024-01-03T02:35:32+00:00","dateModified":"2025-12-31T23:07:36+00:00","breadcrumb":{"@id":"https:\/\/endormoonstore.com\/en\/mazinger-z-50th-anniversary-ver-mazinger-z-dx-soul-of-chogokin\/#breadcrumb"},"inLanguage":"en-US","potentialAction":[{"@type":"ReadAction","target":["https:\/\/endormoonstore.com\/en\/mazinger-z-50th-anniversary-ver-mazinger-z-dx-soul-of-chogokin\/"]}]},{"@type":"ImageObject","inLanguage":"en-US","@id":"https:\/\/endormoonstore.com\/en\/mazinger-z-50th-anniversary-ver-mazinger-z-dx-soul-of-chogokin\/#primaryimage","url":"https:\/\/endormoonstore.com\/wp-content\/uploads\/2023\/12\/Mazinger-Z-50th-Anniversary-Ver.-Mazinger-Z-DX-Soul-of-Chogokin-1.jpeg","contentUrl":"https:\/\/endormoonstore.com\/wp-content\/uploads\/2023\/12\/Mazinger-Z-50th-Anniversary-Ver.-Mazinger-Z-DX-Soul-of-Chogokin-1.jpeg","width":1129,"height":1200},{"@type":"BreadcrumbList","@id":"https:\/\/endormoonstore.com\/en\/mazinger-z-50th-anniversary-ver-mazinger-z-dx-soul-of-chogokin\/#breadcrumb","itemListElement":[{"@type":"ListItem","position":1,"name":"Shop","item":"https:\/\/endormoonstore.com\/en\/shop\/"},{"@type":"ListItem","position":2,"name":"Mazinger Z 50th Anniversary Ver. Mazinger Z DX Soul of Chogokin"}]},{"@type":"WebSite","@id":"https:\/\/endormoonstore.com\/#website","url":"https:\/\/endormoonstore.com\/","name":"EndormoonStore","description":"","potentialAction":[{"@type":"SearchAction","target":{"@type":"EntryPoint","urlTemplate":"https:\/\/endormoonstore.com\/?s={search_term_string}"},"query-input":{"@type":"PropertyValueSpecification","valueRequired":true,"valueName":"search_term_string"}}],"inLanguage":"en-US"}]}},"taxonomy_info":{"product_cat":[{"value":13453,"label":"Featured"},{"value":1390,"label":"Figures"},{"value":13511,"label":"New Arrivals"},{"value":15769,"label":"Sales"}],"pa_brand":[{"value":2096,"label":"Tamashii Nations"}],"pa_character":[{"value":3704,"label":"Mazinger Z"}],"pa_license":[{"value":1999,"label":"Mazinger Z"}],"pa_product-type":[{"value":2387,"label":"Figure"}],"pa_theme":[{"value":14411,"label":"DX Soul of Chogokin"}]},"featured_image_src_large":["https:\/\/endormoonstore.com\/wp-content\/uploads\/2023\/12\/Mazinger-Z-50th-Anniversary-Ver.-Mazinger-Z-DX-Soul-of-Chogokin-1.jpeg",1129,1200,false],"author_info":[],"comment_info":"","_links":{"self":[{"href":"https:\/\/endormoonstore.com\/en\/wp-json\/wp\/v2\/product\/153506","targetHints":{"allow":["GET"]}}],"collection":[{"href":"https:\/\/endormoonstore.com\/en\/wp-json\/wp\/v2\/product"}],"about":[{"href":"https:\/\/endormoonstore.com\/en\/wp-json\/wp\/v2\/types\/product"}],"wp:featuredmedia":[{"embeddable":true,"href":"https:\/\/endormoonstore.com\/en\/wp-json\/wp\/v2\/media\/153467"}],"wp:attachment":[{"href":"https:\/\/endormoonstore.com\/en\/wp-json\/wp\/v2\/media?parent=153506"}],"wp:term":[{"taxonomy":"product_cat","embeddable":true,"href":"https:\/\/endormoonstore.com\/en\/wp-json\/wp\/v2\/product_cat?post=153506"},{"taxonomy":"product_tag","embeddable":true,"href":"https:\/\/endormoonstore.com\/en\/wp-json\/wp\/v2\/product_tag?post=153506"}],"curies":[{"name":"wp","href":"https:\/\/api.w.org\/{rel}","templated":true}]}}