{"id":153432,"date":"2025-05-29T01:20:20","date_gmt":"2025-05-28T23:20:20","guid":{"rendered":"https:\/\/endormoonstore.com\/frieza-full-power-dragon-ball-z-s-h-figuarts\/"},"modified":"2025-06-18T21:54:55","modified_gmt":"2025-06-18T19:54:55","slug":"frieza-full-power-dragon-ball-z-s-h-figuarts","status":"publish","type":"product","link":"https:\/\/endormoonstore.com\/en\/frieza-full-power-dragon-ball-z-s-h-figuarts\/","title":{"rendered":"Frieza Full Power Dragon Ball Z S.H Figuarts"},"content":{"rendered":"<h4 data-sourcepos=\"11:1-11:70\"><strong>Frieza Full Power: \u00a1La M\u00e1xima Expresi\u00f3n del Tirano en S.H.Figuarts!<\/strong><\/h4>\n<ul>\n<li data-sourcepos=\"13:1-13:505\">\u00a1Directamente de la legendaria saga de Namek, el imponente Frieza Full Power hace su explosivo debut en la serie S.H.Figuarts! Desde &#8220;Dragon Ball Z&#8221;, esta figura de Frieza Full Power de Tamashii Nations, con una altura aproximada de 12,5 cm, captura la furia y el poder desatado del villano definitivo. Su estructura articulada es, de hecho, similar a la de S.H.Figuarts Super Saiyan Son Goku -Legendary Super Saiyan- (se vende por separado), permitiendo recrear la intensidad de la batalla final.<\/li>\n<\/ul>\n<h4 data-sourcepos=\"15:1-15:57\"><strong>Calidad Premium, Articulaci\u00f3n y Expresiones Din\u00e1micas<\/strong><\/h4>\n<ul>\n<li data-sourcepos=\"17:1-17:486\">Esta figura est\u00e1 fabricada en ABS y PVC de alta calidad, garantizando durabilidad y un detalle premium. Su dise\u00f1o y articulaci\u00f3n superior, incluyendo piezas blandas en la secci\u00f3n de la cadera, posibilitan, sin duda, una gama a\u00fan m\u00e1s amplia de poses din\u00e1micas y poderosas. Incluye, asimismo, 3 cabezas intercambiables con expresiones fieles a la serie: una de gritos, una de dientes apretados y otra de frustraci\u00f3n. Adem\u00e1s, cuenta con 4 pares de manos intercambiables y un par de pies alternativos. El set incorpora, por otra parte, dos efectos de Death Saucer, perfectos para recrear los devastadores ataques de Frieza. Pero eso no es todo; se incluye, finalmente, una pieza facial de bonus para la figura de Super Saiyan Son Goku -Legendary Super Saiyan- (vendida por separado), lo que permite recrear de forma v\u00edvida la intensa y \u00e9pica batalla en el desaparecido Planeta Namek.<\/li>\n<\/ul>\n<h4 data-sourcepos=\"23:1-23:69\"><strong>\u00a1Importante para Coleccionistas: Piezas Corregidas Incluidas!<\/strong><\/h4>\n<ul>\n<li data-sourcepos=\"25:1-25:467\">Entendiendo la preocupaci\u00f3n de los coleccionistas, esta edici\u00f3n de Frieza Full Power es especial. Se incluye, por lo tanto, una CAJA ADICIONAL con las piezas de reemplazo corregidas para resolver los defectos de pintura y acabado que se detectaron en las primeras tiradas. Las piezas defectuosas originales tambi\u00e9n vienen dentro de la caja principal, pero recibir\u00e1s la soluci\u00f3n directamente. Presentado en una caja con ventana, este set es ideal para exhibir.<\/li>\n<li data-sourcepos=\"27:1-27:217\">\u00a1No dejes escapar la oportunidad de poseer al ic\u00f3nico villano en su estado m\u00e1s poderoso! Lleva la furia de Frieza Full Power a tu colecci\u00f3n S.H.Figuarts hoy mismo y recrea los momentos m\u00e1s \u00e9picos de Dragon Ball Z.<\/li>\n<\/ul>\n<h4><strong>Sobre Tamashii Nations y su linea SH Figuarts:<\/strong><\/h4>\n<ul>\n<li><strong><a href=\"\/?product_brand=tamashii-nations\">Tamashii Nations<\/a><\/strong>\u00a0es una marca reconocida por sus figuras de alta calidad y detallado dise\u00f1o. Especializada en coleccionables, utiliza tecnolog\u00eda avanzada y artesan\u00eda impresionante para crear figuras que capturan la esencia de personajes ic\u00f3nicos de anime, manga y otras propiedades de la cultura pop. Tamashii Nations se esfuerza por traer &#8220;tamashii&#8221; (alma) a cada producto, infundiendo pasi\u00f3n y dedicaci\u00f3n en cada figura que crean. Su objetivo es ofrecer a los coleccionistas piezas que no solo sean visualmente impresionantes, sino que tambi\u00e9n evoquen emociones y recuerdos de sus series favoritas.<\/li>\n<li>La l\u00ednea<strong>\u00a0<a href=\"https:\/\/endormoonstore.com\/tematica\/s-h-figuarts\/\">S.H. Figuarts<\/a>\u00a0<\/strong>es una de las m\u00e1s destacadas de Tamashii Nations. Estas figuras est\u00e1n dise\u00f1adas para imitar el rango de movimiento del cuerpo humano, permitiendo una alta articulaci\u00f3n y poses din\u00e1micas. La colecci\u00f3n incluye personajes de series populares como Dragon Ball, Jujutsu Kaisen, Kamen Rider y Marvel, entre otros. Cada figura de S.H. Figuarts combina t\u00e9cnicas avanzadas de modelado, movimiento y coloraci\u00f3n para ofrecer representaciones realistas de tus personajes favoritos.<\/li>\n<\/ul>\n","protected":false},"excerpt":{"rendered":"<h4 data-sourcepos=\"11:1-11:70\"><strong>Frieza Full Power: \u00a1La M\u00e1xima Expresi\u00f3n del Tirano en S.H.Figuarts!<\/strong><\/h4>\n<p>\u00a1Directamente de la legendaria saga de Namek, el imponente Frieza Full Power hace su explosivo debut en la serie S.H.Figuarts! Desde &#8220;Dragon Ball Z&#8221;, esta figura de Frieza Full Power de Tamashii Nations, con una altura aproximada de 12,5 cm, captura la furia y el poder desatado del villano definitivo.<\/p>\n","protected":false},"featured_media":153417,"template":"","meta":{"_acf_changed":false,"_kad_blocks_custom_css":"","_kad_blocks_head_custom_js":"","_kad_blocks_body_custom_js":"","_kad_blocks_footer_custom_js":""},"product_cat":[1390,13511],"product_tag":[],"class_list":{"0":"post-153432","1":"product","2":"type-product","3":"status-publish","4":"has-post-thumbnail","6":"product_cat-figures","7":"product_cat-new-arrivals","8":"pa_brand-tamashii-nations-en","9":"pa_character-frieza-en","10":"pa_episode-dragon-ball-z-en","11":"pa_license-dragon-ball-en","12":"pa_product-type-figure","13":"pa_theme-s-h-figuarts-en","15":"first","16":"instock","17":"taxable","18":"shipping-taxable","19":"purchasable","20":"product-type-simple"},"acf":[],"yoast_head":"<!-- This site is optimized with the Yoast SEO plugin v26.1.1 - https:\/\/yoast.com\/wordpress\/plugins\/seo\/ -->\n<title>Frieza Full Power Dragon Ball Z S.H Figuarts - EndormoonStore<\/title>\n<meta name=\"description\" content=\"Frieza Full Power S.H.Figuarts: Figura de 12.5 cm con accesorios. Incluye piezas corregidas. \u00a1M\u00e1ximo poder de Dragon Ball Z!\" \/>\n<meta name=\"robots\" content=\"index, follow, max-snippet:-1, max-image-preview:large, max-video-preview:-1\" \/>\n<link rel=\"canonical\" href=\"https:\/\/endormoonstore.com\/en\/frieza-full-power-dragon-ball-z-s-h-figuarts\/\" \/>\n<meta property=\"og:locale\" content=\"en_US\" \/>\n<meta property=\"og:type\" content=\"article\" \/>\n<meta property=\"og:title\" content=\"Frieza Full Power Dragon Ball Z S.H Figuarts - EndormoonStore\" \/>\n<meta property=\"og:description\" content=\"Frieza Full Power S.H.Figuarts: Figura de 12.5 cm con accesorios. Incluye piezas corregidas. \u00a1M\u00e1ximo poder de Dragon Ball Z!\" \/>\n<meta property=\"og:url\" content=\"https:\/\/endormoonstore.com\/en\/frieza-full-power-dragon-ball-z-s-h-figuarts\/\" \/>\n<meta property=\"og:site_name\" content=\"EndormoonStore\" \/>\n<meta property=\"article:modified_time\" content=\"2025-06-18T19:54:55+00:00\" \/>\n<meta property=\"og:image\" content=\"https:\/\/endormoonstore.com\/wp-content\/uploads\/2023\/12\/Frieza-Full-Power-Dragon-Ball-Z-S.H.Figuarts-1.jpg\" \/>\n\t<meta property=\"og:image:width\" content=\"960\" \/>\n\t<meta property=\"og:image:height\" content=\"1200\" \/>\n\t<meta property=\"og:image:type\" content=\"image\/jpeg\" \/>\n<meta name=\"twitter:card\" content=\"summary_large_image\" \/>\n<meta name=\"twitter:label1\" content=\"Est. reading time\" \/>\n\t<meta name=\"twitter:data1\" content=\"3 minutes\" \/>\n<script type=\"application\/ld+json\" class=\"yoast-schema-graph\">{\"@context\":\"https:\/\/schema.org\",\"@graph\":[{\"@type\":\"WebPage\",\"@id\":\"https:\/\/endormoonstore.com\/en\/frieza-full-power-dragon-ball-z-s-h-figuarts\/\",\"url\":\"https:\/\/endormoonstore.com\/en\/frieza-full-power-dragon-ball-z-s-h-figuarts\/\",\"name\":\"Frieza Full Power Dragon Ball Z S.H Figuarts - EndormoonStore\",\"isPartOf\":{\"@id\":\"https:\/\/endormoonstore.com\/#website\"},\"primaryImageOfPage\":{\"@id\":\"https:\/\/endormoonstore.com\/en\/frieza-full-power-dragon-ball-z-s-h-figuarts\/#primaryimage\"},\"image\":{\"@id\":\"https:\/\/endormoonstore.com\/en\/frieza-full-power-dragon-ball-z-s-h-figuarts\/#primaryimage\"},\"thumbnailUrl\":\"https:\/\/endormoonstore.com\/wp-content\/uploads\/2023\/12\/Frieza-Full-Power-Dragon-Ball-Z-S.H.Figuarts-1.jpg\",\"datePublished\":\"2025-05-28T23:20:20+00:00\",\"dateModified\":\"2025-06-18T19:54:55+00:00\",\"description\":\"Frieza Full Power S.H.Figuarts: Figura de 12.5 cm con accesorios. Incluye piezas corregidas. \u00a1M\u00e1ximo poder de Dragon Ball Z!\",\"breadcrumb\":{\"@id\":\"https:\/\/endormoonstore.com\/en\/frieza-full-power-dragon-ball-z-s-h-figuarts\/#breadcrumb\"},\"inLanguage\":\"en-US\",\"potentialAction\":[{\"@type\":\"ReadAction\",\"target\":[\"https:\/\/endormoonstore.com\/en\/frieza-full-power-dragon-ball-z-s-h-figuarts\/\"]}]},{\"@type\":\"ImageObject\",\"inLanguage\":\"en-US\",\"@id\":\"https:\/\/endormoonstore.com\/en\/frieza-full-power-dragon-ball-z-s-h-figuarts\/#primaryimage\",\"url\":\"https:\/\/endormoonstore.com\/wp-content\/uploads\/2023\/12\/Frieza-Full-Power-Dragon-Ball-Z-S.H.Figuarts-1.jpg\",\"contentUrl\":\"https:\/\/endormoonstore.com\/wp-content\/uploads\/2023\/12\/Frieza-Full-Power-Dragon-Ball-Z-S.H.Figuarts-1.jpg\",\"width\":960,\"height\":1200,\"caption\":\"\u00a1La forma definitiva! Frieza Full Power de Dragon Ball Z en todo su esplendor con esta figura S.H. Figuarts.\"},{\"@type\":\"BreadcrumbList\",\"@id\":\"https:\/\/endormoonstore.com\/en\/frieza-full-power-dragon-ball-z-s-h-figuarts\/#breadcrumb\",\"itemListElement\":[{\"@type\":\"ListItem\",\"position\":1,\"name\":\"Shop\",\"item\":\"https:\/\/endormoonstore.com\/en\/shop\/\"},{\"@type\":\"ListItem\",\"position\":2,\"name\":\"Frieza Full Power Dragon Ball Z S.H Figuarts\"}]},{\"@type\":\"WebSite\",\"@id\":\"https:\/\/endormoonstore.com\/#website\",\"url\":\"https:\/\/endormoonstore.com\/\",\"name\":\"EndormoonStore\",\"description\":\"\",\"potentialAction\":[{\"@type\":\"SearchAction\",\"target\":{\"@type\":\"EntryPoint\",\"urlTemplate\":\"https:\/\/endormoonstore.com\/?s={search_term_string}\"},\"query-input\":{\"@type\":\"PropertyValueSpecification\",\"valueRequired\":true,\"valueName\":\"search_term_string\"}}],\"inLanguage\":\"en-US\"}]}<\/script>\n<!-- \/ Yoast SEO plugin. -->","yoast_head_json":{"title":"Frieza Full Power Dragon Ball Z S.H Figuarts - EndormoonStore","description":"Frieza Full Power S.H.Figuarts: Figura de 12.5 cm con accesorios. Incluye piezas corregidas. \u00a1M\u00e1ximo poder de Dragon Ball Z!","robots":{"index":"index","follow":"follow","max-snippet":"max-snippet:-1","max-image-preview":"max-image-preview:large","max-video-preview":"max-video-preview:-1"},"canonical":"https:\/\/endormoonstore.com\/en\/frieza-full-power-dragon-ball-z-s-h-figuarts\/","og_locale":"en_US","og_type":"article","og_title":"Frieza Full Power Dragon Ball Z S.H Figuarts - EndormoonStore","og_description":"Frieza Full Power S.H.Figuarts: Figura de 12.5 cm con accesorios. Incluye piezas corregidas. \u00a1M\u00e1ximo poder de Dragon Ball Z!","og_url":"https:\/\/endormoonstore.com\/en\/frieza-full-power-dragon-ball-z-s-h-figuarts\/","og_site_name":"EndormoonStore","article_modified_time":"2025-06-18T19:54:55+00:00","og_image":[{"width":960,"height":1200,"url":"https:\/\/endormoonstore.com\/wp-content\/uploads\/2023\/12\/Frieza-Full-Power-Dragon-Ball-Z-S.H.Figuarts-1.jpg","type":"image\/jpeg"}],"twitter_card":"summary_large_image","twitter_misc":{"Est. reading time":"3 minutes"},"schema":{"@context":"https:\/\/schema.org","@graph":[{"@type":"WebPage","@id":"https:\/\/endormoonstore.com\/en\/frieza-full-power-dragon-ball-z-s-h-figuarts\/","url":"https:\/\/endormoonstore.com\/en\/frieza-full-power-dragon-ball-z-s-h-figuarts\/","name":"Frieza Full Power Dragon Ball Z S.H Figuarts - EndormoonStore","isPartOf":{"@id":"https:\/\/endormoonstore.com\/#website"},"primaryImageOfPage":{"@id":"https:\/\/endormoonstore.com\/en\/frieza-full-power-dragon-ball-z-s-h-figuarts\/#primaryimage"},"image":{"@id":"https:\/\/endormoonstore.com\/en\/frieza-full-power-dragon-ball-z-s-h-figuarts\/#primaryimage"},"thumbnailUrl":"https:\/\/endormoonstore.com\/wp-content\/uploads\/2023\/12\/Frieza-Full-Power-Dragon-Ball-Z-S.H.Figuarts-1.jpg","datePublished":"2025-05-28T23:20:20+00:00","dateModified":"2025-06-18T19:54:55+00:00","description":"Frieza Full Power S.H.Figuarts: Figura de 12.5 cm con accesorios. Incluye piezas corregidas. \u00a1M\u00e1ximo poder de Dragon Ball Z!","breadcrumb":{"@id":"https:\/\/endormoonstore.com\/en\/frieza-full-power-dragon-ball-z-s-h-figuarts\/#breadcrumb"},"inLanguage":"en-US","potentialAction":[{"@type":"ReadAction","target":["https:\/\/endormoonstore.com\/en\/frieza-full-power-dragon-ball-z-s-h-figuarts\/"]}]},{"@type":"ImageObject","inLanguage":"en-US","@id":"https:\/\/endormoonstore.com\/en\/frieza-full-power-dragon-ball-z-s-h-figuarts\/#primaryimage","url":"https:\/\/endormoonstore.com\/wp-content\/uploads\/2023\/12\/Frieza-Full-Power-Dragon-Ball-Z-S.H.Figuarts-1.jpg","contentUrl":"https:\/\/endormoonstore.com\/wp-content\/uploads\/2023\/12\/Frieza-Full-Power-Dragon-Ball-Z-S.H.Figuarts-1.jpg","width":960,"height":1200,"caption":"\u00a1La forma definitiva! Frieza Full Power de Dragon Ball Z en todo su esplendor con esta figura S.H. Figuarts."},{"@type":"BreadcrumbList","@id":"https:\/\/endormoonstore.com\/en\/frieza-full-power-dragon-ball-z-s-h-figuarts\/#breadcrumb","itemListElement":[{"@type":"ListItem","position":1,"name":"Shop","item":"https:\/\/endormoonstore.com\/en\/shop\/"},{"@type":"ListItem","position":2,"name":"Frieza Full Power Dragon Ball Z S.H Figuarts"}]},{"@type":"WebSite","@id":"https:\/\/endormoonstore.com\/#website","url":"https:\/\/endormoonstore.com\/","name":"EndormoonStore","description":"","potentialAction":[{"@type":"SearchAction","target":{"@type":"EntryPoint","urlTemplate":"https:\/\/endormoonstore.com\/?s={search_term_string}"},"query-input":{"@type":"PropertyValueSpecification","valueRequired":true,"valueName":"search_term_string"}}],"inLanguage":"en-US"}]}},"taxonomy_info":{"product_cat":[{"value":1390,"label":"Figures"},{"value":13511,"label":"New Arrivals"}],"pa_brand":[{"value":2096,"label":"Tamashii Nations"}],"pa_character":[{"value":15664,"label":"Frieza"}],"pa_episode":[{"value":15635,"label":"Dragon Ball Z"}],"pa_license":[{"value":2240,"label":"Dragon Ball"}],"pa_product-type":[{"value":2387,"label":"Figure"}],"pa_theme":[{"value":1813,"label":"S.H. Figuarts"}]},"featured_image_src_large":["https:\/\/endormoonstore.com\/wp-content\/uploads\/2023\/12\/Frieza-Full-Power-Dragon-Ball-Z-S.H.Figuarts-1.jpg",960,1200,false],"author_info":[],"comment_info":"","_links":{"self":[{"href":"https:\/\/endormoonstore.com\/en\/wp-json\/wp\/v2\/product\/153432","targetHints":{"allow":["GET"]}}],"collection":[{"href":"https:\/\/endormoonstore.com\/en\/wp-json\/wp\/v2\/product"}],"about":[{"href":"https:\/\/endormoonstore.com\/en\/wp-json\/wp\/v2\/types\/product"}],"wp:featuredmedia":[{"embeddable":true,"href":"https:\/\/endormoonstore.com\/en\/wp-json\/wp\/v2\/media\/153417"}],"wp:attachment":[{"href":"https:\/\/endormoonstore.com\/en\/wp-json\/wp\/v2\/media?parent=153432"}],"wp:term":[{"taxonomy":"product_cat","embeddable":true,"href":"https:\/\/endormoonstore.com\/en\/wp-json\/wp\/v2\/product_cat?post=153432"},{"taxonomy":"product_tag","embeddable":true,"href":"https:\/\/endormoonstore.com\/en\/wp-json\/wp\/v2\/product_tag?post=153432"}],"curies":[{"name":"wp","href":"https:\/\/api.w.org\/{rel}","templated":true}]}}