{"id":153306,"date":"2023-11-20T00:55:14","date_gmt":"2023-11-19T23:55:14","guid":{"rendered":"https:\/\/endormoonstore.com\/cyclops-marvel-gallery-comic-diorama\/"},"modified":"2023-12-15T21:34:30","modified_gmt":"2023-12-15T20:34:30","slug":"cyclops-marvel-gallery-comic-diorama","status":"publish","type":"product","link":"https:\/\/endormoonstore.com\/en\/cyclops-marvel-gallery-comic-diorama\/","title":{"rendered":"Cyclops Marvel Gallery Comic Diorama"},"content":{"rendered":"<p class=\"p1\"><b>Cyclops Marvel Gallery Comic Diorama<\/b><\/p>\n<ul class=\"ul1\">\n<li class=\"li1\">Diamond presenta, dentro de la colecci\u00f3n Marvel Gallery Comic, el diorama de Cyclops. Mide 25 cm y est\u00e1 basado en el personaje de los c\u00f3mics de Marvel.<\/li>\n<li class=\"li1\">Se muestra con el cl\u00e1sico traje azul, lanzando un rayo ocular.Dise\u00f1ado por Caesar y esculpido por Joe Menna.<\/li>\n<li class=\"li1\">Viene en una caja con ventana.<\/li>\n<\/ul>\n","protected":false},"excerpt":{"rendered":"<p><strong>Cyclops Marvel Gallery Comic Diorama<\/strong><\/p>\n<p><span id=\"ctl00_MainContent_txtSinpsis\">Diamond presenta, dentro de la colecci\u00f3n Marvel Gallery Comic, el diorama de Cyclops. <\/span><span id=\"ctl00_MainContent_txtSinpsis\">Mide 25 cm y est\u00e1 basado en el personaje de los c\u00f3mics de Marvel.<\/span><\/p>\n","protected":false},"featured_media":153291,"template":"","meta":{"_acf_changed":false,"_kad_blocks_custom_css":"","_kad_blocks_head_custom_js":"","_kad_blocks_body_custom_js":"","_kad_blocks_footer_custom_js":""},"product_cat":[1390,13511],"product_tag":[],"class_list":{"0":"post-153306","1":"product","2":"type-product","3":"status-publish","4":"has-post-thumbnail","6":"product_cat-figures","7":"product_cat-new-arrivals","8":"pa_brand-diamond-select-toys-en","9":"pa_character-cyclops-en","10":"pa_license-marvel-en","11":"pa_product-type-diorama-en","12":"pa_theme-marvel-comic-gallery-en","14":"first","15":"outofstock","16":"taxable","17":"shipping-taxable","18":"purchasable","19":"product-type-simple"},"acf":[],"yoast_head":"<!-- This site is optimized with the Yoast SEO plugin v26.1.1 - https:\/\/yoast.com\/wordpress\/plugins\/seo\/ -->\n<title>Cyclops Marvel Gallery Comic Diorama - EndormoonStore<\/title>\n<meta name=\"robots\" content=\"index, follow, max-snippet:-1, max-image-preview:large, max-video-preview:-1\" \/>\n<link rel=\"canonical\" href=\"https:\/\/endormoonstore.com\/en\/cyclops-marvel-gallery-comic-diorama\/\" \/>\n<meta property=\"og:locale\" content=\"en_US\" \/>\n<meta property=\"og:type\" content=\"article\" \/>\n<meta property=\"og:title\" content=\"Cyclops Marvel Gallery Comic Diorama - EndormoonStore\" \/>\n<meta property=\"og:description\" content=\"Cyclops Marvel Gallery Comic Diorama  Diamond presenta, dentro de la colecci\u00f3n Marvel Gallery Comic, el diorama de Cyclops. Mide 25 cm y est\u00e1 basado en el personaje de los c\u00f3mics de Marvel.\" \/>\n<meta property=\"og:url\" content=\"https:\/\/endormoonstore.com\/en\/cyclops-marvel-gallery-comic-diorama\/\" \/>\n<meta property=\"og:site_name\" content=\"EndormoonStore\" \/>\n<meta property=\"article:modified_time\" content=\"2023-12-15T20:34:30+00:00\" \/>\n<meta property=\"og:image\" content=\"https:\/\/endormoonstore.com\/wp-content\/uploads\/2023\/11\/Cyclops-Marvel-Gallery-Comic-Diorama-3.jpg\" \/>\n\t<meta property=\"og:image:width\" content=\"1000\" \/>\n\t<meta property=\"og:image:height\" content=\"1000\" \/>\n\t<meta property=\"og:image:type\" content=\"image\/jpeg\" \/>\n<meta name=\"twitter:card\" content=\"summary_large_image\" \/>\n<meta name=\"twitter:label1\" content=\"Est. reading time\" \/>\n\t<meta name=\"twitter:data1\" content=\"1 minute\" \/>\n<script type=\"application\/ld+json\" class=\"yoast-schema-graph\">{\"@context\":\"https:\/\/schema.org\",\"@graph\":[{\"@type\":\"WebPage\",\"@id\":\"https:\/\/endormoonstore.com\/en\/cyclops-marvel-gallery-comic-diorama\/\",\"url\":\"https:\/\/endormoonstore.com\/en\/cyclops-marvel-gallery-comic-diorama\/\",\"name\":\"Cyclops Marvel Gallery Comic Diorama - EndormoonStore\",\"isPartOf\":{\"@id\":\"https:\/\/endormoonstore.com\/#website\"},\"primaryImageOfPage\":{\"@id\":\"https:\/\/endormoonstore.com\/en\/cyclops-marvel-gallery-comic-diorama\/#primaryimage\"},\"image\":{\"@id\":\"https:\/\/endormoonstore.com\/en\/cyclops-marvel-gallery-comic-diorama\/#primaryimage\"},\"thumbnailUrl\":\"https:\/\/endormoonstore.com\/wp-content\/uploads\/2023\/11\/Cyclops-Marvel-Gallery-Comic-Diorama-3.jpg\",\"datePublished\":\"2023-11-19T23:55:14+00:00\",\"dateModified\":\"2023-12-15T20:34:30+00:00\",\"breadcrumb\":{\"@id\":\"https:\/\/endormoonstore.com\/en\/cyclops-marvel-gallery-comic-diorama\/#breadcrumb\"},\"inLanguage\":\"en-US\",\"potentialAction\":[{\"@type\":\"ReadAction\",\"target\":[\"https:\/\/endormoonstore.com\/en\/cyclops-marvel-gallery-comic-diorama\/\"]}]},{\"@type\":\"ImageObject\",\"inLanguage\":\"en-US\",\"@id\":\"https:\/\/endormoonstore.com\/en\/cyclops-marvel-gallery-comic-diorama\/#primaryimage\",\"url\":\"https:\/\/endormoonstore.com\/wp-content\/uploads\/2023\/11\/Cyclops-Marvel-Gallery-Comic-Diorama-3.jpg\",\"contentUrl\":\"https:\/\/endormoonstore.com\/wp-content\/uploads\/2023\/11\/Cyclops-Marvel-Gallery-Comic-Diorama-3.jpg\",\"width\":1000,\"height\":1000},{\"@type\":\"BreadcrumbList\",\"@id\":\"https:\/\/endormoonstore.com\/en\/cyclops-marvel-gallery-comic-diorama\/#breadcrumb\",\"itemListElement\":[{\"@type\":\"ListItem\",\"position\":1,\"name\":\"Shop\",\"item\":\"https:\/\/endormoonstore.com\/en\/shop\/\"},{\"@type\":\"ListItem\",\"position\":2,\"name\":\"Cyclops Marvel Gallery Comic Diorama\"}]},{\"@type\":\"WebSite\",\"@id\":\"https:\/\/endormoonstore.com\/#website\",\"url\":\"https:\/\/endormoonstore.com\/\",\"name\":\"EndormoonStore\",\"description\":\"\",\"potentialAction\":[{\"@type\":\"SearchAction\",\"target\":{\"@type\":\"EntryPoint\",\"urlTemplate\":\"https:\/\/endormoonstore.com\/?s={search_term_string}\"},\"query-input\":{\"@type\":\"PropertyValueSpecification\",\"valueRequired\":true,\"valueName\":\"search_term_string\"}}],\"inLanguage\":\"en-US\"}]}<\/script>\n<!-- \/ Yoast SEO plugin. -->","yoast_head_json":{"title":"Cyclops Marvel Gallery Comic Diorama - EndormoonStore","robots":{"index":"index","follow":"follow","max-snippet":"max-snippet:-1","max-image-preview":"max-image-preview:large","max-video-preview":"max-video-preview:-1"},"canonical":"https:\/\/endormoonstore.com\/en\/cyclops-marvel-gallery-comic-diorama\/","og_locale":"en_US","og_type":"article","og_title":"Cyclops Marvel Gallery Comic Diorama - EndormoonStore","og_description":"Cyclops Marvel Gallery Comic Diorama  Diamond presenta, dentro de la colecci\u00f3n Marvel Gallery Comic, el diorama de Cyclops. Mide 25 cm y est\u00e1 basado en el personaje de los c\u00f3mics de Marvel.","og_url":"https:\/\/endormoonstore.com\/en\/cyclops-marvel-gallery-comic-diorama\/","og_site_name":"EndormoonStore","article_modified_time":"2023-12-15T20:34:30+00:00","og_image":[{"width":1000,"height":1000,"url":"https:\/\/endormoonstore.com\/wp-content\/uploads\/2023\/11\/Cyclops-Marvel-Gallery-Comic-Diorama-3.jpg","type":"image\/jpeg"}],"twitter_card":"summary_large_image","twitter_misc":{"Est. reading time":"1 minute"},"schema":{"@context":"https:\/\/schema.org","@graph":[{"@type":"WebPage","@id":"https:\/\/endormoonstore.com\/en\/cyclops-marvel-gallery-comic-diorama\/","url":"https:\/\/endormoonstore.com\/en\/cyclops-marvel-gallery-comic-diorama\/","name":"Cyclops Marvel Gallery Comic Diorama - EndormoonStore","isPartOf":{"@id":"https:\/\/endormoonstore.com\/#website"},"primaryImageOfPage":{"@id":"https:\/\/endormoonstore.com\/en\/cyclops-marvel-gallery-comic-diorama\/#primaryimage"},"image":{"@id":"https:\/\/endormoonstore.com\/en\/cyclops-marvel-gallery-comic-diorama\/#primaryimage"},"thumbnailUrl":"https:\/\/endormoonstore.com\/wp-content\/uploads\/2023\/11\/Cyclops-Marvel-Gallery-Comic-Diorama-3.jpg","datePublished":"2023-11-19T23:55:14+00:00","dateModified":"2023-12-15T20:34:30+00:00","breadcrumb":{"@id":"https:\/\/endormoonstore.com\/en\/cyclops-marvel-gallery-comic-diorama\/#breadcrumb"},"inLanguage":"en-US","potentialAction":[{"@type":"ReadAction","target":["https:\/\/endormoonstore.com\/en\/cyclops-marvel-gallery-comic-diorama\/"]}]},{"@type":"ImageObject","inLanguage":"en-US","@id":"https:\/\/endormoonstore.com\/en\/cyclops-marvel-gallery-comic-diorama\/#primaryimage","url":"https:\/\/endormoonstore.com\/wp-content\/uploads\/2023\/11\/Cyclops-Marvel-Gallery-Comic-Diorama-3.jpg","contentUrl":"https:\/\/endormoonstore.com\/wp-content\/uploads\/2023\/11\/Cyclops-Marvel-Gallery-Comic-Diorama-3.jpg","width":1000,"height":1000},{"@type":"BreadcrumbList","@id":"https:\/\/endormoonstore.com\/en\/cyclops-marvel-gallery-comic-diorama\/#breadcrumb","itemListElement":[{"@type":"ListItem","position":1,"name":"Shop","item":"https:\/\/endormoonstore.com\/en\/shop\/"},{"@type":"ListItem","position":2,"name":"Cyclops Marvel Gallery Comic Diorama"}]},{"@type":"WebSite","@id":"https:\/\/endormoonstore.com\/#website","url":"https:\/\/endormoonstore.com\/","name":"EndormoonStore","description":"","potentialAction":[{"@type":"SearchAction","target":{"@type":"EntryPoint","urlTemplate":"https:\/\/endormoonstore.com\/?s={search_term_string}"},"query-input":{"@type":"PropertyValueSpecification","valueRequired":true,"valueName":"search_term_string"}}],"inLanguage":"en-US"}]}},"taxonomy_info":{"product_cat":[{"value":1390,"label":"Figures"},{"value":13511,"label":"New Arrivals"}],"pa_brand":[{"value":1632,"label":"Diamond Select Toys"}],"pa_character":[{"value":6040,"label":"Cyclops"}],"pa_license":[{"value":1642,"label":"Marvel"}],"pa_product-type":[{"value":6603,"label":"Diorama"}],"pa_theme":[{"value":2288,"label":"Marvel Comic Gallery"}]},"featured_image_src_large":["https:\/\/endormoonstore.com\/wp-content\/uploads\/2023\/11\/Cyclops-Marvel-Gallery-Comic-Diorama-3.jpg",1000,1000,false],"author_info":[],"comment_info":"","_links":{"self":[{"href":"https:\/\/endormoonstore.com\/en\/wp-json\/wp\/v2\/product\/153306","targetHints":{"allow":["GET"]}}],"collection":[{"href":"https:\/\/endormoonstore.com\/en\/wp-json\/wp\/v2\/product"}],"about":[{"href":"https:\/\/endormoonstore.com\/en\/wp-json\/wp\/v2\/types\/product"}],"wp:featuredmedia":[{"embeddable":true,"href":"https:\/\/endormoonstore.com\/en\/wp-json\/wp\/v2\/media\/153291"}],"wp:attachment":[{"href":"https:\/\/endormoonstore.com\/en\/wp-json\/wp\/v2\/media?parent=153306"}],"wp:term":[{"taxonomy":"product_cat","embeddable":true,"href":"https:\/\/endormoonstore.com\/en\/wp-json\/wp\/v2\/product_cat?post=153306"},{"taxonomy":"product_tag","embeddable":true,"href":"https:\/\/endormoonstore.com\/en\/wp-json\/wp\/v2\/product_tag?post=153306"}],"curies":[{"name":"wp","href":"https:\/\/api.w.org\/{rel}","templated":true}]}}