{"id":153250,"date":"2023-10-31T02:00:33","date_gmt":"2023-10-31T01:00:33","guid":{"rendered":"https:\/\/endormoonstore.com\/star-wars-the-vintage-collection-star-wars-the-boba-fett-book-krrsantan\/"},"modified":"2023-12-11T21:42:27","modified_gmt":"2023-12-11T20:42:27","slug":"star-wars-the-vintage-collection-star-wars-the-boba-fett-book-krrsantan","status":"publish","type":"product","link":"https:\/\/endormoonstore.com\/en\/star-wars-the-vintage-collection-star-wars-the-boba-fett-book-krrsantan\/","title":{"rendered":"Star Wars The Vintage Collection Star Wars: The Boba Fett Book Krrsantan"},"content":{"rendered":"<p class=\"p1\"><strong>Star Wars The Vintage Collection Star Wars: The Boba Fett Book Krrsantan<\/strong><\/p>\n<ul class=\"ul1\">\n<li class=\"li1\">Hasbro presenta dentro de la colecci\u00f3n de Star Wars The Vintage Collection la figura de Krrsantan. Esta figura de 9,5 cm est\u00e1 inspirada en &#8220;Star Wars: El Libro de Boba Fett.<\/li>\n<li>Krrsantan, un ex gladiador convertido en letal cazarrecompensas, es un imponente wookiee de pelaje negro que se hizo un nombre en el inframundo criminal con su presencia intimidante y su fuerza bruta.<\/li>\n<li class=\"li1\">Esta figura f\u00e1cilmente articulable en la cabeza, brazos y piernas, cuenta con dise\u00f1o premium y m\u00e1s detalles que la figura est\u00e1ndar. Incluye 9 accesorios de lujo, incluidos 1x jarra y 2x pares de manos adicionales.<\/li>\n<\/ul>\n","protected":false},"excerpt":{"rendered":"<p class=\"p1\"><strong>Star Wars The Vintage Collection Star Wars: The Boba Fett Book Krrsantan<\/strong><\/p>\n<p class=\"p1\">Hasbro presenta dentro de la colecci\u00f3n de Star Wars The Vintage Collection la figura de Krrsantan. Esta figura de 9,5 cm est\u00e1 inspirada en &#8220;Star Wars: El Libro de Boba Fett.<\/p>\n","protected":false},"featured_media":153231,"template":"","meta":{"_acf_changed":false,"_kad_blocks_custom_css":"","_kad_blocks_head_custom_js":"","_kad_blocks_body_custom_js":"","_kad_blocks_footer_custom_js":""},"product_cat":[1390,13511],"product_tag":[],"class_list":{"0":"post-153250","1":"product","2":"type-product","3":"status-publish","4":"has-post-thumbnail","6":"product_cat-figures","7":"product_cat-new-arrivals","8":"pa_brand-hasbro-en","9":"pa_character-krrsantan-en","10":"pa_episode-star-wars-the-book-of-boba-fett-en","11":"pa_license-star-wars-en","12":"pa_product-type-figure","13":"pa_theme-the-vintage-collection-en","15":"first","16":"instock","17":"taxable","18":"shipping-taxable","19":"purchasable","20":"product-type-simple"},"acf":[],"yoast_head":"<!-- This site is optimized with the Yoast SEO plugin v26.1.1 - https:\/\/yoast.com\/wordpress\/plugins\/seo\/ -->\n<title>Star Wars The Vintage Collection Star Wars: The Boba Fett Book Krrsantan - EndormoonStore<\/title>\n<meta name=\"robots\" content=\"index, follow, max-snippet:-1, max-image-preview:large, max-video-preview:-1\" \/>\n<link rel=\"canonical\" href=\"https:\/\/endormoonstore.com\/en\/star-wars-the-vintage-collection-star-wars-the-boba-fett-book-krrsantan\/\" \/>\n<meta property=\"og:locale\" content=\"en_US\" \/>\n<meta property=\"og:type\" content=\"article\" \/>\n<meta property=\"og:title\" content=\"Star Wars The Vintage Collection Star Wars: The Boba Fett Book Krrsantan - EndormoonStore\" \/>\n<meta property=\"og:description\" content=\"Star Wars The Vintage Collection Star Wars: The Boba Fett Book Krrsantan Hasbro presenta dentro de la colecci\u00f3n de Star Wars The Vintage Collection la figura de Krrsantan. Esta figura de 9,5 cm est\u00e1 inspirada en &quot;Star Wars: El Libro de Boba Fett.\" \/>\n<meta property=\"og:url\" content=\"https:\/\/endormoonstore.com\/en\/star-wars-the-vintage-collection-star-wars-the-boba-fett-book-krrsantan\/\" \/>\n<meta property=\"og:site_name\" content=\"EndormoonStore\" \/>\n<meta property=\"article:modified_time\" content=\"2023-12-11T20:42:27+00:00\" \/>\n<meta property=\"og:image\" content=\"https:\/\/endormoonstore.com\/wp-content\/uploads\/2023\/12\/Star-Wars-The-Vintage-Collection-Star-Wars-The-Boba-Fett-Book-Krrsantan-1.jpg\" \/>\n\t<meta property=\"og:image:width\" content=\"1000\" \/>\n\t<meta property=\"og:image:height\" content=\"1000\" \/>\n\t<meta property=\"og:image:type\" content=\"image\/jpeg\" \/>\n<meta name=\"twitter:card\" content=\"summary_large_image\" \/>\n<meta name=\"twitter:label1\" content=\"Est. reading time\" \/>\n\t<meta name=\"twitter:data1\" content=\"1 minute\" \/>\n<script type=\"application\/ld+json\" class=\"yoast-schema-graph\">{\"@context\":\"https:\/\/schema.org\",\"@graph\":[{\"@type\":\"WebPage\",\"@id\":\"https:\/\/endormoonstore.com\/en\/star-wars-the-vintage-collection-star-wars-the-boba-fett-book-krrsantan\/\",\"url\":\"https:\/\/endormoonstore.com\/en\/star-wars-the-vintage-collection-star-wars-the-boba-fett-book-krrsantan\/\",\"name\":\"Star Wars The Vintage Collection Star Wars: The Boba Fett Book Krrsantan - EndormoonStore\",\"isPartOf\":{\"@id\":\"https:\/\/endormoonstore.com\/#website\"},\"primaryImageOfPage\":{\"@id\":\"https:\/\/endormoonstore.com\/en\/star-wars-the-vintage-collection-star-wars-the-boba-fett-book-krrsantan\/#primaryimage\"},\"image\":{\"@id\":\"https:\/\/endormoonstore.com\/en\/star-wars-the-vintage-collection-star-wars-the-boba-fett-book-krrsantan\/#primaryimage\"},\"thumbnailUrl\":\"https:\/\/endormoonstore.com\/wp-content\/uploads\/2023\/12\/Star-Wars-The-Vintage-Collection-Star-Wars-The-Boba-Fett-Book-Krrsantan-1.jpg\",\"datePublished\":\"2023-10-31T01:00:33+00:00\",\"dateModified\":\"2023-12-11T20:42:27+00:00\",\"breadcrumb\":{\"@id\":\"https:\/\/endormoonstore.com\/en\/star-wars-the-vintage-collection-star-wars-the-boba-fett-book-krrsantan\/#breadcrumb\"},\"inLanguage\":\"en-US\",\"potentialAction\":[{\"@type\":\"ReadAction\",\"target\":[\"https:\/\/endormoonstore.com\/en\/star-wars-the-vintage-collection-star-wars-the-boba-fett-book-krrsantan\/\"]}]},{\"@type\":\"ImageObject\",\"inLanguage\":\"en-US\",\"@id\":\"https:\/\/endormoonstore.com\/en\/star-wars-the-vintage-collection-star-wars-the-boba-fett-book-krrsantan\/#primaryimage\",\"url\":\"https:\/\/endormoonstore.com\/wp-content\/uploads\/2023\/12\/Star-Wars-The-Vintage-Collection-Star-Wars-The-Boba-Fett-Book-Krrsantan-1.jpg\",\"contentUrl\":\"https:\/\/endormoonstore.com\/wp-content\/uploads\/2023\/12\/Star-Wars-The-Vintage-Collection-Star-Wars-The-Boba-Fett-Book-Krrsantan-1.jpg\",\"width\":1000,\"height\":1000},{\"@type\":\"BreadcrumbList\",\"@id\":\"https:\/\/endormoonstore.com\/en\/star-wars-the-vintage-collection-star-wars-the-boba-fett-book-krrsantan\/#breadcrumb\",\"itemListElement\":[{\"@type\":\"ListItem\",\"position\":1,\"name\":\"Shop\",\"item\":\"https:\/\/endormoonstore.com\/en\/shop\/\"},{\"@type\":\"ListItem\",\"position\":2,\"name\":\"Star Wars The Vintage Collection Star Wars: The Boba Fett Book Krrsantan\"}]},{\"@type\":\"WebSite\",\"@id\":\"https:\/\/endormoonstore.com\/#website\",\"url\":\"https:\/\/endormoonstore.com\/\",\"name\":\"EndormoonStore\",\"description\":\"\",\"potentialAction\":[{\"@type\":\"SearchAction\",\"target\":{\"@type\":\"EntryPoint\",\"urlTemplate\":\"https:\/\/endormoonstore.com\/?s={search_term_string}\"},\"query-input\":{\"@type\":\"PropertyValueSpecification\",\"valueRequired\":true,\"valueName\":\"search_term_string\"}}],\"inLanguage\":\"en-US\"}]}<\/script>\n<!-- \/ Yoast SEO plugin. -->","yoast_head_json":{"title":"Star Wars The Vintage Collection Star Wars: The Boba Fett Book Krrsantan - EndormoonStore","robots":{"index":"index","follow":"follow","max-snippet":"max-snippet:-1","max-image-preview":"max-image-preview:large","max-video-preview":"max-video-preview:-1"},"canonical":"https:\/\/endormoonstore.com\/en\/star-wars-the-vintage-collection-star-wars-the-boba-fett-book-krrsantan\/","og_locale":"en_US","og_type":"article","og_title":"Star Wars The Vintage Collection Star Wars: The Boba Fett Book Krrsantan - EndormoonStore","og_description":"Star Wars The Vintage Collection Star Wars: The Boba Fett Book Krrsantan Hasbro presenta dentro de la colecci\u00f3n de Star Wars The Vintage Collection la figura de Krrsantan. Esta figura de 9,5 cm est\u00e1 inspirada en \"Star Wars: El Libro de Boba Fett.","og_url":"https:\/\/endormoonstore.com\/en\/star-wars-the-vintage-collection-star-wars-the-boba-fett-book-krrsantan\/","og_site_name":"EndormoonStore","article_modified_time":"2023-12-11T20:42:27+00:00","og_image":[{"width":1000,"height":1000,"url":"https:\/\/endormoonstore.com\/wp-content\/uploads\/2023\/12\/Star-Wars-The-Vintage-Collection-Star-Wars-The-Boba-Fett-Book-Krrsantan-1.jpg","type":"image\/jpeg"}],"twitter_card":"summary_large_image","twitter_misc":{"Est. reading time":"1 minute"},"schema":{"@context":"https:\/\/schema.org","@graph":[{"@type":"WebPage","@id":"https:\/\/endormoonstore.com\/en\/star-wars-the-vintage-collection-star-wars-the-boba-fett-book-krrsantan\/","url":"https:\/\/endormoonstore.com\/en\/star-wars-the-vintage-collection-star-wars-the-boba-fett-book-krrsantan\/","name":"Star Wars The Vintage Collection Star Wars: The Boba Fett Book Krrsantan - EndormoonStore","isPartOf":{"@id":"https:\/\/endormoonstore.com\/#website"},"primaryImageOfPage":{"@id":"https:\/\/endormoonstore.com\/en\/star-wars-the-vintage-collection-star-wars-the-boba-fett-book-krrsantan\/#primaryimage"},"image":{"@id":"https:\/\/endormoonstore.com\/en\/star-wars-the-vintage-collection-star-wars-the-boba-fett-book-krrsantan\/#primaryimage"},"thumbnailUrl":"https:\/\/endormoonstore.com\/wp-content\/uploads\/2023\/12\/Star-Wars-The-Vintage-Collection-Star-Wars-The-Boba-Fett-Book-Krrsantan-1.jpg","datePublished":"2023-10-31T01:00:33+00:00","dateModified":"2023-12-11T20:42:27+00:00","breadcrumb":{"@id":"https:\/\/endormoonstore.com\/en\/star-wars-the-vintage-collection-star-wars-the-boba-fett-book-krrsantan\/#breadcrumb"},"inLanguage":"en-US","potentialAction":[{"@type":"ReadAction","target":["https:\/\/endormoonstore.com\/en\/star-wars-the-vintage-collection-star-wars-the-boba-fett-book-krrsantan\/"]}]},{"@type":"ImageObject","inLanguage":"en-US","@id":"https:\/\/endormoonstore.com\/en\/star-wars-the-vintage-collection-star-wars-the-boba-fett-book-krrsantan\/#primaryimage","url":"https:\/\/endormoonstore.com\/wp-content\/uploads\/2023\/12\/Star-Wars-The-Vintage-Collection-Star-Wars-The-Boba-Fett-Book-Krrsantan-1.jpg","contentUrl":"https:\/\/endormoonstore.com\/wp-content\/uploads\/2023\/12\/Star-Wars-The-Vintage-Collection-Star-Wars-The-Boba-Fett-Book-Krrsantan-1.jpg","width":1000,"height":1000},{"@type":"BreadcrumbList","@id":"https:\/\/endormoonstore.com\/en\/star-wars-the-vintage-collection-star-wars-the-boba-fett-book-krrsantan\/#breadcrumb","itemListElement":[{"@type":"ListItem","position":1,"name":"Shop","item":"https:\/\/endormoonstore.com\/en\/shop\/"},{"@type":"ListItem","position":2,"name":"Star Wars The Vintage Collection Star Wars: The Boba Fett Book Krrsantan"}]},{"@type":"WebSite","@id":"https:\/\/endormoonstore.com\/#website","url":"https:\/\/endormoonstore.com\/","name":"EndormoonStore","description":"","potentialAction":[{"@type":"SearchAction","target":{"@type":"EntryPoint","urlTemplate":"https:\/\/endormoonstore.com\/?s={search_term_string}"},"query-input":{"@type":"PropertyValueSpecification","valueRequired":true,"valueName":"search_term_string"}}],"inLanguage":"en-US"}]}},"taxonomy_info":{"product_cat":[{"value":1390,"label":"Figures"},{"value":13511,"label":"New Arrivals"}],"pa_brand":[{"value":2084,"label":"Hasbro"}],"pa_character":[{"value":13983,"label":"Krrsantan"}],"pa_episode":[{"value":10803,"label":"Star Wars: The Book of Boba Fett"}],"pa_license":[{"value":1644,"label":"Star Wars"}],"pa_product-type":[{"value":2387,"label":"Figure"}],"pa_theme":[{"value":1660,"label":"The Vintage Collection"}]},"featured_image_src_large":["https:\/\/endormoonstore.com\/wp-content\/uploads\/2023\/12\/Star-Wars-The-Vintage-Collection-Star-Wars-The-Boba-Fett-Book-Krrsantan-1.jpg",1000,1000,false],"author_info":[],"comment_info":"","_links":{"self":[{"href":"https:\/\/endormoonstore.com\/en\/wp-json\/wp\/v2\/product\/153250","targetHints":{"allow":["GET"]}}],"collection":[{"href":"https:\/\/endormoonstore.com\/en\/wp-json\/wp\/v2\/product"}],"about":[{"href":"https:\/\/endormoonstore.com\/en\/wp-json\/wp\/v2\/types\/product"}],"wp:featuredmedia":[{"embeddable":true,"href":"https:\/\/endormoonstore.com\/en\/wp-json\/wp\/v2\/media\/153231"}],"wp:attachment":[{"href":"https:\/\/endormoonstore.com\/en\/wp-json\/wp\/v2\/media?parent=153250"}],"wp:term":[{"taxonomy":"product_cat","embeddable":true,"href":"https:\/\/endormoonstore.com\/en\/wp-json\/wp\/v2\/product_cat?post=153250"},{"taxonomy":"product_tag","embeddable":true,"href":"https:\/\/endormoonstore.com\/en\/wp-json\/wp\/v2\/product_tag?post=153250"}],"curies":[{"name":"wp","href":"https:\/\/api.w.org\/{rel}","templated":true}]}}