{"id":152924,"date":"2023-10-31T00:05:18","date_gmt":"2023-10-30T23:05:18","guid":{"rendered":"https:\/\/endormoonstore.com\/judge-anderson-lawmaster-mark-ii-1-18-scale-previews-exclusive-figure-set\/"},"modified":"2023-11-29T21:54:29","modified_gmt":"2023-11-29T20:54:29","slug":"judge-anderson-lawmaster-mark-ii-1-18-scale-previews-exclusive-figure-set","status":"publish","type":"product","link":"https:\/\/endormoonstore.com\/en\/judge-anderson-lawmaster-mark-ii-1-18-scale-previews-exclusive-figure-set\/","title":{"rendered":"Judge Anderson &#038; Lawmaster Mark II 1\/18 Scale Previews Exclusive Figure Set"},"content":{"rendered":"<p><strong>Judge Anderson &amp; Lawmaster Mark II 1\/18 Scale Previews Exclusive Figure Set<\/strong><\/p>\n<ul>\n<li>Diamond Select Toys trae a nuestro pa\u00eds a la Marca Hiya Toys.<\/li>\n<li>Incluso un polic\u00eda ps\u00edquica que puede viajar por la llanura astral tiene que ir del punto A al B. Hiya Toys y Rebellion se enorgullecen de presentar el \u00faltimo conjunto de figuras de acci\u00f3n exclusivas de Judge Anderson y Lawmaster MK II a escala 1\/18. Con sus ca\u00f1ones gemelos para bicicletas, The Lawmaster est\u00e1 listo para acabar con los delincuentes con el juez Anderson al mando.<\/li>\n<li>La figura del Juez Anderson mide 10 cm de altura y tiene 16 puntos de articulaci\u00f3n, hombreras y articulaci\u00f3n, cadena e insignia, cintur\u00f3n, legislador y porra.<\/li>\n<li>La moto MK II viene con ruedas giratorias y una secci\u00f3n delantera frontal giratoria, mientras que los faros y la pantalla del ordenador se pueden iluminar. Todo est\u00e1 a escala 1\/18<\/li>\n<\/ul>\n<p>&nbsp;<\/p>\n<p>&nbsp;<\/p>\n<p>&nbsp;<\/p>\n","protected":false},"excerpt":{"rendered":"<p><strong>Judge Anderson &amp; Lawmaster Mark II 1\/18 Scale Previews Exclusive Figure Set<\/strong><\/p>\n<p>Diamond Select Toys trae a nuestro pa\u00eds a la Marca Hiya Toys.<\/p>\n","protected":false},"featured_media":152899,"template":"","meta":{"_acf_changed":false,"_kad_blocks_custom_css":"","_kad_blocks_head_custom_js":"","_kad_blocks_body_custom_js":"","_kad_blocks_footer_custom_js":""},"product_cat":[1390,13511],"product_tag":[],"class_list":{"0":"post-152924","1":"product","2":"type-product","3":"status-publish","4":"has-post-thumbnail","6":"product_cat-figures","7":"product_cat-new-arrivals","8":"pa_brand-diamond-select-toys-en","9":"pa_character-judge-anderson-en","10":"pa_character-lawmaster-mark-ii-en","11":"pa_license-judge-dredd-en","12":"pa_product-type-figure","13":"pa_theme-previews-exclusive-en","15":"first","16":"instock","17":"taxable","18":"shipping-taxable","19":"purchasable","20":"product-type-simple"},"acf":[],"yoast_head":"<!-- This site is optimized with the Yoast SEO plugin v26.1.1 - https:\/\/yoast.com\/wordpress\/plugins\/seo\/ -->\n<title>Judge Anderson &amp; Lawmaster Mark II 1\/18 Scale Previews Exclusive Figure Set - EndormoonStore<\/title>\n<meta name=\"robots\" content=\"index, follow, max-snippet:-1, max-image-preview:large, max-video-preview:-1\" \/>\n<link rel=\"canonical\" href=\"https:\/\/endormoonstore.com\/en\/judge-anderson-lawmaster-mark-ii-1-18-scale-previews-exclusive-figure-set\/\" \/>\n<meta property=\"og:locale\" content=\"en_US\" \/>\n<meta property=\"og:type\" content=\"article\" \/>\n<meta property=\"og:title\" content=\"Judge Anderson &amp; Lawmaster Mark II 1\/18 Scale Previews Exclusive Figure Set - EndormoonStore\" \/>\n<meta property=\"og:description\" content=\"Judge Anderson &amp; Lawmaster Mark II 1\/18 Scale Previews Exclusive Figure Set  Diamond Select Toys trae a nuestro pa\u00eds a la Marca Hiya Toys.\" \/>\n<meta property=\"og:url\" content=\"https:\/\/endormoonstore.com\/en\/judge-anderson-lawmaster-mark-ii-1-18-scale-previews-exclusive-figure-set\/\" \/>\n<meta property=\"og:site_name\" content=\"EndormoonStore\" \/>\n<meta property=\"article:modified_time\" content=\"2023-11-29T20:54:29+00:00\" \/>\n<meta property=\"og:image\" content=\"https:\/\/endormoonstore.com\/wp-content\/uploads\/2023\/10\/Judge-Anderson-Lawmaster-Mark-II-118-Scale-Previews-Exclusive-Figure-Set-1.jpg\" \/>\n\t<meta property=\"og:image:width\" content=\"1000\" \/>\n\t<meta property=\"og:image:height\" content=\"707\" \/>\n\t<meta property=\"og:image:type\" content=\"image\/jpeg\" \/>\n<meta name=\"twitter:card\" content=\"summary_large_image\" \/>\n<meta name=\"twitter:label1\" content=\"Est. reading time\" \/>\n\t<meta name=\"twitter:data1\" content=\"1 minute\" \/>\n<script type=\"application\/ld+json\" class=\"yoast-schema-graph\">{\"@context\":\"https:\/\/schema.org\",\"@graph\":[{\"@type\":\"WebPage\",\"@id\":\"https:\/\/endormoonstore.com\/en\/judge-anderson-lawmaster-mark-ii-1-18-scale-previews-exclusive-figure-set\/\",\"url\":\"https:\/\/endormoonstore.com\/en\/judge-anderson-lawmaster-mark-ii-1-18-scale-previews-exclusive-figure-set\/\",\"name\":\"Judge Anderson & Lawmaster Mark II 1\/18 Scale Previews Exclusive Figure Set - EndormoonStore\",\"isPartOf\":{\"@id\":\"https:\/\/endormoonstore.com\/#website\"},\"primaryImageOfPage\":{\"@id\":\"https:\/\/endormoonstore.com\/en\/judge-anderson-lawmaster-mark-ii-1-18-scale-previews-exclusive-figure-set\/#primaryimage\"},\"image\":{\"@id\":\"https:\/\/endormoonstore.com\/en\/judge-anderson-lawmaster-mark-ii-1-18-scale-previews-exclusive-figure-set\/#primaryimage\"},\"thumbnailUrl\":\"https:\/\/endormoonstore.com\/wp-content\/uploads\/2023\/10\/Judge-Anderson-Lawmaster-Mark-II-118-Scale-Previews-Exclusive-Figure-Set-1.jpg\",\"datePublished\":\"2023-10-30T23:05:18+00:00\",\"dateModified\":\"2023-11-29T20:54:29+00:00\",\"breadcrumb\":{\"@id\":\"https:\/\/endormoonstore.com\/en\/judge-anderson-lawmaster-mark-ii-1-18-scale-previews-exclusive-figure-set\/#breadcrumb\"},\"inLanguage\":\"en-US\",\"potentialAction\":[{\"@type\":\"ReadAction\",\"target\":[\"https:\/\/endormoonstore.com\/en\/judge-anderson-lawmaster-mark-ii-1-18-scale-previews-exclusive-figure-set\/\"]}]},{\"@type\":\"ImageObject\",\"inLanguage\":\"en-US\",\"@id\":\"https:\/\/endormoonstore.com\/en\/judge-anderson-lawmaster-mark-ii-1-18-scale-previews-exclusive-figure-set\/#primaryimage\",\"url\":\"https:\/\/endormoonstore.com\/wp-content\/uploads\/2023\/10\/Judge-Anderson-Lawmaster-Mark-II-118-Scale-Previews-Exclusive-Figure-Set-1.jpg\",\"contentUrl\":\"https:\/\/endormoonstore.com\/wp-content\/uploads\/2023\/10\/Judge-Anderson-Lawmaster-Mark-II-118-Scale-Previews-Exclusive-Figure-Set-1.jpg\",\"width\":1000,\"height\":707},{\"@type\":\"BreadcrumbList\",\"@id\":\"https:\/\/endormoonstore.com\/en\/judge-anderson-lawmaster-mark-ii-1-18-scale-previews-exclusive-figure-set\/#breadcrumb\",\"itemListElement\":[{\"@type\":\"ListItem\",\"position\":1,\"name\":\"Shop\",\"item\":\"https:\/\/endormoonstore.com\/en\/shop\/\"},{\"@type\":\"ListItem\",\"position\":2,\"name\":\"Judge Anderson &#038; Lawmaster Mark II 1\/18 Scale Previews Exclusive Figure Set\"}]},{\"@type\":\"WebSite\",\"@id\":\"https:\/\/endormoonstore.com\/#website\",\"url\":\"https:\/\/endormoonstore.com\/\",\"name\":\"EndormoonStore\",\"description\":\"\",\"potentialAction\":[{\"@type\":\"SearchAction\",\"target\":{\"@type\":\"EntryPoint\",\"urlTemplate\":\"https:\/\/endormoonstore.com\/?s={search_term_string}\"},\"query-input\":{\"@type\":\"PropertyValueSpecification\",\"valueRequired\":true,\"valueName\":\"search_term_string\"}}],\"inLanguage\":\"en-US\"}]}<\/script>\n<!-- \/ Yoast SEO plugin. -->","yoast_head_json":{"title":"Judge Anderson & Lawmaster Mark II 1\/18 Scale Previews Exclusive Figure Set - EndormoonStore","robots":{"index":"index","follow":"follow","max-snippet":"max-snippet:-1","max-image-preview":"max-image-preview:large","max-video-preview":"max-video-preview:-1"},"canonical":"https:\/\/endormoonstore.com\/en\/judge-anderson-lawmaster-mark-ii-1-18-scale-previews-exclusive-figure-set\/","og_locale":"en_US","og_type":"article","og_title":"Judge Anderson & Lawmaster Mark II 1\/18 Scale Previews Exclusive Figure Set - EndormoonStore","og_description":"Judge Anderson &amp; Lawmaster Mark II 1\/18 Scale Previews Exclusive Figure Set  Diamond Select Toys trae a nuestro pa\u00eds a la Marca Hiya Toys.","og_url":"https:\/\/endormoonstore.com\/en\/judge-anderson-lawmaster-mark-ii-1-18-scale-previews-exclusive-figure-set\/","og_site_name":"EndormoonStore","article_modified_time":"2023-11-29T20:54:29+00:00","og_image":[{"width":1000,"height":707,"url":"https:\/\/endormoonstore.com\/wp-content\/uploads\/2023\/10\/Judge-Anderson-Lawmaster-Mark-II-118-Scale-Previews-Exclusive-Figure-Set-1.jpg","type":"image\/jpeg"}],"twitter_card":"summary_large_image","twitter_misc":{"Est. reading time":"1 minute"},"schema":{"@context":"https:\/\/schema.org","@graph":[{"@type":"WebPage","@id":"https:\/\/endormoonstore.com\/en\/judge-anderson-lawmaster-mark-ii-1-18-scale-previews-exclusive-figure-set\/","url":"https:\/\/endormoonstore.com\/en\/judge-anderson-lawmaster-mark-ii-1-18-scale-previews-exclusive-figure-set\/","name":"Judge Anderson & Lawmaster Mark II 1\/18 Scale Previews Exclusive Figure Set - EndormoonStore","isPartOf":{"@id":"https:\/\/endormoonstore.com\/#website"},"primaryImageOfPage":{"@id":"https:\/\/endormoonstore.com\/en\/judge-anderson-lawmaster-mark-ii-1-18-scale-previews-exclusive-figure-set\/#primaryimage"},"image":{"@id":"https:\/\/endormoonstore.com\/en\/judge-anderson-lawmaster-mark-ii-1-18-scale-previews-exclusive-figure-set\/#primaryimage"},"thumbnailUrl":"https:\/\/endormoonstore.com\/wp-content\/uploads\/2023\/10\/Judge-Anderson-Lawmaster-Mark-II-118-Scale-Previews-Exclusive-Figure-Set-1.jpg","datePublished":"2023-10-30T23:05:18+00:00","dateModified":"2023-11-29T20:54:29+00:00","breadcrumb":{"@id":"https:\/\/endormoonstore.com\/en\/judge-anderson-lawmaster-mark-ii-1-18-scale-previews-exclusive-figure-set\/#breadcrumb"},"inLanguage":"en-US","potentialAction":[{"@type":"ReadAction","target":["https:\/\/endormoonstore.com\/en\/judge-anderson-lawmaster-mark-ii-1-18-scale-previews-exclusive-figure-set\/"]}]},{"@type":"ImageObject","inLanguage":"en-US","@id":"https:\/\/endormoonstore.com\/en\/judge-anderson-lawmaster-mark-ii-1-18-scale-previews-exclusive-figure-set\/#primaryimage","url":"https:\/\/endormoonstore.com\/wp-content\/uploads\/2023\/10\/Judge-Anderson-Lawmaster-Mark-II-118-Scale-Previews-Exclusive-Figure-Set-1.jpg","contentUrl":"https:\/\/endormoonstore.com\/wp-content\/uploads\/2023\/10\/Judge-Anderson-Lawmaster-Mark-II-118-Scale-Previews-Exclusive-Figure-Set-1.jpg","width":1000,"height":707},{"@type":"BreadcrumbList","@id":"https:\/\/endormoonstore.com\/en\/judge-anderson-lawmaster-mark-ii-1-18-scale-previews-exclusive-figure-set\/#breadcrumb","itemListElement":[{"@type":"ListItem","position":1,"name":"Shop","item":"https:\/\/endormoonstore.com\/en\/shop\/"},{"@type":"ListItem","position":2,"name":"Judge Anderson &#038; Lawmaster Mark II 1\/18 Scale Previews Exclusive Figure Set"}]},{"@type":"WebSite","@id":"https:\/\/endormoonstore.com\/#website","url":"https:\/\/endormoonstore.com\/","name":"EndormoonStore","description":"","potentialAction":[{"@type":"SearchAction","target":{"@type":"EntryPoint","urlTemplate":"https:\/\/endormoonstore.com\/?s={search_term_string}"},"query-input":{"@type":"PropertyValueSpecification","valueRequired":true,"valueName":"search_term_string"}}],"inLanguage":"en-US"}]}},"taxonomy_info":{"product_cat":[{"value":1390,"label":"Figures"},{"value":13511,"label":"New Arrivals"}],"pa_brand":[{"value":1632,"label":"Diamond Select Toys"}],"pa_character":[{"value":13041,"label":"Judge Anderson"},{"value":13183,"label":"Lawmaster Mark II"}],"pa_license":[{"value":11250,"label":"Judge Dredd"}],"pa_product-type":[{"value":2387,"label":"Figure"}],"pa_theme":[{"value":10394,"label":"Previews Exclusive"}]},"featured_image_src_large":["https:\/\/endormoonstore.com\/wp-content\/uploads\/2023\/10\/Judge-Anderson-Lawmaster-Mark-II-118-Scale-Previews-Exclusive-Figure-Set-1.jpg",1000,707,false],"author_info":[],"comment_info":"","_links":{"self":[{"href":"https:\/\/endormoonstore.com\/en\/wp-json\/wp\/v2\/product\/152924","targetHints":{"allow":["GET"]}}],"collection":[{"href":"https:\/\/endormoonstore.com\/en\/wp-json\/wp\/v2\/product"}],"about":[{"href":"https:\/\/endormoonstore.com\/en\/wp-json\/wp\/v2\/types\/product"}],"wp:featuredmedia":[{"embeddable":true,"href":"https:\/\/endormoonstore.com\/en\/wp-json\/wp\/v2\/media\/152899"}],"wp:attachment":[{"href":"https:\/\/endormoonstore.com\/en\/wp-json\/wp\/v2\/media?parent=152924"}],"wp:term":[{"taxonomy":"product_cat","embeddable":true,"href":"https:\/\/endormoonstore.com\/en\/wp-json\/wp\/v2\/product_cat?post=152924"},{"taxonomy":"product_tag","embeddable":true,"href":"https:\/\/endormoonstore.com\/en\/wp-json\/wp\/v2\/product_tag?post=152924"}],"curies":[{"name":"wp","href":"https:\/\/api.w.org\/{rel}","templated":true}]}}