{"id":152851,"date":"2023-11-20T00:35:31","date_gmt":"2023-11-19T23:35:31","guid":{"rendered":"https:\/\/endormoonstore.com\/jon-bon-jovi-ultimate-action-figure-slippery-when-wet\/"},"modified":"2023-11-23T23:09:26","modified_gmt":"2023-11-23T22:09:26","slug":"jon-bon-jovi-ultimate-action-figure-slippery-when-wet","status":"publish","type":"product","link":"https:\/\/endormoonstore.com\/en\/jon-bon-jovi-ultimate-action-figure-slippery-when-wet\/","title":{"rendered":"Jon Bon Jovi Ultimate Action Figure Slippery When Wet"},"content":{"rendered":"<p class=\"p1\"><strong>Jon Bon Jovi Ultimate Action Figure Slippery When Wet<\/strong><\/p>\n<ul class=\"ul1\">\n<li class=\"li1\">Con su enfoque del rock and roll de &#8220;cuanto m\u00e1s grande, mejor&#8221;, Bon Jovi cambi\u00f3 el panorama con el lanzamiento de su \u00e1lbum fundamental, Slippery When Wet.<\/li>\n<li class=\"li1\">Esta figura de acci\u00f3n de Ultimate Jon Bon Jovi es totalmente articulable y est\u00e1 lista para el rock, con guitarra, micr\u00f3fono y soporte, y manos y placas frontales intercambiables.<\/li>\n<li class=\"li1\">El dise\u00f1o de la figura lleva a los fan\u00e1ticos a la gira Slippery When Wet y a los d\u00edas de mucho cabello y sonidos de rock m\u00e1s grandes.<\/li>\n<li class=\"li1\">Viene en una caja con ventana f\u00e1cil de exhibir y con solapa frontal que se abre.<\/li>\n<li class=\"li1\">\u00bfQui\u00e9n no recuerda su himno del 1986 Livin\u00b4O a Prayer?<\/li>\n<\/ul>\n","protected":false},"excerpt":{"rendered":"<p class=\"p1\"><strong>Jon Bon Jovi Ultimate Action Figure Slippery When Wet<\/strong><\/p>\n<p class=\"p1\">Con su enfoque del rock and roll de &#8220;cuanto m\u00e1s grande, mejor&#8221;, Bon Jovi cambi\u00f3 el panorama con el lanzamiento de su \u00e1lbum fundamental, Slippery When Wet.<\/p>\n","protected":false},"featured_media":152826,"template":"","meta":{"_acf_changed":false,"_kad_blocks_custom_css":"","_kad_blocks_head_custom_js":"","_kad_blocks_body_custom_js":"","_kad_blocks_footer_custom_js":""},"product_cat":[1384],"product_tag":[],"class_list":{"0":"post-152851","1":"product","2":"type-product","3":"status-publish","4":"has-post-thumbnail","6":"product_cat-pre-orders","7":"pa_brand-neca-en","8":"pa_character-jon-bon-jovi-en","9":"pa_license-bon-jovi-en","10":"pa_product-type-figure","11":"pa_theme-scale-action-figure-en","13":"first","14":"instock","15":"taxable","16":"shipping-taxable","17":"purchasable","18":"product-type-simple"},"acf":[],"yoast_head":"<!-- This site is optimized with the Yoast SEO plugin v26.1.1 - https:\/\/yoast.com\/wordpress\/plugins\/seo\/ -->\n<title>Jon Bon Jovi Ultimate Action Figure Slippery When Wet - EndormoonStore<\/title>\n<meta name=\"robots\" content=\"index, follow, max-snippet:-1, max-image-preview:large, max-video-preview:-1\" \/>\n<link rel=\"canonical\" href=\"https:\/\/endormoonstore.com\/jon-bon-jovi-ultimate-action-figure-slippery-when-wet\/\" \/>\n<meta property=\"og:locale\" content=\"en_US\" \/>\n<meta property=\"og:type\" content=\"article\" \/>\n<meta property=\"og:title\" content=\"Jon Bon Jovi Ultimate Action Figure Slippery When Wet - EndormoonStore\" \/>\n<meta property=\"og:description\" content=\"Jon Bon Jovi Ultimate Action Figure Slippery When Wet Con su enfoque del rock and roll de &quot;cuanto m\u00e1s grande, mejor&quot;, Bon Jovi cambi\u00f3 el panorama con el lanzamiento de su \u00e1lbum fundamental, Slippery When Wet.\" \/>\n<meta property=\"og:url\" content=\"https:\/\/endormoonstore.com\/jon-bon-jovi-ultimate-action-figure-slippery-when-wet\/\" \/>\n<meta property=\"og:site_name\" content=\"EndormoonStore\" \/>\n<meta property=\"article:modified_time\" content=\"2023-11-23T22:09:26+00:00\" \/>\n<meta property=\"og:image\" content=\"https:\/\/endormoonstore.com\/wp-content\/uploads\/2023\/11\/Jon-Bon-Jovi-Ultimate-Action-Figure-Slippery-When-Wet-1.jpg\" \/>\n\t<meta property=\"og:image:width\" content=\"667\" \/>\n\t<meta property=\"og:image:height\" content=\"1000\" \/>\n\t<meta property=\"og:image:type\" content=\"image\/jpeg\" \/>\n<meta name=\"twitter:card\" content=\"summary_large_image\" \/>\n<meta name=\"twitter:label1\" content=\"Est. reading time\" \/>\n\t<meta name=\"twitter:data1\" content=\"1 minute\" \/>\n<script type=\"application\/ld+json\" class=\"yoast-schema-graph\">{\"@context\":\"https:\/\/schema.org\",\"@graph\":[{\"@type\":\"WebPage\",\"@id\":\"https:\/\/endormoonstore.com\/jon-bon-jovi-ultimate-action-figure-slippery-when-wet\/\",\"url\":\"https:\/\/endormoonstore.com\/jon-bon-jovi-ultimate-action-figure-slippery-when-wet\/\",\"name\":\"Jon Bon Jovi Ultimate Action Figure Slippery When Wet - EndormoonStore\",\"isPartOf\":{\"@id\":\"https:\/\/endormoonstore.com\/#website\"},\"primaryImageOfPage\":{\"@id\":\"https:\/\/endormoonstore.com\/jon-bon-jovi-ultimate-action-figure-slippery-when-wet\/#primaryimage\"},\"image\":{\"@id\":\"https:\/\/endormoonstore.com\/jon-bon-jovi-ultimate-action-figure-slippery-when-wet\/#primaryimage\"},\"thumbnailUrl\":\"https:\/\/endormoonstore.com\/wp-content\/uploads\/2023\/11\/Jon-Bon-Jovi-Ultimate-Action-Figure-Slippery-When-Wet-1.jpg\",\"datePublished\":\"2023-11-19T23:35:31+00:00\",\"dateModified\":\"2023-11-23T22:09:26+00:00\",\"breadcrumb\":{\"@id\":\"https:\/\/endormoonstore.com\/jon-bon-jovi-ultimate-action-figure-slippery-when-wet\/#breadcrumb\"},\"inLanguage\":\"en-US\",\"potentialAction\":[{\"@type\":\"ReadAction\",\"target\":[\"https:\/\/endormoonstore.com\/jon-bon-jovi-ultimate-action-figure-slippery-when-wet\/\"]}]},{\"@type\":\"ImageObject\",\"inLanguage\":\"en-US\",\"@id\":\"https:\/\/endormoonstore.com\/jon-bon-jovi-ultimate-action-figure-slippery-when-wet\/#primaryimage\",\"url\":\"https:\/\/endormoonstore.com\/wp-content\/uploads\/2023\/11\/Jon-Bon-Jovi-Ultimate-Action-Figure-Slippery-When-Wet-1.jpg\",\"contentUrl\":\"https:\/\/endormoonstore.com\/wp-content\/uploads\/2023\/11\/Jon-Bon-Jovi-Ultimate-Action-Figure-Slippery-When-Wet-1.jpg\",\"width\":667,\"height\":1000},{\"@type\":\"BreadcrumbList\",\"@id\":\"https:\/\/endormoonstore.com\/jon-bon-jovi-ultimate-action-figure-slippery-when-wet\/#breadcrumb\",\"itemListElement\":[{\"@type\":\"ListItem\",\"position\":1,\"name\":\"Shop\",\"item\":\"https:\/\/endormoonstore.com\/en\/shop\/\"},{\"@type\":\"ListItem\",\"position\":2,\"name\":\"Jon Bon Jovi Ultimate Action Figure Slippery When Wet\"}]},{\"@type\":\"WebSite\",\"@id\":\"https:\/\/endormoonstore.com\/#website\",\"url\":\"https:\/\/endormoonstore.com\/\",\"name\":\"EndormoonStore\",\"description\":\"\",\"potentialAction\":[{\"@type\":\"SearchAction\",\"target\":{\"@type\":\"EntryPoint\",\"urlTemplate\":\"https:\/\/endormoonstore.com\/?s={search_term_string}\"},\"query-input\":{\"@type\":\"PropertyValueSpecification\",\"valueRequired\":true,\"valueName\":\"search_term_string\"}}],\"inLanguage\":\"en-US\"}]}<\/script>\n<!-- \/ Yoast SEO plugin. -->","yoast_head_json":{"title":"Jon Bon Jovi Ultimate Action Figure Slippery When Wet - EndormoonStore","robots":{"index":"index","follow":"follow","max-snippet":"max-snippet:-1","max-image-preview":"max-image-preview:large","max-video-preview":"max-video-preview:-1"},"canonical":"https:\/\/endormoonstore.com\/jon-bon-jovi-ultimate-action-figure-slippery-when-wet\/","og_locale":"en_US","og_type":"article","og_title":"Jon Bon Jovi Ultimate Action Figure Slippery When Wet - EndormoonStore","og_description":"Jon Bon Jovi Ultimate Action Figure Slippery When Wet Con su enfoque del rock and roll de \"cuanto m\u00e1s grande, mejor\", Bon Jovi cambi\u00f3 el panorama con el lanzamiento de su \u00e1lbum fundamental, Slippery When Wet.","og_url":"https:\/\/endormoonstore.com\/jon-bon-jovi-ultimate-action-figure-slippery-when-wet\/","og_site_name":"EndormoonStore","article_modified_time":"2023-11-23T22:09:26+00:00","og_image":[{"width":667,"height":1000,"url":"https:\/\/endormoonstore.com\/wp-content\/uploads\/2023\/11\/Jon-Bon-Jovi-Ultimate-Action-Figure-Slippery-When-Wet-1.jpg","type":"image\/jpeg"}],"twitter_card":"summary_large_image","twitter_misc":{"Est. reading time":"1 minute"},"schema":{"@context":"https:\/\/schema.org","@graph":[{"@type":"WebPage","@id":"https:\/\/endormoonstore.com\/jon-bon-jovi-ultimate-action-figure-slippery-when-wet\/","url":"https:\/\/endormoonstore.com\/jon-bon-jovi-ultimate-action-figure-slippery-when-wet\/","name":"Jon Bon Jovi Ultimate Action Figure Slippery When Wet - EndormoonStore","isPartOf":{"@id":"https:\/\/endormoonstore.com\/#website"},"primaryImageOfPage":{"@id":"https:\/\/endormoonstore.com\/jon-bon-jovi-ultimate-action-figure-slippery-when-wet\/#primaryimage"},"image":{"@id":"https:\/\/endormoonstore.com\/jon-bon-jovi-ultimate-action-figure-slippery-when-wet\/#primaryimage"},"thumbnailUrl":"https:\/\/endormoonstore.com\/wp-content\/uploads\/2023\/11\/Jon-Bon-Jovi-Ultimate-Action-Figure-Slippery-When-Wet-1.jpg","datePublished":"2023-11-19T23:35:31+00:00","dateModified":"2023-11-23T22:09:26+00:00","breadcrumb":{"@id":"https:\/\/endormoonstore.com\/jon-bon-jovi-ultimate-action-figure-slippery-when-wet\/#breadcrumb"},"inLanguage":"en-US","potentialAction":[{"@type":"ReadAction","target":["https:\/\/endormoonstore.com\/jon-bon-jovi-ultimate-action-figure-slippery-when-wet\/"]}]},{"@type":"ImageObject","inLanguage":"en-US","@id":"https:\/\/endormoonstore.com\/jon-bon-jovi-ultimate-action-figure-slippery-when-wet\/#primaryimage","url":"https:\/\/endormoonstore.com\/wp-content\/uploads\/2023\/11\/Jon-Bon-Jovi-Ultimate-Action-Figure-Slippery-When-Wet-1.jpg","contentUrl":"https:\/\/endormoonstore.com\/wp-content\/uploads\/2023\/11\/Jon-Bon-Jovi-Ultimate-Action-Figure-Slippery-When-Wet-1.jpg","width":667,"height":1000},{"@type":"BreadcrumbList","@id":"https:\/\/endormoonstore.com\/jon-bon-jovi-ultimate-action-figure-slippery-when-wet\/#breadcrumb","itemListElement":[{"@type":"ListItem","position":1,"name":"Shop","item":"https:\/\/endormoonstore.com\/en\/shop\/"},{"@type":"ListItem","position":2,"name":"Jon Bon Jovi Ultimate Action Figure Slippery When Wet"}]},{"@type":"WebSite","@id":"https:\/\/endormoonstore.com\/#website","url":"https:\/\/endormoonstore.com\/","name":"EndormoonStore","description":"","potentialAction":[{"@type":"SearchAction","target":{"@type":"EntryPoint","urlTemplate":"https:\/\/endormoonstore.com\/?s={search_term_string}"},"query-input":{"@type":"PropertyValueSpecification","valueRequired":true,"valueName":"search_term_string"}}],"inLanguage":"en-US"}]}},"taxonomy_info":{"product_cat":[{"value":1384,"label":"Pre-orders"}],"pa_brand":[{"value":2090,"label":"Neca"}],"pa_character":[{"value":14071,"label":"Jon Bon Jovi"}],"pa_license":[{"value":14073,"label":"Bon Jovi"}],"pa_product-type":[{"value":2387,"label":"Figure"}],"pa_theme":[{"value":2864,"label":"Scale Action Figure"}]},"featured_image_src_large":["https:\/\/endormoonstore.com\/wp-content\/uploads\/2023\/11\/Jon-Bon-Jovi-Ultimate-Action-Figure-Slippery-When-Wet-1.jpg",667,1000,false],"author_info":[],"comment_info":"","_links":{"self":[{"href":"https:\/\/endormoonstore.com\/en\/wp-json\/wp\/v2\/product\/152851","targetHints":{"allow":["GET"]}}],"collection":[{"href":"https:\/\/endormoonstore.com\/en\/wp-json\/wp\/v2\/product"}],"about":[{"href":"https:\/\/endormoonstore.com\/en\/wp-json\/wp\/v2\/types\/product"}],"wp:featuredmedia":[{"embeddable":true,"href":"https:\/\/endormoonstore.com\/en\/wp-json\/wp\/v2\/media\/152826"}],"wp:attachment":[{"href":"https:\/\/endormoonstore.com\/en\/wp-json\/wp\/v2\/media?parent=152851"}],"wp:term":[{"taxonomy":"product_cat","embeddable":true,"href":"https:\/\/endormoonstore.com\/en\/wp-json\/wp\/v2\/product_cat?post=152851"},{"taxonomy":"product_tag","embeddable":true,"href":"https:\/\/endormoonstore.com\/en\/wp-json\/wp\/v2\/product_tag?post=152851"}],"curies":[{"name":"wp","href":"https:\/\/api.w.org\/{rel}","templated":true}]}}