{"id":152611,"date":"2024-03-30T01:02:22","date_gmt":"2024-03-30T00:02:22","guid":{"rendered":"https:\/\/endormoonstore.com\/star-wars-the-black-series-carson-teva-electronic-helmet\/"},"modified":"2023-11-21T22:24:23","modified_gmt":"2023-11-21T21:24:23","slug":"star-wars-the-black-series-carson-teva-electronic-helmet","status":"publish","type":"product","link":"https:\/\/endormoonstore.com\/en\/star-wars-the-black-series-carson-teva-electronic-helmet\/","title":{"rendered":"Star Wars The Black Series Carson Teva Electronic Helmet"},"content":{"rendered":"<p class=\"p1\"><strong>Star Wars The Black Series Carson Teva Electronic Helmet<\/strong><\/p>\n<ul class=\"ul1\">\n<li class=\"li1\">Hasbro presenta, dentro de la colecci\u00f3n The Black Series, esta r\u00e9plica del casco de piloto de Carson Teva. El casco est\u00e1 dise\u00f1ado para ser una r\u00e9plica del usado en la serie &#8220;Star Wars: The Mandalorian&#8221;.<\/li>\n<li>El piloto de la Nueva Rep\u00fablica, Carson Teva, lidera patrullas en mundos distantes como Tatooine en un esfuerzo por mantener el orden.<\/li>\n<li class=\"li1\">Combina luces Led y 3 altavoces sincronizados para recrear una simulaci\u00f3n de vuelo inmesiva, incluyendo comunicci\u00f3n del Razor Crest y del caza estelar N-1 del Mandaloriano.<\/li>\n<li>Incluye tambi\u00e9n un acolchado interior para m\u00e1s comodidad.<\/li>\n<li class=\"li1\">Requiere 3x pila\u00a0 AAA *no incluidas.<\/li>\n<\/ul>\n","protected":false},"excerpt":{"rendered":"<p class=\"p1\"><strong>Star Wars The Black Series Carson Teva Electronic Helmet<\/strong><\/p>\n<p class=\"p1\">Hasbro presenta, dentro de la colecci\u00f3n The Black Series, esta r\u00e9plica del casco de piloto de Carson Teva. El casco est\u00e1 dise\u00f1ado para ser una r\u00e9plica del usado en la serie &#8220;Star Wars: The Mandalorian&#8221;.<\/p>\n","protected":false},"featured_media":152592,"template":"","meta":{"_acf_changed":false,"_kad_blocks_custom_css":"","_kad_blocks_head_custom_js":"","_kad_blocks_body_custom_js":"","_kad_blocks_footer_custom_js":""},"product_cat":[1390],"product_tag":[],"class_list":{"0":"post-152611","1":"product","2":"type-product","3":"status-publish","4":"has-post-thumbnail","6":"product_cat-figures","7":"pa_brand-hasbro-en","8":"pa_character-carson-teva-en","9":"pa_episode-the-mandalorian-en","10":"pa_license-star-wars-en","11":"pa_product-type-helmets","12":"pa_theme-the-black-series-en","14":"first","15":"outofstock","16":"taxable","17":"shipping-taxable","18":"purchasable","19":"product-type-simple"},"acf":[],"yoast_head":"<!-- This site is optimized with the Yoast SEO plugin v26.1.1 - https:\/\/yoast.com\/wordpress\/plugins\/seo\/ -->\n<title>Star Wars The Black Series Carson Teva Electronic Helmet - EndormoonStore<\/title>\n<meta name=\"robots\" content=\"index, follow, max-snippet:-1, max-image-preview:large, max-video-preview:-1\" \/>\n<link rel=\"canonical\" href=\"https:\/\/endormoonstore.com\/en\/star-wars-the-black-series-carson-teva-electronic-helmet\/\" \/>\n<meta property=\"og:locale\" content=\"en_US\" \/>\n<meta property=\"og:type\" content=\"article\" \/>\n<meta property=\"og:title\" content=\"Star Wars The Black Series Carson Teva Electronic Helmet - EndormoonStore\" \/>\n<meta property=\"og:description\" content=\"Star Wars The Black Series Carson Teva Electronic Helmet Hasbro presenta, dentro de la colecci\u00f3n The Black Series, esta r\u00e9plica del casco de piloto de Carson Teva. El casco est\u00e1 dise\u00f1ado para ser una r\u00e9plica del usado en la serie &quot;Star Wars: The Mandalorian&quot;.\" \/>\n<meta property=\"og:url\" content=\"https:\/\/endormoonstore.com\/en\/star-wars-the-black-series-carson-teva-electronic-helmet\/\" \/>\n<meta property=\"og:site_name\" content=\"EndormoonStore\" \/>\n<meta property=\"og:image\" content=\"https:\/\/endormoonstore.com\/wp-content\/uploads\/2023\/11\/Star-Wars-The-Black-Series-Carson-Teva-Electronic-Helmet-1.jpg\" \/>\n\t<meta property=\"og:image:width\" content=\"1000\" \/>\n\t<meta property=\"og:image:height\" content=\"1000\" \/>\n\t<meta property=\"og:image:type\" content=\"image\/jpeg\" \/>\n<meta name=\"twitter:card\" content=\"summary_large_image\" \/>\n<meta name=\"twitter:label1\" content=\"Est. reading time\" \/>\n\t<meta name=\"twitter:data1\" content=\"1 minute\" \/>\n<script type=\"application\/ld+json\" class=\"yoast-schema-graph\">{\"@context\":\"https:\/\/schema.org\",\"@graph\":[{\"@type\":\"WebPage\",\"@id\":\"https:\/\/endormoonstore.com\/en\/star-wars-the-black-series-carson-teva-electronic-helmet\/\",\"url\":\"https:\/\/endormoonstore.com\/en\/star-wars-the-black-series-carson-teva-electronic-helmet\/\",\"name\":\"Star Wars The Black Series Carson Teva Electronic Helmet - EndormoonStore\",\"isPartOf\":{\"@id\":\"https:\/\/endormoonstore.com\/#website\"},\"primaryImageOfPage\":{\"@id\":\"https:\/\/endormoonstore.com\/en\/star-wars-the-black-series-carson-teva-electronic-helmet\/#primaryimage\"},\"image\":{\"@id\":\"https:\/\/endormoonstore.com\/en\/star-wars-the-black-series-carson-teva-electronic-helmet\/#primaryimage\"},\"thumbnailUrl\":\"https:\/\/endormoonstore.com\/wp-content\/uploads\/2023\/11\/Star-Wars-The-Black-Series-Carson-Teva-Electronic-Helmet-1.jpg\",\"datePublished\":\"2024-03-30T00:02:22+00:00\",\"breadcrumb\":{\"@id\":\"https:\/\/endormoonstore.com\/en\/star-wars-the-black-series-carson-teva-electronic-helmet\/#breadcrumb\"},\"inLanguage\":\"en-US\",\"potentialAction\":[{\"@type\":\"ReadAction\",\"target\":[\"https:\/\/endormoonstore.com\/en\/star-wars-the-black-series-carson-teva-electronic-helmet\/\"]}]},{\"@type\":\"ImageObject\",\"inLanguage\":\"en-US\",\"@id\":\"https:\/\/endormoonstore.com\/en\/star-wars-the-black-series-carson-teva-electronic-helmet\/#primaryimage\",\"url\":\"https:\/\/endormoonstore.com\/wp-content\/uploads\/2023\/11\/Star-Wars-The-Black-Series-Carson-Teva-Electronic-Helmet-1.jpg\",\"contentUrl\":\"https:\/\/endormoonstore.com\/wp-content\/uploads\/2023\/11\/Star-Wars-The-Black-Series-Carson-Teva-Electronic-Helmet-1.jpg\",\"width\":1000,\"height\":1000},{\"@type\":\"BreadcrumbList\",\"@id\":\"https:\/\/endormoonstore.com\/en\/star-wars-the-black-series-carson-teva-electronic-helmet\/#breadcrumb\",\"itemListElement\":[{\"@type\":\"ListItem\",\"position\":1,\"name\":\"Shop\",\"item\":\"https:\/\/endormoonstore.com\/en\/shop\/\"},{\"@type\":\"ListItem\",\"position\":2,\"name\":\"Star Wars The Black Series Carson Teva Electronic Helmet\"}]},{\"@type\":\"WebSite\",\"@id\":\"https:\/\/endormoonstore.com\/#website\",\"url\":\"https:\/\/endormoonstore.com\/\",\"name\":\"EndormoonStore\",\"description\":\"\",\"potentialAction\":[{\"@type\":\"SearchAction\",\"target\":{\"@type\":\"EntryPoint\",\"urlTemplate\":\"https:\/\/endormoonstore.com\/?s={search_term_string}\"},\"query-input\":{\"@type\":\"PropertyValueSpecification\",\"valueRequired\":true,\"valueName\":\"search_term_string\"}}],\"inLanguage\":\"en-US\"}]}<\/script>\n<!-- \/ Yoast SEO plugin. -->","yoast_head_json":{"title":"Star Wars The Black Series Carson Teva Electronic Helmet - EndormoonStore","robots":{"index":"index","follow":"follow","max-snippet":"max-snippet:-1","max-image-preview":"max-image-preview:large","max-video-preview":"max-video-preview:-1"},"canonical":"https:\/\/endormoonstore.com\/en\/star-wars-the-black-series-carson-teva-electronic-helmet\/","og_locale":"en_US","og_type":"article","og_title":"Star Wars The Black Series Carson Teva Electronic Helmet - EndormoonStore","og_description":"Star Wars The Black Series Carson Teva Electronic Helmet Hasbro presenta, dentro de la colecci\u00f3n The Black Series, esta r\u00e9plica del casco de piloto de Carson Teva. El casco est\u00e1 dise\u00f1ado para ser una r\u00e9plica del usado en la serie \"Star Wars: The Mandalorian\".","og_url":"https:\/\/endormoonstore.com\/en\/star-wars-the-black-series-carson-teva-electronic-helmet\/","og_site_name":"EndormoonStore","og_image":[{"width":1000,"height":1000,"url":"https:\/\/endormoonstore.com\/wp-content\/uploads\/2023\/11\/Star-Wars-The-Black-Series-Carson-Teva-Electronic-Helmet-1.jpg","type":"image\/jpeg"}],"twitter_card":"summary_large_image","twitter_misc":{"Est. reading time":"1 minute"},"schema":{"@context":"https:\/\/schema.org","@graph":[{"@type":"WebPage","@id":"https:\/\/endormoonstore.com\/en\/star-wars-the-black-series-carson-teva-electronic-helmet\/","url":"https:\/\/endormoonstore.com\/en\/star-wars-the-black-series-carson-teva-electronic-helmet\/","name":"Star Wars The Black Series Carson Teva Electronic Helmet - EndormoonStore","isPartOf":{"@id":"https:\/\/endormoonstore.com\/#website"},"primaryImageOfPage":{"@id":"https:\/\/endormoonstore.com\/en\/star-wars-the-black-series-carson-teva-electronic-helmet\/#primaryimage"},"image":{"@id":"https:\/\/endormoonstore.com\/en\/star-wars-the-black-series-carson-teva-electronic-helmet\/#primaryimage"},"thumbnailUrl":"https:\/\/endormoonstore.com\/wp-content\/uploads\/2023\/11\/Star-Wars-The-Black-Series-Carson-Teva-Electronic-Helmet-1.jpg","datePublished":"2024-03-30T00:02:22+00:00","breadcrumb":{"@id":"https:\/\/endormoonstore.com\/en\/star-wars-the-black-series-carson-teva-electronic-helmet\/#breadcrumb"},"inLanguage":"en-US","potentialAction":[{"@type":"ReadAction","target":["https:\/\/endormoonstore.com\/en\/star-wars-the-black-series-carson-teva-electronic-helmet\/"]}]},{"@type":"ImageObject","inLanguage":"en-US","@id":"https:\/\/endormoonstore.com\/en\/star-wars-the-black-series-carson-teva-electronic-helmet\/#primaryimage","url":"https:\/\/endormoonstore.com\/wp-content\/uploads\/2023\/11\/Star-Wars-The-Black-Series-Carson-Teva-Electronic-Helmet-1.jpg","contentUrl":"https:\/\/endormoonstore.com\/wp-content\/uploads\/2023\/11\/Star-Wars-The-Black-Series-Carson-Teva-Electronic-Helmet-1.jpg","width":1000,"height":1000},{"@type":"BreadcrumbList","@id":"https:\/\/endormoonstore.com\/en\/star-wars-the-black-series-carson-teva-electronic-helmet\/#breadcrumb","itemListElement":[{"@type":"ListItem","position":1,"name":"Shop","item":"https:\/\/endormoonstore.com\/en\/shop\/"},{"@type":"ListItem","position":2,"name":"Star Wars The Black Series Carson Teva Electronic Helmet"}]},{"@type":"WebSite","@id":"https:\/\/endormoonstore.com\/#website","url":"https:\/\/endormoonstore.com\/","name":"EndormoonStore","description":"","potentialAction":[{"@type":"SearchAction","target":{"@type":"EntryPoint","urlTemplate":"https:\/\/endormoonstore.com\/?s={search_term_string}"},"query-input":{"@type":"PropertyValueSpecification","valueRequired":true,"valueName":"search_term_string"}}],"inLanguage":"en-US"}]}},"taxonomy_info":{"product_cat":[{"value":1390,"label":"Figures"}],"pa_brand":[{"value":2084,"label":"Hasbro"}],"pa_character":[{"value":14048,"label":"Carson Teva"}],"pa_episode":[{"value":1993,"label":"The Mandalorian"}],"pa_license":[{"value":1644,"label":"Star Wars"}],"pa_product-type":[{"value":2540,"label":"Helmets"}],"pa_theme":[{"value":2552,"label":"The Black Series"}]},"featured_image_src_large":["https:\/\/endormoonstore.com\/wp-content\/uploads\/2023\/11\/Star-Wars-The-Black-Series-Carson-Teva-Electronic-Helmet-1.jpg",1000,1000,false],"author_info":[],"comment_info":"","_links":{"self":[{"href":"https:\/\/endormoonstore.com\/en\/wp-json\/wp\/v2\/product\/152611","targetHints":{"allow":["GET"]}}],"collection":[{"href":"https:\/\/endormoonstore.com\/en\/wp-json\/wp\/v2\/product"}],"about":[{"href":"https:\/\/endormoonstore.com\/en\/wp-json\/wp\/v2\/types\/product"}],"wp:featuredmedia":[{"embeddable":true,"href":"https:\/\/endormoonstore.com\/en\/wp-json\/wp\/v2\/media\/152592"}],"wp:attachment":[{"href":"https:\/\/endormoonstore.com\/en\/wp-json\/wp\/v2\/media?parent=152611"}],"wp:term":[{"taxonomy":"product_cat","embeddable":true,"href":"https:\/\/endormoonstore.com\/en\/wp-json\/wp\/v2\/product_cat?post=152611"},{"taxonomy":"product_tag","embeddable":true,"href":"https:\/\/endormoonstore.com\/en\/wp-json\/wp\/v2\/product_tag?post=152611"}],"curies":[{"name":"wp","href":"https:\/\/api.w.org\/{rel}","templated":true}]}}