{"id":152364,"date":"2023-11-09T00:00:53","date_gmt":"2023-11-08T23:00:53","guid":{"rendered":"https:\/\/endormoonstore.com\/the-joker-golden-age-edition-dc-comics-one12-collective\/"},"modified":"2025-08-15T12:16:01","modified_gmt":"2025-08-15T10:16:01","slug":"the-joker-golden-age-edition-dc-comics-one12-collective","status":"publish","type":"product","link":"https:\/\/endormoonstore.com\/en\/the-joker-golden-age-edition-dc-comics-one12-collective\/","title":{"rendered":"The Joker: Golden Age Edition DC Comics One:12 Collective"},"content":{"rendered":"<p><strong>The Joker: Golden Age Edition DC Comics One:12 Collective<\/strong><\/p>\n<ul>\n<li>\u00a1El famoso cerebro criminal conocido como &#8220;El Joker&#8221; est\u00e1 nuevamente causando caos en las calles de Gotham City!\u00a0\u00bfPodr\u00e1 el D\u00fao Din\u00e1mico poner fin a su reinado de caos?\u00a0The One:12 Collective The Joker: Golden Age Edition est\u00e1 vestido con un traje morado vibrante inspirado en su apariencia cl\u00e1sica de c\u00f3mic.<\/li>\n<li>Lleva un sombrero de ala ancha, una camisa de vestir, una corbata de list\u00f3n y su ic\u00f3nico cintur\u00f3n utilitario del Joker con dos hebillas intercambiables con forma de cara, una de las cuales aparece como una sorpresa oculta.\u00a0\u00a1Es todo sonrisas!\u00a0El Joker presenta tres retratos de cabeza con peinados intercambiables, cada uno de los cuales captura la esencia de la loca amenaza.\u00a0\u00bfQui\u00e9n se r\u00ede ahora?<\/li>\n<li>La placa de polic\u00eda falsa incluida desata un FX \u00e1cido que se puede acoplar y agrega un toque de caos.\u00a0Impredecible y trastornado, el Joker causa estragos en la ciudad de Gotham como el Pr\u00edncipe Payaso del Crimen.<\/li>\n<li>Cuenta con m\u00e1s de 28 puntos de articulaci\u00f3n e incluye 3x cabezas intercambiables, 3x cabellos intercambiables, 10x manos intercambiables, 1x hebilla, 1x hebilla de resorte, 1x peri\u00f3dico, 1x placa falsa de la polic\u00eda de Gotham, 1x escupidor de \u00e1cido FX (se engancha a la placa), 1x base de exposici\u00f3n con el logotipo y 1x poste de exposici\u00f3n ajustable.<\/li>\n<li>NOTA: Figura de Batman mostradas en las fotos no incluida<\/li>\n<\/ul>\n","protected":false},"excerpt":{"rendered":"<p><strong>The Joker: Golden Age Edition DC Comics One:12 Collective<\/strong><\/p>\n<p>\u00a1El famoso cerebro criminal conocido como &#8220;El Joker&#8221; est\u00e1 nuevamente causando caos en las calles de Gotham City!\u00a0\u00bfPodr\u00e1 el D\u00fao Din\u00e1mico poner fin a su reinado de caos?\u00a0The One:12 Collective The Joker: Golden Age Edition est\u00e1 vestido con un traje morado vibrante inspirado en su apariencia cl\u00e1sica de c\u00f3mic.<\/p>\n","protected":false},"featured_media":152327,"template":"","meta":{"_acf_changed":false,"_kad_blocks_custom_css":"","_kad_blocks_head_custom_js":"","_kad_blocks_body_custom_js":"","_kad_blocks_footer_custom_js":""},"product_cat":[1390,13511],"product_tag":[],"class_list":{"0":"post-152364","1":"product","2":"type-product","3":"status-publish","4":"has-post-thumbnail","6":"product_cat-figures","7":"product_cat-new-arrivals","8":"pa_brand-mezco-toyz-en","9":"pa_character-the-joker-en","10":"pa_license-dc-universe-en","11":"pa_product-type-figure","12":"pa_theme-one12-collective-en","14":"first","15":"instock","16":"taxable","17":"shipping-taxable","18":"purchasable","19":"product-type-simple"},"acf":[],"yoast_head":"<!-- This site is optimized with the Yoast SEO plugin v26.1.1 - https:\/\/yoast.com\/wordpress\/plugins\/seo\/ -->\n<title>The Joker: Golden Age Edition DC Comics One:12 Collective - EndormoonStore<\/title>\n<meta name=\"robots\" content=\"index, follow, max-snippet:-1, max-image-preview:large, max-video-preview:-1\" \/>\n<link rel=\"canonical\" href=\"https:\/\/endormoonstore.com\/en\/the-joker-golden-age-edition-dc-comics-one12-collective\/\" \/>\n<meta property=\"og:locale\" content=\"en_US\" \/>\n<meta property=\"og:type\" content=\"article\" \/>\n<meta property=\"og:title\" content=\"The Joker: Golden Age Edition DC Comics One:12 Collective - EndormoonStore\" \/>\n<meta property=\"og:description\" content=\"The Joker: Golden Age Edition DC Comics One:12 Collective  \u00a1El famoso cerebro criminal conocido como &quot;El Joker&quot; est\u00e1 nuevamente causando caos en las calles de Gotham City!\u00a0\u00bfPodr\u00e1 el D\u00fao Din\u00e1mico poner fin a su reinado de caos?\u00a0The One:12 Collective The Joker: Golden Age Edition est\u00e1 vestido con un traje morado vibrante inspirado en su apariencia cl\u00e1sica de c\u00f3mic.\" \/>\n<meta property=\"og:url\" content=\"https:\/\/endormoonstore.com\/en\/the-joker-golden-age-edition-dc-comics-one12-collective\/\" \/>\n<meta property=\"og:site_name\" content=\"EndormoonStore\" \/>\n<meta property=\"article:modified_time\" content=\"2025-08-15T10:16:01+00:00\" \/>\n<meta property=\"og:image\" content=\"https:\/\/endormoonstore.com\/wp-content\/uploads\/2023\/11\/The-Joker-Golden-Age-Edition-DC-Comics-One-12-Collective-1.jpeg\" \/>\n\t<meta property=\"og:image:width\" content=\"800\" \/>\n\t<meta property=\"og:image:height\" content=\"800\" \/>\n\t<meta property=\"og:image:type\" content=\"image\/jpeg\" \/>\n<meta name=\"twitter:card\" content=\"summary_large_image\" \/>\n<meta name=\"twitter:label1\" content=\"Est. reading time\" \/>\n\t<meta name=\"twitter:data1\" content=\"2 minutes\" \/>\n<script type=\"application\/ld+json\" class=\"yoast-schema-graph\">{\"@context\":\"https:\/\/schema.org\",\"@graph\":[{\"@type\":\"WebPage\",\"@id\":\"https:\/\/endormoonstore.com\/en\/the-joker-golden-age-edition-dc-comics-one12-collective\/\",\"url\":\"https:\/\/endormoonstore.com\/en\/the-joker-golden-age-edition-dc-comics-one12-collective\/\",\"name\":\"The Joker: Golden Age Edition DC Comics One:12 Collective - EndormoonStore\",\"isPartOf\":{\"@id\":\"https:\/\/endormoonstore.com\/#website\"},\"primaryImageOfPage\":{\"@id\":\"https:\/\/endormoonstore.com\/en\/the-joker-golden-age-edition-dc-comics-one12-collective\/#primaryimage\"},\"image\":{\"@id\":\"https:\/\/endormoonstore.com\/en\/the-joker-golden-age-edition-dc-comics-one12-collective\/#primaryimage\"},\"thumbnailUrl\":\"https:\/\/endormoonstore.com\/wp-content\/uploads\/2023\/11\/The-Joker-Golden-Age-Edition-DC-Comics-One-12-Collective-1.jpeg\",\"datePublished\":\"2023-11-08T23:00:53+00:00\",\"dateModified\":\"2025-08-15T10:16:01+00:00\",\"breadcrumb\":{\"@id\":\"https:\/\/endormoonstore.com\/en\/the-joker-golden-age-edition-dc-comics-one12-collective\/#breadcrumb\"},\"inLanguage\":\"en-US\",\"potentialAction\":[{\"@type\":\"ReadAction\",\"target\":[\"https:\/\/endormoonstore.com\/en\/the-joker-golden-age-edition-dc-comics-one12-collective\/\"]}]},{\"@type\":\"ImageObject\",\"inLanguage\":\"en-US\",\"@id\":\"https:\/\/endormoonstore.com\/en\/the-joker-golden-age-edition-dc-comics-one12-collective\/#primaryimage\",\"url\":\"https:\/\/endormoonstore.com\/wp-content\/uploads\/2023\/11\/The-Joker-Golden-Age-Edition-DC-Comics-One-12-Collective-1.jpeg\",\"contentUrl\":\"https:\/\/endormoonstore.com\/wp-content\/uploads\/2023\/11\/The-Joker-Golden-Age-Edition-DC-Comics-One-12-Collective-1.jpeg\",\"width\":800,\"height\":800},{\"@type\":\"BreadcrumbList\",\"@id\":\"https:\/\/endormoonstore.com\/en\/the-joker-golden-age-edition-dc-comics-one12-collective\/#breadcrumb\",\"itemListElement\":[{\"@type\":\"ListItem\",\"position\":1,\"name\":\"Shop\",\"item\":\"https:\/\/endormoonstore.com\/en\/shop\/\"},{\"@type\":\"ListItem\",\"position\":2,\"name\":\"The Joker: Golden Age Edition DC Comics One:12 Collective\"}]},{\"@type\":\"WebSite\",\"@id\":\"https:\/\/endormoonstore.com\/#website\",\"url\":\"https:\/\/endormoonstore.com\/\",\"name\":\"EndormoonStore\",\"description\":\"\",\"potentialAction\":[{\"@type\":\"SearchAction\",\"target\":{\"@type\":\"EntryPoint\",\"urlTemplate\":\"https:\/\/endormoonstore.com\/?s={search_term_string}\"},\"query-input\":{\"@type\":\"PropertyValueSpecification\",\"valueRequired\":true,\"valueName\":\"search_term_string\"}}],\"inLanguage\":\"en-US\"}]}<\/script>\n<!-- \/ Yoast SEO plugin. -->","yoast_head_json":{"title":"The Joker: Golden Age Edition DC Comics One:12 Collective - EndormoonStore","robots":{"index":"index","follow":"follow","max-snippet":"max-snippet:-1","max-image-preview":"max-image-preview:large","max-video-preview":"max-video-preview:-1"},"canonical":"https:\/\/endormoonstore.com\/en\/the-joker-golden-age-edition-dc-comics-one12-collective\/","og_locale":"en_US","og_type":"article","og_title":"The Joker: Golden Age Edition DC Comics One:12 Collective - EndormoonStore","og_description":"The Joker: Golden Age Edition DC Comics One:12 Collective  \u00a1El famoso cerebro criminal conocido como \"El Joker\" est\u00e1 nuevamente causando caos en las calles de Gotham City!\u00a0\u00bfPodr\u00e1 el D\u00fao Din\u00e1mico poner fin a su reinado de caos?\u00a0The One:12 Collective The Joker: Golden Age Edition est\u00e1 vestido con un traje morado vibrante inspirado en su apariencia cl\u00e1sica de c\u00f3mic.","og_url":"https:\/\/endormoonstore.com\/en\/the-joker-golden-age-edition-dc-comics-one12-collective\/","og_site_name":"EndormoonStore","article_modified_time":"2025-08-15T10:16:01+00:00","og_image":[{"width":800,"height":800,"url":"https:\/\/endormoonstore.com\/wp-content\/uploads\/2023\/11\/The-Joker-Golden-Age-Edition-DC-Comics-One-12-Collective-1.jpeg","type":"image\/jpeg"}],"twitter_card":"summary_large_image","twitter_misc":{"Est. reading time":"2 minutes"},"schema":{"@context":"https:\/\/schema.org","@graph":[{"@type":"WebPage","@id":"https:\/\/endormoonstore.com\/en\/the-joker-golden-age-edition-dc-comics-one12-collective\/","url":"https:\/\/endormoonstore.com\/en\/the-joker-golden-age-edition-dc-comics-one12-collective\/","name":"The Joker: Golden Age Edition DC Comics One:12 Collective - EndormoonStore","isPartOf":{"@id":"https:\/\/endormoonstore.com\/#website"},"primaryImageOfPage":{"@id":"https:\/\/endormoonstore.com\/en\/the-joker-golden-age-edition-dc-comics-one12-collective\/#primaryimage"},"image":{"@id":"https:\/\/endormoonstore.com\/en\/the-joker-golden-age-edition-dc-comics-one12-collective\/#primaryimage"},"thumbnailUrl":"https:\/\/endormoonstore.com\/wp-content\/uploads\/2023\/11\/The-Joker-Golden-Age-Edition-DC-Comics-One-12-Collective-1.jpeg","datePublished":"2023-11-08T23:00:53+00:00","dateModified":"2025-08-15T10:16:01+00:00","breadcrumb":{"@id":"https:\/\/endormoonstore.com\/en\/the-joker-golden-age-edition-dc-comics-one12-collective\/#breadcrumb"},"inLanguage":"en-US","potentialAction":[{"@type":"ReadAction","target":["https:\/\/endormoonstore.com\/en\/the-joker-golden-age-edition-dc-comics-one12-collective\/"]}]},{"@type":"ImageObject","inLanguage":"en-US","@id":"https:\/\/endormoonstore.com\/en\/the-joker-golden-age-edition-dc-comics-one12-collective\/#primaryimage","url":"https:\/\/endormoonstore.com\/wp-content\/uploads\/2023\/11\/The-Joker-Golden-Age-Edition-DC-Comics-One-12-Collective-1.jpeg","contentUrl":"https:\/\/endormoonstore.com\/wp-content\/uploads\/2023\/11\/The-Joker-Golden-Age-Edition-DC-Comics-One-12-Collective-1.jpeg","width":800,"height":800},{"@type":"BreadcrumbList","@id":"https:\/\/endormoonstore.com\/en\/the-joker-golden-age-edition-dc-comics-one12-collective\/#breadcrumb","itemListElement":[{"@type":"ListItem","position":1,"name":"Shop","item":"https:\/\/endormoonstore.com\/en\/shop\/"},{"@type":"ListItem","position":2,"name":"The Joker: Golden Age Edition DC Comics One:12 Collective"}]},{"@type":"WebSite","@id":"https:\/\/endormoonstore.com\/#website","url":"https:\/\/endormoonstore.com\/","name":"EndormoonStore","description":"","potentialAction":[{"@type":"SearchAction","target":{"@type":"EntryPoint","urlTemplate":"https:\/\/endormoonstore.com\/?s={search_term_string}"},"query-input":{"@type":"PropertyValueSpecification","valueRequired":true,"valueName":"search_term_string"}}],"inLanguage":"en-US"}]}},"taxonomy_info":{"product_cat":[{"value":1390,"label":"Figures"},{"value":13511,"label":"New Arrivals"}],"pa_brand":[{"value":1638,"label":"Mezco Toyz"}],"pa_character":[{"value":15815,"label":"The Joker"}],"pa_license":[{"value":3086,"label":"Dc Universe"}],"pa_product-type":[{"value":2387,"label":"Figure"}],"pa_theme":[{"value":1885,"label":"One:12 Collective"}]},"featured_image_src_large":["https:\/\/endormoonstore.com\/wp-content\/uploads\/2023\/11\/The-Joker-Golden-Age-Edition-DC-Comics-One-12-Collective-1.jpeg",800,800,false],"author_info":[],"comment_info":"","_links":{"self":[{"href":"https:\/\/endormoonstore.com\/en\/wp-json\/wp\/v2\/product\/152364","targetHints":{"allow":["GET"]}}],"collection":[{"href":"https:\/\/endormoonstore.com\/en\/wp-json\/wp\/v2\/product"}],"about":[{"href":"https:\/\/endormoonstore.com\/en\/wp-json\/wp\/v2\/types\/product"}],"wp:featuredmedia":[{"embeddable":true,"href":"https:\/\/endormoonstore.com\/en\/wp-json\/wp\/v2\/media\/152327"}],"wp:attachment":[{"href":"https:\/\/endormoonstore.com\/en\/wp-json\/wp\/v2\/media?parent=152364"}],"wp:term":[{"taxonomy":"product_cat","embeddable":true,"href":"https:\/\/endormoonstore.com\/en\/wp-json\/wp\/v2\/product_cat?post=152364"},{"taxonomy":"product_tag","embeddable":true,"href":"https:\/\/endormoonstore.com\/en\/wp-json\/wp\/v2\/product_tag?post=152364"}],"curies":[{"name":"wp","href":"https:\/\/api.w.org\/{rel}","templated":true}]}}