{"id":152176,"date":"2024-05-28T01:20:44","date_gmt":"2024-05-27T23:20:44","guid":{"rendered":"https:\/\/endormoonstore.com\/trafalgar-law-the-raid-on-onigashima-one-piece-s-h-figuarts\/"},"modified":"2023-11-13T13:53:08","modified_gmt":"2023-11-13T12:53:08","slug":"trafalgar-law-the-raid-on-onigashima-one-piece-s-h-figuarts","status":"publish","type":"product","link":"https:\/\/endormoonstore.com\/en\/trafalgar-law-the-raid-on-onigashima-one-piece-s-h-figuarts\/","title":{"rendered":"Trafalgar Law The Raid on Onigashima One Piece S.H Figuarts"},"content":{"rendered":"<p class=\"p1\"><b>Trafalgar Law The Raid on Onigashima One Piece S.H Figuarts<\/b><\/p>\n<ul class=\"ul1\">\n<li class=\"li1\">Tamashii Nations presenta, dentro de su colecci\u00f3n S.H Figuarts, la figura de Trafalgar Law versi\u00f3n the Raid on Onigashima. Mide 16 cm. y est\u00e1 basado su apariencia en &#8220;One Piece&#8221;.<\/li>\n<li class=\"li1\">La capa es extraible y la camiseta est\u00e1 hecha con materiales parcialmente flexibles.<\/li>\n<li class=\"li1\">Se incluyen 4x manos derechas y 7x manos izquierdas opcionales, 1x pelo opcional, 1x Kikoku envainada y 1x Kikoku desenvainada.<\/li>\n<li class=\"li1\">Tambi\u00e9n incluye 1x expresi\u00f3n opcional para la figura de Monkey D. Luffy Raid on Onigashima (vendida por separado).<\/li>\n<\/ul>\n","protected":false},"excerpt":{"rendered":"<p class=\"p1\"><strong>Trafalgar Law The Raid on Onigashima One Piece S.H Figuarts<\/strong><\/p>\n<p class=\"p1\">Tamashii Nations presenta, dentro de su colecci\u00f3n S.H Figuarts, la figura de Trafalgar Law versi\u00f3n the Raid on Onigashima. Mide 16 cm. y est\u00e1 basado su apariencia en &#8220;One Piece&#8221;.<\/p>\n","protected":false},"featured_media":152159,"template":"","meta":{"_acf_changed":false,"_kad_blocks_custom_css":"","_kad_blocks_head_custom_js":"","_kad_blocks_body_custom_js":"","_kad_blocks_footer_custom_js":""},"product_cat":[1390,13511],"product_tag":[],"class_list":{"0":"post-152176","1":"product","2":"type-product","3":"status-publish","4":"has-post-thumbnail","6":"product_cat-figures","7":"product_cat-new-arrivals","8":"pa_brand-tamashii-nations-en","9":"pa_character-trafalgar-law-en","10":"pa_license-one-piece-en","11":"pa_product-type-figure","12":"pa_theme-s-h-figuarts-en","14":"first","15":"outofstock","16":"taxable","17":"shipping-taxable","18":"purchasable","19":"product-type-simple"},"acf":[],"yoast_head":"<!-- This site is optimized with the Yoast SEO plugin v26.1.1 - https:\/\/yoast.com\/wordpress\/plugins\/seo\/ -->\n<title>Trafalgar Law The Raid on Onigashima One Piece S.H Figuarts - EndormoonStore<\/title>\n<meta name=\"robots\" content=\"index, follow, max-snippet:-1, max-image-preview:large, max-video-preview:-1\" \/>\n<link rel=\"canonical\" href=\"https:\/\/endormoonstore.com\/en\/trafalgar-law-the-raid-on-onigashima-one-piece-s-h-figuarts\/\" \/>\n<meta property=\"og:locale\" content=\"en_US\" \/>\n<meta property=\"og:type\" content=\"article\" \/>\n<meta property=\"og:title\" content=\"Trafalgar Law The Raid on Onigashima One Piece S.H Figuarts - EndormoonStore\" \/>\n<meta property=\"og:description\" content=\"Trafalgar Law The Raid on Onigashima One Piece S.H Figuarts Tamashii Nations presenta, dentro de su colecci\u00f3n S.H Figuarts, la figura de Trafalgar Law versi\u00f3n the Raid on Onigashima. Mide 16 cm. y est\u00e1 basado su apariencia en &quot;One Piece&quot;.\" \/>\n<meta property=\"og:url\" content=\"https:\/\/endormoonstore.com\/en\/trafalgar-law-the-raid-on-onigashima-one-piece-s-h-figuarts\/\" \/>\n<meta property=\"og:site_name\" content=\"EndormoonStore\" \/>\n<meta property=\"og:image\" content=\"https:\/\/endormoonstore.com\/wp-content\/uploads\/2023\/11\/Trafalgar-Law-The-Raid-on-Onigashima-One-Piece-S.H-Figuarts-1.jpg\" \/>\n\t<meta property=\"og:image:width\" content=\"904\" \/>\n\t<meta property=\"og:image:height\" content=\"1200\" \/>\n\t<meta property=\"og:image:type\" content=\"image\/jpeg\" \/>\n<meta name=\"twitter:card\" content=\"summary_large_image\" \/>\n<meta name=\"twitter:label1\" content=\"Est. reading time\" \/>\n\t<meta name=\"twitter:data1\" content=\"1 minute\" \/>\n<script type=\"application\/ld+json\" class=\"yoast-schema-graph\">{\"@context\":\"https:\/\/schema.org\",\"@graph\":[{\"@type\":\"WebPage\",\"@id\":\"https:\/\/endormoonstore.com\/en\/trafalgar-law-the-raid-on-onigashima-one-piece-s-h-figuarts\/\",\"url\":\"https:\/\/endormoonstore.com\/en\/trafalgar-law-the-raid-on-onigashima-one-piece-s-h-figuarts\/\",\"name\":\"Trafalgar Law The Raid on Onigashima One Piece S.H Figuarts - EndormoonStore\",\"isPartOf\":{\"@id\":\"https:\/\/endormoonstore.com\/#website\"},\"primaryImageOfPage\":{\"@id\":\"https:\/\/endormoonstore.com\/en\/trafalgar-law-the-raid-on-onigashima-one-piece-s-h-figuarts\/#primaryimage\"},\"image\":{\"@id\":\"https:\/\/endormoonstore.com\/en\/trafalgar-law-the-raid-on-onigashima-one-piece-s-h-figuarts\/#primaryimage\"},\"thumbnailUrl\":\"https:\/\/endormoonstore.com\/wp-content\/uploads\/2023\/11\/Trafalgar-Law-The-Raid-on-Onigashima-One-Piece-S.H-Figuarts-1.jpg\",\"datePublished\":\"2024-05-27T23:20:44+00:00\",\"breadcrumb\":{\"@id\":\"https:\/\/endormoonstore.com\/en\/trafalgar-law-the-raid-on-onigashima-one-piece-s-h-figuarts\/#breadcrumb\"},\"inLanguage\":\"en-US\",\"potentialAction\":[{\"@type\":\"ReadAction\",\"target\":[\"https:\/\/endormoonstore.com\/en\/trafalgar-law-the-raid-on-onigashima-one-piece-s-h-figuarts\/\"]}]},{\"@type\":\"ImageObject\",\"inLanguage\":\"en-US\",\"@id\":\"https:\/\/endormoonstore.com\/en\/trafalgar-law-the-raid-on-onigashima-one-piece-s-h-figuarts\/#primaryimage\",\"url\":\"https:\/\/endormoonstore.com\/wp-content\/uploads\/2023\/11\/Trafalgar-Law-The-Raid-on-Onigashima-One-Piece-S.H-Figuarts-1.jpg\",\"contentUrl\":\"https:\/\/endormoonstore.com\/wp-content\/uploads\/2023\/11\/Trafalgar-Law-The-Raid-on-Onigashima-One-Piece-S.H-Figuarts-1.jpg\",\"width\":904,\"height\":1200},{\"@type\":\"BreadcrumbList\",\"@id\":\"https:\/\/endormoonstore.com\/en\/trafalgar-law-the-raid-on-onigashima-one-piece-s-h-figuarts\/#breadcrumb\",\"itemListElement\":[{\"@type\":\"ListItem\",\"position\":1,\"name\":\"Shop\",\"item\":\"https:\/\/endormoonstore.com\/en\/shop\/\"},{\"@type\":\"ListItem\",\"position\":2,\"name\":\"Trafalgar Law The Raid on Onigashima One Piece S.H Figuarts\"}]},{\"@type\":\"WebSite\",\"@id\":\"https:\/\/endormoonstore.com\/#website\",\"url\":\"https:\/\/endormoonstore.com\/\",\"name\":\"EndormoonStore\",\"description\":\"\",\"potentialAction\":[{\"@type\":\"SearchAction\",\"target\":{\"@type\":\"EntryPoint\",\"urlTemplate\":\"https:\/\/endormoonstore.com\/?s={search_term_string}\"},\"query-input\":{\"@type\":\"PropertyValueSpecification\",\"valueRequired\":true,\"valueName\":\"search_term_string\"}}],\"inLanguage\":\"en-US\"}]}<\/script>\n<!-- \/ Yoast SEO plugin. -->","yoast_head_json":{"title":"Trafalgar Law The Raid on Onigashima One Piece S.H Figuarts - EndormoonStore","robots":{"index":"index","follow":"follow","max-snippet":"max-snippet:-1","max-image-preview":"max-image-preview:large","max-video-preview":"max-video-preview:-1"},"canonical":"https:\/\/endormoonstore.com\/en\/trafalgar-law-the-raid-on-onigashima-one-piece-s-h-figuarts\/","og_locale":"en_US","og_type":"article","og_title":"Trafalgar Law The Raid on Onigashima One Piece S.H Figuarts - EndormoonStore","og_description":"Trafalgar Law The Raid on Onigashima One Piece S.H Figuarts Tamashii Nations presenta, dentro de su colecci\u00f3n S.H Figuarts, la figura de Trafalgar Law versi\u00f3n the Raid on Onigashima. Mide 16 cm. y est\u00e1 basado su apariencia en \"One Piece\".","og_url":"https:\/\/endormoonstore.com\/en\/trafalgar-law-the-raid-on-onigashima-one-piece-s-h-figuarts\/","og_site_name":"EndormoonStore","og_image":[{"width":904,"height":1200,"url":"https:\/\/endormoonstore.com\/wp-content\/uploads\/2023\/11\/Trafalgar-Law-The-Raid-on-Onigashima-One-Piece-S.H-Figuarts-1.jpg","type":"image\/jpeg"}],"twitter_card":"summary_large_image","twitter_misc":{"Est. reading time":"1 minute"},"schema":{"@context":"https:\/\/schema.org","@graph":[{"@type":"WebPage","@id":"https:\/\/endormoonstore.com\/en\/trafalgar-law-the-raid-on-onigashima-one-piece-s-h-figuarts\/","url":"https:\/\/endormoonstore.com\/en\/trafalgar-law-the-raid-on-onigashima-one-piece-s-h-figuarts\/","name":"Trafalgar Law The Raid on Onigashima One Piece S.H Figuarts - EndormoonStore","isPartOf":{"@id":"https:\/\/endormoonstore.com\/#website"},"primaryImageOfPage":{"@id":"https:\/\/endormoonstore.com\/en\/trafalgar-law-the-raid-on-onigashima-one-piece-s-h-figuarts\/#primaryimage"},"image":{"@id":"https:\/\/endormoonstore.com\/en\/trafalgar-law-the-raid-on-onigashima-one-piece-s-h-figuarts\/#primaryimage"},"thumbnailUrl":"https:\/\/endormoonstore.com\/wp-content\/uploads\/2023\/11\/Trafalgar-Law-The-Raid-on-Onigashima-One-Piece-S.H-Figuarts-1.jpg","datePublished":"2024-05-27T23:20:44+00:00","breadcrumb":{"@id":"https:\/\/endormoonstore.com\/en\/trafalgar-law-the-raid-on-onigashima-one-piece-s-h-figuarts\/#breadcrumb"},"inLanguage":"en-US","potentialAction":[{"@type":"ReadAction","target":["https:\/\/endormoonstore.com\/en\/trafalgar-law-the-raid-on-onigashima-one-piece-s-h-figuarts\/"]}]},{"@type":"ImageObject","inLanguage":"en-US","@id":"https:\/\/endormoonstore.com\/en\/trafalgar-law-the-raid-on-onigashima-one-piece-s-h-figuarts\/#primaryimage","url":"https:\/\/endormoonstore.com\/wp-content\/uploads\/2023\/11\/Trafalgar-Law-The-Raid-on-Onigashima-One-Piece-S.H-Figuarts-1.jpg","contentUrl":"https:\/\/endormoonstore.com\/wp-content\/uploads\/2023\/11\/Trafalgar-Law-The-Raid-on-Onigashima-One-Piece-S.H-Figuarts-1.jpg","width":904,"height":1200},{"@type":"BreadcrumbList","@id":"https:\/\/endormoonstore.com\/en\/trafalgar-law-the-raid-on-onigashima-one-piece-s-h-figuarts\/#breadcrumb","itemListElement":[{"@type":"ListItem","position":1,"name":"Shop","item":"https:\/\/endormoonstore.com\/en\/shop\/"},{"@type":"ListItem","position":2,"name":"Trafalgar Law The Raid on Onigashima One Piece S.H Figuarts"}]},{"@type":"WebSite","@id":"https:\/\/endormoonstore.com\/#website","url":"https:\/\/endormoonstore.com\/","name":"EndormoonStore","description":"","potentialAction":[{"@type":"SearchAction","target":{"@type":"EntryPoint","urlTemplate":"https:\/\/endormoonstore.com\/?s={search_term_string}"},"query-input":{"@type":"PropertyValueSpecification","valueRequired":true,"valueName":"search_term_string"}}],"inLanguage":"en-US"}]}},"taxonomy_info":{"product_cat":[{"value":1390,"label":"Figures"},{"value":13511,"label":"New Arrivals"}],"pa_brand":[{"value":2096,"label":"Tamashii Nations"}],"pa_character":[{"value":13175,"label":"Trafalgar Law"}],"pa_license":[{"value":2894,"label":"One Piece"}],"pa_product-type":[{"value":2387,"label":"Figure"}],"pa_theme":[{"value":1813,"label":"S.H. Figuarts"}]},"featured_image_src_large":["https:\/\/endormoonstore.com\/wp-content\/uploads\/2023\/11\/Trafalgar-Law-The-Raid-on-Onigashima-One-Piece-S.H-Figuarts-1.jpg",904,1200,false],"author_info":[],"comment_info":"","_links":{"self":[{"href":"https:\/\/endormoonstore.com\/en\/wp-json\/wp\/v2\/product\/152176","targetHints":{"allow":["GET"]}}],"collection":[{"href":"https:\/\/endormoonstore.com\/en\/wp-json\/wp\/v2\/product"}],"about":[{"href":"https:\/\/endormoonstore.com\/en\/wp-json\/wp\/v2\/types\/product"}],"wp:featuredmedia":[{"embeddable":true,"href":"https:\/\/endormoonstore.com\/en\/wp-json\/wp\/v2\/media\/152159"}],"wp:attachment":[{"href":"https:\/\/endormoonstore.com\/en\/wp-json\/wp\/v2\/media?parent=152176"}],"wp:term":[{"taxonomy":"product_cat","embeddable":true,"href":"https:\/\/endormoonstore.com\/en\/wp-json\/wp\/v2\/product_cat?post=152176"},{"taxonomy":"product_tag","embeddable":true,"href":"https:\/\/endormoonstore.com\/en\/wp-json\/wp\/v2\/product_tag?post=152176"}],"curies":[{"name":"wp","href":"https:\/\/api.w.org\/{rel}","templated":true}]}}