{"id":152036,"date":"2023-09-16T01:45:50","date_gmt":"2023-09-15T23:45:50","guid":{"rendered":"https:\/\/endormoonstore.com\/ultimate-professor-edward-c-burke-london-after-midnight\/"},"modified":"2023-11-10T22:29:06","modified_gmt":"2023-11-10T21:29:06","slug":"ultimate-professor-edward-c-burke-london-after-midnight","status":"publish","type":"product","link":"https:\/\/endormoonstore.com\/en\/ultimate-professor-edward-c-burke-london-after-midnight\/","title":{"rendered":"Ultimate Professor Edward C. Burke London After Midnight"},"content":{"rendered":"<p class=\"p1\"><b>Ultimate Professor Edward C. Burke London After Midnight<\/b><\/p>\n<ul class=\"ul1\">\n<li class=\"li1\">Neca presenta la figura del Ultimate Professor Edward C. Burke.<\/li>\n<li class=\"li1\">A pesar de que todas las copias se destruyeron en un incendio en una almac\u00e9n, la pel\u00edcula de terror muda de 1927, London After Midnight, sigue siendo un cl\u00e1sico de culto.<\/li>\n<li class=\"li1\">Lon Chaney desempe\u00f1a un doble papel como el profesor Edward Burke y el Hombre del Sombrero de Castor en una historia de asesinato y justicia inevitable.<\/li>\n<li class=\"li1\">Esta figura de acci\u00f3n definitiva de la pel\u00edcula cl\u00e1sica del cine est\u00e1 altamente articulada y viene con linterna, sombrero removible, manos adicionales, tres cabezas intercambiables y capa con alas acoplable.<\/li>\n<li class=\"li1\">La figura mide 18 cm de alto y viene en una caja con ventana y solapa de apertura, ideal para coleccionistas.<\/li>\n<\/ul>\n","protected":false},"excerpt":{"rendered":"<p class=\"p1\"><strong>Ultimate Professor Edward C. Burke London After Midnight<\/strong><\/p>\n<p class=\"p1\">Neca presenta la figura del Ultimate Professor Edward C. Burke.<\/p>\n","protected":false},"featured_media":152007,"template":"","meta":{"_acf_changed":false,"_kad_blocks_custom_css":"","_kad_blocks_head_custom_js":"","_kad_blocks_body_custom_js":"","_kad_blocks_footer_custom_js":""},"product_cat":[1390],"product_tag":[],"class_list":{"0":"post-152036","1":"product","2":"type-product","3":"status-publish","4":"has-post-thumbnail","6":"product_cat-figures","7":"pa_brand-neca-en","8":"pa_character-professor-edward-c-burke-en","9":"pa_license-london-after-midnight-en","10":"pa_product-type-figure","11":"pa_theme-scale-action-figure-en","13":"first","14":"outofstock","15":"taxable","16":"shipping-taxable","17":"purchasable","18":"product-type-simple"},"acf":[],"yoast_head":"<!-- This site is optimized with the Yoast SEO plugin v26.1.1 - https:\/\/yoast.com\/wordpress\/plugins\/seo\/ -->\n<title>Ultimate Professor Edward C. Burke London After Midnight - EndormoonStore<\/title>\n<meta name=\"robots\" content=\"index, follow, max-snippet:-1, max-image-preview:large, max-video-preview:-1\" \/>\n<link rel=\"canonical\" href=\"https:\/\/endormoonstore.com\/en\/ultimate-professor-edward-c-burke-london-after-midnight\/\" \/>\n<meta property=\"og:locale\" content=\"en_US\" \/>\n<meta property=\"og:type\" content=\"article\" \/>\n<meta property=\"og:title\" content=\"Ultimate Professor Edward C. Burke London After Midnight - EndormoonStore\" \/>\n<meta property=\"og:description\" content=\"Ultimate Professor Edward C. Burke London After Midnight Neca presenta la figura del Ultimate Professor Edward C. Burke.\" \/>\n<meta property=\"og:url\" content=\"https:\/\/endormoonstore.com\/en\/ultimate-professor-edward-c-burke-london-after-midnight\/\" \/>\n<meta property=\"og:site_name\" content=\"EndormoonStore\" \/>\n<meta property=\"article:modified_time\" content=\"2023-11-10T21:29:06+00:00\" \/>\n<meta property=\"og:image\" content=\"https:\/\/endormoonstore.com\/wp-content\/uploads\/2023\/11\/Ultimate-Professor-Edward-C.-Burke-London-After-Midnight-1.jpg\" \/>\n\t<meta property=\"og:image:width\" content=\"800\" \/>\n\t<meta property=\"og:image:height\" content=\"1000\" \/>\n\t<meta property=\"og:image:type\" content=\"image\/jpeg\" \/>\n<meta name=\"twitter:card\" content=\"summary_large_image\" \/>\n<meta name=\"twitter:label1\" content=\"Est. reading time\" \/>\n\t<meta name=\"twitter:data1\" content=\"1 minute\" \/>\n<script type=\"application\/ld+json\" class=\"yoast-schema-graph\">{\"@context\":\"https:\/\/schema.org\",\"@graph\":[{\"@type\":\"WebPage\",\"@id\":\"https:\/\/endormoonstore.com\/en\/ultimate-professor-edward-c-burke-london-after-midnight\/\",\"url\":\"https:\/\/endormoonstore.com\/en\/ultimate-professor-edward-c-burke-london-after-midnight\/\",\"name\":\"Ultimate Professor Edward C. Burke London After Midnight - EndormoonStore\",\"isPartOf\":{\"@id\":\"https:\/\/endormoonstore.com\/#website\"},\"primaryImageOfPage\":{\"@id\":\"https:\/\/endormoonstore.com\/en\/ultimate-professor-edward-c-burke-london-after-midnight\/#primaryimage\"},\"image\":{\"@id\":\"https:\/\/endormoonstore.com\/en\/ultimate-professor-edward-c-burke-london-after-midnight\/#primaryimage\"},\"thumbnailUrl\":\"https:\/\/endormoonstore.com\/wp-content\/uploads\/2023\/11\/Ultimate-Professor-Edward-C.-Burke-London-After-Midnight-1.jpg\",\"datePublished\":\"2023-09-15T23:45:50+00:00\",\"dateModified\":\"2023-11-10T21:29:06+00:00\",\"breadcrumb\":{\"@id\":\"https:\/\/endormoonstore.com\/en\/ultimate-professor-edward-c-burke-london-after-midnight\/#breadcrumb\"},\"inLanguage\":\"en-US\",\"potentialAction\":[{\"@type\":\"ReadAction\",\"target\":[\"https:\/\/endormoonstore.com\/en\/ultimate-professor-edward-c-burke-london-after-midnight\/\"]}]},{\"@type\":\"ImageObject\",\"inLanguage\":\"en-US\",\"@id\":\"https:\/\/endormoonstore.com\/en\/ultimate-professor-edward-c-burke-london-after-midnight\/#primaryimage\",\"url\":\"https:\/\/endormoonstore.com\/wp-content\/uploads\/2023\/11\/Ultimate-Professor-Edward-C.-Burke-London-After-Midnight-1.jpg\",\"contentUrl\":\"https:\/\/endormoonstore.com\/wp-content\/uploads\/2023\/11\/Ultimate-Professor-Edward-C.-Burke-London-After-Midnight-1.jpg\",\"width\":800,\"height\":1000},{\"@type\":\"BreadcrumbList\",\"@id\":\"https:\/\/endormoonstore.com\/en\/ultimate-professor-edward-c-burke-london-after-midnight\/#breadcrumb\",\"itemListElement\":[{\"@type\":\"ListItem\",\"position\":1,\"name\":\"Shop\",\"item\":\"https:\/\/endormoonstore.com\/en\/shop\/\"},{\"@type\":\"ListItem\",\"position\":2,\"name\":\"Ultimate Professor Edward C. Burke London After Midnight\"}]},{\"@type\":\"WebSite\",\"@id\":\"https:\/\/endormoonstore.com\/#website\",\"url\":\"https:\/\/endormoonstore.com\/\",\"name\":\"EndormoonStore\",\"description\":\"\",\"potentialAction\":[{\"@type\":\"SearchAction\",\"target\":{\"@type\":\"EntryPoint\",\"urlTemplate\":\"https:\/\/endormoonstore.com\/?s={search_term_string}\"},\"query-input\":{\"@type\":\"PropertyValueSpecification\",\"valueRequired\":true,\"valueName\":\"search_term_string\"}}],\"inLanguage\":\"en-US\"}]}<\/script>\n<!-- \/ Yoast SEO plugin. -->","yoast_head_json":{"title":"Ultimate Professor Edward C. Burke London After Midnight - EndormoonStore","robots":{"index":"index","follow":"follow","max-snippet":"max-snippet:-1","max-image-preview":"max-image-preview:large","max-video-preview":"max-video-preview:-1"},"canonical":"https:\/\/endormoonstore.com\/en\/ultimate-professor-edward-c-burke-london-after-midnight\/","og_locale":"en_US","og_type":"article","og_title":"Ultimate Professor Edward C. Burke London After Midnight - EndormoonStore","og_description":"Ultimate Professor Edward C. Burke London After Midnight Neca presenta la figura del Ultimate Professor Edward C. Burke.","og_url":"https:\/\/endormoonstore.com\/en\/ultimate-professor-edward-c-burke-london-after-midnight\/","og_site_name":"EndormoonStore","article_modified_time":"2023-11-10T21:29:06+00:00","og_image":[{"width":800,"height":1000,"url":"https:\/\/endormoonstore.com\/wp-content\/uploads\/2023\/11\/Ultimate-Professor-Edward-C.-Burke-London-After-Midnight-1.jpg","type":"image\/jpeg"}],"twitter_card":"summary_large_image","twitter_misc":{"Est. reading time":"1 minute"},"schema":{"@context":"https:\/\/schema.org","@graph":[{"@type":"WebPage","@id":"https:\/\/endormoonstore.com\/en\/ultimate-professor-edward-c-burke-london-after-midnight\/","url":"https:\/\/endormoonstore.com\/en\/ultimate-professor-edward-c-burke-london-after-midnight\/","name":"Ultimate Professor Edward C. Burke London After Midnight - EndormoonStore","isPartOf":{"@id":"https:\/\/endormoonstore.com\/#website"},"primaryImageOfPage":{"@id":"https:\/\/endormoonstore.com\/en\/ultimate-professor-edward-c-burke-london-after-midnight\/#primaryimage"},"image":{"@id":"https:\/\/endormoonstore.com\/en\/ultimate-professor-edward-c-burke-london-after-midnight\/#primaryimage"},"thumbnailUrl":"https:\/\/endormoonstore.com\/wp-content\/uploads\/2023\/11\/Ultimate-Professor-Edward-C.-Burke-London-After-Midnight-1.jpg","datePublished":"2023-09-15T23:45:50+00:00","dateModified":"2023-11-10T21:29:06+00:00","breadcrumb":{"@id":"https:\/\/endormoonstore.com\/en\/ultimate-professor-edward-c-burke-london-after-midnight\/#breadcrumb"},"inLanguage":"en-US","potentialAction":[{"@type":"ReadAction","target":["https:\/\/endormoonstore.com\/en\/ultimate-professor-edward-c-burke-london-after-midnight\/"]}]},{"@type":"ImageObject","inLanguage":"en-US","@id":"https:\/\/endormoonstore.com\/en\/ultimate-professor-edward-c-burke-london-after-midnight\/#primaryimage","url":"https:\/\/endormoonstore.com\/wp-content\/uploads\/2023\/11\/Ultimate-Professor-Edward-C.-Burke-London-After-Midnight-1.jpg","contentUrl":"https:\/\/endormoonstore.com\/wp-content\/uploads\/2023\/11\/Ultimate-Professor-Edward-C.-Burke-London-After-Midnight-1.jpg","width":800,"height":1000},{"@type":"BreadcrumbList","@id":"https:\/\/endormoonstore.com\/en\/ultimate-professor-edward-c-burke-london-after-midnight\/#breadcrumb","itemListElement":[{"@type":"ListItem","position":1,"name":"Shop","item":"https:\/\/endormoonstore.com\/en\/shop\/"},{"@type":"ListItem","position":2,"name":"Ultimate Professor Edward C. Burke London After Midnight"}]},{"@type":"WebSite","@id":"https:\/\/endormoonstore.com\/#website","url":"https:\/\/endormoonstore.com\/","name":"EndormoonStore","description":"","potentialAction":[{"@type":"SearchAction","target":{"@type":"EntryPoint","urlTemplate":"https:\/\/endormoonstore.com\/?s={search_term_string}"},"query-input":{"@type":"PropertyValueSpecification","valueRequired":true,"valueName":"search_term_string"}}],"inLanguage":"en-US"}]}},"taxonomy_info":{"product_cat":[{"value":1390,"label":"Figures"}],"pa_brand":[{"value":2090,"label":"Neca"}],"pa_character":[{"value":14004,"label":"Professor Edward C. Burke"}],"pa_license":[{"value":14008,"label":"London After Midnight"}],"pa_product-type":[{"value":2387,"label":"Figure"}],"pa_theme":[{"value":2864,"label":"Scale Action Figure"}]},"featured_image_src_large":["https:\/\/endormoonstore.com\/wp-content\/uploads\/2023\/11\/Ultimate-Professor-Edward-C.-Burke-London-After-Midnight-1.jpg",800,1000,false],"author_info":[],"comment_info":"","_links":{"self":[{"href":"https:\/\/endormoonstore.com\/en\/wp-json\/wp\/v2\/product\/152036","targetHints":{"allow":["GET"]}}],"collection":[{"href":"https:\/\/endormoonstore.com\/en\/wp-json\/wp\/v2\/product"}],"about":[{"href":"https:\/\/endormoonstore.com\/en\/wp-json\/wp\/v2\/types\/product"}],"wp:featuredmedia":[{"embeddable":true,"href":"https:\/\/endormoonstore.com\/en\/wp-json\/wp\/v2\/media\/152007"}],"wp:attachment":[{"href":"https:\/\/endormoonstore.com\/en\/wp-json\/wp\/v2\/media?parent=152036"}],"wp:term":[{"taxonomy":"product_cat","embeddable":true,"href":"https:\/\/endormoonstore.com\/en\/wp-json\/wp\/v2\/product_cat?post=152036"},{"taxonomy":"product_tag","embeddable":true,"href":"https:\/\/endormoonstore.com\/en\/wp-json\/wp\/v2\/product_tag?post=152036"}],"curies":[{"name":"wp","href":"https:\/\/api.w.org\/{rel}","templated":true}]}}