{"id":151841,"date":"2024-05-28T01:05:40","date_gmt":"2024-05-27T23:05:40","guid":{"rendered":"https:\/\/endormoonstore.com\/monkey-d-luffy-gear-5-one-piece-s-h-figuarts\/"},"modified":"2023-11-06T21:17:43","modified_gmt":"2023-11-06T20:17:43","slug":"monkey-d-luffy-gear-5-one-piece-s-h-figuarts","status":"publish","type":"product","link":"https:\/\/endormoonstore.com\/en\/monkey-d-luffy-gear-5-one-piece-s-h-figuarts\/","title":{"rendered":"Monkey D. Luffy Gear 5 One Piece S.H Figuarts"},"content":{"rendered":"<p class=\"p1\"><b>Monkey D. Luffy Gear 5 One Piece S.H Figuarts<\/b><\/p>\n<ul class=\"ul1\">\n<li class=\"li1\">Tamashii Nations presenta, dentro de la colecci\u00f3n S.H Figuarts, la figura de Monkey D. Luffy Gear 5. Est\u00e1 basada en su aparici\u00f3n en el anime &#8220;One Piece&#8221; y mide 15,5 cm.<\/li>\n<li class=\"li1\">Con un modelo reci\u00e9n creado, los brazos y piernas de esta figura est\u00e1n hechos\u00a0 para brindar una abrumadora libertad de posabilidad y movimiento.<\/li>\n<li class=\"li1\">Incluye 4x piezas faciales intercambiables (cara sonriente, orgullosa, sorprendida y gritona), 3x pares de manos intercambiables, brazos estirados, Kaminari,<\/li>\n<li class=\"li1\">1x soporte y un juego de piezas de cabeza para la figura de Monkey D. Luffy The Raid on Onigashima (se vende por separado).<\/li>\n<\/ul>\n","protected":false},"excerpt":{"rendered":"<p><strong>Monkey D. Luffy Gear 5 One Piece S.H Figuarts<\/strong><\/p>\n<p>Tamashii Nations presenta, dentro de la colecci\u00f3n S.H Figuarts, la figura de Monkey D. Luffy Gear 5. Est\u00e1 basada en su aparici\u00f3n en el anime &#8220;One Piece&#8221; y mide 15,5 cm.<\/p>\n","protected":false},"featured_media":151824,"template":"","meta":{"_acf_changed":false,"_kad_blocks_custom_css":"","_kad_blocks_head_custom_js":"","_kad_blocks_body_custom_js":"","_kad_blocks_footer_custom_js":""},"product_cat":[1390,13511],"product_tag":[],"class_list":{"0":"post-151841","1":"product","2":"type-product","3":"status-publish","4":"has-post-thumbnail","6":"product_cat-figures","7":"product_cat-new-arrivals","8":"pa_brand-tamashii-nations-en","9":"pa_character-monkey-d-luffy-en","10":"pa_license-one-piece-en","11":"pa_product-type-figure","12":"pa_theme-s-h-figuarts-en","14":"first","15":"outofstock","16":"taxable","17":"shipping-taxable","18":"purchasable","19":"product-type-simple"},"acf":[],"yoast_head":"<!-- This site is optimized with the Yoast SEO plugin v26.1.1 - https:\/\/yoast.com\/wordpress\/plugins\/seo\/ -->\n<title>Monkey D. Luffy Gear 5 One Piece S.H Figuarts - EndormoonStore<\/title>\n<meta name=\"robots\" content=\"index, follow, max-snippet:-1, max-image-preview:large, max-video-preview:-1\" \/>\n<link rel=\"canonical\" href=\"https:\/\/endormoonstore.com\/en\/monkey-d-luffy-gear-5-one-piece-s-h-figuarts\/\" \/>\n<meta property=\"og:locale\" content=\"en_US\" \/>\n<meta property=\"og:type\" content=\"article\" \/>\n<meta property=\"og:title\" content=\"Monkey D. Luffy Gear 5 One Piece S.H Figuarts - EndormoonStore\" \/>\n<meta property=\"og:description\" content=\"Monkey D. Luffy Gear 5 One Piece S.H Figuarts  Tamashii Nations presenta, dentro de la colecci\u00f3n S.H Figuarts, la figura de Monkey D. Luffy Gear 5. Est\u00e1 basada en su aparici\u00f3n en el anime &quot;One Piece&quot; y mide 15,5 cm.\" \/>\n<meta property=\"og:url\" content=\"https:\/\/endormoonstore.com\/en\/monkey-d-luffy-gear-5-one-piece-s-h-figuarts\/\" \/>\n<meta property=\"og:site_name\" content=\"EndormoonStore\" \/>\n<meta property=\"og:image\" content=\"https:\/\/endormoonstore.com\/wp-content\/uploads\/2023\/11\/Monkey-D.-Luffy-Gear-5-One-Piece-S.H-Figuarts-1.jpg\" \/>\n\t<meta property=\"og:image:width\" content=\"799\" \/>\n\t<meta property=\"og:image:height\" content=\"1200\" \/>\n\t<meta property=\"og:image:type\" content=\"image\/jpeg\" \/>\n<meta name=\"twitter:card\" content=\"summary_large_image\" \/>\n<meta name=\"twitter:label1\" content=\"Est. reading time\" \/>\n\t<meta name=\"twitter:data1\" content=\"1 minute\" \/>\n<script type=\"application\/ld+json\" class=\"yoast-schema-graph\">{\"@context\":\"https:\/\/schema.org\",\"@graph\":[{\"@type\":\"WebPage\",\"@id\":\"https:\/\/endormoonstore.com\/en\/monkey-d-luffy-gear-5-one-piece-s-h-figuarts\/\",\"url\":\"https:\/\/endormoonstore.com\/en\/monkey-d-luffy-gear-5-one-piece-s-h-figuarts\/\",\"name\":\"Monkey D. Luffy Gear 5 One Piece S.H Figuarts - EndormoonStore\",\"isPartOf\":{\"@id\":\"https:\/\/endormoonstore.com\/#website\"},\"primaryImageOfPage\":{\"@id\":\"https:\/\/endormoonstore.com\/en\/monkey-d-luffy-gear-5-one-piece-s-h-figuarts\/#primaryimage\"},\"image\":{\"@id\":\"https:\/\/endormoonstore.com\/en\/monkey-d-luffy-gear-5-one-piece-s-h-figuarts\/#primaryimage\"},\"thumbnailUrl\":\"https:\/\/endormoonstore.com\/wp-content\/uploads\/2023\/11\/Monkey-D.-Luffy-Gear-5-One-Piece-S.H-Figuarts-1.jpg\",\"datePublished\":\"2024-05-27T23:05:40+00:00\",\"breadcrumb\":{\"@id\":\"https:\/\/endormoonstore.com\/en\/monkey-d-luffy-gear-5-one-piece-s-h-figuarts\/#breadcrumb\"},\"inLanguage\":\"en-US\",\"potentialAction\":[{\"@type\":\"ReadAction\",\"target\":[\"https:\/\/endormoonstore.com\/en\/monkey-d-luffy-gear-5-one-piece-s-h-figuarts\/\"]}]},{\"@type\":\"ImageObject\",\"inLanguage\":\"en-US\",\"@id\":\"https:\/\/endormoonstore.com\/en\/monkey-d-luffy-gear-5-one-piece-s-h-figuarts\/#primaryimage\",\"url\":\"https:\/\/endormoonstore.com\/wp-content\/uploads\/2023\/11\/Monkey-D.-Luffy-Gear-5-One-Piece-S.H-Figuarts-1.jpg\",\"contentUrl\":\"https:\/\/endormoonstore.com\/wp-content\/uploads\/2023\/11\/Monkey-D.-Luffy-Gear-5-One-Piece-S.H-Figuarts-1.jpg\",\"width\":799,\"height\":1200},{\"@type\":\"BreadcrumbList\",\"@id\":\"https:\/\/endormoonstore.com\/en\/monkey-d-luffy-gear-5-one-piece-s-h-figuarts\/#breadcrumb\",\"itemListElement\":[{\"@type\":\"ListItem\",\"position\":1,\"name\":\"Shop\",\"item\":\"https:\/\/endormoonstore.com\/en\/shop\/\"},{\"@type\":\"ListItem\",\"position\":2,\"name\":\"Monkey D. Luffy Gear 5 One Piece S.H Figuarts\"}]},{\"@type\":\"WebSite\",\"@id\":\"https:\/\/endormoonstore.com\/#website\",\"url\":\"https:\/\/endormoonstore.com\/\",\"name\":\"EndormoonStore\",\"description\":\"\",\"potentialAction\":[{\"@type\":\"SearchAction\",\"target\":{\"@type\":\"EntryPoint\",\"urlTemplate\":\"https:\/\/endormoonstore.com\/?s={search_term_string}\"},\"query-input\":{\"@type\":\"PropertyValueSpecification\",\"valueRequired\":true,\"valueName\":\"search_term_string\"}}],\"inLanguage\":\"en-US\"}]}<\/script>\n<!-- \/ Yoast SEO plugin. -->","yoast_head_json":{"title":"Monkey D. Luffy Gear 5 One Piece S.H Figuarts - EndormoonStore","robots":{"index":"index","follow":"follow","max-snippet":"max-snippet:-1","max-image-preview":"max-image-preview:large","max-video-preview":"max-video-preview:-1"},"canonical":"https:\/\/endormoonstore.com\/en\/monkey-d-luffy-gear-5-one-piece-s-h-figuarts\/","og_locale":"en_US","og_type":"article","og_title":"Monkey D. Luffy Gear 5 One Piece S.H Figuarts - EndormoonStore","og_description":"Monkey D. Luffy Gear 5 One Piece S.H Figuarts  Tamashii Nations presenta, dentro de la colecci\u00f3n S.H Figuarts, la figura de Monkey D. Luffy Gear 5. Est\u00e1 basada en su aparici\u00f3n en el anime \"One Piece\" y mide 15,5 cm.","og_url":"https:\/\/endormoonstore.com\/en\/monkey-d-luffy-gear-5-one-piece-s-h-figuarts\/","og_site_name":"EndormoonStore","og_image":[{"width":799,"height":1200,"url":"https:\/\/endormoonstore.com\/wp-content\/uploads\/2023\/11\/Monkey-D.-Luffy-Gear-5-One-Piece-S.H-Figuarts-1.jpg","type":"image\/jpeg"}],"twitter_card":"summary_large_image","twitter_misc":{"Est. reading time":"1 minute"},"schema":{"@context":"https:\/\/schema.org","@graph":[{"@type":"WebPage","@id":"https:\/\/endormoonstore.com\/en\/monkey-d-luffy-gear-5-one-piece-s-h-figuarts\/","url":"https:\/\/endormoonstore.com\/en\/monkey-d-luffy-gear-5-one-piece-s-h-figuarts\/","name":"Monkey D. Luffy Gear 5 One Piece S.H Figuarts - EndormoonStore","isPartOf":{"@id":"https:\/\/endormoonstore.com\/#website"},"primaryImageOfPage":{"@id":"https:\/\/endormoonstore.com\/en\/monkey-d-luffy-gear-5-one-piece-s-h-figuarts\/#primaryimage"},"image":{"@id":"https:\/\/endormoonstore.com\/en\/monkey-d-luffy-gear-5-one-piece-s-h-figuarts\/#primaryimage"},"thumbnailUrl":"https:\/\/endormoonstore.com\/wp-content\/uploads\/2023\/11\/Monkey-D.-Luffy-Gear-5-One-Piece-S.H-Figuarts-1.jpg","datePublished":"2024-05-27T23:05:40+00:00","breadcrumb":{"@id":"https:\/\/endormoonstore.com\/en\/monkey-d-luffy-gear-5-one-piece-s-h-figuarts\/#breadcrumb"},"inLanguage":"en-US","potentialAction":[{"@type":"ReadAction","target":["https:\/\/endormoonstore.com\/en\/monkey-d-luffy-gear-5-one-piece-s-h-figuarts\/"]}]},{"@type":"ImageObject","inLanguage":"en-US","@id":"https:\/\/endormoonstore.com\/en\/monkey-d-luffy-gear-5-one-piece-s-h-figuarts\/#primaryimage","url":"https:\/\/endormoonstore.com\/wp-content\/uploads\/2023\/11\/Monkey-D.-Luffy-Gear-5-One-Piece-S.H-Figuarts-1.jpg","contentUrl":"https:\/\/endormoonstore.com\/wp-content\/uploads\/2023\/11\/Monkey-D.-Luffy-Gear-5-One-Piece-S.H-Figuarts-1.jpg","width":799,"height":1200},{"@type":"BreadcrumbList","@id":"https:\/\/endormoonstore.com\/en\/monkey-d-luffy-gear-5-one-piece-s-h-figuarts\/#breadcrumb","itemListElement":[{"@type":"ListItem","position":1,"name":"Shop","item":"https:\/\/endormoonstore.com\/en\/shop\/"},{"@type":"ListItem","position":2,"name":"Monkey D. Luffy Gear 5 One Piece S.H Figuarts"}]},{"@type":"WebSite","@id":"https:\/\/endormoonstore.com\/#website","url":"https:\/\/endormoonstore.com\/","name":"EndormoonStore","description":"","potentialAction":[{"@type":"SearchAction","target":{"@type":"EntryPoint","urlTemplate":"https:\/\/endormoonstore.com\/?s={search_term_string}"},"query-input":{"@type":"PropertyValueSpecification","valueRequired":true,"valueName":"search_term_string"}}],"inLanguage":"en-US"}]}},"taxonomy_info":{"product_cat":[{"value":1390,"label":"Figures"},{"value":13511,"label":"New Arrivals"}],"pa_brand":[{"value":2096,"label":"Tamashii Nations"}],"pa_character":[{"value":13886,"label":"Monkey D. Luffy"}],"pa_license":[{"value":2894,"label":"One Piece"}],"pa_product-type":[{"value":2387,"label":"Figure"}],"pa_theme":[{"value":1813,"label":"S.H. Figuarts"}]},"featured_image_src_large":["https:\/\/endormoonstore.com\/wp-content\/uploads\/2023\/11\/Monkey-D.-Luffy-Gear-5-One-Piece-S.H-Figuarts-1.jpg",799,1200,false],"author_info":[],"comment_info":"","_links":{"self":[{"href":"https:\/\/endormoonstore.com\/en\/wp-json\/wp\/v2\/product\/151841","targetHints":{"allow":["GET"]}}],"collection":[{"href":"https:\/\/endormoonstore.com\/en\/wp-json\/wp\/v2\/product"}],"about":[{"href":"https:\/\/endormoonstore.com\/en\/wp-json\/wp\/v2\/types\/product"}],"wp:featuredmedia":[{"embeddable":true,"href":"https:\/\/endormoonstore.com\/en\/wp-json\/wp\/v2\/media\/151824"}],"wp:attachment":[{"href":"https:\/\/endormoonstore.com\/en\/wp-json\/wp\/v2\/media?parent=151841"}],"wp:term":[{"taxonomy":"product_cat","embeddable":true,"href":"https:\/\/endormoonstore.com\/en\/wp-json\/wp\/v2\/product_cat?post=151841"},{"taxonomy":"product_tag","embeddable":true,"href":"https:\/\/endormoonstore.com\/en\/wp-json\/wp\/v2\/product_tag?post=151841"}],"curies":[{"name":"wp","href":"https:\/\/api.w.org\/{rel}","templated":true}]}}