{"id":151509,"date":"2023-10-24T00:00:41","date_gmt":"2023-10-23T22:00:41","guid":{"rendered":"https:\/\/endormoonstore.com\/duke-deluxe-edition-g-i-joe-one12-collective\/"},"modified":"2023-10-24T14:43:38","modified_gmt":"2023-10-24T12:43:38","slug":"duke-deluxe-edition-g-i-joe-one12-collective","status":"publish","type":"product","link":"https:\/\/endormoonstore.com\/en\/duke-deluxe-edition-g-i-joe-one12-collective\/","title":{"rendered":"Duke Deluxe Edition G.I. Joe One:12 Collective"},"content":{"rendered":"<p><strong>Duke Deluxe Edition G.I. Joe One:12 Collective<\/strong><\/p>\n<ul>\n<li>\u00a1Ingresa Duke, el intr\u00e9pido comandante de campo del equipo GI Joe y la \u00faltima incorporaci\u00f3n al Colectivo One:12!<\/li>\n<li>El One:12 Collective Duke est\u00e1 listo y cargado, vestido con una camisa de sargento, una bufanda, un arn\u00e9s de pecho extra\u00edble, pantalones cargo, botas de combate resistentes y un cintur\u00f3n de herramientas que ofrece almacenamiento para su armamento.<\/li>\n<li>El h\u00e9roe presenta tres retratos de cabezas intercambiables con diferentes expresiones y trece manos intercambiables para poses din\u00e1micas.<\/li>\n<li>Libera la potencia de fuego con un arsenal impresionante: Duke est\u00e1 equipado con un lanzagranadas, una ametralladora, una pistola, seis granadas de mano en dos estilos distintos, un cuchillo y efectos especiales para m\u00faltiples armas.<\/li>\n<li>Viene completo con equipo militar que incluye su casco caracter\u00edstico, un walkie-talkie, una pala plegable, binoculares, una cantimplora y una mochila vers\u00e1til con varias opciones de almacenamiento.<\/li>\n<li>Al liderar a sus compa\u00f1eros Joes en la batalla y enfrentarse a las fuerzas nefastas de Cobra, la determinaci\u00f3n inquebrantable de Duke y su compromiso por la justicia lo han convertido en un s\u00edmbolo atemporal y querido de hero\u00edsmo.<\/li>\n<li>Cuenta con m\u00e1s de 32 puntos de articulaci\u00f3n y mide unos 17 cm viene entre las multiples cosas descritas con una base con logotipo y 1x poste de exposici\u00f3n.<\/li>\n<\/ul>\n","protected":false},"excerpt":{"rendered":"<p><strong>Duke Deluxe Edition G.I. Joe One:12 Collective<\/strong><\/p>\n<p>\u00a1Ingresa Duke, el intr\u00e9pido comandante de campo del equipo GI Joe y la \u00faltima incorporaci\u00f3n al Colectivo One:12!<\/p>\n","protected":false},"featured_media":151480,"template":"","meta":{"_acf_changed":false,"_kad_blocks_custom_css":"","_kad_blocks_head_custom_js":"","_kad_blocks_body_custom_js":"","_kad_blocks_footer_custom_js":""},"product_cat":[1390,13511],"product_tag":[],"class_list":{"0":"post-151509","1":"product","2":"type-product","3":"status-publish","4":"has-post-thumbnail","6":"product_cat-figures","7":"product_cat-new-arrivals","8":"pa_brand-mezco-toyz-en","9":"pa_character-duke-en","10":"pa_license-g-i-joe-en","11":"pa_product-type-figure","12":"pa_theme-one12-collective-en","14":"first","15":"outofstock","16":"taxable","17":"shipping-taxable","18":"purchasable","19":"product-type-simple"},"acf":[],"yoast_head":"<!-- This site is optimized with the Yoast SEO plugin v26.1.1 - https:\/\/yoast.com\/wordpress\/plugins\/seo\/ -->\n<title>Duke Deluxe Edition G.I. Joe One:12 Collective - EndormoonStore<\/title>\n<meta name=\"robots\" content=\"index, follow, max-snippet:-1, max-image-preview:large, max-video-preview:-1\" \/>\n<link rel=\"canonical\" href=\"https:\/\/endormoonstore.com\/en\/duke-deluxe-edition-g-i-joe-one12-collective\/\" \/>\n<meta property=\"og:locale\" content=\"en_US\" \/>\n<meta property=\"og:type\" content=\"article\" \/>\n<meta property=\"og:title\" content=\"Duke Deluxe Edition G.I. Joe One:12 Collective - EndormoonStore\" \/>\n<meta property=\"og:description\" content=\"Duke Deluxe Edition G.I. Joe One:12 Collective  \u00a1Ingresa Duke, el intr\u00e9pido comandante de campo del equipo GI Joe y la \u00faltima incorporaci\u00f3n al Colectivo One:12!\" \/>\n<meta property=\"og:url\" content=\"https:\/\/endormoonstore.com\/en\/duke-deluxe-edition-g-i-joe-one12-collective\/\" \/>\n<meta property=\"og:site_name\" content=\"EndormoonStore\" \/>\n<meta property=\"article:modified_time\" content=\"2023-10-24T12:43:38+00:00\" \/>\n<meta property=\"og:image\" content=\"https:\/\/endormoonstore.com\/wp-content\/uploads\/2023\/10\/Duke-Deluxe-Edition-G.I.-Joe-One-12-Collective-1.jpeg\" \/>\n\t<meta property=\"og:image:width\" content=\"800\" \/>\n\t<meta property=\"og:image:height\" content=\"800\" \/>\n\t<meta property=\"og:image:type\" content=\"image\/jpeg\" \/>\n<meta name=\"twitter:card\" content=\"summary_large_image\" \/>\n<meta name=\"twitter:label1\" content=\"Est. reading time\" \/>\n\t<meta name=\"twitter:data1\" content=\"1 minute\" \/>\n<script type=\"application\/ld+json\" class=\"yoast-schema-graph\">{\"@context\":\"https:\/\/schema.org\",\"@graph\":[{\"@type\":\"WebPage\",\"@id\":\"https:\/\/endormoonstore.com\/en\/duke-deluxe-edition-g-i-joe-one12-collective\/\",\"url\":\"https:\/\/endormoonstore.com\/en\/duke-deluxe-edition-g-i-joe-one12-collective\/\",\"name\":\"Duke Deluxe Edition G.I. Joe One:12 Collective - EndormoonStore\",\"isPartOf\":{\"@id\":\"https:\/\/endormoonstore.com\/#website\"},\"primaryImageOfPage\":{\"@id\":\"https:\/\/endormoonstore.com\/en\/duke-deluxe-edition-g-i-joe-one12-collective\/#primaryimage\"},\"image\":{\"@id\":\"https:\/\/endormoonstore.com\/en\/duke-deluxe-edition-g-i-joe-one12-collective\/#primaryimage\"},\"thumbnailUrl\":\"https:\/\/endormoonstore.com\/wp-content\/uploads\/2023\/10\/Duke-Deluxe-Edition-G.I.-Joe-One-12-Collective-1.jpeg\",\"datePublished\":\"2023-10-23T22:00:41+00:00\",\"dateModified\":\"2023-10-24T12:43:38+00:00\",\"breadcrumb\":{\"@id\":\"https:\/\/endormoonstore.com\/en\/duke-deluxe-edition-g-i-joe-one12-collective\/#breadcrumb\"},\"inLanguage\":\"en-US\",\"potentialAction\":[{\"@type\":\"ReadAction\",\"target\":[\"https:\/\/endormoonstore.com\/en\/duke-deluxe-edition-g-i-joe-one12-collective\/\"]}]},{\"@type\":\"ImageObject\",\"inLanguage\":\"en-US\",\"@id\":\"https:\/\/endormoonstore.com\/en\/duke-deluxe-edition-g-i-joe-one12-collective\/#primaryimage\",\"url\":\"https:\/\/endormoonstore.com\/wp-content\/uploads\/2023\/10\/Duke-Deluxe-Edition-G.I.-Joe-One-12-Collective-1.jpeg\",\"contentUrl\":\"https:\/\/endormoonstore.com\/wp-content\/uploads\/2023\/10\/Duke-Deluxe-Edition-G.I.-Joe-One-12-Collective-1.jpeg\",\"width\":800,\"height\":800},{\"@type\":\"BreadcrumbList\",\"@id\":\"https:\/\/endormoonstore.com\/en\/duke-deluxe-edition-g-i-joe-one12-collective\/#breadcrumb\",\"itemListElement\":[{\"@type\":\"ListItem\",\"position\":1,\"name\":\"Shop\",\"item\":\"https:\/\/endormoonstore.com\/en\/shop\/\"},{\"@type\":\"ListItem\",\"position\":2,\"name\":\"Duke Deluxe Edition G.I. Joe One:12 Collective\"}]},{\"@type\":\"WebSite\",\"@id\":\"https:\/\/endormoonstore.com\/#website\",\"url\":\"https:\/\/endormoonstore.com\/\",\"name\":\"EndormoonStore\",\"description\":\"\",\"potentialAction\":[{\"@type\":\"SearchAction\",\"target\":{\"@type\":\"EntryPoint\",\"urlTemplate\":\"https:\/\/endormoonstore.com\/?s={search_term_string}\"},\"query-input\":{\"@type\":\"PropertyValueSpecification\",\"valueRequired\":true,\"valueName\":\"search_term_string\"}}],\"inLanguage\":\"en-US\"}]}<\/script>\n<!-- \/ Yoast SEO plugin. -->","yoast_head_json":{"title":"Duke Deluxe Edition G.I. Joe One:12 Collective - EndormoonStore","robots":{"index":"index","follow":"follow","max-snippet":"max-snippet:-1","max-image-preview":"max-image-preview:large","max-video-preview":"max-video-preview:-1"},"canonical":"https:\/\/endormoonstore.com\/en\/duke-deluxe-edition-g-i-joe-one12-collective\/","og_locale":"en_US","og_type":"article","og_title":"Duke Deluxe Edition G.I. Joe One:12 Collective - EndormoonStore","og_description":"Duke Deluxe Edition G.I. Joe One:12 Collective  \u00a1Ingresa Duke, el intr\u00e9pido comandante de campo del equipo GI Joe y la \u00faltima incorporaci\u00f3n al Colectivo One:12!","og_url":"https:\/\/endormoonstore.com\/en\/duke-deluxe-edition-g-i-joe-one12-collective\/","og_site_name":"EndormoonStore","article_modified_time":"2023-10-24T12:43:38+00:00","og_image":[{"width":800,"height":800,"url":"https:\/\/endormoonstore.com\/wp-content\/uploads\/2023\/10\/Duke-Deluxe-Edition-G.I.-Joe-One-12-Collective-1.jpeg","type":"image\/jpeg"}],"twitter_card":"summary_large_image","twitter_misc":{"Est. reading time":"1 minute"},"schema":{"@context":"https:\/\/schema.org","@graph":[{"@type":"WebPage","@id":"https:\/\/endormoonstore.com\/en\/duke-deluxe-edition-g-i-joe-one12-collective\/","url":"https:\/\/endormoonstore.com\/en\/duke-deluxe-edition-g-i-joe-one12-collective\/","name":"Duke Deluxe Edition G.I. Joe One:12 Collective - EndormoonStore","isPartOf":{"@id":"https:\/\/endormoonstore.com\/#website"},"primaryImageOfPage":{"@id":"https:\/\/endormoonstore.com\/en\/duke-deluxe-edition-g-i-joe-one12-collective\/#primaryimage"},"image":{"@id":"https:\/\/endormoonstore.com\/en\/duke-deluxe-edition-g-i-joe-one12-collective\/#primaryimage"},"thumbnailUrl":"https:\/\/endormoonstore.com\/wp-content\/uploads\/2023\/10\/Duke-Deluxe-Edition-G.I.-Joe-One-12-Collective-1.jpeg","datePublished":"2023-10-23T22:00:41+00:00","dateModified":"2023-10-24T12:43:38+00:00","breadcrumb":{"@id":"https:\/\/endormoonstore.com\/en\/duke-deluxe-edition-g-i-joe-one12-collective\/#breadcrumb"},"inLanguage":"en-US","potentialAction":[{"@type":"ReadAction","target":["https:\/\/endormoonstore.com\/en\/duke-deluxe-edition-g-i-joe-one12-collective\/"]}]},{"@type":"ImageObject","inLanguage":"en-US","@id":"https:\/\/endormoonstore.com\/en\/duke-deluxe-edition-g-i-joe-one12-collective\/#primaryimage","url":"https:\/\/endormoonstore.com\/wp-content\/uploads\/2023\/10\/Duke-Deluxe-Edition-G.I.-Joe-One-12-Collective-1.jpeg","contentUrl":"https:\/\/endormoonstore.com\/wp-content\/uploads\/2023\/10\/Duke-Deluxe-Edition-G.I.-Joe-One-12-Collective-1.jpeg","width":800,"height":800},{"@type":"BreadcrumbList","@id":"https:\/\/endormoonstore.com\/en\/duke-deluxe-edition-g-i-joe-one12-collective\/#breadcrumb","itemListElement":[{"@type":"ListItem","position":1,"name":"Shop","item":"https:\/\/endormoonstore.com\/en\/shop\/"},{"@type":"ListItem","position":2,"name":"Duke Deluxe Edition G.I. Joe One:12 Collective"}]},{"@type":"WebSite","@id":"https:\/\/endormoonstore.com\/#website","url":"https:\/\/endormoonstore.com\/","name":"EndormoonStore","description":"","potentialAction":[{"@type":"SearchAction","target":{"@type":"EntryPoint","urlTemplate":"https:\/\/endormoonstore.com\/?s={search_term_string}"},"query-input":{"@type":"PropertyValueSpecification","valueRequired":true,"valueName":"search_term_string"}}],"inLanguage":"en-US"}]}},"taxonomy_info":{"product_cat":[{"value":1390,"label":"Figures"},{"value":13511,"label":"New Arrivals"}],"pa_brand":[{"value":1638,"label":"Mezco Toyz"}],"pa_character":[{"value":4763,"label":"Duke"}],"pa_license":[{"value":3032,"label":"G.I.Joe"}],"pa_product-type":[{"value":2387,"label":"Figure"}],"pa_theme":[{"value":1885,"label":"One:12 Collective"}]},"featured_image_src_large":["https:\/\/endormoonstore.com\/wp-content\/uploads\/2023\/10\/Duke-Deluxe-Edition-G.I.-Joe-One-12-Collective-1.jpeg",800,800,false],"author_info":[],"comment_info":"","_links":{"self":[{"href":"https:\/\/endormoonstore.com\/en\/wp-json\/wp\/v2\/product\/151509","targetHints":{"allow":["GET"]}}],"collection":[{"href":"https:\/\/endormoonstore.com\/en\/wp-json\/wp\/v2\/product"}],"about":[{"href":"https:\/\/endormoonstore.com\/en\/wp-json\/wp\/v2\/types\/product"}],"wp:featuredmedia":[{"embeddable":true,"href":"https:\/\/endormoonstore.com\/en\/wp-json\/wp\/v2\/media\/151480"}],"wp:attachment":[{"href":"https:\/\/endormoonstore.com\/en\/wp-json\/wp\/v2\/media?parent=151509"}],"wp:term":[{"taxonomy":"product_cat","embeddable":true,"href":"https:\/\/endormoonstore.com\/en\/wp-json\/wp\/v2\/product_cat?post=151509"},{"taxonomy":"product_tag","embeddable":true,"href":"https:\/\/endormoonstore.com\/en\/wp-json\/wp\/v2\/product_tag?post=151509"}],"curies":[{"name":"wp","href":"https:\/\/api.w.org\/{rel}","templated":true}]}}