{"id":151280,"date":"2023-10-10T01:10:23","date_gmt":"2023-10-09T23:10:23","guid":{"rendered":"https:\/\/endormoonstore.com\/star-wars-the-black-series-gaming-greats-the-old-republic-darth-malgus\/"},"modified":"2023-10-12T12:41:00","modified_gmt":"2023-10-12T10:41:00","slug":"star-wars-the-black-series-gaming-greats-the-old-republic-darth-malgus","status":"publish","type":"product","link":"https:\/\/endormoonstore.com\/en\/star-wars-the-black-series-gaming-greats-the-old-republic-darth-malgus\/","title":{"rendered":"Star Wars The Black Series Gaming Greats The Old Republic Darth Malgus"},"content":{"rendered":"<div class=\"pull-left margenDatosSecundarios\">\n<div id=\"ctl00_MainContent_dvSinopsis\" class=\"pull-left w100\">\n<p><strong>Star Wars The Black Series Gaming Greats The Old Republic Darth Malgus<\/strong><\/p>\n<ul>\n<li>Hasbro presenta dentro de su colecci\u00f3n Black Series Gaming Greats la figura de Darth Malgus, un legendario Lord Sith, emerge de su escondite con un plan misterioso que podr\u00eda asegurar su legado en los anales de los Sith.<\/li>\n<li>Esta figura coleccionable de Black Series de 15 cm est\u00e1 detallada para parecerse Darth Malgus est\u00e1 inspirada en el videojuego Star Wars: The Old Republi Republic, con detalles premium y m\u00faltiples puntos de articulaci\u00f3n.<\/li>\n<li>Incluye dos accesorios<\/li>\n<\/ul>\n<\/div>\n<\/div>\n<p>&nbsp;<\/p>\n<p>&nbsp;<\/p>\n","protected":false},"excerpt":{"rendered":"<p><strong>Star Wars The Black Series Gaming Greats The Old Republic Darth Malgus<\/strong><\/p>\n<p>Hasbro presenta dentro de su colecci\u00f3n Black Series Gaming Greats la figura de Darth Malgus, un legendario Lord Sith, emerge de su escondite con un plan misterioso que podr\u00eda asegurar su legado en los anales de los Sith.<\/p>\n","protected":false},"featured_media":151263,"template":"","meta":{"_acf_changed":false,"_kad_blocks_custom_css":"","_kad_blocks_head_custom_js":"","_kad_blocks_body_custom_js":"","_kad_blocks_footer_custom_js":""},"product_cat":[1390,13511],"product_tag":[],"class_list":{"0":"post-151280","1":"product","2":"type-product","3":"status-publish","4":"has-post-thumbnail","6":"product_cat-figures","7":"product_cat-new-arrivals","8":"pa_brand-hasbro-en","9":"pa_character-darth-malgus-en","10":"pa_episode-star-wars-the-old-republic-en","11":"pa_license-star-wars-en","12":"pa_product-type-figure","13":"pa_theme-the-black-series-en","15":"first","16":"outofstock","17":"taxable","18":"shipping-taxable","19":"purchasable","20":"product-type-simple"},"acf":[],"yoast_head":"<!-- This site is optimized with the Yoast SEO plugin v26.1.1 - https:\/\/yoast.com\/wordpress\/plugins\/seo\/ -->\n<title>Star Wars The Black Series Gaming Greats The Old Republic Darth Malgus - EndormoonStore<\/title>\n<meta name=\"robots\" content=\"index, follow, max-snippet:-1, max-image-preview:large, max-video-preview:-1\" \/>\n<link rel=\"canonical\" href=\"https:\/\/endormoonstore.com\/en\/star-wars-the-black-series-gaming-greats-the-old-republic-darth-malgus\/\" \/>\n<meta property=\"og:locale\" content=\"en_US\" \/>\n<meta property=\"og:type\" content=\"article\" \/>\n<meta property=\"og:title\" content=\"Star Wars The Black Series Gaming Greats The Old Republic Darth Malgus - EndormoonStore\" \/>\n<meta property=\"og:description\" content=\"Star Wars The Black Series Gaming Greats The Old Republic Darth Malgus  Hasbro presenta dentro de su colecci\u00f3n Black Series Gaming Greats la figura de Darth Malgus, un legendario Lord Sith, emerge de su escondite con un plan misterioso que podr\u00eda asegurar su legado en los anales de los Sith.\" \/>\n<meta property=\"og:url\" content=\"https:\/\/endormoonstore.com\/en\/star-wars-the-black-series-gaming-greats-the-old-republic-darth-malgus\/\" \/>\n<meta property=\"og:site_name\" content=\"EndormoonStore\" \/>\n<meta property=\"article:modified_time\" content=\"2023-10-12T10:41:00+00:00\" \/>\n<meta property=\"og:image\" content=\"https:\/\/endormoonstore.com\/wp-content\/uploads\/2023\/10\/Star-Wars-The-Black-Series-Gaming-Greats-Star-Wars-The-Old-Republic-Darth-Malgus-1.jpg\" \/>\n\t<meta property=\"og:image:width\" content=\"1000\" \/>\n\t<meta property=\"og:image:height\" content=\"1000\" \/>\n\t<meta property=\"og:image:type\" content=\"image\/jpeg\" \/>\n<meta name=\"twitter:card\" content=\"summary_large_image\" \/>\n<meta name=\"twitter:label1\" content=\"Est. reading time\" \/>\n\t<meta name=\"twitter:data1\" content=\"1 minute\" \/>\n<script type=\"application\/ld+json\" class=\"yoast-schema-graph\">{\"@context\":\"https:\/\/schema.org\",\"@graph\":[{\"@type\":\"WebPage\",\"@id\":\"https:\/\/endormoonstore.com\/en\/star-wars-the-black-series-gaming-greats-the-old-republic-darth-malgus\/\",\"url\":\"https:\/\/endormoonstore.com\/en\/star-wars-the-black-series-gaming-greats-the-old-republic-darth-malgus\/\",\"name\":\"Star Wars The Black Series Gaming Greats The Old Republic Darth Malgus - EndormoonStore\",\"isPartOf\":{\"@id\":\"https:\/\/endormoonstore.com\/#website\"},\"primaryImageOfPage\":{\"@id\":\"https:\/\/endormoonstore.com\/en\/star-wars-the-black-series-gaming-greats-the-old-republic-darth-malgus\/#primaryimage\"},\"image\":{\"@id\":\"https:\/\/endormoonstore.com\/en\/star-wars-the-black-series-gaming-greats-the-old-republic-darth-malgus\/#primaryimage\"},\"thumbnailUrl\":\"https:\/\/endormoonstore.com\/wp-content\/uploads\/2023\/10\/Star-Wars-The-Black-Series-Gaming-Greats-Star-Wars-The-Old-Republic-Darth-Malgus-1.jpg\",\"datePublished\":\"2023-10-09T23:10:23+00:00\",\"dateModified\":\"2023-10-12T10:41:00+00:00\",\"breadcrumb\":{\"@id\":\"https:\/\/endormoonstore.com\/en\/star-wars-the-black-series-gaming-greats-the-old-republic-darth-malgus\/#breadcrumb\"},\"inLanguage\":\"en-US\",\"potentialAction\":[{\"@type\":\"ReadAction\",\"target\":[\"https:\/\/endormoonstore.com\/en\/star-wars-the-black-series-gaming-greats-the-old-republic-darth-malgus\/\"]}]},{\"@type\":\"ImageObject\",\"inLanguage\":\"en-US\",\"@id\":\"https:\/\/endormoonstore.com\/en\/star-wars-the-black-series-gaming-greats-the-old-republic-darth-malgus\/#primaryimage\",\"url\":\"https:\/\/endormoonstore.com\/wp-content\/uploads\/2023\/10\/Star-Wars-The-Black-Series-Gaming-Greats-Star-Wars-The-Old-Republic-Darth-Malgus-1.jpg\",\"contentUrl\":\"https:\/\/endormoonstore.com\/wp-content\/uploads\/2023\/10\/Star-Wars-The-Black-Series-Gaming-Greats-Star-Wars-The-Old-Republic-Darth-Malgus-1.jpg\",\"width\":1000,\"height\":1000},{\"@type\":\"BreadcrumbList\",\"@id\":\"https:\/\/endormoonstore.com\/en\/star-wars-the-black-series-gaming-greats-the-old-republic-darth-malgus\/#breadcrumb\",\"itemListElement\":[{\"@type\":\"ListItem\",\"position\":1,\"name\":\"Shop\",\"item\":\"https:\/\/endormoonstore.com\/en\/shop\/\"},{\"@type\":\"ListItem\",\"position\":2,\"name\":\"Star Wars The Black Series Gaming Greats The Old Republic Darth Malgus\"}]},{\"@type\":\"WebSite\",\"@id\":\"https:\/\/endormoonstore.com\/#website\",\"url\":\"https:\/\/endormoonstore.com\/\",\"name\":\"EndormoonStore\",\"description\":\"\",\"potentialAction\":[{\"@type\":\"SearchAction\",\"target\":{\"@type\":\"EntryPoint\",\"urlTemplate\":\"https:\/\/endormoonstore.com\/?s={search_term_string}\"},\"query-input\":{\"@type\":\"PropertyValueSpecification\",\"valueRequired\":true,\"valueName\":\"search_term_string\"}}],\"inLanguage\":\"en-US\"}]}<\/script>\n<!-- \/ Yoast SEO plugin. -->","yoast_head_json":{"title":"Star Wars The Black Series Gaming Greats The Old Republic Darth Malgus - EndormoonStore","robots":{"index":"index","follow":"follow","max-snippet":"max-snippet:-1","max-image-preview":"max-image-preview:large","max-video-preview":"max-video-preview:-1"},"canonical":"https:\/\/endormoonstore.com\/en\/star-wars-the-black-series-gaming-greats-the-old-republic-darth-malgus\/","og_locale":"en_US","og_type":"article","og_title":"Star Wars The Black Series Gaming Greats The Old Republic Darth Malgus - EndormoonStore","og_description":"Star Wars The Black Series Gaming Greats The Old Republic Darth Malgus  Hasbro presenta dentro de su colecci\u00f3n Black Series Gaming Greats la figura de Darth Malgus, un legendario Lord Sith, emerge de su escondite con un plan misterioso que podr\u00eda asegurar su legado en los anales de los Sith.","og_url":"https:\/\/endormoonstore.com\/en\/star-wars-the-black-series-gaming-greats-the-old-republic-darth-malgus\/","og_site_name":"EndormoonStore","article_modified_time":"2023-10-12T10:41:00+00:00","og_image":[{"width":1000,"height":1000,"url":"https:\/\/endormoonstore.com\/wp-content\/uploads\/2023\/10\/Star-Wars-The-Black-Series-Gaming-Greats-Star-Wars-The-Old-Republic-Darth-Malgus-1.jpg","type":"image\/jpeg"}],"twitter_card":"summary_large_image","twitter_misc":{"Est. reading time":"1 minute"},"schema":{"@context":"https:\/\/schema.org","@graph":[{"@type":"WebPage","@id":"https:\/\/endormoonstore.com\/en\/star-wars-the-black-series-gaming-greats-the-old-republic-darth-malgus\/","url":"https:\/\/endormoonstore.com\/en\/star-wars-the-black-series-gaming-greats-the-old-republic-darth-malgus\/","name":"Star Wars The Black Series Gaming Greats The Old Republic Darth Malgus - EndormoonStore","isPartOf":{"@id":"https:\/\/endormoonstore.com\/#website"},"primaryImageOfPage":{"@id":"https:\/\/endormoonstore.com\/en\/star-wars-the-black-series-gaming-greats-the-old-republic-darth-malgus\/#primaryimage"},"image":{"@id":"https:\/\/endormoonstore.com\/en\/star-wars-the-black-series-gaming-greats-the-old-republic-darth-malgus\/#primaryimage"},"thumbnailUrl":"https:\/\/endormoonstore.com\/wp-content\/uploads\/2023\/10\/Star-Wars-The-Black-Series-Gaming-Greats-Star-Wars-The-Old-Republic-Darth-Malgus-1.jpg","datePublished":"2023-10-09T23:10:23+00:00","dateModified":"2023-10-12T10:41:00+00:00","breadcrumb":{"@id":"https:\/\/endormoonstore.com\/en\/star-wars-the-black-series-gaming-greats-the-old-republic-darth-malgus\/#breadcrumb"},"inLanguage":"en-US","potentialAction":[{"@type":"ReadAction","target":["https:\/\/endormoonstore.com\/en\/star-wars-the-black-series-gaming-greats-the-old-republic-darth-malgus\/"]}]},{"@type":"ImageObject","inLanguage":"en-US","@id":"https:\/\/endormoonstore.com\/en\/star-wars-the-black-series-gaming-greats-the-old-republic-darth-malgus\/#primaryimage","url":"https:\/\/endormoonstore.com\/wp-content\/uploads\/2023\/10\/Star-Wars-The-Black-Series-Gaming-Greats-Star-Wars-The-Old-Republic-Darth-Malgus-1.jpg","contentUrl":"https:\/\/endormoonstore.com\/wp-content\/uploads\/2023\/10\/Star-Wars-The-Black-Series-Gaming-Greats-Star-Wars-The-Old-Republic-Darth-Malgus-1.jpg","width":1000,"height":1000},{"@type":"BreadcrumbList","@id":"https:\/\/endormoonstore.com\/en\/star-wars-the-black-series-gaming-greats-the-old-republic-darth-malgus\/#breadcrumb","itemListElement":[{"@type":"ListItem","position":1,"name":"Shop","item":"https:\/\/endormoonstore.com\/en\/shop\/"},{"@type":"ListItem","position":2,"name":"Star Wars The Black Series Gaming Greats The Old Republic Darth Malgus"}]},{"@type":"WebSite","@id":"https:\/\/endormoonstore.com\/#website","url":"https:\/\/endormoonstore.com\/","name":"EndormoonStore","description":"","potentialAction":[{"@type":"SearchAction","target":{"@type":"EntryPoint","urlTemplate":"https:\/\/endormoonstore.com\/?s={search_term_string}"},"query-input":{"@type":"PropertyValueSpecification","valueRequired":true,"valueName":"search_term_string"}}],"inLanguage":"en-US"}]}},"taxonomy_info":{"product_cat":[{"value":1390,"label":"Figures"},{"value":13511,"label":"New Arrivals"}],"pa_brand":[{"value":2084,"label":"Hasbro"}],"pa_character":[{"value":13963,"label":"Darth Malgus"}],"pa_episode":[{"value":12519,"label":"Star Wars: The Old Republic"}],"pa_license":[{"value":1644,"label":"Star Wars"}],"pa_product-type":[{"value":2387,"label":"Figure"}],"pa_theme":[{"value":2552,"label":"The Black Series"}]},"featured_image_src_large":["https:\/\/endormoonstore.com\/wp-content\/uploads\/2023\/10\/Star-Wars-The-Black-Series-Gaming-Greats-Star-Wars-The-Old-Republic-Darth-Malgus-1.jpg",1000,1000,false],"author_info":[],"comment_info":"","_links":{"self":[{"href":"https:\/\/endormoonstore.com\/en\/wp-json\/wp\/v2\/product\/151280","targetHints":{"allow":["GET"]}}],"collection":[{"href":"https:\/\/endormoonstore.com\/en\/wp-json\/wp\/v2\/product"}],"about":[{"href":"https:\/\/endormoonstore.com\/en\/wp-json\/wp\/v2\/types\/product"}],"wp:featuredmedia":[{"embeddable":true,"href":"https:\/\/endormoonstore.com\/en\/wp-json\/wp\/v2\/media\/151263"}],"wp:attachment":[{"href":"https:\/\/endormoonstore.com\/en\/wp-json\/wp\/v2\/media?parent=151280"}],"wp:term":[{"taxonomy":"product_cat","embeddable":true,"href":"https:\/\/endormoonstore.com\/en\/wp-json\/wp\/v2\/product_cat?post=151280"},{"taxonomy":"product_tag","embeddable":true,"href":"https:\/\/endormoonstore.com\/en\/wp-json\/wp\/v2\/product_tag?post=151280"}],"curies":[{"name":"wp","href":"https:\/\/api.w.org\/{rel}","templated":true}]}}