{"id":151240,"date":"2023-10-10T01:00:00","date_gmt":"2023-10-09T23:00:00","guid":{"rendered":"https:\/\/endormoonstore.com\/star-wars-the-black-series-gaming-greats-knights-of-the-old-republic-darth-malak\/"},"modified":"2023-10-12T11:45:39","modified_gmt":"2023-10-12T09:45:39","slug":"star-wars-the-black-series-gaming-greats-knights-of-the-old-republic-darth-malak","status":"publish","type":"product","link":"https:\/\/endormoonstore.com\/en\/star-wars-the-black-series-gaming-greats-knights-of-the-old-republic-darth-malak\/","title":{"rendered":"Star Wars The Black Series Gaming Greats Knights of the Old Republic Darth Malak"},"content":{"rendered":"<div class=\"pull-left margenDatosSecundarios\">\n<div id=\"ctl00_MainContent_dvSinopsis\" class=\"pull-left w100\">\n<p><strong>Star Wars The Black Series Gaming Greats Knights of the Old Republic Darth Malak<\/strong><\/p>\n<ul>\n<li>Hasbro presenta dentro de su colecci\u00f3n Black Series Gaming Greats la figura Darth Malak. Fue na vez el aprendiz de Darth Revan, un Jedi ca\u00eddo convertido en Lord Sith. Revan finalmente desapareci\u00f3 (se presume muerto) y Malak se embarc\u00f3 en su misi\u00f3n de conquistar la galaxia por su cuenta.<\/li>\n<li>Esta figura coleccionable de Black Series de 15 cm est\u00e1 detallada para parecerse al personaje de Darth Malak de Star Wars: Knights of the Old Republic, con detalles premium y m\u00faltiples puntos de articulaci\u00f3n.<\/li>\n<li>Incluye un sable de luz..<\/li>\n<\/ul>\n<\/div>\n<\/div>\n<p>&nbsp;<\/p>\n<p>&nbsp;<\/p>\n","protected":false},"excerpt":{"rendered":"<p><strong>Star Wars The Black Series Gaming Greats Knights of the Old Republic Darth Malak<\/strong><\/p>\n<p>Hasbro presenta dentro de su colecci\u00f3n Black Series Gaming Greats la figura Darth Malak. Fue na vez el aprendiz de Darth Revan, un Jedi ca\u00eddo convertido en Lord Sith. Revan finalmente desapareci\u00f3 (se presume muerto) y Malak se embarc\u00f3 en su misi\u00f3n de conquistar la galaxia por su cuenta.<\/p>\n","protected":false},"featured_media":151225,"template":"","meta":{"_acf_changed":false,"_kad_blocks_custom_css":"","_kad_blocks_head_custom_js":"","_kad_blocks_body_custom_js":"","_kad_blocks_footer_custom_js":""},"product_cat":[1390,13511],"product_tag":[],"class_list":{"0":"post-151240","1":"product","2":"type-product","3":"status-publish","4":"has-post-thumbnail","6":"product_cat-figures","7":"product_cat-new-arrivals","8":"pa_brand-hasbro-en","9":"pa_character-darth-malak-en","10":"pa_episode-star-wars-knights-of-the-old-republic-en","11":"pa_license-star-wars-en","12":"pa_product-type-figure","13":"pa_theme-the-black-series-en","15":"first","16":"outofstock","17":"taxable","18":"shipping-taxable","19":"purchasable","20":"product-type-simple"},"acf":[],"yoast_head":"<!-- This site is optimized with the Yoast SEO plugin v26.1.1 - https:\/\/yoast.com\/wordpress\/plugins\/seo\/ -->\n<title>Star Wars The Black Series Gaming Greats Knights of the Old Republic Darth Malak - EndormoonStore<\/title>\n<meta name=\"robots\" content=\"index, follow, max-snippet:-1, max-image-preview:large, max-video-preview:-1\" \/>\n<link rel=\"canonical\" href=\"https:\/\/endormoonstore.com\/en\/star-wars-the-black-series-gaming-greats-knights-of-the-old-republic-darth-malak\/\" \/>\n<meta property=\"og:locale\" content=\"en_US\" \/>\n<meta property=\"og:type\" content=\"article\" \/>\n<meta property=\"og:title\" content=\"Star Wars The Black Series Gaming Greats Knights of the Old Republic Darth Malak - EndormoonStore\" \/>\n<meta property=\"og:description\" content=\"Star Wars The Black Series Gaming Greats Knights of the Old Republic Darth Malak  Hasbro presenta dentro de su colecci\u00f3n Black Series Gaming Greats la figura Darth Malak. Fue na vez el aprendiz de Darth Revan, un Jedi ca\u00eddo convertido en Lord Sith. Revan finalmente desapareci\u00f3 (se presume muerto) y Malak se embarc\u00f3 en su misi\u00f3n de conquistar la galaxia por su cuenta.\" \/>\n<meta property=\"og:url\" content=\"https:\/\/endormoonstore.com\/en\/star-wars-the-black-series-gaming-greats-knights-of-the-old-republic-darth-malak\/\" \/>\n<meta property=\"og:site_name\" content=\"EndormoonStore\" \/>\n<meta property=\"article:modified_time\" content=\"2023-10-12T09:45:39+00:00\" \/>\n<meta property=\"og:image\" content=\"https:\/\/endormoonstore.com\/wp-content\/uploads\/2023\/10\/Star-Wars-The-Black-Series-Gaming-Greats-Star-Wars-Knights-of-the-Old-Republic-Darth-Malak-1.jpg\" \/>\n\t<meta property=\"og:image:width\" content=\"1000\" \/>\n\t<meta property=\"og:image:height\" content=\"1000\" \/>\n\t<meta property=\"og:image:type\" content=\"image\/jpeg\" \/>\n<meta name=\"twitter:card\" content=\"summary_large_image\" \/>\n<meta name=\"twitter:label1\" content=\"Est. reading time\" \/>\n\t<meta name=\"twitter:data1\" content=\"1 minute\" \/>\n<script type=\"application\/ld+json\" class=\"yoast-schema-graph\">{\"@context\":\"https:\/\/schema.org\",\"@graph\":[{\"@type\":\"WebPage\",\"@id\":\"https:\/\/endormoonstore.com\/en\/star-wars-the-black-series-gaming-greats-knights-of-the-old-republic-darth-malak\/\",\"url\":\"https:\/\/endormoonstore.com\/en\/star-wars-the-black-series-gaming-greats-knights-of-the-old-republic-darth-malak\/\",\"name\":\"Star Wars The Black Series Gaming Greats Knights of the Old Republic Darth Malak - EndormoonStore\",\"isPartOf\":{\"@id\":\"https:\/\/endormoonstore.com\/#website\"},\"primaryImageOfPage\":{\"@id\":\"https:\/\/endormoonstore.com\/en\/star-wars-the-black-series-gaming-greats-knights-of-the-old-republic-darth-malak\/#primaryimage\"},\"image\":{\"@id\":\"https:\/\/endormoonstore.com\/en\/star-wars-the-black-series-gaming-greats-knights-of-the-old-republic-darth-malak\/#primaryimage\"},\"thumbnailUrl\":\"https:\/\/endormoonstore.com\/wp-content\/uploads\/2023\/10\/Star-Wars-The-Black-Series-Gaming-Greats-Star-Wars-Knights-of-the-Old-Republic-Darth-Malak-1.jpg\",\"datePublished\":\"2023-10-09T23:00:00+00:00\",\"dateModified\":\"2023-10-12T09:45:39+00:00\",\"breadcrumb\":{\"@id\":\"https:\/\/endormoonstore.com\/en\/star-wars-the-black-series-gaming-greats-knights-of-the-old-republic-darth-malak\/#breadcrumb\"},\"inLanguage\":\"en-US\",\"potentialAction\":[{\"@type\":\"ReadAction\",\"target\":[\"https:\/\/endormoonstore.com\/en\/star-wars-the-black-series-gaming-greats-knights-of-the-old-republic-darth-malak\/\"]}]},{\"@type\":\"ImageObject\",\"inLanguage\":\"en-US\",\"@id\":\"https:\/\/endormoonstore.com\/en\/star-wars-the-black-series-gaming-greats-knights-of-the-old-republic-darth-malak\/#primaryimage\",\"url\":\"https:\/\/endormoonstore.com\/wp-content\/uploads\/2023\/10\/Star-Wars-The-Black-Series-Gaming-Greats-Star-Wars-Knights-of-the-Old-Republic-Darth-Malak-1.jpg\",\"contentUrl\":\"https:\/\/endormoonstore.com\/wp-content\/uploads\/2023\/10\/Star-Wars-The-Black-Series-Gaming-Greats-Star-Wars-Knights-of-the-Old-Republic-Darth-Malak-1.jpg\",\"width\":1000,\"height\":1000},{\"@type\":\"BreadcrumbList\",\"@id\":\"https:\/\/endormoonstore.com\/en\/star-wars-the-black-series-gaming-greats-knights-of-the-old-republic-darth-malak\/#breadcrumb\",\"itemListElement\":[{\"@type\":\"ListItem\",\"position\":1,\"name\":\"Shop\",\"item\":\"https:\/\/endormoonstore.com\/en\/shop\/\"},{\"@type\":\"ListItem\",\"position\":2,\"name\":\"Star Wars The Black Series Gaming Greats Knights of the Old Republic Darth Malak\"}]},{\"@type\":\"WebSite\",\"@id\":\"https:\/\/endormoonstore.com\/#website\",\"url\":\"https:\/\/endormoonstore.com\/\",\"name\":\"EndormoonStore\",\"description\":\"\",\"potentialAction\":[{\"@type\":\"SearchAction\",\"target\":{\"@type\":\"EntryPoint\",\"urlTemplate\":\"https:\/\/endormoonstore.com\/?s={search_term_string}\"},\"query-input\":{\"@type\":\"PropertyValueSpecification\",\"valueRequired\":true,\"valueName\":\"search_term_string\"}}],\"inLanguage\":\"en-US\"}]}<\/script>\n<!-- \/ Yoast SEO plugin. -->","yoast_head_json":{"title":"Star Wars The Black Series Gaming Greats Knights of the Old Republic Darth Malak - EndormoonStore","robots":{"index":"index","follow":"follow","max-snippet":"max-snippet:-1","max-image-preview":"max-image-preview:large","max-video-preview":"max-video-preview:-1"},"canonical":"https:\/\/endormoonstore.com\/en\/star-wars-the-black-series-gaming-greats-knights-of-the-old-republic-darth-malak\/","og_locale":"en_US","og_type":"article","og_title":"Star Wars The Black Series Gaming Greats Knights of the Old Republic Darth Malak - EndormoonStore","og_description":"Star Wars The Black Series Gaming Greats Knights of the Old Republic Darth Malak  Hasbro presenta dentro de su colecci\u00f3n Black Series Gaming Greats la figura Darth Malak. Fue na vez el aprendiz de Darth Revan, un Jedi ca\u00eddo convertido en Lord Sith. Revan finalmente desapareci\u00f3 (se presume muerto) y Malak se embarc\u00f3 en su misi\u00f3n de conquistar la galaxia por su cuenta.","og_url":"https:\/\/endormoonstore.com\/en\/star-wars-the-black-series-gaming-greats-knights-of-the-old-republic-darth-malak\/","og_site_name":"EndormoonStore","article_modified_time":"2023-10-12T09:45:39+00:00","og_image":[{"width":1000,"height":1000,"url":"https:\/\/endormoonstore.com\/wp-content\/uploads\/2023\/10\/Star-Wars-The-Black-Series-Gaming-Greats-Star-Wars-Knights-of-the-Old-Republic-Darth-Malak-1.jpg","type":"image\/jpeg"}],"twitter_card":"summary_large_image","twitter_misc":{"Est. reading time":"1 minute"},"schema":{"@context":"https:\/\/schema.org","@graph":[{"@type":"WebPage","@id":"https:\/\/endormoonstore.com\/en\/star-wars-the-black-series-gaming-greats-knights-of-the-old-republic-darth-malak\/","url":"https:\/\/endormoonstore.com\/en\/star-wars-the-black-series-gaming-greats-knights-of-the-old-republic-darth-malak\/","name":"Star Wars The Black Series Gaming Greats Knights of the Old Republic Darth Malak - EndormoonStore","isPartOf":{"@id":"https:\/\/endormoonstore.com\/#website"},"primaryImageOfPage":{"@id":"https:\/\/endormoonstore.com\/en\/star-wars-the-black-series-gaming-greats-knights-of-the-old-republic-darth-malak\/#primaryimage"},"image":{"@id":"https:\/\/endormoonstore.com\/en\/star-wars-the-black-series-gaming-greats-knights-of-the-old-republic-darth-malak\/#primaryimage"},"thumbnailUrl":"https:\/\/endormoonstore.com\/wp-content\/uploads\/2023\/10\/Star-Wars-The-Black-Series-Gaming-Greats-Star-Wars-Knights-of-the-Old-Republic-Darth-Malak-1.jpg","datePublished":"2023-10-09T23:00:00+00:00","dateModified":"2023-10-12T09:45:39+00:00","breadcrumb":{"@id":"https:\/\/endormoonstore.com\/en\/star-wars-the-black-series-gaming-greats-knights-of-the-old-republic-darth-malak\/#breadcrumb"},"inLanguage":"en-US","potentialAction":[{"@type":"ReadAction","target":["https:\/\/endormoonstore.com\/en\/star-wars-the-black-series-gaming-greats-knights-of-the-old-republic-darth-malak\/"]}]},{"@type":"ImageObject","inLanguage":"en-US","@id":"https:\/\/endormoonstore.com\/en\/star-wars-the-black-series-gaming-greats-knights-of-the-old-republic-darth-malak\/#primaryimage","url":"https:\/\/endormoonstore.com\/wp-content\/uploads\/2023\/10\/Star-Wars-The-Black-Series-Gaming-Greats-Star-Wars-Knights-of-the-Old-Republic-Darth-Malak-1.jpg","contentUrl":"https:\/\/endormoonstore.com\/wp-content\/uploads\/2023\/10\/Star-Wars-The-Black-Series-Gaming-Greats-Star-Wars-Knights-of-the-Old-Republic-Darth-Malak-1.jpg","width":1000,"height":1000},{"@type":"BreadcrumbList","@id":"https:\/\/endormoonstore.com\/en\/star-wars-the-black-series-gaming-greats-knights-of-the-old-republic-darth-malak\/#breadcrumb","itemListElement":[{"@type":"ListItem","position":1,"name":"Shop","item":"https:\/\/endormoonstore.com\/en\/shop\/"},{"@type":"ListItem","position":2,"name":"Star Wars The Black Series Gaming Greats Knights of the Old Republic Darth Malak"}]},{"@type":"WebSite","@id":"https:\/\/endormoonstore.com\/#website","url":"https:\/\/endormoonstore.com\/","name":"EndormoonStore","description":"","potentialAction":[{"@type":"SearchAction","target":{"@type":"EntryPoint","urlTemplate":"https:\/\/endormoonstore.com\/?s={search_term_string}"},"query-input":{"@type":"PropertyValueSpecification","valueRequired":true,"valueName":"search_term_string"}}],"inLanguage":"en-US"}]}},"taxonomy_info":{"product_cat":[{"value":1390,"label":"Figures"},{"value":13511,"label":"New Arrivals"}],"pa_brand":[{"value":2084,"label":"Hasbro"}],"pa_character":[{"value":13959,"label":"Darth Malak"}],"pa_episode":[{"value":8357,"label":"Star Wars: Knights of the Old Republic"}],"pa_license":[{"value":1644,"label":"Star Wars"}],"pa_product-type":[{"value":2387,"label":"Figure"}],"pa_theme":[{"value":2552,"label":"The Black Series"}]},"featured_image_src_large":["https:\/\/endormoonstore.com\/wp-content\/uploads\/2023\/10\/Star-Wars-The-Black-Series-Gaming-Greats-Star-Wars-Knights-of-the-Old-Republic-Darth-Malak-1.jpg",1000,1000,false],"author_info":[],"comment_info":"","_links":{"self":[{"href":"https:\/\/endormoonstore.com\/en\/wp-json\/wp\/v2\/product\/151240","targetHints":{"allow":["GET"]}}],"collection":[{"href":"https:\/\/endormoonstore.com\/en\/wp-json\/wp\/v2\/product"}],"about":[{"href":"https:\/\/endormoonstore.com\/en\/wp-json\/wp\/v2\/types\/product"}],"wp:featuredmedia":[{"embeddable":true,"href":"https:\/\/endormoonstore.com\/en\/wp-json\/wp\/v2\/media\/151225"}],"wp:attachment":[{"href":"https:\/\/endormoonstore.com\/en\/wp-json\/wp\/v2\/media?parent=151240"}],"wp:term":[{"taxonomy":"product_cat","embeddable":true,"href":"https:\/\/endormoonstore.com\/en\/wp-json\/wp\/v2\/product_cat?post=151240"},{"taxonomy":"product_tag","embeddable":true,"href":"https:\/\/endormoonstore.com\/en\/wp-json\/wp\/v2\/product_tag?post=151240"}],"curies":[{"name":"wp","href":"https:\/\/api.w.org\/{rel}","templated":true}]}}