{"id":151128,"date":"2023-10-10T00:25:01","date_gmt":"2023-10-09T22:25:01","guid":{"rendered":"https:\/\/endormoonstore.com\/special-grade-vengeful-cursed-spirit-rika-jujutsu-kaisen-0-pop-up-parade-l\/"},"modified":"2023-10-11T14:06:54","modified_gmt":"2023-10-11T12:06:54","slug":"special-grade-vengeful-cursed-spirit-rika-jujutsu-kaisen-0-pop-up-parade-l","status":"publish","type":"product","link":"https:\/\/endormoonstore.com\/en\/special-grade-vengeful-cursed-spirit-rika-jujutsu-kaisen-0-pop-up-parade-l\/","title":{"rendered":"Special Grade Vengeful Cursed Spirit Rika Jujutsu Kaisen 0 Pop Up Parade L"},"content":{"rendered":"<p><strong>Special Grade Vengeful Cursed Spirit Rika Jujutsu Kaisen 0 Pop Up Parade L<\/strong><\/p>\n<ul>\n<li class=\"p1\">Presentamos figuras Pop Up Parade ahora en un tama\u00f1o m\u00e1s grande! Pop Up Parade\u00a0est\u00e1 brindando a los fan\u00e1ticos de las figuras una nueva sensaci\u00f3n de emoci\u00f3n con la l\u00ednea L.<\/li>\n<li class=\"p1\">De la pel\u00edcula de anime Jujutsu Kaisen 0 llega una nueva figura Pop Up Parade L del Special Grade Vengeful Cursed Spirit Rika. Esta figura muy detallada muestra a Rika como se ve en la pel\u00edcula.\u00a0\u00a1No te pierdas la posibilidad de a\u00f1adir esta figura a tu colecci\u00f3n Jujutsu Kaisen!<\/li>\n<li>La figura mide unos 23 cm realizada en PVC<\/li>\n<li>La otra figura mostrada de Yuta Okkotsu se vende por separado<\/li>\n<\/ul>\n","protected":false},"excerpt":{"rendered":"<p><strong>Special Grade Vengeful Cursed Spirit Rika Jujutsu Kaisen 0 Pop Up Parade L<\/strong><\/p>\n<p>Presentamos figuras Pop Up Parade ahora en un tama\u00f1o m\u00e1s grande! Pop Up Parade\u00a0est\u00e1 brindando a los fan\u00e1ticos de las figuras una nueva sensaci\u00f3n de emoci\u00f3n con la l\u00ednea L.<\/p>\n","protected":false},"featured_media":151113,"template":"","meta":{"_acf_changed":false,"_kad_blocks_custom_css":"","_kad_blocks_head_custom_js":"","_kad_blocks_body_custom_js":"","_kad_blocks_footer_custom_js":""},"product_cat":[1390,13511],"product_tag":[],"class_list":{"0":"post-151128","1":"product","2":"type-product","3":"status-publish","4":"has-post-thumbnail","6":"product_cat-figures","7":"product_cat-new-arrivals","8":"pa_brand-good-smile-company-en","9":"pa_character-special-grade-vengeful-cursed-spirit-rika-en","10":"pa_episode-jujutsu-kaisen-0-the-movie-en","11":"pa_license-jujutsu-kaisen-en","12":"pa_product-type-figure","13":"pa_theme-pop-up-parade-l-en","15":"first","16":"outofstock","17":"taxable","18":"shipping-taxable","19":"purchasable","20":"product-type-simple"},"acf":[],"yoast_head":"<!-- This site is optimized with the Yoast SEO plugin v26.1.1 - https:\/\/yoast.com\/wordpress\/plugins\/seo\/ -->\n<title>Special Grade Vengeful Cursed Spirit Rika Jujutsu Kaisen 0 Pop Up Parade L - EndormoonStore<\/title>\n<meta name=\"robots\" content=\"index, follow, max-snippet:-1, max-image-preview:large, max-video-preview:-1\" \/>\n<link rel=\"canonical\" href=\"https:\/\/endormoonstore.com\/en\/special-grade-vengeful-cursed-spirit-rika-jujutsu-kaisen-0-pop-up-parade-l\/\" \/>\n<meta property=\"og:locale\" content=\"en_US\" \/>\n<meta property=\"og:type\" content=\"article\" \/>\n<meta property=\"og:title\" content=\"Special Grade Vengeful Cursed Spirit Rika Jujutsu Kaisen 0 Pop Up Parade L - EndormoonStore\" \/>\n<meta property=\"og:description\" content=\"Special Grade Vengeful Cursed Spirit Rika Jujutsu Kaisen 0 Pop Up Parade L  Presentamos figuras Pop Up Parade ahora en un tama\u00f1o m\u00e1s grande! Pop Up Parade\u00a0est\u00e1 brindando a los fan\u00e1ticos de las figuras una nueva sensaci\u00f3n de emoci\u00f3n con la l\u00ednea L.\" \/>\n<meta property=\"og:url\" content=\"https:\/\/endormoonstore.com\/en\/special-grade-vengeful-cursed-spirit-rika-jujutsu-kaisen-0-pop-up-parade-l\/\" \/>\n<meta property=\"og:site_name\" content=\"EndormoonStore\" \/>\n<meta property=\"article:modified_time\" content=\"2023-10-11T12:06:54+00:00\" \/>\n<meta property=\"og:image\" content=\"https:\/\/endormoonstore.com\/wp-content\/uploads\/2023\/10\/Special-Grade-Vengeful-Cursed-Spirit-Rika-Jujutsu-Kaisen-0-Pop-Up-Parade-L-1.jpeg\" \/>\n\t<meta property=\"og:image:width\" content=\"730\" \/>\n\t<meta property=\"og:image:height\" content=\"900\" \/>\n\t<meta property=\"og:image:type\" content=\"image\/jpeg\" \/>\n<meta name=\"twitter:card\" content=\"summary_large_image\" \/>\n<meta name=\"twitter:label1\" content=\"Est. reading time\" \/>\n\t<meta name=\"twitter:data1\" content=\"1 minute\" \/>\n<script type=\"application\/ld+json\" class=\"yoast-schema-graph\">{\"@context\":\"https:\/\/schema.org\",\"@graph\":[{\"@type\":\"WebPage\",\"@id\":\"https:\/\/endormoonstore.com\/en\/special-grade-vengeful-cursed-spirit-rika-jujutsu-kaisen-0-pop-up-parade-l\/\",\"url\":\"https:\/\/endormoonstore.com\/en\/special-grade-vengeful-cursed-spirit-rika-jujutsu-kaisen-0-pop-up-parade-l\/\",\"name\":\"Special Grade Vengeful Cursed Spirit Rika Jujutsu Kaisen 0 Pop Up Parade L - EndormoonStore\",\"isPartOf\":{\"@id\":\"https:\/\/endormoonstore.com\/#website\"},\"primaryImageOfPage\":{\"@id\":\"https:\/\/endormoonstore.com\/en\/special-grade-vengeful-cursed-spirit-rika-jujutsu-kaisen-0-pop-up-parade-l\/#primaryimage\"},\"image\":{\"@id\":\"https:\/\/endormoonstore.com\/en\/special-grade-vengeful-cursed-spirit-rika-jujutsu-kaisen-0-pop-up-parade-l\/#primaryimage\"},\"thumbnailUrl\":\"https:\/\/endormoonstore.com\/wp-content\/uploads\/2023\/10\/Special-Grade-Vengeful-Cursed-Spirit-Rika-Jujutsu-Kaisen-0-Pop-Up-Parade-L-1.jpeg\",\"datePublished\":\"2023-10-09T22:25:01+00:00\",\"dateModified\":\"2023-10-11T12:06:54+00:00\",\"breadcrumb\":{\"@id\":\"https:\/\/endormoonstore.com\/en\/special-grade-vengeful-cursed-spirit-rika-jujutsu-kaisen-0-pop-up-parade-l\/#breadcrumb\"},\"inLanguage\":\"en-US\",\"potentialAction\":[{\"@type\":\"ReadAction\",\"target\":[\"https:\/\/endormoonstore.com\/en\/special-grade-vengeful-cursed-spirit-rika-jujutsu-kaisen-0-pop-up-parade-l\/\"]}]},{\"@type\":\"ImageObject\",\"inLanguage\":\"en-US\",\"@id\":\"https:\/\/endormoonstore.com\/en\/special-grade-vengeful-cursed-spirit-rika-jujutsu-kaisen-0-pop-up-parade-l\/#primaryimage\",\"url\":\"https:\/\/endormoonstore.com\/wp-content\/uploads\/2023\/10\/Special-Grade-Vengeful-Cursed-Spirit-Rika-Jujutsu-Kaisen-0-Pop-Up-Parade-L-1.jpeg\",\"contentUrl\":\"https:\/\/endormoonstore.com\/wp-content\/uploads\/2023\/10\/Special-Grade-Vengeful-Cursed-Spirit-Rika-Jujutsu-Kaisen-0-Pop-Up-Parade-L-1.jpeg\",\"width\":730,\"height\":900},{\"@type\":\"BreadcrumbList\",\"@id\":\"https:\/\/endormoonstore.com\/en\/special-grade-vengeful-cursed-spirit-rika-jujutsu-kaisen-0-pop-up-parade-l\/#breadcrumb\",\"itemListElement\":[{\"@type\":\"ListItem\",\"position\":1,\"name\":\"Shop\",\"item\":\"https:\/\/endormoonstore.com\/en\/shop\/\"},{\"@type\":\"ListItem\",\"position\":2,\"name\":\"Special Grade Vengeful Cursed Spirit Rika Jujutsu Kaisen 0 Pop Up Parade L\"}]},{\"@type\":\"WebSite\",\"@id\":\"https:\/\/endormoonstore.com\/#website\",\"url\":\"https:\/\/endormoonstore.com\/\",\"name\":\"EndormoonStore\",\"description\":\"\",\"potentialAction\":[{\"@type\":\"SearchAction\",\"target\":{\"@type\":\"EntryPoint\",\"urlTemplate\":\"https:\/\/endormoonstore.com\/?s={search_term_string}\"},\"query-input\":{\"@type\":\"PropertyValueSpecification\",\"valueRequired\":true,\"valueName\":\"search_term_string\"}}],\"inLanguage\":\"en-US\"}]}<\/script>\n<!-- \/ Yoast SEO plugin. -->","yoast_head_json":{"title":"Special Grade Vengeful Cursed Spirit Rika Jujutsu Kaisen 0 Pop Up Parade L - EndormoonStore","robots":{"index":"index","follow":"follow","max-snippet":"max-snippet:-1","max-image-preview":"max-image-preview:large","max-video-preview":"max-video-preview:-1"},"canonical":"https:\/\/endormoonstore.com\/en\/special-grade-vengeful-cursed-spirit-rika-jujutsu-kaisen-0-pop-up-parade-l\/","og_locale":"en_US","og_type":"article","og_title":"Special Grade Vengeful Cursed Spirit Rika Jujutsu Kaisen 0 Pop Up Parade L - EndormoonStore","og_description":"Special Grade Vengeful Cursed Spirit Rika Jujutsu Kaisen 0 Pop Up Parade L  Presentamos figuras Pop Up Parade ahora en un tama\u00f1o m\u00e1s grande! Pop Up Parade\u00a0est\u00e1 brindando a los fan\u00e1ticos de las figuras una nueva sensaci\u00f3n de emoci\u00f3n con la l\u00ednea L.","og_url":"https:\/\/endormoonstore.com\/en\/special-grade-vengeful-cursed-spirit-rika-jujutsu-kaisen-0-pop-up-parade-l\/","og_site_name":"EndormoonStore","article_modified_time":"2023-10-11T12:06:54+00:00","og_image":[{"width":730,"height":900,"url":"https:\/\/endormoonstore.com\/wp-content\/uploads\/2023\/10\/Special-Grade-Vengeful-Cursed-Spirit-Rika-Jujutsu-Kaisen-0-Pop-Up-Parade-L-1.jpeg","type":"image\/jpeg"}],"twitter_card":"summary_large_image","twitter_misc":{"Est. reading time":"1 minute"},"schema":{"@context":"https:\/\/schema.org","@graph":[{"@type":"WebPage","@id":"https:\/\/endormoonstore.com\/en\/special-grade-vengeful-cursed-spirit-rika-jujutsu-kaisen-0-pop-up-parade-l\/","url":"https:\/\/endormoonstore.com\/en\/special-grade-vengeful-cursed-spirit-rika-jujutsu-kaisen-0-pop-up-parade-l\/","name":"Special Grade Vengeful Cursed Spirit Rika Jujutsu Kaisen 0 Pop Up Parade L - EndormoonStore","isPartOf":{"@id":"https:\/\/endormoonstore.com\/#website"},"primaryImageOfPage":{"@id":"https:\/\/endormoonstore.com\/en\/special-grade-vengeful-cursed-spirit-rika-jujutsu-kaisen-0-pop-up-parade-l\/#primaryimage"},"image":{"@id":"https:\/\/endormoonstore.com\/en\/special-grade-vengeful-cursed-spirit-rika-jujutsu-kaisen-0-pop-up-parade-l\/#primaryimage"},"thumbnailUrl":"https:\/\/endormoonstore.com\/wp-content\/uploads\/2023\/10\/Special-Grade-Vengeful-Cursed-Spirit-Rika-Jujutsu-Kaisen-0-Pop-Up-Parade-L-1.jpeg","datePublished":"2023-10-09T22:25:01+00:00","dateModified":"2023-10-11T12:06:54+00:00","breadcrumb":{"@id":"https:\/\/endormoonstore.com\/en\/special-grade-vengeful-cursed-spirit-rika-jujutsu-kaisen-0-pop-up-parade-l\/#breadcrumb"},"inLanguage":"en-US","potentialAction":[{"@type":"ReadAction","target":["https:\/\/endormoonstore.com\/en\/special-grade-vengeful-cursed-spirit-rika-jujutsu-kaisen-0-pop-up-parade-l\/"]}]},{"@type":"ImageObject","inLanguage":"en-US","@id":"https:\/\/endormoonstore.com\/en\/special-grade-vengeful-cursed-spirit-rika-jujutsu-kaisen-0-pop-up-parade-l\/#primaryimage","url":"https:\/\/endormoonstore.com\/wp-content\/uploads\/2023\/10\/Special-Grade-Vengeful-Cursed-Spirit-Rika-Jujutsu-Kaisen-0-Pop-Up-Parade-L-1.jpeg","contentUrl":"https:\/\/endormoonstore.com\/wp-content\/uploads\/2023\/10\/Special-Grade-Vengeful-Cursed-Spirit-Rika-Jujutsu-Kaisen-0-Pop-Up-Parade-L-1.jpeg","width":730,"height":900},{"@type":"BreadcrumbList","@id":"https:\/\/endormoonstore.com\/en\/special-grade-vengeful-cursed-spirit-rika-jujutsu-kaisen-0-pop-up-parade-l\/#breadcrumb","itemListElement":[{"@type":"ListItem","position":1,"name":"Shop","item":"https:\/\/endormoonstore.com\/en\/shop\/"},{"@type":"ListItem","position":2,"name":"Special Grade Vengeful Cursed Spirit Rika Jujutsu Kaisen 0 Pop Up Parade L"}]},{"@type":"WebSite","@id":"https:\/\/endormoonstore.com\/#website","url":"https:\/\/endormoonstore.com\/","name":"EndormoonStore","description":"","potentialAction":[{"@type":"SearchAction","target":{"@type":"EntryPoint","urlTemplate":"https:\/\/endormoonstore.com\/?s={search_term_string}"},"query-input":{"@type":"PropertyValueSpecification","valueRequired":true,"valueName":"search_term_string"}}],"inLanguage":"en-US"}]}},"taxonomy_info":{"product_cat":[{"value":1390,"label":"Figures"},{"value":13511,"label":"New Arrivals"}],"pa_brand":[{"value":2081,"label":"Good Smile Company"}],"pa_character":[{"value":13957,"label":"Special Grade Vengeful Cursed Spirit Rika"}],"pa_episode":[{"value":12856,"label":"Jujutsu Kaisen 0: The Movie"}],"pa_license":[{"value":8133,"label":"Jujutsu Kaisen"}],"pa_product-type":[{"value":2387,"label":"Figure"}],"pa_theme":[{"value":13116,"label":"Pop Up Parade L"}]},"featured_image_src_large":["https:\/\/endormoonstore.com\/wp-content\/uploads\/2023\/10\/Special-Grade-Vengeful-Cursed-Spirit-Rika-Jujutsu-Kaisen-0-Pop-Up-Parade-L-1.jpeg",730,900,false],"author_info":[],"comment_info":"","_links":{"self":[{"href":"https:\/\/endormoonstore.com\/en\/wp-json\/wp\/v2\/product\/151128","targetHints":{"allow":["GET"]}}],"collection":[{"href":"https:\/\/endormoonstore.com\/en\/wp-json\/wp\/v2\/product"}],"about":[{"href":"https:\/\/endormoonstore.com\/en\/wp-json\/wp\/v2\/types\/product"}],"wp:featuredmedia":[{"embeddable":true,"href":"https:\/\/endormoonstore.com\/en\/wp-json\/wp\/v2\/media\/151113"}],"wp:attachment":[{"href":"https:\/\/endormoonstore.com\/en\/wp-json\/wp\/v2\/media?parent=151128"}],"wp:term":[{"taxonomy":"product_cat","embeddable":true,"href":"https:\/\/endormoonstore.com\/en\/wp-json\/wp\/v2\/product_cat?post=151128"},{"taxonomy":"product_tag","embeddable":true,"href":"https:\/\/endormoonstore.com\/en\/wp-json\/wp\/v2\/product_tag?post=151128"}],"curies":[{"name":"wp","href":"https:\/\/api.w.org\/{rel}","templated":true}]}}