{"id":150887,"date":"2024-01-03T04:10:00","date_gmt":"2023-09-15T22:55:00","guid":{"rendered":"https:\/\/endormoonstore.com\/star-wars-the-black-series-clone-captain-rex-electronic-helmet\/"},"modified":"2024-03-21T23:42:42","modified_gmt":"2024-03-21T22:42:42","slug":"star-wars-the-black-series-clone-captain-rex-electronic-helmet","status":"publish","type":"product","link":"https:\/\/endormoonstore.com\/en\/star-wars-the-black-series-clone-captain-rex-electronic-helmet\/","title":{"rendered":"Star Wars The Black Series Clone Captain Rex Electronic Helmet"},"content":{"rendered":"<p class=\"p1\"><b>Star Wars The Black Series Clone Captain Rex Electronic Helmet<\/b><\/p>\n<ul class=\"ul1\">\n<li class=\"li1\">Hasbro presenta, dentro de la colecci\u00f3n The Black Series, la r\u00e9plica del casco electr\u00f3nico del Captain Rex. Est\u00e1 basada en el casco del capit\u00e1n Rex de la serie &#8220;Star Wars: Ahsoka&#8221;.<\/li>\n<li class=\"li1\">Gira el tel\u00e9metro hacia arriba y hacia abajo para escuchar efectos de sonido inspirados en la serie y presiona el bot\u00f3n del lado izquierdo para distorsionar tu voz. El casco presenta un ajuste para la mayor\u00eda de los tama\u00f1os de la cabeza.<\/li>\n<li class=\"li1\">Ambientada despu\u00e9s de la ca\u00edda del Imperio, Ahsoka sigue a la ex Caballero Jedi Ahsoka Tano mientras investiga una amenaza emergente para una galaxia vulnerable.<\/li>\n<li class=\"li1\">Requiere 3x pila\u00a0 AAA *no incluidas.<\/li>\n<\/ul>\n","protected":false},"excerpt":{"rendered":"<p class=\"p1\"><strong>Star Wars The Black Series Clone Captain Rex Electronic Helmet<\/strong><\/p>\n<p class=\"p1\">Hasbro presenta, dentro de la colecci\u00f3n The Black Series, la r\u00e9plica del casco electr\u00f3nico del Captain Rex. Est\u00e1 basada en el casco del capit\u00e1n Rex de la serie &#8220;Star Wars: Ahsoka&#8221;.<\/p>\n","protected":false},"featured_media":150866,"template":"","meta":{"_acf_changed":false,"_kad_blocks_custom_css":"","_kad_blocks_head_custom_js":"","_kad_blocks_body_custom_js":"","_kad_blocks_footer_custom_js":""},"product_cat":[1390,13511],"product_tag":[],"class_list":{"0":"post-150887","1":"product","2":"type-product","3":"status-publish","4":"has-post-thumbnail","6":"product_cat-figures","7":"product_cat-new-arrivals","8":"pa_brand-hasbro-en","9":"pa_character-captain-rex-en","10":"pa_episode-star-wars-ahsoka-en","11":"pa_license-star-wars-en","12":"pa_product-type-helmets","13":"pa_theme-the-black-series-en","15":"first","16":"outofstock","17":"taxable","18":"shipping-taxable","19":"purchasable","20":"product-type-simple"},"acf":[],"yoast_head":"<!-- This site is optimized with the Yoast SEO plugin v26.1.1 - https:\/\/yoast.com\/wordpress\/plugins\/seo\/ -->\n<title>Star Wars The Black Series Clone Captain Rex Electronic Helmet - EndormoonStore<\/title>\n<meta name=\"robots\" content=\"index, follow, max-snippet:-1, max-image-preview:large, max-video-preview:-1\" \/>\n<link rel=\"canonical\" href=\"https:\/\/endormoonstore.com\/en\/star-wars-the-black-series-clone-captain-rex-electronic-helmet\/\" \/>\n<meta property=\"og:locale\" content=\"en_US\" \/>\n<meta property=\"og:type\" content=\"article\" \/>\n<meta property=\"og:title\" content=\"Star Wars The Black Series Clone Captain Rex Electronic Helmet - EndormoonStore\" \/>\n<meta property=\"og:description\" content=\"Star Wars The Black Series Clone Captain Rex Electronic Helmet Hasbro presenta, dentro de la colecci\u00f3n The Black Series, la r\u00e9plica del casco electr\u00f3nico del Captain Rex. Est\u00e1 basada en el casco del capit\u00e1n Rex de la serie &quot;Star Wars: Ahsoka&quot;.\" \/>\n<meta property=\"og:url\" content=\"https:\/\/endormoonstore.com\/en\/star-wars-the-black-series-clone-captain-rex-electronic-helmet\/\" \/>\n<meta property=\"og:site_name\" content=\"EndormoonStore\" \/>\n<meta property=\"article:modified_time\" content=\"2024-03-21T22:42:42+00:00\" \/>\n<meta property=\"og:image\" content=\"https:\/\/endormoonstore.com\/wp-content\/uploads\/2023\/09\/Star-Wars-The-Black-Series-Clone-Captain-Rex-Electronic-Helmet-1.jpg\" \/>\n\t<meta property=\"og:image:width\" content=\"1000\" \/>\n\t<meta property=\"og:image:height\" content=\"1000\" \/>\n\t<meta property=\"og:image:type\" content=\"image\/jpeg\" \/>\n<meta name=\"twitter:card\" content=\"summary_large_image\" \/>\n<meta name=\"twitter:label1\" content=\"Est. reading time\" \/>\n\t<meta name=\"twitter:data1\" content=\"1 minute\" \/>\n<script type=\"application\/ld+json\" class=\"yoast-schema-graph\">{\"@context\":\"https:\/\/schema.org\",\"@graph\":[{\"@type\":\"WebPage\",\"@id\":\"https:\/\/endormoonstore.com\/en\/star-wars-the-black-series-clone-captain-rex-electronic-helmet\/\",\"url\":\"https:\/\/endormoonstore.com\/en\/star-wars-the-black-series-clone-captain-rex-electronic-helmet\/\",\"name\":\"Star Wars The Black Series Clone Captain Rex Electronic Helmet - EndormoonStore\",\"isPartOf\":{\"@id\":\"https:\/\/endormoonstore.com\/#website\"},\"primaryImageOfPage\":{\"@id\":\"https:\/\/endormoonstore.com\/en\/star-wars-the-black-series-clone-captain-rex-electronic-helmet\/#primaryimage\"},\"image\":{\"@id\":\"https:\/\/endormoonstore.com\/en\/star-wars-the-black-series-clone-captain-rex-electronic-helmet\/#primaryimage\"},\"thumbnailUrl\":\"https:\/\/endormoonstore.com\/wp-content\/uploads\/2023\/09\/Star-Wars-The-Black-Series-Clone-Captain-Rex-Electronic-Helmet-1.jpg\",\"datePublished\":\"2023-09-15T22:55:00+00:00\",\"dateModified\":\"2024-03-21T22:42:42+00:00\",\"breadcrumb\":{\"@id\":\"https:\/\/endormoonstore.com\/en\/star-wars-the-black-series-clone-captain-rex-electronic-helmet\/#breadcrumb\"},\"inLanguage\":\"en-US\",\"potentialAction\":[{\"@type\":\"ReadAction\",\"target\":[\"https:\/\/endormoonstore.com\/en\/star-wars-the-black-series-clone-captain-rex-electronic-helmet\/\"]}]},{\"@type\":\"ImageObject\",\"inLanguage\":\"en-US\",\"@id\":\"https:\/\/endormoonstore.com\/en\/star-wars-the-black-series-clone-captain-rex-electronic-helmet\/#primaryimage\",\"url\":\"https:\/\/endormoonstore.com\/wp-content\/uploads\/2023\/09\/Star-Wars-The-Black-Series-Clone-Captain-Rex-Electronic-Helmet-1.jpg\",\"contentUrl\":\"https:\/\/endormoonstore.com\/wp-content\/uploads\/2023\/09\/Star-Wars-The-Black-Series-Clone-Captain-Rex-Electronic-Helmet-1.jpg\",\"width\":1000,\"height\":1000},{\"@type\":\"BreadcrumbList\",\"@id\":\"https:\/\/endormoonstore.com\/en\/star-wars-the-black-series-clone-captain-rex-electronic-helmet\/#breadcrumb\",\"itemListElement\":[{\"@type\":\"ListItem\",\"position\":1,\"name\":\"Shop\",\"item\":\"https:\/\/endormoonstore.com\/en\/shop\/\"},{\"@type\":\"ListItem\",\"position\":2,\"name\":\"Star Wars The Black Series Clone Captain Rex Electronic Helmet\"}]},{\"@type\":\"WebSite\",\"@id\":\"https:\/\/endormoonstore.com\/#website\",\"url\":\"https:\/\/endormoonstore.com\/\",\"name\":\"EndormoonStore\",\"description\":\"\",\"potentialAction\":[{\"@type\":\"SearchAction\",\"target\":{\"@type\":\"EntryPoint\",\"urlTemplate\":\"https:\/\/endormoonstore.com\/?s={search_term_string}\"},\"query-input\":{\"@type\":\"PropertyValueSpecification\",\"valueRequired\":true,\"valueName\":\"search_term_string\"}}],\"inLanguage\":\"en-US\"}]}<\/script>\n<!-- \/ Yoast SEO plugin. -->","yoast_head_json":{"title":"Star Wars The Black Series Clone Captain Rex Electronic Helmet - EndormoonStore","robots":{"index":"index","follow":"follow","max-snippet":"max-snippet:-1","max-image-preview":"max-image-preview:large","max-video-preview":"max-video-preview:-1"},"canonical":"https:\/\/endormoonstore.com\/en\/star-wars-the-black-series-clone-captain-rex-electronic-helmet\/","og_locale":"en_US","og_type":"article","og_title":"Star Wars The Black Series Clone Captain Rex Electronic Helmet - EndormoonStore","og_description":"Star Wars The Black Series Clone Captain Rex Electronic Helmet Hasbro presenta, dentro de la colecci\u00f3n The Black Series, la r\u00e9plica del casco electr\u00f3nico del Captain Rex. Est\u00e1 basada en el casco del capit\u00e1n Rex de la serie \"Star Wars: Ahsoka\".","og_url":"https:\/\/endormoonstore.com\/en\/star-wars-the-black-series-clone-captain-rex-electronic-helmet\/","og_site_name":"EndormoonStore","article_modified_time":"2024-03-21T22:42:42+00:00","og_image":[{"width":1000,"height":1000,"url":"https:\/\/endormoonstore.com\/wp-content\/uploads\/2023\/09\/Star-Wars-The-Black-Series-Clone-Captain-Rex-Electronic-Helmet-1.jpg","type":"image\/jpeg"}],"twitter_card":"summary_large_image","twitter_misc":{"Est. reading time":"1 minute"},"schema":{"@context":"https:\/\/schema.org","@graph":[{"@type":"WebPage","@id":"https:\/\/endormoonstore.com\/en\/star-wars-the-black-series-clone-captain-rex-electronic-helmet\/","url":"https:\/\/endormoonstore.com\/en\/star-wars-the-black-series-clone-captain-rex-electronic-helmet\/","name":"Star Wars The Black Series Clone Captain Rex Electronic Helmet - EndormoonStore","isPartOf":{"@id":"https:\/\/endormoonstore.com\/#website"},"primaryImageOfPage":{"@id":"https:\/\/endormoonstore.com\/en\/star-wars-the-black-series-clone-captain-rex-electronic-helmet\/#primaryimage"},"image":{"@id":"https:\/\/endormoonstore.com\/en\/star-wars-the-black-series-clone-captain-rex-electronic-helmet\/#primaryimage"},"thumbnailUrl":"https:\/\/endormoonstore.com\/wp-content\/uploads\/2023\/09\/Star-Wars-The-Black-Series-Clone-Captain-Rex-Electronic-Helmet-1.jpg","datePublished":"2023-09-15T22:55:00+00:00","dateModified":"2024-03-21T22:42:42+00:00","breadcrumb":{"@id":"https:\/\/endormoonstore.com\/en\/star-wars-the-black-series-clone-captain-rex-electronic-helmet\/#breadcrumb"},"inLanguage":"en-US","potentialAction":[{"@type":"ReadAction","target":["https:\/\/endormoonstore.com\/en\/star-wars-the-black-series-clone-captain-rex-electronic-helmet\/"]}]},{"@type":"ImageObject","inLanguage":"en-US","@id":"https:\/\/endormoonstore.com\/en\/star-wars-the-black-series-clone-captain-rex-electronic-helmet\/#primaryimage","url":"https:\/\/endormoonstore.com\/wp-content\/uploads\/2023\/09\/Star-Wars-The-Black-Series-Clone-Captain-Rex-Electronic-Helmet-1.jpg","contentUrl":"https:\/\/endormoonstore.com\/wp-content\/uploads\/2023\/09\/Star-Wars-The-Black-Series-Clone-Captain-Rex-Electronic-Helmet-1.jpg","width":1000,"height":1000},{"@type":"BreadcrumbList","@id":"https:\/\/endormoonstore.com\/en\/star-wars-the-black-series-clone-captain-rex-electronic-helmet\/#breadcrumb","itemListElement":[{"@type":"ListItem","position":1,"name":"Shop","item":"https:\/\/endormoonstore.com\/en\/shop\/"},{"@type":"ListItem","position":2,"name":"Star Wars The Black Series Clone Captain Rex Electronic Helmet"}]},{"@type":"WebSite","@id":"https:\/\/endormoonstore.com\/#website","url":"https:\/\/endormoonstore.com\/","name":"EndormoonStore","description":"","potentialAction":[{"@type":"SearchAction","target":{"@type":"EntryPoint","urlTemplate":"https:\/\/endormoonstore.com\/?s={search_term_string}"},"query-input":{"@type":"PropertyValueSpecification","valueRequired":true,"valueName":"search_term_string"}}],"inLanguage":"en-US"}]}},"taxonomy_info":{"product_cat":[{"value":1390,"label":"Figures"},{"value":13511,"label":"New Arrivals"}],"pa_brand":[{"value":2084,"label":"Hasbro"}],"pa_character":[{"value":8579,"label":"Captain Rex"}],"pa_episode":[{"value":13828,"label":"Star Wars: Ahsoka"}],"pa_license":[{"value":1644,"label":"Star Wars"}],"pa_product-type":[{"value":2540,"label":"Helmets"}],"pa_theme":[{"value":2552,"label":"The Black Series"}]},"featured_image_src_large":["https:\/\/endormoonstore.com\/wp-content\/uploads\/2023\/09\/Star-Wars-The-Black-Series-Clone-Captain-Rex-Electronic-Helmet-1.jpg",1000,1000,false],"author_info":[],"comment_info":"","_links":{"self":[{"href":"https:\/\/endormoonstore.com\/en\/wp-json\/wp\/v2\/product\/150887","targetHints":{"allow":["GET"]}}],"collection":[{"href":"https:\/\/endormoonstore.com\/en\/wp-json\/wp\/v2\/product"}],"about":[{"href":"https:\/\/endormoonstore.com\/en\/wp-json\/wp\/v2\/types\/product"}],"wp:featuredmedia":[{"embeddable":true,"href":"https:\/\/endormoonstore.com\/en\/wp-json\/wp\/v2\/media\/150866"}],"wp:attachment":[{"href":"https:\/\/endormoonstore.com\/en\/wp-json\/wp\/v2\/media?parent=150887"}],"wp:term":[{"taxonomy":"product_cat","embeddable":true,"href":"https:\/\/endormoonstore.com\/en\/wp-json\/wp\/v2\/product_cat?post=150887"},{"taxonomy":"product_tag","embeddable":true,"href":"https:\/\/endormoonstore.com\/en\/wp-json\/wp\/v2\/product_tag?post=150887"}],"curies":[{"name":"wp","href":"https:\/\/api.w.org\/{rel}","templated":true}]}}