{"id":150862,"date":"2023-09-16T00:50:00","date_gmt":"2023-09-15T22:45:00","guid":{"rendered":"https:\/\/endormoonstore.com\/star-wars-the-black-series-force-fx-elite-sabine-wren-lightsaber\/"},"modified":"2023-10-04T22:48:16","modified_gmt":"2023-10-04T20:48:16","slug":"star-wars-the-black-series-force-fx-elite-sabine-wren-lightsaber","status":"publish","type":"product","link":"https:\/\/endormoonstore.com\/en\/star-wars-the-black-series-force-fx-elite-sabine-wren-lightsaber\/","title":{"rendered":"Star Wars The Black Series Force FX Elite Sabine Wren Lightsaber"},"content":{"rendered":"<p class=\"p1\"><b>Star Wars The Black Series Force FX Elite Sabine Wren Lightsaber<\/b><\/p>\n<ul class=\"ul1\">\n<li class=\"li1\">Hasbro presenta, dentro de la colecci\u00f3n The Black Series, la r\u00e9plica del Force FX Elite Sabine Wren Lightsaber. Est\u00e1 basada en el sable de luz de Sabine Wren de la serie &#8220;Star Wars: Ahsoka&#8221;.<\/li>\n<li class=\"li1\">Puedes combinar los efectos de luz LED y los efectos de sonido inspirados en la serie.<\/li>\n<li class=\"li1\">Utiliza el interruptor y el bot\u00f3n en la empu\u00f1adura para activar efectos de sonido inspirados en el entretenimiento, encendido progresivo, efecto de choque de batalla, efecto de corte de pared, desv\u00edo del desintegrador, efecto de duelo y modo de secuencia de batalla.<\/li>\n<li class=\"li1\">Muestra con orgullo este sable de luz electr\u00f3nico en el soporte incluido, con o sin hoja extra\u00edble. Utilice el tap\u00f3n de barril incluido cuando la hoja no est\u00e9 en uso.<\/li>\n<li class=\"li1\">Incluye 1x soporte para exhibir el sable con o sin hoja y 1xtap\u00f3n de barril para cuando la cuchilla no est\u00e9 en uso.<\/li>\n<li class=\"li1\">Son necesarias 3x pilas para su funcionamiento (no incluidas).<\/li>\n<\/ul>\n","protected":false},"excerpt":{"rendered":"<p class=\"p1\"><strong>Star Wars The Black Series Force FX Elite Sabine Wren Lightsaber<\/strong><\/p>\n<p class=\"p1\">Hasbro presenta, dentro de la colecci\u00f3n The Black Series, la r\u00e9plica del Force FX Elite Sabine Wren Lightsaber. Est\u00e1 basada en el sable de luz de Sabine Wren de la serie &#8220;Star Wars: Ahsoka&#8221;.<\/p>\n","protected":false},"featured_media":150842,"template":"","meta":{"_acf_changed":false,"_kad_blocks_custom_css":"","_kad_blocks_head_custom_js":"","_kad_blocks_body_custom_js":"","_kad_blocks_footer_custom_js":""},"product_cat":[1384],"product_tag":[],"class_list":{"0":"post-150862","1":"product","2":"type-product","3":"status-publish","4":"has-post-thumbnail","6":"product_cat-pre-orders","7":"pa_brand-hasbro-en","8":"pa_character-sabine-wren-en","9":"pa_episode-star-wars-ahsoka-en","10":"pa_license-star-wars-en","11":"pa_product-type-force-fx-elite-lightsaber-en","12":"pa_theme-the-black-series-en","14":"first","15":"instock","16":"taxable","17":"shipping-taxable","18":"purchasable","19":"product-type-simple"},"acf":[],"yoast_head":"<!-- This site is optimized with the Yoast SEO plugin v26.1.1 - https:\/\/yoast.com\/wordpress\/plugins\/seo\/ -->\n<title>Star Wars The Black Series Force FX Elite Sabine Wren Lightsaber - EndormoonStore<\/title>\n<meta name=\"robots\" content=\"index, follow, max-snippet:-1, max-image-preview:large, max-video-preview:-1\" \/>\n<link rel=\"canonical\" href=\"https:\/\/endormoonstore.com\/en\/star-wars-the-black-series-force-fx-elite-sabine-wren-lightsaber\/\" \/>\n<meta property=\"og:locale\" content=\"en_US\" \/>\n<meta property=\"og:type\" content=\"article\" \/>\n<meta property=\"og:title\" content=\"Star Wars The Black Series Force FX Elite Sabine Wren Lightsaber - EndormoonStore\" \/>\n<meta property=\"og:description\" content=\"Star Wars The Black Series Force FX Elite Sabine Wren Lightsaber Hasbro presenta, dentro de la colecci\u00f3n The Black Series, la r\u00e9plica del Force FX Elite Sabine Wren Lightsaber. Est\u00e1 basada en el sable de luz de Sabine Wren de la serie &quot;Star Wars: Ahsoka&quot;.\" \/>\n<meta property=\"og:url\" content=\"https:\/\/endormoonstore.com\/en\/star-wars-the-black-series-force-fx-elite-sabine-wren-lightsaber\/\" \/>\n<meta property=\"og:site_name\" content=\"EndormoonStore\" \/>\n<meta property=\"article:modified_time\" content=\"2023-10-04T20:48:16+00:00\" \/>\n<meta property=\"og:image\" content=\"https:\/\/endormoonstore.com\/wp-content\/uploads\/2023\/10\/Star-Wars-The-Black-Series-Force-FX-Elite-Sabine-Wren-Lightsaber-1.jpg\" \/>\n\t<meta property=\"og:image:width\" content=\"1000\" \/>\n\t<meta property=\"og:image:height\" content=\"1000\" \/>\n\t<meta property=\"og:image:type\" content=\"image\/jpeg\" \/>\n<meta name=\"twitter:card\" content=\"summary_large_image\" \/>\n<meta name=\"twitter:label1\" content=\"Est. reading time\" \/>\n\t<meta name=\"twitter:data1\" content=\"1 minute\" \/>\n<script type=\"application\/ld+json\" class=\"yoast-schema-graph\">{\"@context\":\"https:\/\/schema.org\",\"@graph\":[{\"@type\":\"WebPage\",\"@id\":\"https:\/\/endormoonstore.com\/en\/star-wars-the-black-series-force-fx-elite-sabine-wren-lightsaber\/\",\"url\":\"https:\/\/endormoonstore.com\/en\/star-wars-the-black-series-force-fx-elite-sabine-wren-lightsaber\/\",\"name\":\"Star Wars The Black Series Force FX Elite Sabine Wren Lightsaber - EndormoonStore\",\"isPartOf\":{\"@id\":\"https:\/\/endormoonstore.com\/#website\"},\"primaryImageOfPage\":{\"@id\":\"https:\/\/endormoonstore.com\/en\/star-wars-the-black-series-force-fx-elite-sabine-wren-lightsaber\/#primaryimage\"},\"image\":{\"@id\":\"https:\/\/endormoonstore.com\/en\/star-wars-the-black-series-force-fx-elite-sabine-wren-lightsaber\/#primaryimage\"},\"thumbnailUrl\":\"https:\/\/endormoonstore.com\/wp-content\/uploads\/2023\/10\/Star-Wars-The-Black-Series-Force-FX-Elite-Sabine-Wren-Lightsaber-1.jpg\",\"datePublished\":\"2023-09-15T22:45:00+00:00\",\"dateModified\":\"2023-10-04T20:48:16+00:00\",\"breadcrumb\":{\"@id\":\"https:\/\/endormoonstore.com\/en\/star-wars-the-black-series-force-fx-elite-sabine-wren-lightsaber\/#breadcrumb\"},\"inLanguage\":\"en-US\",\"potentialAction\":[{\"@type\":\"ReadAction\",\"target\":[\"https:\/\/endormoonstore.com\/en\/star-wars-the-black-series-force-fx-elite-sabine-wren-lightsaber\/\"]}]},{\"@type\":\"ImageObject\",\"inLanguage\":\"en-US\",\"@id\":\"https:\/\/endormoonstore.com\/en\/star-wars-the-black-series-force-fx-elite-sabine-wren-lightsaber\/#primaryimage\",\"url\":\"https:\/\/endormoonstore.com\/wp-content\/uploads\/2023\/10\/Star-Wars-The-Black-Series-Force-FX-Elite-Sabine-Wren-Lightsaber-1.jpg\",\"contentUrl\":\"https:\/\/endormoonstore.com\/wp-content\/uploads\/2023\/10\/Star-Wars-The-Black-Series-Force-FX-Elite-Sabine-Wren-Lightsaber-1.jpg\",\"width\":1000,\"height\":1000},{\"@type\":\"BreadcrumbList\",\"@id\":\"https:\/\/endormoonstore.com\/en\/star-wars-the-black-series-force-fx-elite-sabine-wren-lightsaber\/#breadcrumb\",\"itemListElement\":[{\"@type\":\"ListItem\",\"position\":1,\"name\":\"Shop\",\"item\":\"https:\/\/endormoonstore.com\/en\/shop\/\"},{\"@type\":\"ListItem\",\"position\":2,\"name\":\"Star Wars The Black Series Force FX Elite Sabine Wren Lightsaber\"}]},{\"@type\":\"WebSite\",\"@id\":\"https:\/\/endormoonstore.com\/#website\",\"url\":\"https:\/\/endormoonstore.com\/\",\"name\":\"EndormoonStore\",\"description\":\"\",\"potentialAction\":[{\"@type\":\"SearchAction\",\"target\":{\"@type\":\"EntryPoint\",\"urlTemplate\":\"https:\/\/endormoonstore.com\/?s={search_term_string}\"},\"query-input\":{\"@type\":\"PropertyValueSpecification\",\"valueRequired\":true,\"valueName\":\"search_term_string\"}}],\"inLanguage\":\"en-US\"}]}<\/script>\n<!-- \/ Yoast SEO plugin. -->","yoast_head_json":{"title":"Star Wars The Black Series Force FX Elite Sabine Wren Lightsaber - EndormoonStore","robots":{"index":"index","follow":"follow","max-snippet":"max-snippet:-1","max-image-preview":"max-image-preview:large","max-video-preview":"max-video-preview:-1"},"canonical":"https:\/\/endormoonstore.com\/en\/star-wars-the-black-series-force-fx-elite-sabine-wren-lightsaber\/","og_locale":"en_US","og_type":"article","og_title":"Star Wars The Black Series Force FX Elite Sabine Wren Lightsaber - EndormoonStore","og_description":"Star Wars The Black Series Force FX Elite Sabine Wren Lightsaber Hasbro presenta, dentro de la colecci\u00f3n The Black Series, la r\u00e9plica del Force FX Elite Sabine Wren Lightsaber. Est\u00e1 basada en el sable de luz de Sabine Wren de la serie \"Star Wars: Ahsoka\".","og_url":"https:\/\/endormoonstore.com\/en\/star-wars-the-black-series-force-fx-elite-sabine-wren-lightsaber\/","og_site_name":"EndormoonStore","article_modified_time":"2023-10-04T20:48:16+00:00","og_image":[{"width":1000,"height":1000,"url":"https:\/\/endormoonstore.com\/wp-content\/uploads\/2023\/10\/Star-Wars-The-Black-Series-Force-FX-Elite-Sabine-Wren-Lightsaber-1.jpg","type":"image\/jpeg"}],"twitter_card":"summary_large_image","twitter_misc":{"Est. reading time":"1 minute"},"schema":{"@context":"https:\/\/schema.org","@graph":[{"@type":"WebPage","@id":"https:\/\/endormoonstore.com\/en\/star-wars-the-black-series-force-fx-elite-sabine-wren-lightsaber\/","url":"https:\/\/endormoonstore.com\/en\/star-wars-the-black-series-force-fx-elite-sabine-wren-lightsaber\/","name":"Star Wars The Black Series Force FX Elite Sabine Wren Lightsaber - EndormoonStore","isPartOf":{"@id":"https:\/\/endormoonstore.com\/#website"},"primaryImageOfPage":{"@id":"https:\/\/endormoonstore.com\/en\/star-wars-the-black-series-force-fx-elite-sabine-wren-lightsaber\/#primaryimage"},"image":{"@id":"https:\/\/endormoonstore.com\/en\/star-wars-the-black-series-force-fx-elite-sabine-wren-lightsaber\/#primaryimage"},"thumbnailUrl":"https:\/\/endormoonstore.com\/wp-content\/uploads\/2023\/10\/Star-Wars-The-Black-Series-Force-FX-Elite-Sabine-Wren-Lightsaber-1.jpg","datePublished":"2023-09-15T22:45:00+00:00","dateModified":"2023-10-04T20:48:16+00:00","breadcrumb":{"@id":"https:\/\/endormoonstore.com\/en\/star-wars-the-black-series-force-fx-elite-sabine-wren-lightsaber\/#breadcrumb"},"inLanguage":"en-US","potentialAction":[{"@type":"ReadAction","target":["https:\/\/endormoonstore.com\/en\/star-wars-the-black-series-force-fx-elite-sabine-wren-lightsaber\/"]}]},{"@type":"ImageObject","inLanguage":"en-US","@id":"https:\/\/endormoonstore.com\/en\/star-wars-the-black-series-force-fx-elite-sabine-wren-lightsaber\/#primaryimage","url":"https:\/\/endormoonstore.com\/wp-content\/uploads\/2023\/10\/Star-Wars-The-Black-Series-Force-FX-Elite-Sabine-Wren-Lightsaber-1.jpg","contentUrl":"https:\/\/endormoonstore.com\/wp-content\/uploads\/2023\/10\/Star-Wars-The-Black-Series-Force-FX-Elite-Sabine-Wren-Lightsaber-1.jpg","width":1000,"height":1000},{"@type":"BreadcrumbList","@id":"https:\/\/endormoonstore.com\/en\/star-wars-the-black-series-force-fx-elite-sabine-wren-lightsaber\/#breadcrumb","itemListElement":[{"@type":"ListItem","position":1,"name":"Shop","item":"https:\/\/endormoonstore.com\/en\/shop\/"},{"@type":"ListItem","position":2,"name":"Star Wars The Black Series Force FX Elite Sabine Wren Lightsaber"}]},{"@type":"WebSite","@id":"https:\/\/endormoonstore.com\/#website","url":"https:\/\/endormoonstore.com\/","name":"EndormoonStore","description":"","potentialAction":[{"@type":"SearchAction","target":{"@type":"EntryPoint","urlTemplate":"https:\/\/endormoonstore.com\/?s={search_term_string}"},"query-input":{"@type":"PropertyValueSpecification","valueRequired":true,"valueName":"search_term_string"}}],"inLanguage":"en-US"}]}},"taxonomy_info":{"product_cat":[{"value":1384,"label":"Pre-orders"}],"pa_brand":[{"value":2084,"label":"Hasbro"}],"pa_character":[{"value":4589,"label":"Sabine Wren"}],"pa_episode":[{"value":13828,"label":"Star Wars: Ahsoka"}],"pa_license":[{"value":1644,"label":"Star Wars"}],"pa_product-type":[{"value":2558,"label":"Force FX Elite Lightsaber"}],"pa_theme":[{"value":2552,"label":"The Black Series"}]},"featured_image_src_large":["https:\/\/endormoonstore.com\/wp-content\/uploads\/2023\/10\/Star-Wars-The-Black-Series-Force-FX-Elite-Sabine-Wren-Lightsaber-1.jpg",1000,1000,false],"author_info":[],"comment_info":"","_links":{"self":[{"href":"https:\/\/endormoonstore.com\/en\/wp-json\/wp\/v2\/product\/150862","targetHints":{"allow":["GET"]}}],"collection":[{"href":"https:\/\/endormoonstore.com\/en\/wp-json\/wp\/v2\/product"}],"about":[{"href":"https:\/\/endormoonstore.com\/en\/wp-json\/wp\/v2\/types\/product"}],"wp:featuredmedia":[{"embeddable":true,"href":"https:\/\/endormoonstore.com\/en\/wp-json\/wp\/v2\/media\/150842"}],"wp:attachment":[{"href":"https:\/\/endormoonstore.com\/en\/wp-json\/wp\/v2\/media?parent=150862"}],"wp:term":[{"taxonomy":"product_cat","embeddable":true,"href":"https:\/\/endormoonstore.com\/en\/wp-json\/wp\/v2\/product_cat?post=150862"},{"taxonomy":"product_tag","embeddable":true,"href":"https:\/\/endormoonstore.com\/en\/wp-json\/wp\/v2\/product_tag?post=150862"}],"curies":[{"name":"wp","href":"https:\/\/api.w.org\/{rel}","templated":true}]}}