{"id":150696,"date":"2023-09-16T00:05:22","date_gmt":"2023-09-15T22:05:22","guid":{"rendered":"https:\/\/endormoonstore.com\/the-amazing-spider-man-2-marvel-legend-the-amazing-spider-man\/"},"modified":"2024-02-14T14:16:12","modified_gmt":"2024-02-14T13:16:12","slug":"the-amazing-spider-man-2-marvel-legend-the-amazing-spider-man","status":"publish","type":"product","link":"https:\/\/endormoonstore.com\/en\/the-amazing-spider-man-2-marvel-legend-the-amazing-spider-man\/","title":{"rendered":"The Amazing Spider-Man 2 Marvel Legend The Amazing Spider-Man"},"content":{"rendered":"<p class=\"p1\"><strong>The Amazing Spider-Man 2 Marvel Legend The Amazing Spider-Man<\/strong><\/p>\n<ul class=\"ul1\">\n<li>Esta figura de acci\u00f3n de Amazing Spider-Man est\u00e1 inspirada en la apariencia del personaje en la pel\u00edcula The Amazing Spider-Man 2.\u00a0Es una gran adici\u00f3n a cualquier colecci\u00f3n de figuras de acci\u00f3n de Marvel Legends.<\/li>\n<li>Cuenta con 3 accesorios, incluidas dos manos alternativas y una cabeza alternativa.<\/li>\n<li class=\"li1\">La figura de Amazing Spider-Man Marvel Legends est\u00e1 completamente articulada con un dise\u00f1o premium y cabeza, brazos y piernas articuladas. Mide unos 15 cm.<\/li>\n<\/ul>\n","protected":false},"excerpt":{"rendered":"<p class=\"p1\"><strong>The Amazing Spider-Man 2 Marvel Legend The Amazing Spider-Man<\/strong><\/p>\n<p class=\"p1\">Esta figura de acci\u00f3n de Amazing Spider-Man est\u00e1 inspirada en la apariencia del personaje en la pel\u00edcula The Amazing Spider-Man 2.\u00a0Es una gran adici\u00f3n a cualquier colecci\u00f3n de figuras de acci\u00f3n de Marvel Legends.<\/p>\n","protected":false},"featured_media":150683,"template":"","meta":{"_acf_changed":false,"_kad_blocks_custom_css":"","_kad_blocks_head_custom_js":"","_kad_blocks_body_custom_js":"","_kad_blocks_footer_custom_js":""},"product_cat":[1390],"product_tag":[],"class_list":{"0":"post-150696","1":"product","2":"type-product","3":"status-publish","4":"has-post-thumbnail","6":"product_cat-figures","7":"pa_brand-hasbro-en","8":"pa_character-spider-man-en","9":"pa_episode-the-amazing-spider-man-2-en","10":"pa_license-marvel-en","11":"pa_product-type-figure","12":"pa_theme-marvel-legends-series-en","14":"first","15":"outofstock","16":"taxable","17":"shipping-taxable","18":"purchasable","19":"product-type-simple"},"acf":[],"yoast_head":"<!-- This site is optimized with the Yoast SEO plugin v26.1.1 - https:\/\/yoast.com\/wordpress\/plugins\/seo\/ -->\n<title>The Amazing Spider-Man 2 Marvel Legend The Amazing Spider-Man - EndormoonStore<\/title>\n<meta name=\"robots\" content=\"index, follow, max-snippet:-1, max-image-preview:large, max-video-preview:-1\" \/>\n<link rel=\"canonical\" href=\"https:\/\/endormoonstore.com\/en\/the-amazing-spider-man-2-marvel-legend-the-amazing-spider-man\/\" \/>\n<meta property=\"og:locale\" content=\"en_US\" \/>\n<meta property=\"og:type\" content=\"article\" \/>\n<meta property=\"og:title\" content=\"The Amazing Spider-Man 2 Marvel Legend The Amazing Spider-Man - EndormoonStore\" \/>\n<meta property=\"og:description\" content=\"The Amazing Spider-Man 2 Marvel Legend The Amazing Spider-Man Esta figura de acci\u00f3n de Amazing Spider-Man est\u00e1 inspirada en la apariencia del personaje en la pel\u00edcula The Amazing Spider-Man 2.\u00a0Es una gran adici\u00f3n a cualquier colecci\u00f3n de figuras de acci\u00f3n de Marvel Legends.\" \/>\n<meta property=\"og:url\" content=\"https:\/\/endormoonstore.com\/en\/the-amazing-spider-man-2-marvel-legend-the-amazing-spider-man\/\" \/>\n<meta property=\"og:site_name\" content=\"EndormoonStore\" \/>\n<meta property=\"article:modified_time\" content=\"2024-02-14T13:16:12+00:00\" \/>\n<meta property=\"og:image\" content=\"https:\/\/endormoonstore.com\/wp-content\/uploads\/2023\/10\/The-Amazing-Spider-Man-2-Marvel-Legend-The-Amazing-Spider-Man-1.jpg\" \/>\n\t<meta property=\"og:image:width\" content=\"1000\" \/>\n\t<meta property=\"og:image:height\" content=\"1000\" \/>\n\t<meta property=\"og:image:type\" content=\"image\/jpeg\" \/>\n<meta name=\"twitter:card\" content=\"summary_large_image\" \/>\n<meta name=\"twitter:label1\" content=\"Est. reading time\" \/>\n\t<meta name=\"twitter:data1\" content=\"1 minute\" \/>\n<script type=\"application\/ld+json\" class=\"yoast-schema-graph\">{\"@context\":\"https:\/\/schema.org\",\"@graph\":[{\"@type\":\"WebPage\",\"@id\":\"https:\/\/endormoonstore.com\/en\/the-amazing-spider-man-2-marvel-legend-the-amazing-spider-man\/\",\"url\":\"https:\/\/endormoonstore.com\/en\/the-amazing-spider-man-2-marvel-legend-the-amazing-spider-man\/\",\"name\":\"The Amazing Spider-Man 2 Marvel Legend The Amazing Spider-Man - EndormoonStore\",\"isPartOf\":{\"@id\":\"https:\/\/endormoonstore.com\/#website\"},\"primaryImageOfPage\":{\"@id\":\"https:\/\/endormoonstore.com\/en\/the-amazing-spider-man-2-marvel-legend-the-amazing-spider-man\/#primaryimage\"},\"image\":{\"@id\":\"https:\/\/endormoonstore.com\/en\/the-amazing-spider-man-2-marvel-legend-the-amazing-spider-man\/#primaryimage\"},\"thumbnailUrl\":\"https:\/\/endormoonstore.com\/wp-content\/uploads\/2023\/10\/The-Amazing-Spider-Man-2-Marvel-Legend-The-Amazing-Spider-Man-1.jpg\",\"datePublished\":\"2023-09-15T22:05:22+00:00\",\"dateModified\":\"2024-02-14T13:16:12+00:00\",\"breadcrumb\":{\"@id\":\"https:\/\/endormoonstore.com\/en\/the-amazing-spider-man-2-marvel-legend-the-amazing-spider-man\/#breadcrumb\"},\"inLanguage\":\"en-US\",\"potentialAction\":[{\"@type\":\"ReadAction\",\"target\":[\"https:\/\/endormoonstore.com\/en\/the-amazing-spider-man-2-marvel-legend-the-amazing-spider-man\/\"]}]},{\"@type\":\"ImageObject\",\"inLanguage\":\"en-US\",\"@id\":\"https:\/\/endormoonstore.com\/en\/the-amazing-spider-man-2-marvel-legend-the-amazing-spider-man\/#primaryimage\",\"url\":\"https:\/\/endormoonstore.com\/wp-content\/uploads\/2023\/10\/The-Amazing-Spider-Man-2-Marvel-Legend-The-Amazing-Spider-Man-1.jpg\",\"contentUrl\":\"https:\/\/endormoonstore.com\/wp-content\/uploads\/2023\/10\/The-Amazing-Spider-Man-2-Marvel-Legend-The-Amazing-Spider-Man-1.jpg\",\"width\":1000,\"height\":1000},{\"@type\":\"BreadcrumbList\",\"@id\":\"https:\/\/endormoonstore.com\/en\/the-amazing-spider-man-2-marvel-legend-the-amazing-spider-man\/#breadcrumb\",\"itemListElement\":[{\"@type\":\"ListItem\",\"position\":1,\"name\":\"Shop\",\"item\":\"https:\/\/endormoonstore.com\/en\/shop\/\"},{\"@type\":\"ListItem\",\"position\":2,\"name\":\"The Amazing Spider-Man 2 Marvel Legend The Amazing Spider-Man\"}]},{\"@type\":\"WebSite\",\"@id\":\"https:\/\/endormoonstore.com\/#website\",\"url\":\"https:\/\/endormoonstore.com\/\",\"name\":\"EndormoonStore\",\"description\":\"\",\"potentialAction\":[{\"@type\":\"SearchAction\",\"target\":{\"@type\":\"EntryPoint\",\"urlTemplate\":\"https:\/\/endormoonstore.com\/?s={search_term_string}\"},\"query-input\":{\"@type\":\"PropertyValueSpecification\",\"valueRequired\":true,\"valueName\":\"search_term_string\"}}],\"inLanguage\":\"en-US\"}]}<\/script>\n<!-- \/ Yoast SEO plugin. -->","yoast_head_json":{"title":"The Amazing Spider-Man 2 Marvel Legend The Amazing Spider-Man - EndormoonStore","robots":{"index":"index","follow":"follow","max-snippet":"max-snippet:-1","max-image-preview":"max-image-preview:large","max-video-preview":"max-video-preview:-1"},"canonical":"https:\/\/endormoonstore.com\/en\/the-amazing-spider-man-2-marvel-legend-the-amazing-spider-man\/","og_locale":"en_US","og_type":"article","og_title":"The Amazing Spider-Man 2 Marvel Legend The Amazing Spider-Man - EndormoonStore","og_description":"The Amazing Spider-Man 2 Marvel Legend The Amazing Spider-Man Esta figura de acci\u00f3n de Amazing Spider-Man est\u00e1 inspirada en la apariencia del personaje en la pel\u00edcula The Amazing Spider-Man 2.\u00a0Es una gran adici\u00f3n a cualquier colecci\u00f3n de figuras de acci\u00f3n de Marvel Legends.","og_url":"https:\/\/endormoonstore.com\/en\/the-amazing-spider-man-2-marvel-legend-the-amazing-spider-man\/","og_site_name":"EndormoonStore","article_modified_time":"2024-02-14T13:16:12+00:00","og_image":[{"width":1000,"height":1000,"url":"https:\/\/endormoonstore.com\/wp-content\/uploads\/2023\/10\/The-Amazing-Spider-Man-2-Marvel-Legend-The-Amazing-Spider-Man-1.jpg","type":"image\/jpeg"}],"twitter_card":"summary_large_image","twitter_misc":{"Est. reading time":"1 minute"},"schema":{"@context":"https:\/\/schema.org","@graph":[{"@type":"WebPage","@id":"https:\/\/endormoonstore.com\/en\/the-amazing-spider-man-2-marvel-legend-the-amazing-spider-man\/","url":"https:\/\/endormoonstore.com\/en\/the-amazing-spider-man-2-marvel-legend-the-amazing-spider-man\/","name":"The Amazing Spider-Man 2 Marvel Legend The Amazing Spider-Man - EndormoonStore","isPartOf":{"@id":"https:\/\/endormoonstore.com\/#website"},"primaryImageOfPage":{"@id":"https:\/\/endormoonstore.com\/en\/the-amazing-spider-man-2-marvel-legend-the-amazing-spider-man\/#primaryimage"},"image":{"@id":"https:\/\/endormoonstore.com\/en\/the-amazing-spider-man-2-marvel-legend-the-amazing-spider-man\/#primaryimage"},"thumbnailUrl":"https:\/\/endormoonstore.com\/wp-content\/uploads\/2023\/10\/The-Amazing-Spider-Man-2-Marvel-Legend-The-Amazing-Spider-Man-1.jpg","datePublished":"2023-09-15T22:05:22+00:00","dateModified":"2024-02-14T13:16:12+00:00","breadcrumb":{"@id":"https:\/\/endormoonstore.com\/en\/the-amazing-spider-man-2-marvel-legend-the-amazing-spider-man\/#breadcrumb"},"inLanguage":"en-US","potentialAction":[{"@type":"ReadAction","target":["https:\/\/endormoonstore.com\/en\/the-amazing-spider-man-2-marvel-legend-the-amazing-spider-man\/"]}]},{"@type":"ImageObject","inLanguage":"en-US","@id":"https:\/\/endormoonstore.com\/en\/the-amazing-spider-man-2-marvel-legend-the-amazing-spider-man\/#primaryimage","url":"https:\/\/endormoonstore.com\/wp-content\/uploads\/2023\/10\/The-Amazing-Spider-Man-2-Marvel-Legend-The-Amazing-Spider-Man-1.jpg","contentUrl":"https:\/\/endormoonstore.com\/wp-content\/uploads\/2023\/10\/The-Amazing-Spider-Man-2-Marvel-Legend-The-Amazing-Spider-Man-1.jpg","width":1000,"height":1000},{"@type":"BreadcrumbList","@id":"https:\/\/endormoonstore.com\/en\/the-amazing-spider-man-2-marvel-legend-the-amazing-spider-man\/#breadcrumb","itemListElement":[{"@type":"ListItem","position":1,"name":"Shop","item":"https:\/\/endormoonstore.com\/en\/shop\/"},{"@type":"ListItem","position":2,"name":"The Amazing Spider-Man 2 Marvel Legend The Amazing Spider-Man"}]},{"@type":"WebSite","@id":"https:\/\/endormoonstore.com\/#website","url":"https:\/\/endormoonstore.com\/","name":"EndormoonStore","description":"","potentialAction":[{"@type":"SearchAction","target":{"@type":"EntryPoint","urlTemplate":"https:\/\/endormoonstore.com\/?s={search_term_string}"},"query-input":{"@type":"PropertyValueSpecification","valueRequired":true,"valueName":"search_term_string"}}],"inLanguage":"en-US"}]}},"taxonomy_info":{"product_cat":[{"value":1390,"label":"Figures"}],"pa_brand":[{"value":2084,"label":"Hasbro"}],"pa_character":[{"value":2435,"label":"Spider-Man"}],"pa_episode":[{"value":13933,"label":"The Amazing Spider-Man 2"}],"pa_license":[{"value":1642,"label":"Marvel"}],"pa_product-type":[{"value":2387,"label":"Figure"}],"pa_theme":[{"value":2071,"label":"Marvel Legends Series"}]},"featured_image_src_large":["https:\/\/endormoonstore.com\/wp-content\/uploads\/2023\/10\/The-Amazing-Spider-Man-2-Marvel-Legend-The-Amazing-Spider-Man-1.jpg",1000,1000,false],"author_info":[],"comment_info":"","_links":{"self":[{"href":"https:\/\/endormoonstore.com\/en\/wp-json\/wp\/v2\/product\/150696","targetHints":{"allow":["GET"]}}],"collection":[{"href":"https:\/\/endormoonstore.com\/en\/wp-json\/wp\/v2\/product"}],"about":[{"href":"https:\/\/endormoonstore.com\/en\/wp-json\/wp\/v2\/types\/product"}],"wp:featuredmedia":[{"embeddable":true,"href":"https:\/\/endormoonstore.com\/en\/wp-json\/wp\/v2\/media\/150683"}],"wp:attachment":[{"href":"https:\/\/endormoonstore.com\/en\/wp-json\/wp\/v2\/media?parent=150696"}],"wp:term":[{"taxonomy":"product_cat","embeddable":true,"href":"https:\/\/endormoonstore.com\/en\/wp-json\/wp\/v2\/product_cat?post=150696"},{"taxonomy":"product_tag","embeddable":true,"href":"https:\/\/endormoonstore.com\/en\/wp-json\/wp\/v2\/product_tag?post=150696"}],"curies":[{"name":"wp","href":"https:\/\/api.w.org\/{rel}","templated":true}]}}