{"id":150497,"date":"2023-09-15T00:35:18","date_gmt":"2023-09-14T22:35:18","guid":{"rendered":"https:\/\/endormoonstore.com\/star-wars-the-black-series-snowtrooper-holiday-edition\/"},"modified":"2023-09-26T20:48:03","modified_gmt":"2023-09-26T18:48:03","slug":"star-wars-the-black-series-snowtrooper-holiday-edition","status":"publish","type":"product","link":"https:\/\/endormoonstore.com\/en\/star-wars-the-black-series-snowtrooper-holiday-edition\/","title":{"rendered":"Star Wars The Black Series Snowtrooper (Holiday Edition)"},"content":{"rendered":"<p><strong>Star Wars The Black Series Snowtrooper (Holiday Edition)<\/strong><\/p>\n<ul>\n<li>Hasbro presenta, dentro de la colecci\u00f3n The Black Series, la figura de Snowtrooper (Holiday Edition). Est\u00e1 basada en el personaje de la saga de &#8220;Star Wars&#8221; y mide 15 cm.<\/li>\n<li>Esta figura de acci\u00f3n de Snowtrooper (Holiday Edition) presenta una decoraci\u00f3n \u00fanica inspirada en las fiestas navide\u00f1as, que incluye una armadura en colores festivos.<\/li>\n<li>Cuenta con un dise\u00f1o detallado y m\u00faltiples puntos de articulaci\u00f3n. Incluye 1x bl\u00e1ster, 1x mochila y 1x accesorio basado en el personaje.<\/li>\n<\/ul>\n<p>&nbsp;<\/p>\n","protected":false},"excerpt":{"rendered":"<p><strong>Star Wars The Black Series Snowtrooper (Holiday Edition)<\/strong><\/p>\n<p>Hasbro presenta, dentro de la colecci\u00f3n The Black Series, la figura de Snowtrooper (Holiday Edition). Est\u00e1 basada en el personaje de la saga de &#8220;Star Wars&#8221; y mide 15 cm.<\/p>\n","protected":false},"featured_media":150484,"template":"","meta":{"_acf_changed":false,"_kad_blocks_custom_css":"","_kad_blocks_head_custom_js":"","_kad_blocks_body_custom_js":"","_kad_blocks_footer_custom_js":""},"product_cat":[1384],"product_tag":[],"class_list":{"0":"post-150497","1":"product","2":"type-product","3":"status-publish","4":"has-post-thumbnail","6":"product_cat-pre-orders","7":"pa_brand-hasbro-en","8":"pa_character-snowtrooper-holiday-edition-en","9":"pa_license-star-wars-en","10":"pa_product-type-figure","11":"pa_theme-the-black-series-en","13":"first","14":"instock","15":"taxable","16":"shipping-taxable","17":"purchasable","18":"product-type-simple"},"acf":[],"yoast_head":"<!-- This site is optimized with the Yoast SEO plugin v26.1.1 - https:\/\/yoast.com\/wordpress\/plugins\/seo\/ -->\n<title>Star Wars The Black Series Snowtrooper (Holiday Edition) - EndormoonStore<\/title>\n<meta name=\"robots\" content=\"index, follow, max-snippet:-1, max-image-preview:large, max-video-preview:-1\" \/>\n<link rel=\"canonical\" href=\"https:\/\/endormoonstore.com\/en\/star-wars-the-black-series-snowtrooper-holiday-edition\/\" \/>\n<meta property=\"og:locale\" content=\"en_US\" \/>\n<meta property=\"og:type\" content=\"article\" \/>\n<meta property=\"og:title\" content=\"Star Wars The Black Series Snowtrooper (Holiday Edition) - EndormoonStore\" \/>\n<meta property=\"og:description\" content=\"Star Wars The Black Series Snowtrooper (Holiday Edition)  Hasbro presenta, dentro de la colecci\u00f3n The Black Series, la figura de Snowtrooper (Holiday Edition). Est\u00e1 basada en el personaje de la saga de &quot;Star Wars&quot; y mide 15 cm.\" \/>\n<meta property=\"og:url\" content=\"https:\/\/endormoonstore.com\/en\/star-wars-the-black-series-snowtrooper-holiday-edition\/\" \/>\n<meta property=\"og:site_name\" content=\"EndormoonStore\" \/>\n<meta property=\"article:modified_time\" content=\"2023-09-26T18:48:03+00:00\" \/>\n<meta property=\"og:image\" content=\"https:\/\/endormoonstore.com\/wp-content\/uploads\/2023\/09\/Star-Wars-The-Black-Series-Snowtrooper-Holiday-Edition-1.jpg\" \/>\n\t<meta property=\"og:image:width\" content=\"1000\" \/>\n\t<meta property=\"og:image:height\" content=\"1000\" \/>\n\t<meta property=\"og:image:type\" content=\"image\/jpeg\" \/>\n<meta name=\"twitter:card\" content=\"summary_large_image\" \/>\n<meta name=\"twitter:label1\" content=\"Est. reading time\" \/>\n\t<meta name=\"twitter:data1\" content=\"1 minute\" \/>\n<script type=\"application\/ld+json\" class=\"yoast-schema-graph\">{\"@context\":\"https:\/\/schema.org\",\"@graph\":[{\"@type\":\"WebPage\",\"@id\":\"https:\/\/endormoonstore.com\/en\/star-wars-the-black-series-snowtrooper-holiday-edition\/\",\"url\":\"https:\/\/endormoonstore.com\/en\/star-wars-the-black-series-snowtrooper-holiday-edition\/\",\"name\":\"Star Wars The Black Series Snowtrooper (Holiday Edition) - EndormoonStore\",\"isPartOf\":{\"@id\":\"https:\/\/endormoonstore.com\/#website\"},\"primaryImageOfPage\":{\"@id\":\"https:\/\/endormoonstore.com\/en\/star-wars-the-black-series-snowtrooper-holiday-edition\/#primaryimage\"},\"image\":{\"@id\":\"https:\/\/endormoonstore.com\/en\/star-wars-the-black-series-snowtrooper-holiday-edition\/#primaryimage\"},\"thumbnailUrl\":\"https:\/\/endormoonstore.com\/wp-content\/uploads\/2023\/09\/Star-Wars-The-Black-Series-Snowtrooper-Holiday-Edition-1.jpg\",\"datePublished\":\"2023-09-14T22:35:18+00:00\",\"dateModified\":\"2023-09-26T18:48:03+00:00\",\"breadcrumb\":{\"@id\":\"https:\/\/endormoonstore.com\/en\/star-wars-the-black-series-snowtrooper-holiday-edition\/#breadcrumb\"},\"inLanguage\":\"en-US\",\"potentialAction\":[{\"@type\":\"ReadAction\",\"target\":[\"https:\/\/endormoonstore.com\/en\/star-wars-the-black-series-snowtrooper-holiday-edition\/\"]}]},{\"@type\":\"ImageObject\",\"inLanguage\":\"en-US\",\"@id\":\"https:\/\/endormoonstore.com\/en\/star-wars-the-black-series-snowtrooper-holiday-edition\/#primaryimage\",\"url\":\"https:\/\/endormoonstore.com\/wp-content\/uploads\/2023\/09\/Star-Wars-The-Black-Series-Snowtrooper-Holiday-Edition-1.jpg\",\"contentUrl\":\"https:\/\/endormoonstore.com\/wp-content\/uploads\/2023\/09\/Star-Wars-The-Black-Series-Snowtrooper-Holiday-Edition-1.jpg\",\"width\":1000,\"height\":1000},{\"@type\":\"BreadcrumbList\",\"@id\":\"https:\/\/endormoonstore.com\/en\/star-wars-the-black-series-snowtrooper-holiday-edition\/#breadcrumb\",\"itemListElement\":[{\"@type\":\"ListItem\",\"position\":1,\"name\":\"Shop\",\"item\":\"https:\/\/endormoonstore.com\/en\/shop\/\"},{\"@type\":\"ListItem\",\"position\":2,\"name\":\"Star Wars The Black Series Snowtrooper (Holiday Edition)\"}]},{\"@type\":\"WebSite\",\"@id\":\"https:\/\/endormoonstore.com\/#website\",\"url\":\"https:\/\/endormoonstore.com\/\",\"name\":\"EndormoonStore\",\"description\":\"\",\"potentialAction\":[{\"@type\":\"SearchAction\",\"target\":{\"@type\":\"EntryPoint\",\"urlTemplate\":\"https:\/\/endormoonstore.com\/?s={search_term_string}\"},\"query-input\":{\"@type\":\"PropertyValueSpecification\",\"valueRequired\":true,\"valueName\":\"search_term_string\"}}],\"inLanguage\":\"en-US\"}]}<\/script>\n<!-- \/ Yoast SEO plugin. -->","yoast_head_json":{"title":"Star Wars The Black Series Snowtrooper (Holiday Edition) - EndormoonStore","robots":{"index":"index","follow":"follow","max-snippet":"max-snippet:-1","max-image-preview":"max-image-preview:large","max-video-preview":"max-video-preview:-1"},"canonical":"https:\/\/endormoonstore.com\/en\/star-wars-the-black-series-snowtrooper-holiday-edition\/","og_locale":"en_US","og_type":"article","og_title":"Star Wars The Black Series Snowtrooper (Holiday Edition) - EndormoonStore","og_description":"Star Wars The Black Series Snowtrooper (Holiday Edition)  Hasbro presenta, dentro de la colecci\u00f3n The Black Series, la figura de Snowtrooper (Holiday Edition). Est\u00e1 basada en el personaje de la saga de \"Star Wars\" y mide 15 cm.","og_url":"https:\/\/endormoonstore.com\/en\/star-wars-the-black-series-snowtrooper-holiday-edition\/","og_site_name":"EndormoonStore","article_modified_time":"2023-09-26T18:48:03+00:00","og_image":[{"width":1000,"height":1000,"url":"https:\/\/endormoonstore.com\/wp-content\/uploads\/2023\/09\/Star-Wars-The-Black-Series-Snowtrooper-Holiday-Edition-1.jpg","type":"image\/jpeg"}],"twitter_card":"summary_large_image","twitter_misc":{"Est. reading time":"1 minute"},"schema":{"@context":"https:\/\/schema.org","@graph":[{"@type":"WebPage","@id":"https:\/\/endormoonstore.com\/en\/star-wars-the-black-series-snowtrooper-holiday-edition\/","url":"https:\/\/endormoonstore.com\/en\/star-wars-the-black-series-snowtrooper-holiday-edition\/","name":"Star Wars The Black Series Snowtrooper (Holiday Edition) - EndormoonStore","isPartOf":{"@id":"https:\/\/endormoonstore.com\/#website"},"primaryImageOfPage":{"@id":"https:\/\/endormoonstore.com\/en\/star-wars-the-black-series-snowtrooper-holiday-edition\/#primaryimage"},"image":{"@id":"https:\/\/endormoonstore.com\/en\/star-wars-the-black-series-snowtrooper-holiday-edition\/#primaryimage"},"thumbnailUrl":"https:\/\/endormoonstore.com\/wp-content\/uploads\/2023\/09\/Star-Wars-The-Black-Series-Snowtrooper-Holiday-Edition-1.jpg","datePublished":"2023-09-14T22:35:18+00:00","dateModified":"2023-09-26T18:48:03+00:00","breadcrumb":{"@id":"https:\/\/endormoonstore.com\/en\/star-wars-the-black-series-snowtrooper-holiday-edition\/#breadcrumb"},"inLanguage":"en-US","potentialAction":[{"@type":"ReadAction","target":["https:\/\/endormoonstore.com\/en\/star-wars-the-black-series-snowtrooper-holiday-edition\/"]}]},{"@type":"ImageObject","inLanguage":"en-US","@id":"https:\/\/endormoonstore.com\/en\/star-wars-the-black-series-snowtrooper-holiday-edition\/#primaryimage","url":"https:\/\/endormoonstore.com\/wp-content\/uploads\/2023\/09\/Star-Wars-The-Black-Series-Snowtrooper-Holiday-Edition-1.jpg","contentUrl":"https:\/\/endormoonstore.com\/wp-content\/uploads\/2023\/09\/Star-Wars-The-Black-Series-Snowtrooper-Holiday-Edition-1.jpg","width":1000,"height":1000},{"@type":"BreadcrumbList","@id":"https:\/\/endormoonstore.com\/en\/star-wars-the-black-series-snowtrooper-holiday-edition\/#breadcrumb","itemListElement":[{"@type":"ListItem","position":1,"name":"Shop","item":"https:\/\/endormoonstore.com\/en\/shop\/"},{"@type":"ListItem","position":2,"name":"Star Wars The Black Series Snowtrooper (Holiday Edition)"}]},{"@type":"WebSite","@id":"https:\/\/endormoonstore.com\/#website","url":"https:\/\/endormoonstore.com\/","name":"EndormoonStore","description":"","potentialAction":[{"@type":"SearchAction","target":{"@type":"EntryPoint","urlTemplate":"https:\/\/endormoonstore.com\/?s={search_term_string}"},"query-input":{"@type":"PropertyValueSpecification","valueRequired":true,"valueName":"search_term_string"}}],"inLanguage":"en-US"}]}},"taxonomy_info":{"product_cat":[{"value":1384,"label":"Pre-orders"}],"pa_brand":[{"value":2084,"label":"Hasbro"}],"pa_character":[{"value":3020,"label":"Snowtrooper Holiday Edition"}],"pa_license":[{"value":1644,"label":"Star Wars"}],"pa_product-type":[{"value":2387,"label":"Figure"}],"pa_theme":[{"value":2552,"label":"The Black Series"}]},"featured_image_src_large":["https:\/\/endormoonstore.com\/wp-content\/uploads\/2023\/09\/Star-Wars-The-Black-Series-Snowtrooper-Holiday-Edition-1.jpg",1000,1000,false],"author_info":[],"comment_info":"","_links":{"self":[{"href":"https:\/\/endormoonstore.com\/en\/wp-json\/wp\/v2\/product\/150497","targetHints":{"allow":["GET"]}}],"collection":[{"href":"https:\/\/endormoonstore.com\/en\/wp-json\/wp\/v2\/product"}],"about":[{"href":"https:\/\/endormoonstore.com\/en\/wp-json\/wp\/v2\/types\/product"}],"wp:featuredmedia":[{"embeddable":true,"href":"https:\/\/endormoonstore.com\/en\/wp-json\/wp\/v2\/media\/150484"}],"wp:attachment":[{"href":"https:\/\/endormoonstore.com\/en\/wp-json\/wp\/v2\/media?parent=150497"}],"wp:term":[{"taxonomy":"product_cat","embeddable":true,"href":"https:\/\/endormoonstore.com\/en\/wp-json\/wp\/v2\/product_cat?post=150497"},{"taxonomy":"product_tag","embeddable":true,"href":"https:\/\/endormoonstore.com\/en\/wp-json\/wp\/v2\/product_tag?post=150497"}],"curies":[{"name":"wp","href":"https:\/\/api.w.org\/{rel}","templated":true}]}}