{"id":150480,"date":"2024-11-05T00:35:53","date_gmt":"2024-11-04T23:35:53","guid":{"rendered":"https:\/\/endormoonstore.com\/femto-birth-of-the-hawk-of-darkness-ver-berserk-the-golden-age-arc-memorial-edition-figma\/"},"modified":"2024-12-01T21:31:39","modified_gmt":"2024-12-01T20:31:39","slug":"femto-birth-of-the-hawk-of-darkness-ver-berserk-the-golden-age-arc-memorial-edition-figma","status":"publish","type":"product","link":"https:\/\/endormoonstore.com\/en\/femto-birth-of-the-hawk-of-darkness-ver-berserk-the-golden-age-arc-memorial-edition-figma\/","title":{"rendered":"Femto Birth of the Hawk of Darkness Ver. Berserk: The Golden Age Arc &#8211; Memorial Edition Figma"},"content":{"rendered":"<p class=\"p1\"><strong>Femto Birth of the Hawk of Darkness Ver. Berserk: The Golden Age Arc &#8211; Memorial Edition Figma<\/strong><\/p>\n<ul class=\"ul1\">\n<li class=\"li1\">De &#8220;Berserk: The Golden Age Arc &#8211; Memorial Edition&#8221; llega una nueva versi\u00f3n de la figura de Griffith despu\u00e9s de su reencarnaci\u00f3n como miembro de la Mano de Dios: \u00a1Femto!<\/li>\n<li>La versi\u00f3n &#8220;Birth of the Hawk of Darkness ver&#8221;. viene con un soporte especial basado en el &#8220;Egg of the Supreme Rule&#8221; que te permite recrear escenas a\u00fan m\u00e1s memorables de la serie.<\/li>\n<li class=\"li1\">Usando las uniones suaves pero articuladas de figma, puedes crear una variedad de poses de la serie.\u00a0Sus caracter\u00edsticas alas est\u00e1n articuladas en puntos espec\u00edficos permitiendo posturas din\u00e1micas y quietas que preservan fielmente su forma.<\/li>\n<li class=\"li1\">Est\u00e1 hecha en PVC y mide unos 22 cm de alto. Se incluyen piezas de mano alternativas que permiten una variedad de situaciones diferentes en forma de figura. Se incluye un soporte figma articulado.<\/li>\n<li class=\"li1\">Las figuras adicionales que se muestran en alguna foto no est\u00e1n incluidas ( se venden por separado)<\/li>\n<\/ul>\n<p>&nbsp;<\/p>\n<p>&nbsp;<\/p>\n","protected":false},"excerpt":{"rendered":"<p><strong>Femto Birth of the Hawk of Darkness Ver. Berserk: The Golden Age Arc &#8211; Memorial Edition Figma<\/strong><\/p>\n<p>De &#8220;Berserk: The Golden Age Arc &#8211; Memorial Edition&#8221; llega una nueva versi\u00f3n de la figura de Griffith despu\u00e9s de su reencarnaci\u00f3n como miembro de la Mano de Dios: \u00a1Femto!<\/p>\n","protected":false},"featured_media":150461,"template":"","meta":{"_acf_changed":false,"_kad_blocks_custom_css":"","_kad_blocks_head_custom_js":"","_kad_blocks_body_custom_js":"","_kad_blocks_footer_custom_js":""},"product_cat":[1390,13511,15769],"product_tag":[],"class_list":{"0":"post-150480","1":"product","2":"type-product","3":"status-publish","4":"has-post-thumbnail","6":"product_cat-figures","7":"product_cat-new-arrivals","8":"product_cat-sales","9":"pa_brand-freeing-en","10":"pa_character-femto-en","11":"pa_episode-berserk-the-golden-age-arc-memorial-edition-en","12":"pa_license-berserk-en","13":"pa_product-type-figure","14":"pa_theme-figma-en","16":"first","17":"outofstock","18":"sale","19":"taxable","20":"shipping-taxable","21":"purchasable","22":"product-type-simple"},"acf":[],"yoast_head":"<!-- This site is optimized with the Yoast SEO plugin v26.1.1 - https:\/\/yoast.com\/wordpress\/plugins\/seo\/ -->\n<title>Femto Birth of the Hawk of Darkness Ver. Berserk: The Golden Age Arc - Memorial Edition Figma - EndormoonStore<\/title>\n<meta name=\"robots\" content=\"index, follow, max-snippet:-1, max-image-preview:large, max-video-preview:-1\" \/>\n<link rel=\"canonical\" href=\"https:\/\/endormoonstore.com\/en\/femto-birth-of-the-hawk-of-darkness-ver-berserk-the-golden-age-arc-memorial-edition-figma\/\" \/>\n<meta property=\"og:locale\" content=\"en_US\" \/>\n<meta property=\"og:type\" content=\"article\" \/>\n<meta property=\"og:title\" content=\"Femto Birth of the Hawk of Darkness Ver. Berserk: The Golden Age Arc - Memorial Edition Figma - EndormoonStore\" \/>\n<meta property=\"og:description\" content=\"Femto Birth of the Hawk of Darkness Ver. Berserk: The Golden Age Arc - Memorial Edition Figma  De &quot;Berserk: The Golden Age Arc - Memorial Edition&quot; llega una nueva versi\u00f3n de la figura de Griffith despu\u00e9s de su reencarnaci\u00f3n como miembro de la Mano de Dios: \u00a1Femto!\" \/>\n<meta property=\"og:url\" content=\"https:\/\/endormoonstore.com\/en\/femto-birth-of-the-hawk-of-darkness-ver-berserk-the-golden-age-arc-memorial-edition-figma\/\" \/>\n<meta property=\"og:site_name\" content=\"EndormoonStore\" \/>\n<meta property=\"article:modified_time\" content=\"2024-12-01T20:31:39+00:00\" \/>\n<meta property=\"og:image\" content=\"https:\/\/endormoonstore.com\/wp-content\/uploads\/2023\/09\/Femto-Birth-of-the-Hawk-of-Darkness-Ver.-Berserk-The-Golden-Age-Arc-Memorial-Edition-Figma-1.jpeg\" \/>\n\t<meta property=\"og:image:width\" content=\"730\" \/>\n\t<meta property=\"og:image:height\" content=\"900\" \/>\n\t<meta property=\"og:image:type\" content=\"image\/jpeg\" \/>\n<meta name=\"twitter:card\" content=\"summary_large_image\" \/>\n<meta name=\"twitter:label1\" content=\"Est. reading time\" \/>\n\t<meta name=\"twitter:data1\" content=\"1 minute\" \/>\n<script type=\"application\/ld+json\" class=\"yoast-schema-graph\">{\"@context\":\"https:\/\/schema.org\",\"@graph\":[{\"@type\":\"WebPage\",\"@id\":\"https:\/\/endormoonstore.com\/en\/femto-birth-of-the-hawk-of-darkness-ver-berserk-the-golden-age-arc-memorial-edition-figma\/\",\"url\":\"https:\/\/endormoonstore.com\/en\/femto-birth-of-the-hawk-of-darkness-ver-berserk-the-golden-age-arc-memorial-edition-figma\/\",\"name\":\"Femto Birth of the Hawk of Darkness Ver. Berserk: The Golden Age Arc - Memorial Edition Figma - EndormoonStore\",\"isPartOf\":{\"@id\":\"https:\/\/endormoonstore.com\/#website\"},\"primaryImageOfPage\":{\"@id\":\"https:\/\/endormoonstore.com\/en\/femto-birth-of-the-hawk-of-darkness-ver-berserk-the-golden-age-arc-memorial-edition-figma\/#primaryimage\"},\"image\":{\"@id\":\"https:\/\/endormoonstore.com\/en\/femto-birth-of-the-hawk-of-darkness-ver-berserk-the-golden-age-arc-memorial-edition-figma\/#primaryimage\"},\"thumbnailUrl\":\"https:\/\/endormoonstore.com\/wp-content\/uploads\/2023\/09\/Femto-Birth-of-the-Hawk-of-Darkness-Ver.-Berserk-The-Golden-Age-Arc-Memorial-Edition-Figma-1.jpeg\",\"datePublished\":\"2024-11-04T23:35:53+00:00\",\"dateModified\":\"2024-12-01T20:31:39+00:00\",\"breadcrumb\":{\"@id\":\"https:\/\/endormoonstore.com\/en\/femto-birth-of-the-hawk-of-darkness-ver-berserk-the-golden-age-arc-memorial-edition-figma\/#breadcrumb\"},\"inLanguage\":\"en-US\",\"potentialAction\":[{\"@type\":\"ReadAction\",\"target\":[\"https:\/\/endormoonstore.com\/en\/femto-birth-of-the-hawk-of-darkness-ver-berserk-the-golden-age-arc-memorial-edition-figma\/\"]}]},{\"@type\":\"ImageObject\",\"inLanguage\":\"en-US\",\"@id\":\"https:\/\/endormoonstore.com\/en\/femto-birth-of-the-hawk-of-darkness-ver-berserk-the-golden-age-arc-memorial-edition-figma\/#primaryimage\",\"url\":\"https:\/\/endormoonstore.com\/wp-content\/uploads\/2023\/09\/Femto-Birth-of-the-Hawk-of-Darkness-Ver.-Berserk-The-Golden-Age-Arc-Memorial-Edition-Figma-1.jpeg\",\"contentUrl\":\"https:\/\/endormoonstore.com\/wp-content\/uploads\/2023\/09\/Femto-Birth-of-the-Hawk-of-Darkness-Ver.-Berserk-The-Golden-Age-Arc-Memorial-Edition-Figma-1.jpeg\",\"width\":730,\"height\":900},{\"@type\":\"BreadcrumbList\",\"@id\":\"https:\/\/endormoonstore.com\/en\/femto-birth-of-the-hawk-of-darkness-ver-berserk-the-golden-age-arc-memorial-edition-figma\/#breadcrumb\",\"itemListElement\":[{\"@type\":\"ListItem\",\"position\":1,\"name\":\"Shop\",\"item\":\"https:\/\/endormoonstore.com\/en\/shop\/\"},{\"@type\":\"ListItem\",\"position\":2,\"name\":\"Femto Birth of the Hawk of Darkness Ver. Berserk: The Golden Age Arc &#8211; Memorial Edition Figma\"}]},{\"@type\":\"WebSite\",\"@id\":\"https:\/\/endormoonstore.com\/#website\",\"url\":\"https:\/\/endormoonstore.com\/\",\"name\":\"EndormoonStore\",\"description\":\"\",\"potentialAction\":[{\"@type\":\"SearchAction\",\"target\":{\"@type\":\"EntryPoint\",\"urlTemplate\":\"https:\/\/endormoonstore.com\/?s={search_term_string}\"},\"query-input\":{\"@type\":\"PropertyValueSpecification\",\"valueRequired\":true,\"valueName\":\"search_term_string\"}}],\"inLanguage\":\"en-US\"}]}<\/script>\n<!-- \/ Yoast SEO plugin. -->","yoast_head_json":{"title":"Femto Birth of the Hawk of Darkness Ver. Berserk: The Golden Age Arc - Memorial Edition Figma - EndormoonStore","robots":{"index":"index","follow":"follow","max-snippet":"max-snippet:-1","max-image-preview":"max-image-preview:large","max-video-preview":"max-video-preview:-1"},"canonical":"https:\/\/endormoonstore.com\/en\/femto-birth-of-the-hawk-of-darkness-ver-berserk-the-golden-age-arc-memorial-edition-figma\/","og_locale":"en_US","og_type":"article","og_title":"Femto Birth of the Hawk of Darkness Ver. Berserk: The Golden Age Arc - Memorial Edition Figma - EndormoonStore","og_description":"Femto Birth of the Hawk of Darkness Ver. Berserk: The Golden Age Arc - Memorial Edition Figma  De \"Berserk: The Golden Age Arc - Memorial Edition\" llega una nueva versi\u00f3n de la figura de Griffith despu\u00e9s de su reencarnaci\u00f3n como miembro de la Mano de Dios: \u00a1Femto!","og_url":"https:\/\/endormoonstore.com\/en\/femto-birth-of-the-hawk-of-darkness-ver-berserk-the-golden-age-arc-memorial-edition-figma\/","og_site_name":"EndormoonStore","article_modified_time":"2024-12-01T20:31:39+00:00","og_image":[{"width":730,"height":900,"url":"https:\/\/endormoonstore.com\/wp-content\/uploads\/2023\/09\/Femto-Birth-of-the-Hawk-of-Darkness-Ver.-Berserk-The-Golden-Age-Arc-Memorial-Edition-Figma-1.jpeg","type":"image\/jpeg"}],"twitter_card":"summary_large_image","twitter_misc":{"Est. reading time":"1 minute"},"schema":{"@context":"https:\/\/schema.org","@graph":[{"@type":"WebPage","@id":"https:\/\/endormoonstore.com\/en\/femto-birth-of-the-hawk-of-darkness-ver-berserk-the-golden-age-arc-memorial-edition-figma\/","url":"https:\/\/endormoonstore.com\/en\/femto-birth-of-the-hawk-of-darkness-ver-berserk-the-golden-age-arc-memorial-edition-figma\/","name":"Femto Birth of the Hawk of Darkness Ver. Berserk: The Golden Age Arc - Memorial Edition Figma - EndormoonStore","isPartOf":{"@id":"https:\/\/endormoonstore.com\/#website"},"primaryImageOfPage":{"@id":"https:\/\/endormoonstore.com\/en\/femto-birth-of-the-hawk-of-darkness-ver-berserk-the-golden-age-arc-memorial-edition-figma\/#primaryimage"},"image":{"@id":"https:\/\/endormoonstore.com\/en\/femto-birth-of-the-hawk-of-darkness-ver-berserk-the-golden-age-arc-memorial-edition-figma\/#primaryimage"},"thumbnailUrl":"https:\/\/endormoonstore.com\/wp-content\/uploads\/2023\/09\/Femto-Birth-of-the-Hawk-of-Darkness-Ver.-Berserk-The-Golden-Age-Arc-Memorial-Edition-Figma-1.jpeg","datePublished":"2024-11-04T23:35:53+00:00","dateModified":"2024-12-01T20:31:39+00:00","breadcrumb":{"@id":"https:\/\/endormoonstore.com\/en\/femto-birth-of-the-hawk-of-darkness-ver-berserk-the-golden-age-arc-memorial-edition-figma\/#breadcrumb"},"inLanguage":"en-US","potentialAction":[{"@type":"ReadAction","target":["https:\/\/endormoonstore.com\/en\/femto-birth-of-the-hawk-of-darkness-ver-berserk-the-golden-age-arc-memorial-edition-figma\/"]}]},{"@type":"ImageObject","inLanguage":"en-US","@id":"https:\/\/endormoonstore.com\/en\/femto-birth-of-the-hawk-of-darkness-ver-berserk-the-golden-age-arc-memorial-edition-figma\/#primaryimage","url":"https:\/\/endormoonstore.com\/wp-content\/uploads\/2023\/09\/Femto-Birth-of-the-Hawk-of-Darkness-Ver.-Berserk-The-Golden-Age-Arc-Memorial-Edition-Figma-1.jpeg","contentUrl":"https:\/\/endormoonstore.com\/wp-content\/uploads\/2023\/09\/Femto-Birth-of-the-Hawk-of-Darkness-Ver.-Berserk-The-Golden-Age-Arc-Memorial-Edition-Figma-1.jpeg","width":730,"height":900},{"@type":"BreadcrumbList","@id":"https:\/\/endormoonstore.com\/en\/femto-birth-of-the-hawk-of-darkness-ver-berserk-the-golden-age-arc-memorial-edition-figma\/#breadcrumb","itemListElement":[{"@type":"ListItem","position":1,"name":"Shop","item":"https:\/\/endormoonstore.com\/en\/shop\/"},{"@type":"ListItem","position":2,"name":"Femto Birth of the Hawk of Darkness Ver. Berserk: The Golden Age Arc &#8211; Memorial Edition Figma"}]},{"@type":"WebSite","@id":"https:\/\/endormoonstore.com\/#website","url":"https:\/\/endormoonstore.com\/","name":"EndormoonStore","description":"","potentialAction":[{"@type":"SearchAction","target":{"@type":"EntryPoint","urlTemplate":"https:\/\/endormoonstore.com\/?s={search_term_string}"},"query-input":{"@type":"PropertyValueSpecification","valueRequired":true,"valueName":"search_term_string"}}],"inLanguage":"en-US"}]}},"taxonomy_info":{"product_cat":[{"value":1390,"label":"Figures"},{"value":13511,"label":"New Arrivals"},{"value":15769,"label":"Sales"}],"pa_brand":[{"value":10941,"label":"FREEing"}],"pa_character":[{"value":13904,"label":"Femto"}],"pa_episode":[{"value":13906,"label":"Berserk: The Golden Age Arc - Memorial Edition"}],"pa_license":[{"value":3617,"label":"Berserk"}],"pa_product-type":[{"value":2387,"label":"Figure"}],"pa_theme":[{"value":1819,"label":"Figma"}]},"featured_image_src_large":["https:\/\/endormoonstore.com\/wp-content\/uploads\/2023\/09\/Femto-Birth-of-the-Hawk-of-Darkness-Ver.-Berserk-The-Golden-Age-Arc-Memorial-Edition-Figma-1.jpeg",730,900,false],"author_info":[],"comment_info":"","_links":{"self":[{"href":"https:\/\/endormoonstore.com\/en\/wp-json\/wp\/v2\/product\/150480","targetHints":{"allow":["GET"]}}],"collection":[{"href":"https:\/\/endormoonstore.com\/en\/wp-json\/wp\/v2\/product"}],"about":[{"href":"https:\/\/endormoonstore.com\/en\/wp-json\/wp\/v2\/types\/product"}],"wp:featuredmedia":[{"embeddable":true,"href":"https:\/\/endormoonstore.com\/en\/wp-json\/wp\/v2\/media\/150461"}],"wp:attachment":[{"href":"https:\/\/endormoonstore.com\/en\/wp-json\/wp\/v2\/media?parent=150480"}],"wp:term":[{"taxonomy":"product_cat","embeddable":true,"href":"https:\/\/endormoonstore.com\/en\/wp-json\/wp\/v2\/product_cat?post=150480"},{"taxonomy":"product_tag","embeddable":true,"href":"https:\/\/endormoonstore.com\/en\/wp-json\/wp\/v2\/product_tag?post=150480"}],"curies":[{"name":"wp","href":"https:\/\/api.w.org\/{rel}","templated":true}]}}