{"id":150382,"date":"2023-09-01T01:55:28","date_gmt":"2023-08-31T23:55:28","guid":{"rendered":"https:\/\/endormoonstore.com\/regan-macneil-the-exorcist-with-sound-mezco-designer-series-mega-scale\/"},"modified":"2024-02-01T16:01:04","modified_gmt":"2024-02-01T15:01:04","slug":"regan-macneil-the-exorcist-with-sound-mezco-designer-series-mega-scale","status":"publish","type":"product","link":"https:\/\/endormoonstore.com\/en\/regan-macneil-the-exorcist-with-sound-mezco-designer-series-mega-scale\/","title":{"rendered":"Regan MacNeil The Exorcist With Sound Mezco Designer Series Mega Scale"},"content":{"rendered":"<p><strong>Regan MacNeil The Exorcist With Sound Mezco Designer Series Mega Scale Figura 38 cm<\/strong><\/p>\n<ul>\n<li>Con una altura amenazadora de 15 pulgadas unos 38 cm de alto, Regan MacNeil de El Exorcista se presenta con un camis\u00f3n de tela real de la pel\u00edcula. La joven pose\u00edda dice 6 frases ic\u00f3nicas y espeluznantes que incluyen &#8220;It burns!&#8221; y &#8220;Keep away! The sow is mine&#8221;. El diablo est\u00e1 en los detalles y cada uno de ellos ha sido capturado aqu\u00ed; desde el salvaje cabello real de Regan hasta sus ojos enloquecidos y penetrantes y su sonrisa man\u00edaca. Esta figura de Mega Scale Exorcist presenta 11 puntos de articulaci\u00f3n para posturas din\u00e1micas de pesadilla.<\/li>\n<li>Irrumpiendo en la escena cinematogr\u00e1fica en 1973, El exorcista se convirti\u00f3 en la primera pel\u00edcula de terror nominada a un Premio de la Academia.\u00a0La pel\u00edcula cuenta la escalofriante historia de la posesi\u00f3n demon\u00edaca de una ni\u00f1a y la lucha de una madre para salvar a su hija mediante un exorcismo.<\/li>\n<li>La figura del Exorcista Mega Scale viene empaquetada en una caja con ventana apta para coleccionistas, perfecta para exhibir.<\/li>\n<\/ul>\n","protected":false},"excerpt":{"rendered":"<p><strong>Regan MacNeil The Exorcist With Sound Mezco Designer Series Mega Scale Figura 38 cm<\/strong><\/p>\n<p>Con una altura amenazadora de 15 pulgadas unos 38 cm de alto, Regan MacNeil de El Exorcista se presenta con un camis\u00f3n de tela real de la pel\u00edcula. La joven pose\u00edda dice 6 frases ic\u00f3nicas y espeluznantes que incluyen &#8220;It burns!&#8221; y &#8220;Keep away! The sow is mine&#8221;. El diablo est\u00e1 en los detalles y cada uno de ellos ha sido capturado aqu\u00ed; desde el salvaje cabello real de Regan hasta sus ojos enloquecidos y penetrantes y su sonrisa man\u00edaca. Esta figura de Mega Scale Exorcist presenta 11 puntos de articulaci\u00f3n para posturas din\u00e1micas de pesadilla.<\/p>\n","protected":false},"featured_media":150359,"template":"","meta":{"_acf_changed":false,"_kad_blocks_custom_css":"","_kad_blocks_head_custom_js":"","_kad_blocks_body_custom_js":"","_kad_blocks_footer_custom_js":""},"product_cat":[1390],"product_tag":[],"class_list":{"0":"post-150382","1":"product","2":"type-product","3":"status-publish","4":"has-post-thumbnail","6":"product_cat-figures","7":"pa_brand-mezco-toyz-en","8":"pa_character-regan-macneil-en","9":"pa_license-the-exorcist-en","10":"pa_product-type-figure","11":"pa_theme-mds-mega-scale-en","13":"first","14":"outofstock","15":"taxable","16":"shipping-taxable","17":"purchasable","18":"product-type-simple"},"acf":[],"yoast_head":"<!-- This site is optimized with the Yoast SEO plugin v26.1.1 - https:\/\/yoast.com\/wordpress\/plugins\/seo\/ -->\n<title>Regan MacNeil The Exorcist With Sound Mezco Designer Series Mega Scale - EndormoonStore<\/title>\n<meta name=\"robots\" content=\"index, follow, max-snippet:-1, max-image-preview:large, max-video-preview:-1\" \/>\n<link rel=\"canonical\" href=\"https:\/\/endormoonstore.com\/en\/regan-macneil-the-exorcist-with-sound-mezco-designer-series-mega-scale\/\" \/>\n<meta property=\"og:locale\" content=\"en_US\" \/>\n<meta property=\"og:type\" content=\"article\" \/>\n<meta property=\"og:title\" content=\"Regan MacNeil The Exorcist With Sound Mezco Designer Series Mega Scale - EndormoonStore\" \/>\n<meta property=\"og:description\" content=\"Regan MacNeil The Exorcist With Sound Mezco Designer Series Mega Scale Figura 38 cm  Con una altura amenazadora de 15 pulgadas unos 38 cm de alto, Regan MacNeil de El Exorcista se presenta con un camis\u00f3n de tela real de la pel\u00edcula. La joven pose\u00edda dice 6 frases ic\u00f3nicas y espeluznantes que incluyen &quot;It burns!&quot; y &quot;Keep away! The sow is mine&quot;. El diablo est\u00e1 en los detalles y cada uno de ellos ha sido capturado aqu\u00ed; desde el salvaje cabello real de Regan hasta sus ojos enloquecidos y penetrantes y su sonrisa man\u00edaca. Esta figura de Mega Scale Exorcist presenta 11 puntos de articulaci\u00f3n para posturas din\u00e1micas de pesadilla.\" \/>\n<meta property=\"og:url\" content=\"https:\/\/endormoonstore.com\/en\/regan-macneil-the-exorcist-with-sound-mezco-designer-series-mega-scale\/\" \/>\n<meta property=\"og:site_name\" content=\"EndormoonStore\" \/>\n<meta property=\"article:modified_time\" content=\"2024-02-01T15:01:04+00:00\" \/>\n<meta property=\"og:image\" content=\"https:\/\/endormoonstore.com\/wp-content\/uploads\/2023\/09\/Regan-MacNeil-The-Exorcist-With-Sound-Mezco-Designer-Series-Mega-Scale-1.jpeg\" \/>\n\t<meta property=\"og:image:width\" content=\"800\" \/>\n\t<meta property=\"og:image:height\" content=\"800\" \/>\n\t<meta property=\"og:image:type\" content=\"image\/jpeg\" \/>\n<meta name=\"twitter:card\" content=\"summary_large_image\" \/>\n<meta name=\"twitter:label1\" content=\"Est. reading time\" \/>\n\t<meta name=\"twitter:data1\" content=\"2 minutes\" \/>\n<script type=\"application\/ld+json\" class=\"yoast-schema-graph\">{\"@context\":\"https:\/\/schema.org\",\"@graph\":[{\"@type\":\"WebPage\",\"@id\":\"https:\/\/endormoonstore.com\/en\/regan-macneil-the-exorcist-with-sound-mezco-designer-series-mega-scale\/\",\"url\":\"https:\/\/endormoonstore.com\/en\/regan-macneil-the-exorcist-with-sound-mezco-designer-series-mega-scale\/\",\"name\":\"Regan MacNeil The Exorcist With Sound Mezco Designer Series Mega Scale - EndormoonStore\",\"isPartOf\":{\"@id\":\"https:\/\/endormoonstore.com\/#website\"},\"primaryImageOfPage\":{\"@id\":\"https:\/\/endormoonstore.com\/en\/regan-macneil-the-exorcist-with-sound-mezco-designer-series-mega-scale\/#primaryimage\"},\"image\":{\"@id\":\"https:\/\/endormoonstore.com\/en\/regan-macneil-the-exorcist-with-sound-mezco-designer-series-mega-scale\/#primaryimage\"},\"thumbnailUrl\":\"https:\/\/endormoonstore.com\/wp-content\/uploads\/2023\/09\/Regan-MacNeil-The-Exorcist-With-Sound-Mezco-Designer-Series-Mega-Scale-1.jpeg\",\"datePublished\":\"2023-08-31T23:55:28+00:00\",\"dateModified\":\"2024-02-01T15:01:04+00:00\",\"breadcrumb\":{\"@id\":\"https:\/\/endormoonstore.com\/en\/regan-macneil-the-exorcist-with-sound-mezco-designer-series-mega-scale\/#breadcrumb\"},\"inLanguage\":\"en-US\",\"potentialAction\":[{\"@type\":\"ReadAction\",\"target\":[\"https:\/\/endormoonstore.com\/en\/regan-macneil-the-exorcist-with-sound-mezco-designer-series-mega-scale\/\"]}]},{\"@type\":\"ImageObject\",\"inLanguage\":\"en-US\",\"@id\":\"https:\/\/endormoonstore.com\/en\/regan-macneil-the-exorcist-with-sound-mezco-designer-series-mega-scale\/#primaryimage\",\"url\":\"https:\/\/endormoonstore.com\/wp-content\/uploads\/2023\/09\/Regan-MacNeil-The-Exorcist-With-Sound-Mezco-Designer-Series-Mega-Scale-1.jpeg\",\"contentUrl\":\"https:\/\/endormoonstore.com\/wp-content\/uploads\/2023\/09\/Regan-MacNeil-The-Exorcist-With-Sound-Mezco-Designer-Series-Mega-Scale-1.jpeg\",\"width\":800,\"height\":800},{\"@type\":\"BreadcrumbList\",\"@id\":\"https:\/\/endormoonstore.com\/en\/regan-macneil-the-exorcist-with-sound-mezco-designer-series-mega-scale\/#breadcrumb\",\"itemListElement\":[{\"@type\":\"ListItem\",\"position\":1,\"name\":\"Shop\",\"item\":\"https:\/\/endormoonstore.com\/en\/shop\/\"},{\"@type\":\"ListItem\",\"position\":2,\"name\":\"Regan MacNeil The Exorcist With Sound Mezco Designer Series Mega Scale\"}]},{\"@type\":\"WebSite\",\"@id\":\"https:\/\/endormoonstore.com\/#website\",\"url\":\"https:\/\/endormoonstore.com\/\",\"name\":\"EndormoonStore\",\"description\":\"\",\"potentialAction\":[{\"@type\":\"SearchAction\",\"target\":{\"@type\":\"EntryPoint\",\"urlTemplate\":\"https:\/\/endormoonstore.com\/?s={search_term_string}\"},\"query-input\":{\"@type\":\"PropertyValueSpecification\",\"valueRequired\":true,\"valueName\":\"search_term_string\"}}],\"inLanguage\":\"en-US\"}]}<\/script>\n<!-- \/ Yoast SEO plugin. -->","yoast_head_json":{"title":"Regan MacNeil The Exorcist With Sound Mezco Designer Series Mega Scale - EndormoonStore","robots":{"index":"index","follow":"follow","max-snippet":"max-snippet:-1","max-image-preview":"max-image-preview:large","max-video-preview":"max-video-preview:-1"},"canonical":"https:\/\/endormoonstore.com\/en\/regan-macneil-the-exorcist-with-sound-mezco-designer-series-mega-scale\/","og_locale":"en_US","og_type":"article","og_title":"Regan MacNeil The Exorcist With Sound Mezco Designer Series Mega Scale - EndormoonStore","og_description":"Regan MacNeil The Exorcist With Sound Mezco Designer Series Mega Scale Figura 38 cm  Con una altura amenazadora de 15 pulgadas unos 38 cm de alto, Regan MacNeil de El Exorcista se presenta con un camis\u00f3n de tela real de la pel\u00edcula. La joven pose\u00edda dice 6 frases ic\u00f3nicas y espeluznantes que incluyen \"It burns!\" y \"Keep away! The sow is mine\". El diablo est\u00e1 en los detalles y cada uno de ellos ha sido capturado aqu\u00ed; desde el salvaje cabello real de Regan hasta sus ojos enloquecidos y penetrantes y su sonrisa man\u00edaca. Esta figura de Mega Scale Exorcist presenta 11 puntos de articulaci\u00f3n para posturas din\u00e1micas de pesadilla.","og_url":"https:\/\/endormoonstore.com\/en\/regan-macneil-the-exorcist-with-sound-mezco-designer-series-mega-scale\/","og_site_name":"EndormoonStore","article_modified_time":"2024-02-01T15:01:04+00:00","og_image":[{"width":800,"height":800,"url":"https:\/\/endormoonstore.com\/wp-content\/uploads\/2023\/09\/Regan-MacNeil-The-Exorcist-With-Sound-Mezco-Designer-Series-Mega-Scale-1.jpeg","type":"image\/jpeg"}],"twitter_card":"summary_large_image","twitter_misc":{"Est. reading time":"2 minutes"},"schema":{"@context":"https:\/\/schema.org","@graph":[{"@type":"WebPage","@id":"https:\/\/endormoonstore.com\/en\/regan-macneil-the-exorcist-with-sound-mezco-designer-series-mega-scale\/","url":"https:\/\/endormoonstore.com\/en\/regan-macneil-the-exorcist-with-sound-mezco-designer-series-mega-scale\/","name":"Regan MacNeil The Exorcist With Sound Mezco Designer Series Mega Scale - EndormoonStore","isPartOf":{"@id":"https:\/\/endormoonstore.com\/#website"},"primaryImageOfPage":{"@id":"https:\/\/endormoonstore.com\/en\/regan-macneil-the-exorcist-with-sound-mezco-designer-series-mega-scale\/#primaryimage"},"image":{"@id":"https:\/\/endormoonstore.com\/en\/regan-macneil-the-exorcist-with-sound-mezco-designer-series-mega-scale\/#primaryimage"},"thumbnailUrl":"https:\/\/endormoonstore.com\/wp-content\/uploads\/2023\/09\/Regan-MacNeil-The-Exorcist-With-Sound-Mezco-Designer-Series-Mega-Scale-1.jpeg","datePublished":"2023-08-31T23:55:28+00:00","dateModified":"2024-02-01T15:01:04+00:00","breadcrumb":{"@id":"https:\/\/endormoonstore.com\/en\/regan-macneil-the-exorcist-with-sound-mezco-designer-series-mega-scale\/#breadcrumb"},"inLanguage":"en-US","potentialAction":[{"@type":"ReadAction","target":["https:\/\/endormoonstore.com\/en\/regan-macneil-the-exorcist-with-sound-mezco-designer-series-mega-scale\/"]}]},{"@type":"ImageObject","inLanguage":"en-US","@id":"https:\/\/endormoonstore.com\/en\/regan-macneil-the-exorcist-with-sound-mezco-designer-series-mega-scale\/#primaryimage","url":"https:\/\/endormoonstore.com\/wp-content\/uploads\/2023\/09\/Regan-MacNeil-The-Exorcist-With-Sound-Mezco-Designer-Series-Mega-Scale-1.jpeg","contentUrl":"https:\/\/endormoonstore.com\/wp-content\/uploads\/2023\/09\/Regan-MacNeil-The-Exorcist-With-Sound-Mezco-Designer-Series-Mega-Scale-1.jpeg","width":800,"height":800},{"@type":"BreadcrumbList","@id":"https:\/\/endormoonstore.com\/en\/regan-macneil-the-exorcist-with-sound-mezco-designer-series-mega-scale\/#breadcrumb","itemListElement":[{"@type":"ListItem","position":1,"name":"Shop","item":"https:\/\/endormoonstore.com\/en\/shop\/"},{"@type":"ListItem","position":2,"name":"Regan MacNeil The Exorcist With Sound Mezco Designer Series Mega Scale"}]},{"@type":"WebSite","@id":"https:\/\/endormoonstore.com\/#website","url":"https:\/\/endormoonstore.com\/","name":"EndormoonStore","description":"","potentialAction":[{"@type":"SearchAction","target":{"@type":"EntryPoint","urlTemplate":"https:\/\/endormoonstore.com\/?s={search_term_string}"},"query-input":{"@type":"PropertyValueSpecification","valueRequired":true,"valueName":"search_term_string"}}],"inLanguage":"en-US"}]}},"taxonomy_info":{"product_cat":[{"value":1390,"label":"Figures"}],"pa_brand":[{"value":1638,"label":"Mezco Toyz"}],"pa_character":[{"value":13900,"label":"Regan MacNeil"}],"pa_license":[{"value":13898,"label":"The Exorcist"}],"pa_product-type":[{"value":2387,"label":"Figure"}],"pa_theme":[{"value":4877,"label":"MDS Mega Scale"}]},"featured_image_src_large":["https:\/\/endormoonstore.com\/wp-content\/uploads\/2023\/09\/Regan-MacNeil-The-Exorcist-With-Sound-Mezco-Designer-Series-Mega-Scale-1.jpeg",800,800,false],"author_info":[],"comment_info":"","_links":{"self":[{"href":"https:\/\/endormoonstore.com\/en\/wp-json\/wp\/v2\/product\/150382","targetHints":{"allow":["GET"]}}],"collection":[{"href":"https:\/\/endormoonstore.com\/en\/wp-json\/wp\/v2\/product"}],"about":[{"href":"https:\/\/endormoonstore.com\/en\/wp-json\/wp\/v2\/types\/product"}],"wp:featuredmedia":[{"embeddable":true,"href":"https:\/\/endormoonstore.com\/en\/wp-json\/wp\/v2\/media\/150359"}],"wp:attachment":[{"href":"https:\/\/endormoonstore.com\/en\/wp-json\/wp\/v2\/media?parent=150382"}],"wp:term":[{"taxonomy":"product_cat","embeddable":true,"href":"https:\/\/endormoonstore.com\/en\/wp-json\/wp\/v2\/product_cat?post=150382"},{"taxonomy":"product_tag","embeddable":true,"href":"https:\/\/endormoonstore.com\/en\/wp-json\/wp\/v2\/product_tag?post=150382"}],"curies":[{"name":"wp","href":"https:\/\/api.w.org\/{rel}","templated":true}]}}