{"id":150335,"date":"2023-09-14T01:15:50","date_gmt":"2023-09-13T23:15:50","guid":{"rendered":"https:\/\/endormoonstore.com\/judge-fear-black-white-1-18-scale-previews-exclusive-figure\/"},"modified":"2023-09-18T22:56:50","modified_gmt":"2023-09-18T20:56:50","slug":"judge-fear-black-white-1-18-scale-previews-exclusive-figure","status":"publish","type":"product","link":"https:\/\/endormoonstore.com\/en\/judge-fear-black-white-1-18-scale-previews-exclusive-figure\/","title":{"rendered":"Judge Fear (Black &#038; White) 1\/18 Scale Previews Exclusive Figure"},"content":{"rendered":"<p><strong>Judge Fear (Black &amp; White) 1\/18 Scale Previews Exclusive Figure<\/strong><\/p>\n<ul>\n<li>Diamond Select Toys trae a nuestro pa\u00eds a la Marca Hiya Toys.<\/li>\n<li>La figura de Judge Fear versi\u00f3n Black &amp; White. El Juez Miedo es un miembro aterrador de los Jueces Oscuros, los alien\u00edgenas de una dimensi\u00f3n donde toda vida ha sido declarada un crimen.<\/li>\n<li>Una simple mirada tras las ventanas g\u00f3ticas de la visera de su casco revela el peor miedo de su v\u00edctima hasta la muerte. El Juez Miedo cuenta con 16 puntos de articulaci\u00f3n e incluye hombreras y articulaciones, cadena e insignia de oficina, cintur\u00f3n con salto dimensional y su imponente casco alado.<\/li>\n<li>La figura mide 10 cm y tiene multiples puntos de articulaci\u00f3n.<\/li>\n<\/ul>\n","protected":false},"excerpt":{"rendered":"<p><strong>Judge Fear (Black &amp; White) 1\/18 Scale Previews Exclusive Figure<\/strong><\/p>\n<p>Diamond Select Toys trae a nuestro pa\u00eds a la Marca Hiya Toys.<\/p>\n","protected":false},"featured_media":150314,"template":"","meta":{"_acf_changed":false,"_kad_blocks_custom_css":"","_kad_blocks_head_custom_js":"","_kad_blocks_body_custom_js":"","_kad_blocks_footer_custom_js":""},"product_cat":[1390,13511],"product_tag":[],"class_list":{"0":"post-150335","1":"product","2":"type-product","3":"status-publish","4":"has-post-thumbnail","6":"product_cat-figures","7":"product_cat-new-arrivals","8":"pa_brand-diamond-select-toys-en","9":"pa_character-judge-fear-en","10":"pa_license-judge-dredd-en","11":"pa_product-type-figure","12":"pa_theme-previews-exclusive-en","14":"first","15":"instock","16":"taxable","17":"shipping-taxable","18":"purchasable","19":"product-type-simple"},"acf":[],"yoast_head":"<!-- This site is optimized with the Yoast SEO plugin v26.1.1 - https:\/\/yoast.com\/wordpress\/plugins\/seo\/ -->\n<title>Judge Fear (Black &amp; White) 1\/18 Scale Previews Exclusive Figure - EndormoonStore<\/title>\n<meta name=\"robots\" content=\"index, follow, max-snippet:-1, max-image-preview:large, max-video-preview:-1\" \/>\n<link rel=\"canonical\" href=\"https:\/\/endormoonstore.com\/en\/judge-fear-black-white-1-18-scale-previews-exclusive-figure\/\" \/>\n<meta property=\"og:locale\" content=\"en_US\" \/>\n<meta property=\"og:type\" content=\"article\" \/>\n<meta property=\"og:title\" content=\"Judge Fear (Black &amp; White) 1\/18 Scale Previews Exclusive Figure - EndormoonStore\" \/>\n<meta property=\"og:description\" content=\"Judge Fear (Black &amp; White) 1\/18 Scale Previews Exclusive Figure  Diamond Select Toys trae a nuestro pa\u00eds a la Marca Hiya Toys.\" \/>\n<meta property=\"og:url\" content=\"https:\/\/endormoonstore.com\/en\/judge-fear-black-white-1-18-scale-previews-exclusive-figure\/\" \/>\n<meta property=\"og:site_name\" content=\"EndormoonStore\" \/>\n<meta property=\"article:modified_time\" content=\"2023-09-18T20:56:50+00:00\" \/>\n<meta property=\"og:image\" content=\"https:\/\/endormoonstore.com\/wp-content\/uploads\/2023\/09\/Judge-Fear-Black-White-118-Scale-Previews-Exclusive-Figure-1.jpg\" \/>\n\t<meta property=\"og:image:width\" content=\"707\" \/>\n\t<meta property=\"og:image:height\" content=\"1000\" \/>\n\t<meta property=\"og:image:type\" content=\"image\/jpeg\" \/>\n<meta name=\"twitter:card\" content=\"summary_large_image\" \/>\n<meta name=\"twitter:label1\" content=\"Est. reading time\" \/>\n\t<meta name=\"twitter:data1\" content=\"1 minute\" \/>\n<script type=\"application\/ld+json\" class=\"yoast-schema-graph\">{\"@context\":\"https:\/\/schema.org\",\"@graph\":[{\"@type\":\"WebPage\",\"@id\":\"https:\/\/endormoonstore.com\/en\/judge-fear-black-white-1-18-scale-previews-exclusive-figure\/\",\"url\":\"https:\/\/endormoonstore.com\/en\/judge-fear-black-white-1-18-scale-previews-exclusive-figure\/\",\"name\":\"Judge Fear (Black & White) 1\/18 Scale Previews Exclusive Figure - EndormoonStore\",\"isPartOf\":{\"@id\":\"https:\/\/endormoonstore.com\/#website\"},\"primaryImageOfPage\":{\"@id\":\"https:\/\/endormoonstore.com\/en\/judge-fear-black-white-1-18-scale-previews-exclusive-figure\/#primaryimage\"},\"image\":{\"@id\":\"https:\/\/endormoonstore.com\/en\/judge-fear-black-white-1-18-scale-previews-exclusive-figure\/#primaryimage\"},\"thumbnailUrl\":\"https:\/\/endormoonstore.com\/wp-content\/uploads\/2023\/09\/Judge-Fear-Black-White-118-Scale-Previews-Exclusive-Figure-1.jpg\",\"datePublished\":\"2023-09-13T23:15:50+00:00\",\"dateModified\":\"2023-09-18T20:56:50+00:00\",\"breadcrumb\":{\"@id\":\"https:\/\/endormoonstore.com\/en\/judge-fear-black-white-1-18-scale-previews-exclusive-figure\/#breadcrumb\"},\"inLanguage\":\"en-US\",\"potentialAction\":[{\"@type\":\"ReadAction\",\"target\":[\"https:\/\/endormoonstore.com\/en\/judge-fear-black-white-1-18-scale-previews-exclusive-figure\/\"]}]},{\"@type\":\"ImageObject\",\"inLanguage\":\"en-US\",\"@id\":\"https:\/\/endormoonstore.com\/en\/judge-fear-black-white-1-18-scale-previews-exclusive-figure\/#primaryimage\",\"url\":\"https:\/\/endormoonstore.com\/wp-content\/uploads\/2023\/09\/Judge-Fear-Black-White-118-Scale-Previews-Exclusive-Figure-1.jpg\",\"contentUrl\":\"https:\/\/endormoonstore.com\/wp-content\/uploads\/2023\/09\/Judge-Fear-Black-White-118-Scale-Previews-Exclusive-Figure-1.jpg\",\"width\":707,\"height\":1000},{\"@type\":\"BreadcrumbList\",\"@id\":\"https:\/\/endormoonstore.com\/en\/judge-fear-black-white-1-18-scale-previews-exclusive-figure\/#breadcrumb\",\"itemListElement\":[{\"@type\":\"ListItem\",\"position\":1,\"name\":\"Shop\",\"item\":\"https:\/\/endormoonstore.com\/en\/shop\/\"},{\"@type\":\"ListItem\",\"position\":2,\"name\":\"Judge Fear (Black &#038; White) 1\/18 Scale Previews Exclusive Figure\"}]},{\"@type\":\"WebSite\",\"@id\":\"https:\/\/endormoonstore.com\/#website\",\"url\":\"https:\/\/endormoonstore.com\/\",\"name\":\"EndormoonStore\",\"description\":\"\",\"potentialAction\":[{\"@type\":\"SearchAction\",\"target\":{\"@type\":\"EntryPoint\",\"urlTemplate\":\"https:\/\/endormoonstore.com\/?s={search_term_string}\"},\"query-input\":{\"@type\":\"PropertyValueSpecification\",\"valueRequired\":true,\"valueName\":\"search_term_string\"}}],\"inLanguage\":\"en-US\"}]}<\/script>\n<!-- \/ Yoast SEO plugin. -->","yoast_head_json":{"title":"Judge Fear (Black & White) 1\/18 Scale Previews Exclusive Figure - EndormoonStore","robots":{"index":"index","follow":"follow","max-snippet":"max-snippet:-1","max-image-preview":"max-image-preview:large","max-video-preview":"max-video-preview:-1"},"canonical":"https:\/\/endormoonstore.com\/en\/judge-fear-black-white-1-18-scale-previews-exclusive-figure\/","og_locale":"en_US","og_type":"article","og_title":"Judge Fear (Black & White) 1\/18 Scale Previews Exclusive Figure - EndormoonStore","og_description":"Judge Fear (Black &amp; White) 1\/18 Scale Previews Exclusive Figure  Diamond Select Toys trae a nuestro pa\u00eds a la Marca Hiya Toys.","og_url":"https:\/\/endormoonstore.com\/en\/judge-fear-black-white-1-18-scale-previews-exclusive-figure\/","og_site_name":"EndormoonStore","article_modified_time":"2023-09-18T20:56:50+00:00","og_image":[{"width":707,"height":1000,"url":"https:\/\/endormoonstore.com\/wp-content\/uploads\/2023\/09\/Judge-Fear-Black-White-118-Scale-Previews-Exclusive-Figure-1.jpg","type":"image\/jpeg"}],"twitter_card":"summary_large_image","twitter_misc":{"Est. reading time":"1 minute"},"schema":{"@context":"https:\/\/schema.org","@graph":[{"@type":"WebPage","@id":"https:\/\/endormoonstore.com\/en\/judge-fear-black-white-1-18-scale-previews-exclusive-figure\/","url":"https:\/\/endormoonstore.com\/en\/judge-fear-black-white-1-18-scale-previews-exclusive-figure\/","name":"Judge Fear (Black & White) 1\/18 Scale Previews Exclusive Figure - EndormoonStore","isPartOf":{"@id":"https:\/\/endormoonstore.com\/#website"},"primaryImageOfPage":{"@id":"https:\/\/endormoonstore.com\/en\/judge-fear-black-white-1-18-scale-previews-exclusive-figure\/#primaryimage"},"image":{"@id":"https:\/\/endormoonstore.com\/en\/judge-fear-black-white-1-18-scale-previews-exclusive-figure\/#primaryimage"},"thumbnailUrl":"https:\/\/endormoonstore.com\/wp-content\/uploads\/2023\/09\/Judge-Fear-Black-White-118-Scale-Previews-Exclusive-Figure-1.jpg","datePublished":"2023-09-13T23:15:50+00:00","dateModified":"2023-09-18T20:56:50+00:00","breadcrumb":{"@id":"https:\/\/endormoonstore.com\/en\/judge-fear-black-white-1-18-scale-previews-exclusive-figure\/#breadcrumb"},"inLanguage":"en-US","potentialAction":[{"@type":"ReadAction","target":["https:\/\/endormoonstore.com\/en\/judge-fear-black-white-1-18-scale-previews-exclusive-figure\/"]}]},{"@type":"ImageObject","inLanguage":"en-US","@id":"https:\/\/endormoonstore.com\/en\/judge-fear-black-white-1-18-scale-previews-exclusive-figure\/#primaryimage","url":"https:\/\/endormoonstore.com\/wp-content\/uploads\/2023\/09\/Judge-Fear-Black-White-118-Scale-Previews-Exclusive-Figure-1.jpg","contentUrl":"https:\/\/endormoonstore.com\/wp-content\/uploads\/2023\/09\/Judge-Fear-Black-White-118-Scale-Previews-Exclusive-Figure-1.jpg","width":707,"height":1000},{"@type":"BreadcrumbList","@id":"https:\/\/endormoonstore.com\/en\/judge-fear-black-white-1-18-scale-previews-exclusive-figure\/#breadcrumb","itemListElement":[{"@type":"ListItem","position":1,"name":"Shop","item":"https:\/\/endormoonstore.com\/en\/shop\/"},{"@type":"ListItem","position":2,"name":"Judge Fear (Black &#038; White) 1\/18 Scale Previews Exclusive Figure"}]},{"@type":"WebSite","@id":"https:\/\/endormoonstore.com\/#website","url":"https:\/\/endormoonstore.com\/","name":"EndormoonStore","description":"","potentialAction":[{"@type":"SearchAction","target":{"@type":"EntryPoint","urlTemplate":"https:\/\/endormoonstore.com\/?s={search_term_string}"},"query-input":{"@type":"PropertyValueSpecification","valueRequired":true,"valueName":"search_term_string"}}],"inLanguage":"en-US"}]}},"taxonomy_info":{"product_cat":[{"value":1390,"label":"Figures"},{"value":13511,"label":"New Arrivals"}],"pa_brand":[{"value":1632,"label":"Diamond Select Toys"}],"pa_character":[{"value":11876,"label":"Judge Fear"}],"pa_license":[{"value":11250,"label":"Judge Dredd"}],"pa_product-type":[{"value":2387,"label":"Figure"}],"pa_theme":[{"value":10394,"label":"Previews Exclusive"}]},"featured_image_src_large":["https:\/\/endormoonstore.com\/wp-content\/uploads\/2023\/09\/Judge-Fear-Black-White-118-Scale-Previews-Exclusive-Figure-1.jpg",707,1000,false],"author_info":[],"comment_info":"","_links":{"self":[{"href":"https:\/\/endormoonstore.com\/en\/wp-json\/wp\/v2\/product\/150335","targetHints":{"allow":["GET"]}}],"collection":[{"href":"https:\/\/endormoonstore.com\/en\/wp-json\/wp\/v2\/product"}],"about":[{"href":"https:\/\/endormoonstore.com\/en\/wp-json\/wp\/v2\/types\/product"}],"wp:featuredmedia":[{"embeddable":true,"href":"https:\/\/endormoonstore.com\/en\/wp-json\/wp\/v2\/media\/150314"}],"wp:attachment":[{"href":"https:\/\/endormoonstore.com\/en\/wp-json\/wp\/v2\/media?parent=150335"}],"wp:term":[{"taxonomy":"product_cat","embeddable":true,"href":"https:\/\/endormoonstore.com\/en\/wp-json\/wp\/v2\/product_cat?post=150335"},{"taxonomy":"product_tag","embeddable":true,"href":"https:\/\/endormoonstore.com\/en\/wp-json\/wp\/v2\/product_tag?post=150335"}],"curies":[{"name":"wp","href":"https:\/\/api.w.org\/{rel}","templated":true}]}}