{"id":150107,"date":"2023-09-01T01:40:46","date_gmt":"2023-08-31T23:40:46","guid":{"rendered":"https:\/\/endormoonstore.com\/roronoa-zoro-one-piece-a-netflix-series-s-h-figuarts\/"},"modified":"2023-09-12T22:53:39","modified_gmt":"2023-09-12T20:53:39","slug":"roronoa-zoro-one-piece-a-netflix-series-s-h-figuarts","status":"publish","type":"product","link":"https:\/\/endormoonstore.com\/en\/roronoa-zoro-one-piece-a-netflix-series-s-h-figuarts\/","title":{"rendered":"Roronoa Zoro One Piece (A Netflix Series) S.H Figuarts"},"content":{"rendered":"<div class=\"pull-left margenDatosSecundarios\">\n<div id=\"ctl00_MainContent_dvSinopsis\" class=\"pull-left w100\">\n<div class=\"pull-left margenDatosSecundarios\">\n<div id=\"ctl00_MainContent_dvSinopsis\" class=\"pull-left w100\">\n<p class=\"p1\"><b>Roronoa Zoro One Piece (A Netflix Series) S.H Figuarts<\/b><\/p>\n<ul class=\"ul1\">\n<li class=\"li1\">Tamashii Nations presenta, dentro de la colecci\u00f3n S.H. Figuarts, la figura de Roronoa Zoro. Est\u00e1 basada en el personaje de la nueva serie de acci\u00f3n de Netflix &#8220;One Piece&#8221; y mide 14,5 cm.<\/li>\n<li class=\"li1\">El coloreado digital y la escultura expresiva capturan la apariencia del h\u00e9roe, mientras que numerosas opciones y poses din\u00e1micas te permiten recrear tus escenas favoritas.<\/li>\n<li class=\"li1\">Incluye 1x cabeza alternativa, 1x funda para la espada, 2x pares de manos, 3x empu\u00f1aduras y fundas para las espadas, 2x espadas para sujetar y 1x cabeza alternativa con espada.<\/li>\n<\/ul>\n<\/div>\n<\/div>\n<\/div>\n<\/div>\n<p>&nbsp;<\/p>\n<p>&nbsp;<\/p>\n","protected":false},"excerpt":{"rendered":"<p class=\"p1\"><strong>Roronoa Zoro One Piece (A Netflix Series) S.H Figuarts<\/strong><\/p>\n<p class=\"p1\">Tamashii Nations presenta, dentro de la colecci\u00f3n S.H. Figuarts, la figura de Roronoa Zoro. Est\u00e1 basada en el personaje de la nueva serie de acci\u00f3n de Netflix &#8220;One Piece&#8221; y mide 14,5 cm.<\/p>\n","protected":false},"featured_media":150090,"template":"","meta":{"_acf_changed":false,"_kad_blocks_custom_css":"","_kad_blocks_head_custom_js":"","_kad_blocks_body_custom_js":"","_kad_blocks_footer_custom_js":""},"product_cat":[1384],"product_tag":[],"class_list":{"0":"post-150107","1":"product","2":"type-product","3":"status-publish","4":"has-post-thumbnail","6":"product_cat-pre-orders","7":"pa_brand-tamashii-nations-en","8":"pa_character-roronoa-zoro-en","9":"pa_episode-one-piece-a-netflix-series-en","10":"pa_license-one-piece-en","11":"pa_product-type-figure","12":"pa_theme-s-h-figuarts-en","14":"first","15":"instock","16":"taxable","17":"shipping-taxable","18":"purchasable","19":"product-type-simple"},"acf":[],"yoast_head":"<!-- This site is optimized with the Yoast SEO plugin v26.1.1 - https:\/\/yoast.com\/wordpress\/plugins\/seo\/ -->\n<title>Roronoa Zoro One Piece (A Netflix Series) S.H Figuarts - EndormoonStore<\/title>\n<meta name=\"robots\" content=\"index, follow, max-snippet:-1, max-image-preview:large, max-video-preview:-1\" \/>\n<link rel=\"canonical\" href=\"https:\/\/endormoonstore.com\/en\/roronoa-zoro-one-piece-a-netflix-series-s-h-figuarts\/\" \/>\n<meta property=\"og:locale\" content=\"en_US\" \/>\n<meta property=\"og:type\" content=\"article\" \/>\n<meta property=\"og:title\" content=\"Roronoa Zoro One Piece (A Netflix Series) S.H Figuarts - EndormoonStore\" \/>\n<meta property=\"og:description\" content=\"Roronoa Zoro One Piece (A Netflix Series) S.H Figuarts Tamashii Nations presenta, dentro de la colecci\u00f3n S.H. Figuarts, la figura de Roronoa Zoro. Est\u00e1 basada en el personaje de la nueva serie de acci\u00f3n de Netflix &quot;One Piece&quot; y mide 14,5 cm.\" \/>\n<meta property=\"og:url\" content=\"https:\/\/endormoonstore.com\/en\/roronoa-zoro-one-piece-a-netflix-series-s-h-figuarts\/\" \/>\n<meta property=\"og:site_name\" content=\"EndormoonStore\" \/>\n<meta property=\"article:modified_time\" content=\"2023-09-12T20:53:39+00:00\" \/>\n<meta property=\"og:image\" content=\"https:\/\/endormoonstore.com\/wp-content\/uploads\/2023\/09\/Roronoa-Zoro-One-Piece-A-Netflix-Series-S.H-Figuarts-1.jpg\" \/>\n\t<meta property=\"og:image:width\" content=\"667\" \/>\n\t<meta property=\"og:image:height\" content=\"1000\" \/>\n\t<meta property=\"og:image:type\" content=\"image\/jpeg\" \/>\n<meta name=\"twitter:card\" content=\"summary_large_image\" \/>\n<meta name=\"twitter:label1\" content=\"Est. reading time\" \/>\n\t<meta name=\"twitter:data1\" content=\"1 minute\" \/>\n<script type=\"application\/ld+json\" class=\"yoast-schema-graph\">{\"@context\":\"https:\/\/schema.org\",\"@graph\":[{\"@type\":\"WebPage\",\"@id\":\"https:\/\/endormoonstore.com\/en\/roronoa-zoro-one-piece-a-netflix-series-s-h-figuarts\/\",\"url\":\"https:\/\/endormoonstore.com\/en\/roronoa-zoro-one-piece-a-netflix-series-s-h-figuarts\/\",\"name\":\"Roronoa Zoro One Piece (A Netflix Series) S.H Figuarts - EndormoonStore\",\"isPartOf\":{\"@id\":\"https:\/\/endormoonstore.com\/#website\"},\"primaryImageOfPage\":{\"@id\":\"https:\/\/endormoonstore.com\/en\/roronoa-zoro-one-piece-a-netflix-series-s-h-figuarts\/#primaryimage\"},\"image\":{\"@id\":\"https:\/\/endormoonstore.com\/en\/roronoa-zoro-one-piece-a-netflix-series-s-h-figuarts\/#primaryimage\"},\"thumbnailUrl\":\"https:\/\/endormoonstore.com\/wp-content\/uploads\/2023\/09\/Roronoa-Zoro-One-Piece-A-Netflix-Series-S.H-Figuarts-1.jpg\",\"datePublished\":\"2023-08-31T23:40:46+00:00\",\"dateModified\":\"2023-09-12T20:53:39+00:00\",\"breadcrumb\":{\"@id\":\"https:\/\/endormoonstore.com\/en\/roronoa-zoro-one-piece-a-netflix-series-s-h-figuarts\/#breadcrumb\"},\"inLanguage\":\"en-US\",\"potentialAction\":[{\"@type\":\"ReadAction\",\"target\":[\"https:\/\/endormoonstore.com\/en\/roronoa-zoro-one-piece-a-netflix-series-s-h-figuarts\/\"]}]},{\"@type\":\"ImageObject\",\"inLanguage\":\"en-US\",\"@id\":\"https:\/\/endormoonstore.com\/en\/roronoa-zoro-one-piece-a-netflix-series-s-h-figuarts\/#primaryimage\",\"url\":\"https:\/\/endormoonstore.com\/wp-content\/uploads\/2023\/09\/Roronoa-Zoro-One-Piece-A-Netflix-Series-S.H-Figuarts-1.jpg\",\"contentUrl\":\"https:\/\/endormoonstore.com\/wp-content\/uploads\/2023\/09\/Roronoa-Zoro-One-Piece-A-Netflix-Series-S.H-Figuarts-1.jpg\",\"width\":667,\"height\":1000},{\"@type\":\"BreadcrumbList\",\"@id\":\"https:\/\/endormoonstore.com\/en\/roronoa-zoro-one-piece-a-netflix-series-s-h-figuarts\/#breadcrumb\",\"itemListElement\":[{\"@type\":\"ListItem\",\"position\":1,\"name\":\"Shop\",\"item\":\"https:\/\/endormoonstore.com\/en\/shop\/\"},{\"@type\":\"ListItem\",\"position\":2,\"name\":\"Roronoa Zoro One Piece (A Netflix Series) S.H Figuarts\"}]},{\"@type\":\"WebSite\",\"@id\":\"https:\/\/endormoonstore.com\/#website\",\"url\":\"https:\/\/endormoonstore.com\/\",\"name\":\"EndormoonStore\",\"description\":\"\",\"potentialAction\":[{\"@type\":\"SearchAction\",\"target\":{\"@type\":\"EntryPoint\",\"urlTemplate\":\"https:\/\/endormoonstore.com\/?s={search_term_string}\"},\"query-input\":{\"@type\":\"PropertyValueSpecification\",\"valueRequired\":true,\"valueName\":\"search_term_string\"}}],\"inLanguage\":\"en-US\"}]}<\/script>\n<!-- \/ Yoast SEO plugin. -->","yoast_head_json":{"title":"Roronoa Zoro One Piece (A Netflix Series) S.H Figuarts - EndormoonStore","robots":{"index":"index","follow":"follow","max-snippet":"max-snippet:-1","max-image-preview":"max-image-preview:large","max-video-preview":"max-video-preview:-1"},"canonical":"https:\/\/endormoonstore.com\/en\/roronoa-zoro-one-piece-a-netflix-series-s-h-figuarts\/","og_locale":"en_US","og_type":"article","og_title":"Roronoa Zoro One Piece (A Netflix Series) S.H Figuarts - EndormoonStore","og_description":"Roronoa Zoro One Piece (A Netflix Series) S.H Figuarts Tamashii Nations presenta, dentro de la colecci\u00f3n S.H. Figuarts, la figura de Roronoa Zoro. Est\u00e1 basada en el personaje de la nueva serie de acci\u00f3n de Netflix \"One Piece\" y mide 14,5 cm.","og_url":"https:\/\/endormoonstore.com\/en\/roronoa-zoro-one-piece-a-netflix-series-s-h-figuarts\/","og_site_name":"EndormoonStore","article_modified_time":"2023-09-12T20:53:39+00:00","og_image":[{"width":667,"height":1000,"url":"https:\/\/endormoonstore.com\/wp-content\/uploads\/2023\/09\/Roronoa-Zoro-One-Piece-A-Netflix-Series-S.H-Figuarts-1.jpg","type":"image\/jpeg"}],"twitter_card":"summary_large_image","twitter_misc":{"Est. reading time":"1 minute"},"schema":{"@context":"https:\/\/schema.org","@graph":[{"@type":"WebPage","@id":"https:\/\/endormoonstore.com\/en\/roronoa-zoro-one-piece-a-netflix-series-s-h-figuarts\/","url":"https:\/\/endormoonstore.com\/en\/roronoa-zoro-one-piece-a-netflix-series-s-h-figuarts\/","name":"Roronoa Zoro One Piece (A Netflix Series) S.H Figuarts - EndormoonStore","isPartOf":{"@id":"https:\/\/endormoonstore.com\/#website"},"primaryImageOfPage":{"@id":"https:\/\/endormoonstore.com\/en\/roronoa-zoro-one-piece-a-netflix-series-s-h-figuarts\/#primaryimage"},"image":{"@id":"https:\/\/endormoonstore.com\/en\/roronoa-zoro-one-piece-a-netflix-series-s-h-figuarts\/#primaryimage"},"thumbnailUrl":"https:\/\/endormoonstore.com\/wp-content\/uploads\/2023\/09\/Roronoa-Zoro-One-Piece-A-Netflix-Series-S.H-Figuarts-1.jpg","datePublished":"2023-08-31T23:40:46+00:00","dateModified":"2023-09-12T20:53:39+00:00","breadcrumb":{"@id":"https:\/\/endormoonstore.com\/en\/roronoa-zoro-one-piece-a-netflix-series-s-h-figuarts\/#breadcrumb"},"inLanguage":"en-US","potentialAction":[{"@type":"ReadAction","target":["https:\/\/endormoonstore.com\/en\/roronoa-zoro-one-piece-a-netflix-series-s-h-figuarts\/"]}]},{"@type":"ImageObject","inLanguage":"en-US","@id":"https:\/\/endormoonstore.com\/en\/roronoa-zoro-one-piece-a-netflix-series-s-h-figuarts\/#primaryimage","url":"https:\/\/endormoonstore.com\/wp-content\/uploads\/2023\/09\/Roronoa-Zoro-One-Piece-A-Netflix-Series-S.H-Figuarts-1.jpg","contentUrl":"https:\/\/endormoonstore.com\/wp-content\/uploads\/2023\/09\/Roronoa-Zoro-One-Piece-A-Netflix-Series-S.H-Figuarts-1.jpg","width":667,"height":1000},{"@type":"BreadcrumbList","@id":"https:\/\/endormoonstore.com\/en\/roronoa-zoro-one-piece-a-netflix-series-s-h-figuarts\/#breadcrumb","itemListElement":[{"@type":"ListItem","position":1,"name":"Shop","item":"https:\/\/endormoonstore.com\/en\/shop\/"},{"@type":"ListItem","position":2,"name":"Roronoa Zoro One Piece (A Netflix Series) S.H Figuarts"}]},{"@type":"WebSite","@id":"https:\/\/endormoonstore.com\/#website","url":"https:\/\/endormoonstore.com\/","name":"EndormoonStore","description":"","potentialAction":[{"@type":"SearchAction","target":{"@type":"EntryPoint","urlTemplate":"https:\/\/endormoonstore.com\/?s={search_term_string}"},"query-input":{"@type":"PropertyValueSpecification","valueRequired":true,"valueName":"search_term_string"}}],"inLanguage":"en-US"}]}},"taxonomy_info":{"product_cat":[{"value":1384,"label":"Pre-orders"}],"pa_brand":[{"value":2096,"label":"Tamashii Nations"}],"pa_character":[{"value":4160,"label":"Roronoa Zoro"}],"pa_episode":[{"value":13888,"label":"One Piece (A Netflix Series)"}],"pa_license":[{"value":2894,"label":"One Piece"}],"pa_product-type":[{"value":2387,"label":"Figure"}],"pa_theme":[{"value":1813,"label":"S.H. Figuarts"}]},"featured_image_src_large":["https:\/\/endormoonstore.com\/wp-content\/uploads\/2023\/09\/Roronoa-Zoro-One-Piece-A-Netflix-Series-S.H-Figuarts-1.jpg",667,1000,false],"author_info":[],"comment_info":"","_links":{"self":[{"href":"https:\/\/endormoonstore.com\/en\/wp-json\/wp\/v2\/product\/150107","targetHints":{"allow":["GET"]}}],"collection":[{"href":"https:\/\/endormoonstore.com\/en\/wp-json\/wp\/v2\/product"}],"about":[{"href":"https:\/\/endormoonstore.com\/en\/wp-json\/wp\/v2\/types\/product"}],"wp:featuredmedia":[{"embeddable":true,"href":"https:\/\/endormoonstore.com\/en\/wp-json\/wp\/v2\/media\/150090"}],"wp:attachment":[{"href":"https:\/\/endormoonstore.com\/en\/wp-json\/wp\/v2\/media?parent=150107"}],"wp:term":[{"taxonomy":"product_cat","embeddable":true,"href":"https:\/\/endormoonstore.com\/en\/wp-json\/wp\/v2\/product_cat?post=150107"},{"taxonomy":"product_tag","embeddable":true,"href":"https:\/\/endormoonstore.com\/en\/wp-json\/wp\/v2\/product_tag?post=150107"}],"curies":[{"name":"wp","href":"https:\/\/api.w.org\/{rel}","templated":true}]}}