{"id":149720,"date":"2024-05-10T02:35:09","date_gmt":"2023-08-30T22:30:09","guid":{"rendered":"https:\/\/endormoonstore.com\/pack-leonardo-raphael-michelangelo-donatello-teenage-mutant-ninja-turtles-mirage-comics\/"},"modified":"2024-06-09T23:01:29","modified_gmt":"2024-06-09T21:01:29","slug":"pack-leonardo-raphael-michelangelo-donatello-teenage-mutant-ninja-turtles-mirage-comics","status":"publish","type":"product","link":"https:\/\/endormoonstore.com\/en\/pack-leonardo-raphael-michelangelo-donatello-teenage-mutant-ninja-turtles-mirage-comics\/","title":{"rendered":"Pack Leonardo, Raphael, Michelangelo, &#038; Donatello Teenage Mutant Ninja Turtles (Mirage Comics)"},"content":{"rendered":"<p class=\"p1\"><strong>Pack Leonardo, Raphael, Michelangelo, &amp; Donatello Teenage Mutant Ninja Turtles (Mirage Comics)<\/strong><\/p>\n<ul class=\"ul1\">\n<li class=\"li1\">\u00a1Basado en la historia de &#8220;Regreso a Nueva York&#8221; de los c\u00f3mics de las Tortugas Ninja mutantes adolescentes de Eastman &amp; Laird de Mirage Studios! Neca presenta la figuras de las 4 Tortugas Ninja Leonardo, Raphael, Michelangelo, &amp; Donatello .<\/li>\n<li class=\"li1\">Esta figura de acci\u00f3n de 17,5 cm presentan esculturas completamente nuevas y est\u00e1n completamente articuladas para lograr excelentes poses ninja. Leonardo, Raphael, Michelangelo y Donatello est\u00e1n repletos de accesorios que incluyen capa, bast\u00f3n bo, sais, nunchucks, espadas, estrellas ninja, brazo vendado intercambiable, Manos adicionales y lazos adicionales para m\u00e1scaras.<\/li>\n<li class=\"li1\">Viene en una caja especial con ventana con tem\u00e1tica de c\u00f3mic y una nueva e incre\u00edble obra de arte de Kevin Eastman.<\/li>\n<li>Nota: Otras figuras mostradas en las fotos se venden por separado.<\/li>\n<\/ul>\n","protected":false},"excerpt":{"rendered":"<p class=\"p1\"><strong>Pack Leonardo, Raphael, Michelangelo, &amp; Donatello Teenage Mutant Ninja Turtles (Mirage Comics)<\/strong><\/p>\n<p class=\"p1\">\u00a1Basado en la historia de &#8220;Regreso a Nueva York&#8221; de los c\u00f3mics de las Tortugas Ninja mutantes adolescentes de Eastman &amp; Laird de Mirage Studios! Neca presenta la figuras de las 4 Tortugas Ninja Leonardo, Raphael, Michelangelo, &amp; Donatello .<\/p>\n","protected":false},"featured_media":149719,"template":"","meta":{"_acf_changed":false,"_kad_blocks_custom_css":"","_kad_blocks_head_custom_js":"","_kad_blocks_body_custom_js":"","_kad_blocks_footer_custom_js":""},"product_cat":[13453,1390,13511],"product_tag":[],"class_list":{"0":"post-149720","1":"product","2":"type-product","3":"status-publish","4":"has-post-thumbnail","6":"product_cat-featured","7":"product_cat-figures","8":"product_cat-new-arrivals","9":"pa_brand-neca-en","10":"pa_character-donatello-en","11":"pa_character-leonardo-en","12":"pa_character-michelangelo-en","13":"pa_character-raphael-en","14":"pa_license-teenage-mutant-ninja-turtles","15":"pa_product-type-figure","16":"pa_theme-scale-action-figure-en","18":"first","19":"outofstock","20":"taxable","21":"shipping-taxable","22":"purchasable","23":"product-type-simple"},"acf":[],"yoast_head":"<!-- This site is optimized with the Yoast SEO plugin v26.1.1 - https:\/\/yoast.com\/wordpress\/plugins\/seo\/ -->\n<title>Pack Leonardo, Raphael, Michelangelo, &amp; Donatello Teenage Mutant Ninja Turtles (Mirage Comics) - EndormoonStore<\/title>\n<meta name=\"robots\" content=\"index, follow, max-snippet:-1, max-image-preview:large, max-video-preview:-1\" \/>\n<link rel=\"canonical\" href=\"https:\/\/endormoonstore.com\/en\/pack-leonardo-raphael-michelangelo-donatello-teenage-mutant-ninja-turtles-mirage-comics\/\" \/>\n<meta property=\"og:locale\" content=\"en_US\" \/>\n<meta property=\"og:type\" content=\"article\" \/>\n<meta property=\"og:title\" content=\"Pack Leonardo, Raphael, Michelangelo, &amp; Donatello Teenage Mutant Ninja Turtles (Mirage Comics) - EndormoonStore\" \/>\n<meta property=\"og:description\" content=\"Pack Leonardo, Raphael, Michelangelo, &amp; Donatello Teenage Mutant Ninja Turtles (Mirage Comics) \u00a1Basado en la historia de &quot;Regreso a Nueva York&quot; de los c\u00f3mics de las Tortugas Ninja mutantes adolescentes de Eastman &amp; Laird de Mirage Studios! Neca presenta la figuras de las 4 Tortugas Ninja Leonardo, Raphael, Michelangelo, &amp; Donatello .\" \/>\n<meta property=\"og:url\" content=\"https:\/\/endormoonstore.com\/en\/pack-leonardo-raphael-michelangelo-donatello-teenage-mutant-ninja-turtles-mirage-comics\/\" \/>\n<meta property=\"og:site_name\" content=\"EndormoonStore\" \/>\n<meta property=\"article:modified_time\" content=\"2024-06-09T21:01:29+00:00\" \/>\n<meta property=\"og:image\" content=\"https:\/\/endormoonstore.com\/wp-content\/uploads\/2023\/09\/Pack-Leonardo-Raphael-Michelangelo-Donatello-Teenage-Mutant-Ninja-Turtles-Mirage-Comics-24.jpg\" \/>\n\t<meta property=\"og:image:width\" content=\"1000\" \/>\n\t<meta property=\"og:image:height\" content=\"800\" \/>\n\t<meta property=\"og:image:type\" content=\"image\/jpeg\" \/>\n<meta name=\"twitter:card\" content=\"summary_large_image\" \/>\n<meta name=\"twitter:label1\" content=\"Est. reading time\" \/>\n\t<meta name=\"twitter:data1\" content=\"1 minute\" \/>\n<script type=\"application\/ld+json\" class=\"yoast-schema-graph\">{\"@context\":\"https:\/\/schema.org\",\"@graph\":[{\"@type\":\"WebPage\",\"@id\":\"https:\/\/endormoonstore.com\/en\/pack-leonardo-raphael-michelangelo-donatello-teenage-mutant-ninja-turtles-mirage-comics\/\",\"url\":\"https:\/\/endormoonstore.com\/en\/pack-leonardo-raphael-michelangelo-donatello-teenage-mutant-ninja-turtles-mirage-comics\/\",\"name\":\"Pack Leonardo, Raphael, Michelangelo, & Donatello Teenage Mutant Ninja Turtles (Mirage Comics) - EndormoonStore\",\"isPartOf\":{\"@id\":\"https:\/\/endormoonstore.com\/#website\"},\"primaryImageOfPage\":{\"@id\":\"https:\/\/endormoonstore.com\/en\/pack-leonardo-raphael-michelangelo-donatello-teenage-mutant-ninja-turtles-mirage-comics\/#primaryimage\"},\"image\":{\"@id\":\"https:\/\/endormoonstore.com\/en\/pack-leonardo-raphael-michelangelo-donatello-teenage-mutant-ninja-turtles-mirage-comics\/#primaryimage\"},\"thumbnailUrl\":\"https:\/\/endormoonstore.com\/wp-content\/uploads\/2023\/09\/Pack-Leonardo-Raphael-Michelangelo-Donatello-Teenage-Mutant-Ninja-Turtles-Mirage-Comics-24.jpg\",\"datePublished\":\"2023-08-30T22:30:09+00:00\",\"dateModified\":\"2024-06-09T21:01:29+00:00\",\"breadcrumb\":{\"@id\":\"https:\/\/endormoonstore.com\/en\/pack-leonardo-raphael-michelangelo-donatello-teenage-mutant-ninja-turtles-mirage-comics\/#breadcrumb\"},\"inLanguage\":\"en-US\",\"potentialAction\":[{\"@type\":\"ReadAction\",\"target\":[\"https:\/\/endormoonstore.com\/en\/pack-leonardo-raphael-michelangelo-donatello-teenage-mutant-ninja-turtles-mirage-comics\/\"]}]},{\"@type\":\"ImageObject\",\"inLanguage\":\"en-US\",\"@id\":\"https:\/\/endormoonstore.com\/en\/pack-leonardo-raphael-michelangelo-donatello-teenage-mutant-ninja-turtles-mirage-comics\/#primaryimage\",\"url\":\"https:\/\/endormoonstore.com\/wp-content\/uploads\/2023\/09\/Pack-Leonardo-Raphael-Michelangelo-Donatello-Teenage-Mutant-Ninja-Turtles-Mirage-Comics-24.jpg\",\"contentUrl\":\"https:\/\/endormoonstore.com\/wp-content\/uploads\/2023\/09\/Pack-Leonardo-Raphael-Michelangelo-Donatello-Teenage-Mutant-Ninja-Turtles-Mirage-Comics-24.jpg\",\"width\":1000,\"height\":800},{\"@type\":\"BreadcrumbList\",\"@id\":\"https:\/\/endormoonstore.com\/en\/pack-leonardo-raphael-michelangelo-donatello-teenage-mutant-ninja-turtles-mirage-comics\/#breadcrumb\",\"itemListElement\":[{\"@type\":\"ListItem\",\"position\":1,\"name\":\"Shop\",\"item\":\"https:\/\/endormoonstore.com\/en\/shop\/\"},{\"@type\":\"ListItem\",\"position\":2,\"name\":\"Pack Leonardo, Raphael, Michelangelo, &#038; Donatello Teenage Mutant Ninja Turtles (Mirage Comics)\"}]},{\"@type\":\"WebSite\",\"@id\":\"https:\/\/endormoonstore.com\/#website\",\"url\":\"https:\/\/endormoonstore.com\/\",\"name\":\"EndormoonStore\",\"description\":\"\",\"potentialAction\":[{\"@type\":\"SearchAction\",\"target\":{\"@type\":\"EntryPoint\",\"urlTemplate\":\"https:\/\/endormoonstore.com\/?s={search_term_string}\"},\"query-input\":{\"@type\":\"PropertyValueSpecification\",\"valueRequired\":true,\"valueName\":\"search_term_string\"}}],\"inLanguage\":\"en-US\"}]}<\/script>\n<!-- \/ Yoast SEO plugin. -->","yoast_head_json":{"title":"Pack Leonardo, Raphael, Michelangelo, & Donatello Teenage Mutant Ninja Turtles (Mirage Comics) - EndormoonStore","robots":{"index":"index","follow":"follow","max-snippet":"max-snippet:-1","max-image-preview":"max-image-preview:large","max-video-preview":"max-video-preview:-1"},"canonical":"https:\/\/endormoonstore.com\/en\/pack-leonardo-raphael-michelangelo-donatello-teenage-mutant-ninja-turtles-mirage-comics\/","og_locale":"en_US","og_type":"article","og_title":"Pack Leonardo, Raphael, Michelangelo, & Donatello Teenage Mutant Ninja Turtles (Mirage Comics) - EndormoonStore","og_description":"Pack Leonardo, Raphael, Michelangelo, &amp; Donatello Teenage Mutant Ninja Turtles (Mirage Comics) \u00a1Basado en la historia de \"Regreso a Nueva York\" de los c\u00f3mics de las Tortugas Ninja mutantes adolescentes de Eastman &amp; Laird de Mirage Studios! Neca presenta la figuras de las 4 Tortugas Ninja Leonardo, Raphael, Michelangelo, &amp; Donatello .","og_url":"https:\/\/endormoonstore.com\/en\/pack-leonardo-raphael-michelangelo-donatello-teenage-mutant-ninja-turtles-mirage-comics\/","og_site_name":"EndormoonStore","article_modified_time":"2024-06-09T21:01:29+00:00","og_image":[{"width":1000,"height":800,"url":"https:\/\/endormoonstore.com\/wp-content\/uploads\/2023\/09\/Pack-Leonardo-Raphael-Michelangelo-Donatello-Teenage-Mutant-Ninja-Turtles-Mirage-Comics-24.jpg","type":"image\/jpeg"}],"twitter_card":"summary_large_image","twitter_misc":{"Est. reading time":"1 minute"},"schema":{"@context":"https:\/\/schema.org","@graph":[{"@type":"WebPage","@id":"https:\/\/endormoonstore.com\/en\/pack-leonardo-raphael-michelangelo-donatello-teenage-mutant-ninja-turtles-mirage-comics\/","url":"https:\/\/endormoonstore.com\/en\/pack-leonardo-raphael-michelangelo-donatello-teenage-mutant-ninja-turtles-mirage-comics\/","name":"Pack Leonardo, Raphael, Michelangelo, & Donatello Teenage Mutant Ninja Turtles (Mirage Comics) - EndormoonStore","isPartOf":{"@id":"https:\/\/endormoonstore.com\/#website"},"primaryImageOfPage":{"@id":"https:\/\/endormoonstore.com\/en\/pack-leonardo-raphael-michelangelo-donatello-teenage-mutant-ninja-turtles-mirage-comics\/#primaryimage"},"image":{"@id":"https:\/\/endormoonstore.com\/en\/pack-leonardo-raphael-michelangelo-donatello-teenage-mutant-ninja-turtles-mirage-comics\/#primaryimage"},"thumbnailUrl":"https:\/\/endormoonstore.com\/wp-content\/uploads\/2023\/09\/Pack-Leonardo-Raphael-Michelangelo-Donatello-Teenage-Mutant-Ninja-Turtles-Mirage-Comics-24.jpg","datePublished":"2023-08-30T22:30:09+00:00","dateModified":"2024-06-09T21:01:29+00:00","breadcrumb":{"@id":"https:\/\/endormoonstore.com\/en\/pack-leonardo-raphael-michelangelo-donatello-teenage-mutant-ninja-turtles-mirage-comics\/#breadcrumb"},"inLanguage":"en-US","potentialAction":[{"@type":"ReadAction","target":["https:\/\/endormoonstore.com\/en\/pack-leonardo-raphael-michelangelo-donatello-teenage-mutant-ninja-turtles-mirage-comics\/"]}]},{"@type":"ImageObject","inLanguage":"en-US","@id":"https:\/\/endormoonstore.com\/en\/pack-leonardo-raphael-michelangelo-donatello-teenage-mutant-ninja-turtles-mirage-comics\/#primaryimage","url":"https:\/\/endormoonstore.com\/wp-content\/uploads\/2023\/09\/Pack-Leonardo-Raphael-Michelangelo-Donatello-Teenage-Mutant-Ninja-Turtles-Mirage-Comics-24.jpg","contentUrl":"https:\/\/endormoonstore.com\/wp-content\/uploads\/2023\/09\/Pack-Leonardo-Raphael-Michelangelo-Donatello-Teenage-Mutant-Ninja-Turtles-Mirage-Comics-24.jpg","width":1000,"height":800},{"@type":"BreadcrumbList","@id":"https:\/\/endormoonstore.com\/en\/pack-leonardo-raphael-michelangelo-donatello-teenage-mutant-ninja-turtles-mirage-comics\/#breadcrumb","itemListElement":[{"@type":"ListItem","position":1,"name":"Shop","item":"https:\/\/endormoonstore.com\/en\/shop\/"},{"@type":"ListItem","position":2,"name":"Pack Leonardo, Raphael, Michelangelo, &#038; Donatello Teenage Mutant Ninja Turtles (Mirage Comics)"}]},{"@type":"WebSite","@id":"https:\/\/endormoonstore.com\/#website","url":"https:\/\/endormoonstore.com\/","name":"EndormoonStore","description":"","potentialAction":[{"@type":"SearchAction","target":{"@type":"EntryPoint","urlTemplate":"https:\/\/endormoonstore.com\/?s={search_term_string}"},"query-input":{"@type":"PropertyValueSpecification","valueRequired":true,"valueName":"search_term_string"}}],"inLanguage":"en-US"}]}},"taxonomy_info":{"product_cat":[{"value":13453,"label":"Featured"},{"value":1390,"label":"Figures"},{"value":13511,"label":"New Arrivals"}],"pa_brand":[{"value":2090,"label":"Neca"}],"pa_character":[{"value":5249,"label":"Donatello"},{"value":5255,"label":"Leonardo"},{"value":5279,"label":"Michelangelo"},{"value":5267,"label":"Raphael"}],"pa_license":[{"value":2035,"label":"Teenage Mutant Ninja Turtles"}],"pa_product-type":[{"value":2387,"label":"Figure"}],"pa_theme":[{"value":2864,"label":"Scale Action Figure"}]},"featured_image_src_large":["https:\/\/endormoonstore.com\/wp-content\/uploads\/2023\/09\/Pack-Leonardo-Raphael-Michelangelo-Donatello-Teenage-Mutant-Ninja-Turtles-Mirage-Comics-24.jpg",1000,800,false],"author_info":[],"comment_info":"","_links":{"self":[{"href":"https:\/\/endormoonstore.com\/en\/wp-json\/wp\/v2\/product\/149720","targetHints":{"allow":["GET"]}}],"collection":[{"href":"https:\/\/endormoonstore.com\/en\/wp-json\/wp\/v2\/product"}],"about":[{"href":"https:\/\/endormoonstore.com\/en\/wp-json\/wp\/v2\/types\/product"}],"wp:featuredmedia":[{"embeddable":true,"href":"https:\/\/endormoonstore.com\/en\/wp-json\/wp\/v2\/media\/149719"}],"wp:attachment":[{"href":"https:\/\/endormoonstore.com\/en\/wp-json\/wp\/v2\/media?parent=149720"}],"wp:term":[{"taxonomy":"product_cat","embeddable":true,"href":"https:\/\/endormoonstore.com\/en\/wp-json\/wp\/v2\/product_cat?post=149720"},{"taxonomy":"product_tag","embeddable":true,"href":"https:\/\/endormoonstore.com\/en\/wp-json\/wp\/v2\/product_tag?post=149720"}],"curies":[{"name":"wp","href":"https:\/\/api.w.org\/{rel}","templated":true}]}}