{"id":149545,"date":"2023-08-31T00:10:36","date_gmt":"2023-08-30T22:10:36","guid":{"rendered":"https:\/\/endormoonstore.com\/splinter-teenage-mutant-ninja-turtles-mirage-comics\/"},"modified":"2023-09-03T21:54:45","modified_gmt":"2023-09-03T19:54:45","slug":"splinter-teenage-mutant-ninja-turtles-mirage-comics","status":"publish","type":"product","link":"https:\/\/endormoonstore.com\/en\/splinter-teenage-mutant-ninja-turtles-mirage-comics\/","title":{"rendered":"Splinter Teenage Mutant Ninja Turtles (Mirage Comics)"},"content":{"rendered":"<p class=\"p1\"><strong>Splinter Teenage Mutant Ninja Turtles (Mirage Comics) <\/strong><\/p>\n<ul class=\"ul1\">\n<li class=\"li1\">\u00a1Basado en los c\u00f3mics originales de Eastman &amp; Laird Teenage Mutant Ninja Turtles de Mirage Studios!\u00a0Splinter fue mutado por el mismo cieno que convirti\u00f3 a cuatro peque\u00f1as tortugas en sus protegidas en la lucha contra el Clan Foot.<\/li>\n<li class=\"li1\">Esta figura de acci\u00f3n de 11,5 cm incluye una bata de tela, un bast\u00f3n, un recipiente de TCRI roto, tortugas beb\u00e9s, una tetera y una taza, Mouser, Utrom, manos intercambiables y Splinter pre-mutaci\u00f3n.<\/li>\n<li class=\"li1\">Viene en un caja especial con ventana con tem\u00e1tica de c\u00f3mic ilustrado por Kevin Eastman.<\/li>\n<li>Nota: Otras figuras mostradas en las fotos se venden por separado.<\/li>\n<\/ul>\n","protected":false},"excerpt":{"rendered":"<p class=\"p1\"><strong>Splinter Teenage Mutant Ninja Turtles (Mirage Comics) <\/strong><\/p>\n<p class=\"p1\">\u00a1Basado en los c\u00f3mics originales de Eastman &amp; Laird Teenage Mutant Ninja Turtles de Mirage Studios!\u00a0Splinter fue mutado por el mismo cieno que convirti\u00f3 a cuatro peque\u00f1as tortugas en sus protegidas en la lucha contra el Clan Foot.<\/p>\n","protected":false},"featured_media":149532,"template":"","meta":{"_acf_changed":false,"_kad_blocks_custom_css":"","_kad_blocks_head_custom_js":"","_kad_blocks_body_custom_js":"","_kad_blocks_footer_custom_js":""},"product_cat":[1384],"product_tag":[],"class_list":{"0":"post-149545","1":"product","2":"type-product","3":"status-publish","4":"has-post-thumbnail","6":"product_cat-pre-orders","7":"pa_brand-neca-en","8":"pa_character-splinter-en","9":"pa_license-teenage-mutant-ninja-turtles","10":"pa_product-type-figure","11":"pa_theme-scale-action-figure-en","13":"first","14":"instock","15":"taxable","16":"shipping-taxable","17":"purchasable","18":"product-type-simple"},"acf":[],"yoast_head":"<!-- This site is optimized with the Yoast SEO plugin v26.1.1 - https:\/\/yoast.com\/wordpress\/plugins\/seo\/ -->\n<title>Splinter Teenage Mutant Ninja Turtles (Mirage Comics) - EndormoonStore<\/title>\n<meta name=\"robots\" content=\"index, follow, max-snippet:-1, max-image-preview:large, max-video-preview:-1\" \/>\n<link rel=\"canonical\" href=\"https:\/\/endormoonstore.com\/en\/splinter-teenage-mutant-ninja-turtles-mirage-comics\/\" \/>\n<meta property=\"og:locale\" content=\"en_US\" \/>\n<meta property=\"og:type\" content=\"article\" \/>\n<meta property=\"og:title\" content=\"Splinter Teenage Mutant Ninja Turtles (Mirage Comics) - EndormoonStore\" \/>\n<meta property=\"og:description\" content=\"Splinter Teenage Mutant Ninja Turtles (Mirage Comics)  \u00a1Basado en los c\u00f3mics originales de Eastman &amp; Laird Teenage Mutant Ninja Turtles de Mirage Studios!\u00a0Splinter fue mutado por el mismo cieno que convirti\u00f3 a cuatro peque\u00f1as tortugas en sus protegidas en la lucha contra el Clan Foot.\" \/>\n<meta property=\"og:url\" content=\"https:\/\/endormoonstore.com\/en\/splinter-teenage-mutant-ninja-turtles-mirage-comics\/\" \/>\n<meta property=\"og:site_name\" content=\"EndormoonStore\" \/>\n<meta property=\"article:modified_time\" content=\"2023-09-03T19:54:45+00:00\" \/>\n<meta property=\"og:image\" content=\"https:\/\/endormoonstore.com\/wp-content\/uploads\/2023\/09\/Splinter-Teenage-Mutant-Ninja-Turtles-Mirage-Comics-18.jpg\" \/>\n\t<meta property=\"og:image:width\" content=\"800\" \/>\n\t<meta property=\"og:image:height\" content=\"1000\" \/>\n\t<meta property=\"og:image:type\" content=\"image\/jpeg\" \/>\n<meta name=\"twitter:card\" content=\"summary_large_image\" \/>\n<meta name=\"twitter:label1\" content=\"Est. reading time\" \/>\n\t<meta name=\"twitter:data1\" content=\"1 minute\" \/>\n<script type=\"application\/ld+json\" class=\"yoast-schema-graph\">{\"@context\":\"https:\/\/schema.org\",\"@graph\":[{\"@type\":\"WebPage\",\"@id\":\"https:\/\/endormoonstore.com\/en\/splinter-teenage-mutant-ninja-turtles-mirage-comics\/\",\"url\":\"https:\/\/endormoonstore.com\/en\/splinter-teenage-mutant-ninja-turtles-mirage-comics\/\",\"name\":\"Splinter Teenage Mutant Ninja Turtles (Mirage Comics) - EndormoonStore\",\"isPartOf\":{\"@id\":\"https:\/\/endormoonstore.com\/#website\"},\"primaryImageOfPage\":{\"@id\":\"https:\/\/endormoonstore.com\/en\/splinter-teenage-mutant-ninja-turtles-mirage-comics\/#primaryimage\"},\"image\":{\"@id\":\"https:\/\/endormoonstore.com\/en\/splinter-teenage-mutant-ninja-turtles-mirage-comics\/#primaryimage\"},\"thumbnailUrl\":\"https:\/\/endormoonstore.com\/wp-content\/uploads\/2023\/09\/Splinter-Teenage-Mutant-Ninja-Turtles-Mirage-Comics-18.jpg\",\"datePublished\":\"2023-08-30T22:10:36+00:00\",\"dateModified\":\"2023-09-03T19:54:45+00:00\",\"breadcrumb\":{\"@id\":\"https:\/\/endormoonstore.com\/en\/splinter-teenage-mutant-ninja-turtles-mirage-comics\/#breadcrumb\"},\"inLanguage\":\"en-US\",\"potentialAction\":[{\"@type\":\"ReadAction\",\"target\":[\"https:\/\/endormoonstore.com\/en\/splinter-teenage-mutant-ninja-turtles-mirage-comics\/\"]}]},{\"@type\":\"ImageObject\",\"inLanguage\":\"en-US\",\"@id\":\"https:\/\/endormoonstore.com\/en\/splinter-teenage-mutant-ninja-turtles-mirage-comics\/#primaryimage\",\"url\":\"https:\/\/endormoonstore.com\/wp-content\/uploads\/2023\/09\/Splinter-Teenage-Mutant-Ninja-Turtles-Mirage-Comics-18.jpg\",\"contentUrl\":\"https:\/\/endormoonstore.com\/wp-content\/uploads\/2023\/09\/Splinter-Teenage-Mutant-Ninja-Turtles-Mirage-Comics-18.jpg\",\"width\":800,\"height\":1000},{\"@type\":\"BreadcrumbList\",\"@id\":\"https:\/\/endormoonstore.com\/en\/splinter-teenage-mutant-ninja-turtles-mirage-comics\/#breadcrumb\",\"itemListElement\":[{\"@type\":\"ListItem\",\"position\":1,\"name\":\"Shop\",\"item\":\"https:\/\/endormoonstore.com\/en\/shop\/\"},{\"@type\":\"ListItem\",\"position\":2,\"name\":\"Splinter Teenage Mutant Ninja Turtles (Mirage Comics)\"}]},{\"@type\":\"WebSite\",\"@id\":\"https:\/\/endormoonstore.com\/#website\",\"url\":\"https:\/\/endormoonstore.com\/\",\"name\":\"EndormoonStore\",\"description\":\"\",\"potentialAction\":[{\"@type\":\"SearchAction\",\"target\":{\"@type\":\"EntryPoint\",\"urlTemplate\":\"https:\/\/endormoonstore.com\/?s={search_term_string}\"},\"query-input\":{\"@type\":\"PropertyValueSpecification\",\"valueRequired\":true,\"valueName\":\"search_term_string\"}}],\"inLanguage\":\"en-US\"}]}<\/script>\n<!-- \/ Yoast SEO plugin. -->","yoast_head_json":{"title":"Splinter Teenage Mutant Ninja Turtles (Mirage Comics) - EndormoonStore","robots":{"index":"index","follow":"follow","max-snippet":"max-snippet:-1","max-image-preview":"max-image-preview:large","max-video-preview":"max-video-preview:-1"},"canonical":"https:\/\/endormoonstore.com\/en\/splinter-teenage-mutant-ninja-turtles-mirage-comics\/","og_locale":"en_US","og_type":"article","og_title":"Splinter Teenage Mutant Ninja Turtles (Mirage Comics) - EndormoonStore","og_description":"Splinter Teenage Mutant Ninja Turtles (Mirage Comics)  \u00a1Basado en los c\u00f3mics originales de Eastman &amp; Laird Teenage Mutant Ninja Turtles de Mirage Studios!\u00a0Splinter fue mutado por el mismo cieno que convirti\u00f3 a cuatro peque\u00f1as tortugas en sus protegidas en la lucha contra el Clan Foot.","og_url":"https:\/\/endormoonstore.com\/en\/splinter-teenage-mutant-ninja-turtles-mirage-comics\/","og_site_name":"EndormoonStore","article_modified_time":"2023-09-03T19:54:45+00:00","og_image":[{"width":800,"height":1000,"url":"https:\/\/endormoonstore.com\/wp-content\/uploads\/2023\/09\/Splinter-Teenage-Mutant-Ninja-Turtles-Mirage-Comics-18.jpg","type":"image\/jpeg"}],"twitter_card":"summary_large_image","twitter_misc":{"Est. reading time":"1 minute"},"schema":{"@context":"https:\/\/schema.org","@graph":[{"@type":"WebPage","@id":"https:\/\/endormoonstore.com\/en\/splinter-teenage-mutant-ninja-turtles-mirage-comics\/","url":"https:\/\/endormoonstore.com\/en\/splinter-teenage-mutant-ninja-turtles-mirage-comics\/","name":"Splinter Teenage Mutant Ninja Turtles (Mirage Comics) - EndormoonStore","isPartOf":{"@id":"https:\/\/endormoonstore.com\/#website"},"primaryImageOfPage":{"@id":"https:\/\/endormoonstore.com\/en\/splinter-teenage-mutant-ninja-turtles-mirage-comics\/#primaryimage"},"image":{"@id":"https:\/\/endormoonstore.com\/en\/splinter-teenage-mutant-ninja-turtles-mirage-comics\/#primaryimage"},"thumbnailUrl":"https:\/\/endormoonstore.com\/wp-content\/uploads\/2023\/09\/Splinter-Teenage-Mutant-Ninja-Turtles-Mirage-Comics-18.jpg","datePublished":"2023-08-30T22:10:36+00:00","dateModified":"2023-09-03T19:54:45+00:00","breadcrumb":{"@id":"https:\/\/endormoonstore.com\/en\/splinter-teenage-mutant-ninja-turtles-mirage-comics\/#breadcrumb"},"inLanguage":"en-US","potentialAction":[{"@type":"ReadAction","target":["https:\/\/endormoonstore.com\/en\/splinter-teenage-mutant-ninja-turtles-mirage-comics\/"]}]},{"@type":"ImageObject","inLanguage":"en-US","@id":"https:\/\/endormoonstore.com\/en\/splinter-teenage-mutant-ninja-turtles-mirage-comics\/#primaryimage","url":"https:\/\/endormoonstore.com\/wp-content\/uploads\/2023\/09\/Splinter-Teenage-Mutant-Ninja-Turtles-Mirage-Comics-18.jpg","contentUrl":"https:\/\/endormoonstore.com\/wp-content\/uploads\/2023\/09\/Splinter-Teenage-Mutant-Ninja-Turtles-Mirage-Comics-18.jpg","width":800,"height":1000},{"@type":"BreadcrumbList","@id":"https:\/\/endormoonstore.com\/en\/splinter-teenage-mutant-ninja-turtles-mirage-comics\/#breadcrumb","itemListElement":[{"@type":"ListItem","position":1,"name":"Shop","item":"https:\/\/endormoonstore.com\/en\/shop\/"},{"@type":"ListItem","position":2,"name":"Splinter Teenage Mutant Ninja Turtles (Mirage Comics)"}]},{"@type":"WebSite","@id":"https:\/\/endormoonstore.com\/#website","url":"https:\/\/endormoonstore.com\/","name":"EndormoonStore","description":"","potentialAction":[{"@type":"SearchAction","target":{"@type":"EntryPoint","urlTemplate":"https:\/\/endormoonstore.com\/?s={search_term_string}"},"query-input":{"@type":"PropertyValueSpecification","valueRequired":true,"valueName":"search_term_string"}}],"inLanguage":"en-US"}]}},"taxonomy_info":{"product_cat":[{"value":1384,"label":"Pre-orders"}],"pa_brand":[{"value":2090,"label":"Neca"}],"pa_character":[{"value":3548,"label":"Splinter"}],"pa_license":[{"value":2035,"label":"Teenage Mutant Ninja Turtles"}],"pa_product-type":[{"value":2387,"label":"Figure"}],"pa_theme":[{"value":2864,"label":"Scale Action Figure"}]},"featured_image_src_large":["https:\/\/endormoonstore.com\/wp-content\/uploads\/2023\/09\/Splinter-Teenage-Mutant-Ninja-Turtles-Mirage-Comics-18.jpg",800,1000,false],"author_info":[],"comment_info":"","_links":{"self":[{"href":"https:\/\/endormoonstore.com\/en\/wp-json\/wp\/v2\/product\/149545","targetHints":{"allow":["GET"]}}],"collection":[{"href":"https:\/\/endormoonstore.com\/en\/wp-json\/wp\/v2\/product"}],"about":[{"href":"https:\/\/endormoonstore.com\/en\/wp-json\/wp\/v2\/types\/product"}],"wp:featuredmedia":[{"embeddable":true,"href":"https:\/\/endormoonstore.com\/en\/wp-json\/wp\/v2\/media\/149532"}],"wp:attachment":[{"href":"https:\/\/endormoonstore.com\/en\/wp-json\/wp\/v2\/media?parent=149545"}],"wp:term":[{"taxonomy":"product_cat","embeddable":true,"href":"https:\/\/endormoonstore.com\/en\/wp-json\/wp\/v2\/product_cat?post=149545"},{"taxonomy":"product_tag","embeddable":true,"href":"https:\/\/endormoonstore.com\/en\/wp-json\/wp\/v2\/product_tag?post=149545"}],"curies":[{"name":"wp","href":"https:\/\/api.w.org\/{rel}","templated":true}]}}