{"id":149390,"date":"2023-08-19T00:10:38","date_gmt":"2023-08-18T22:10:38","guid":{"rendered":"https:\/\/endormoonstore.com\/major-toht-deluxe-boxed-set-raiders-of-the-lost-ark-one12-collective\/"},"modified":"2023-08-27T21:44:48","modified_gmt":"2023-08-27T19:44:48","slug":"major-toht-deluxe-boxed-set-raiders-of-the-lost-ark-one12-collective","status":"publish","type":"product","link":"https:\/\/endormoonstore.com\/en\/major-toht-deluxe-boxed-set-raiders-of-the-lost-ark-one12-collective\/","title":{"rendered":"Major Toht Deluxe Boxed Set Raiders of the Lost Ark One:12 Collective"},"content":{"rendered":"<p class=\"p1\"><strong>Major Toht Deluxe Boxed Set Raiders of the Lost Ark One:12 Collective<\/strong><\/p>\n<ul>\n<li>\u00a1Un infame agente del mal, Major Toht se une al Colectivo One:12!<\/li>\n<li>El siniestro Mayor Toht est\u00e1 vestido de punta en blanco mientras ayuda a los nazis en su b\u00fasqueda de la legendaria Arca de la Alianza, vistiendo un traje de tres piezas a rayas y un abrigo, guantes y un sombrero de fieltro.\u00a0Viene completo con 4 retratos de cabeza en etapas de transici\u00f3n a medida que la piel se derrite del cr\u00e1neo.<\/li>\n<li>Buscada durante mucho tiempo por arque\u00f3logos y buscadores de tesoros debido a sus supuestos poderes sobrenaturales, el Arca de la Alianza est\u00e1 incluida y presenta una funci\u00f3n de iluminaci\u00f3n cuando se retira la tapa.\u00a0Inmenso en detalle, este poderoso cofre dorado est\u00e1 decorado con iconograf\u00eda sagrada y presenta dos querubines posados \u200b\u200ben la parte superior.<\/li>\n<li>El agente de la Gestapo est\u00e1 repleto de accesorios para recrear una multitud de escenas ic\u00f3nicas de la pel\u00edcula En busca del arca perdida, incluido el casco del Bast\u00f3n de Ra que puede sostener, un fantasma decr\u00e9pito con un poste y una base de exhibici\u00f3n, y m\u00e1s.<\/li>\n<li>En En busca del arca perdida, el Mayor Toht y los nazis compiten contra Indiana Jones para recuperar el Arte de la Alianza perdido hace mucho tiempo, del que se rumorea que contiene poderes sobrenaturales que pueden acabar con ej\u00e9rcitos enteros.<\/li>\n<li>La figura del Sturmbannf\u00fchrer Arnold Ernst Toth mide 16 cm y viene acompa\u00f1ada, adem\u00e1s del arca de la alianza, de 9x manos intencambiables, 4 cabezas opcionales, 1 atizador de chimenea, 1x fantasma, 4x anteojos, 1x pistola, 1x bast\u00f3n de Ra, traje, abrigo y zapatos.<\/li>\n<\/ul>\n","protected":false},"excerpt":{"rendered":"<p class=\"p1\"><strong>Major Toht Deluxe Boxed Set Raiders of the Lost Ark One:12 Collective<\/strong><\/p>\n<p class=\"p1\">\u00a1Un infame agente del mal, Major Toht se une al Colectivo One:12!<\/p>\n","protected":false},"featured_media":149351,"template":"","meta":{"_acf_changed":false,"_kad_blocks_custom_css":"","_kad_blocks_head_custom_js":"","_kad_blocks_body_custom_js":"","_kad_blocks_footer_custom_js":""},"product_cat":[1390],"product_tag":[],"class_list":{"0":"post-149390","1":"product","2":"type-product","3":"status-publish","4":"has-post-thumbnail","6":"product_cat-figures","7":"pa_brand-mezco-toyz-en","8":"pa_character-toht-en","9":"pa_episode-indiana-jones-raiders-of-the-lost-ark","10":"pa_license-indiana-jones-en","11":"pa_product-type-figure","12":"pa_theme-one12-collective-en","14":"first","15":"outofstock","16":"taxable","17":"shipping-taxable","18":"purchasable","19":"product-type-simple"},"acf":[],"yoast_head":"<!-- This site is optimized with the Yoast SEO plugin v26.1.1 - https:\/\/yoast.com\/wordpress\/plugins\/seo\/ -->\n<title>Major Toht Deluxe Boxed Set Raiders of the Lost Ark One:12 Collective - EndormoonStore<\/title>\n<meta name=\"robots\" content=\"index, follow, max-snippet:-1, max-image-preview:large, max-video-preview:-1\" \/>\n<link rel=\"canonical\" href=\"https:\/\/endormoonstore.com\/en\/major-toht-deluxe-boxed-set-raiders-of-the-lost-ark-one12-collective\/\" \/>\n<meta property=\"og:locale\" content=\"en_US\" \/>\n<meta property=\"og:type\" content=\"article\" \/>\n<meta property=\"og:title\" content=\"Major Toht Deluxe Boxed Set Raiders of the Lost Ark One:12 Collective - EndormoonStore\" \/>\n<meta property=\"og:description\" content=\"Major Toht Deluxe Boxed Set Raiders of the Lost Ark One:12 Collective \u00a1Un infame agente del mal, Major Toht se une al Colectivo One:12!\" \/>\n<meta property=\"og:url\" content=\"https:\/\/endormoonstore.com\/en\/major-toht-deluxe-boxed-set-raiders-of-the-lost-ark-one12-collective\/\" \/>\n<meta property=\"og:site_name\" content=\"EndormoonStore\" \/>\n<meta property=\"article:modified_time\" content=\"2023-08-27T19:44:48+00:00\" \/>\n<meta property=\"og:image\" content=\"https:\/\/endormoonstore.com\/wp-content\/uploads\/2023\/08\/Major-Arnold-Toht-Deluxe-Boxed-Set-Raiders-of-the-Lost-Ark-One12-Collective-1.jpeg\" \/>\n\t<meta property=\"og:image:width\" content=\"800\" \/>\n\t<meta property=\"og:image:height\" content=\"800\" \/>\n\t<meta property=\"og:image:type\" content=\"image\/jpeg\" \/>\n<meta name=\"twitter:card\" content=\"summary_large_image\" \/>\n<meta name=\"twitter:label1\" content=\"Est. reading time\" \/>\n\t<meta name=\"twitter:data1\" content=\"2 minutes\" \/>\n<script type=\"application\/ld+json\" class=\"yoast-schema-graph\">{\"@context\":\"https:\/\/schema.org\",\"@graph\":[{\"@type\":\"WebPage\",\"@id\":\"https:\/\/endormoonstore.com\/en\/major-toht-deluxe-boxed-set-raiders-of-the-lost-ark-one12-collective\/\",\"url\":\"https:\/\/endormoonstore.com\/en\/major-toht-deluxe-boxed-set-raiders-of-the-lost-ark-one12-collective\/\",\"name\":\"Major Toht Deluxe Boxed Set Raiders of the Lost Ark One:12 Collective - EndormoonStore\",\"isPartOf\":{\"@id\":\"https:\/\/endormoonstore.com\/#website\"},\"primaryImageOfPage\":{\"@id\":\"https:\/\/endormoonstore.com\/en\/major-toht-deluxe-boxed-set-raiders-of-the-lost-ark-one12-collective\/#primaryimage\"},\"image\":{\"@id\":\"https:\/\/endormoonstore.com\/en\/major-toht-deluxe-boxed-set-raiders-of-the-lost-ark-one12-collective\/#primaryimage\"},\"thumbnailUrl\":\"https:\/\/endormoonstore.com\/wp-content\/uploads\/2023\/08\/Major-Arnold-Toht-Deluxe-Boxed-Set-Raiders-of-the-Lost-Ark-One12-Collective-1.jpeg\",\"datePublished\":\"2023-08-18T22:10:38+00:00\",\"dateModified\":\"2023-08-27T19:44:48+00:00\",\"breadcrumb\":{\"@id\":\"https:\/\/endormoonstore.com\/en\/major-toht-deluxe-boxed-set-raiders-of-the-lost-ark-one12-collective\/#breadcrumb\"},\"inLanguage\":\"en-US\",\"potentialAction\":[{\"@type\":\"ReadAction\",\"target\":[\"https:\/\/endormoonstore.com\/en\/major-toht-deluxe-boxed-set-raiders-of-the-lost-ark-one12-collective\/\"]}]},{\"@type\":\"ImageObject\",\"inLanguage\":\"en-US\",\"@id\":\"https:\/\/endormoonstore.com\/en\/major-toht-deluxe-boxed-set-raiders-of-the-lost-ark-one12-collective\/#primaryimage\",\"url\":\"https:\/\/endormoonstore.com\/wp-content\/uploads\/2023\/08\/Major-Arnold-Toht-Deluxe-Boxed-Set-Raiders-of-the-Lost-Ark-One12-Collective-1.jpeg\",\"contentUrl\":\"https:\/\/endormoonstore.com\/wp-content\/uploads\/2023\/08\/Major-Arnold-Toht-Deluxe-Boxed-Set-Raiders-of-the-Lost-Ark-One12-Collective-1.jpeg\",\"width\":800,\"height\":800},{\"@type\":\"BreadcrumbList\",\"@id\":\"https:\/\/endormoonstore.com\/en\/major-toht-deluxe-boxed-set-raiders-of-the-lost-ark-one12-collective\/#breadcrumb\",\"itemListElement\":[{\"@type\":\"ListItem\",\"position\":1,\"name\":\"Shop\",\"item\":\"https:\/\/endormoonstore.com\/en\/shop\/\"},{\"@type\":\"ListItem\",\"position\":2,\"name\":\"Major Toht Deluxe Boxed Set Raiders of the Lost Ark One:12 Collective\"}]},{\"@type\":\"WebSite\",\"@id\":\"https:\/\/endormoonstore.com\/#website\",\"url\":\"https:\/\/endormoonstore.com\/\",\"name\":\"EndormoonStore\",\"description\":\"\",\"potentialAction\":[{\"@type\":\"SearchAction\",\"target\":{\"@type\":\"EntryPoint\",\"urlTemplate\":\"https:\/\/endormoonstore.com\/?s={search_term_string}\"},\"query-input\":{\"@type\":\"PropertyValueSpecification\",\"valueRequired\":true,\"valueName\":\"search_term_string\"}}],\"inLanguage\":\"en-US\"}]}<\/script>\n<!-- \/ Yoast SEO plugin. -->","yoast_head_json":{"title":"Major Toht Deluxe Boxed Set Raiders of the Lost Ark One:12 Collective - EndormoonStore","robots":{"index":"index","follow":"follow","max-snippet":"max-snippet:-1","max-image-preview":"max-image-preview:large","max-video-preview":"max-video-preview:-1"},"canonical":"https:\/\/endormoonstore.com\/en\/major-toht-deluxe-boxed-set-raiders-of-the-lost-ark-one12-collective\/","og_locale":"en_US","og_type":"article","og_title":"Major Toht Deluxe Boxed Set Raiders of the Lost Ark One:12 Collective - EndormoonStore","og_description":"Major Toht Deluxe Boxed Set Raiders of the Lost Ark One:12 Collective \u00a1Un infame agente del mal, Major Toht se une al Colectivo One:12!","og_url":"https:\/\/endormoonstore.com\/en\/major-toht-deluxe-boxed-set-raiders-of-the-lost-ark-one12-collective\/","og_site_name":"EndormoonStore","article_modified_time":"2023-08-27T19:44:48+00:00","og_image":[{"width":800,"height":800,"url":"https:\/\/endormoonstore.com\/wp-content\/uploads\/2023\/08\/Major-Arnold-Toht-Deluxe-Boxed-Set-Raiders-of-the-Lost-Ark-One12-Collective-1.jpeg","type":"image\/jpeg"}],"twitter_card":"summary_large_image","twitter_misc":{"Est. reading time":"2 minutes"},"schema":{"@context":"https:\/\/schema.org","@graph":[{"@type":"WebPage","@id":"https:\/\/endormoonstore.com\/en\/major-toht-deluxe-boxed-set-raiders-of-the-lost-ark-one12-collective\/","url":"https:\/\/endormoonstore.com\/en\/major-toht-deluxe-boxed-set-raiders-of-the-lost-ark-one12-collective\/","name":"Major Toht Deluxe Boxed Set Raiders of the Lost Ark One:12 Collective - EndormoonStore","isPartOf":{"@id":"https:\/\/endormoonstore.com\/#website"},"primaryImageOfPage":{"@id":"https:\/\/endormoonstore.com\/en\/major-toht-deluxe-boxed-set-raiders-of-the-lost-ark-one12-collective\/#primaryimage"},"image":{"@id":"https:\/\/endormoonstore.com\/en\/major-toht-deluxe-boxed-set-raiders-of-the-lost-ark-one12-collective\/#primaryimage"},"thumbnailUrl":"https:\/\/endormoonstore.com\/wp-content\/uploads\/2023\/08\/Major-Arnold-Toht-Deluxe-Boxed-Set-Raiders-of-the-Lost-Ark-One12-Collective-1.jpeg","datePublished":"2023-08-18T22:10:38+00:00","dateModified":"2023-08-27T19:44:48+00:00","breadcrumb":{"@id":"https:\/\/endormoonstore.com\/en\/major-toht-deluxe-boxed-set-raiders-of-the-lost-ark-one12-collective\/#breadcrumb"},"inLanguage":"en-US","potentialAction":[{"@type":"ReadAction","target":["https:\/\/endormoonstore.com\/en\/major-toht-deluxe-boxed-set-raiders-of-the-lost-ark-one12-collective\/"]}]},{"@type":"ImageObject","inLanguage":"en-US","@id":"https:\/\/endormoonstore.com\/en\/major-toht-deluxe-boxed-set-raiders-of-the-lost-ark-one12-collective\/#primaryimage","url":"https:\/\/endormoonstore.com\/wp-content\/uploads\/2023\/08\/Major-Arnold-Toht-Deluxe-Boxed-Set-Raiders-of-the-Lost-Ark-One12-Collective-1.jpeg","contentUrl":"https:\/\/endormoonstore.com\/wp-content\/uploads\/2023\/08\/Major-Arnold-Toht-Deluxe-Boxed-Set-Raiders-of-the-Lost-Ark-One12-Collective-1.jpeg","width":800,"height":800},{"@type":"BreadcrumbList","@id":"https:\/\/endormoonstore.com\/en\/major-toht-deluxe-boxed-set-raiders-of-the-lost-ark-one12-collective\/#breadcrumb","itemListElement":[{"@type":"ListItem","position":1,"name":"Shop","item":"https:\/\/endormoonstore.com\/en\/shop\/"},{"@type":"ListItem","position":2,"name":"Major Toht Deluxe Boxed Set Raiders of the Lost Ark One:12 Collective"}]},{"@type":"WebSite","@id":"https:\/\/endormoonstore.com\/#website","url":"https:\/\/endormoonstore.com\/","name":"EndormoonStore","description":"","potentialAction":[{"@type":"SearchAction","target":{"@type":"EntryPoint","urlTemplate":"https:\/\/endormoonstore.com\/?s={search_term_string}"},"query-input":{"@type":"PropertyValueSpecification","valueRequired":true,"valueName":"search_term_string"}}],"inLanguage":"en-US"}]}},"taxonomy_info":{"product_cat":[{"value":1390,"label":"Figures"}],"pa_brand":[{"value":1638,"label":"Mezco Toyz"}],"pa_character":[{"value":13598,"label":"Toht"}],"pa_episode":[{"value":13535,"label":"Indiana Jones: Raiders of the Lost Ark"}],"pa_license":[{"value":13531,"label":"Indiana Jones"}],"pa_product-type":[{"value":2387,"label":"Figure"}],"pa_theme":[{"value":1885,"label":"One:12 Collective"}]},"featured_image_src_large":["https:\/\/endormoonstore.com\/wp-content\/uploads\/2023\/08\/Major-Arnold-Toht-Deluxe-Boxed-Set-Raiders-of-the-Lost-Ark-One12-Collective-1.jpeg",800,800,false],"author_info":[],"comment_info":"","_links":{"self":[{"href":"https:\/\/endormoonstore.com\/en\/wp-json\/wp\/v2\/product\/149390","targetHints":{"allow":["GET"]}}],"collection":[{"href":"https:\/\/endormoonstore.com\/en\/wp-json\/wp\/v2\/product"}],"about":[{"href":"https:\/\/endormoonstore.com\/en\/wp-json\/wp\/v2\/types\/product"}],"wp:featuredmedia":[{"embeddable":true,"href":"https:\/\/endormoonstore.com\/en\/wp-json\/wp\/v2\/media\/149351"}],"wp:attachment":[{"href":"https:\/\/endormoonstore.com\/en\/wp-json\/wp\/v2\/media?parent=149390"}],"wp:term":[{"taxonomy":"product_cat","embeddable":true,"href":"https:\/\/endormoonstore.com\/en\/wp-json\/wp\/v2\/product_cat?post=149390"},{"taxonomy":"product_tag","embeddable":true,"href":"https:\/\/endormoonstore.com\/en\/wp-json\/wp\/v2\/product_tag?post=149390"}],"curies":[{"name":"wp","href":"https:\/\/api.w.org\/{rel}","templated":true}]}}