{"id":148993,"date":"2024-05-28T01:40:48","date_gmt":"2023-08-11T22:50:48","guid":{"rendered":"https:\/\/endormoonstore.com\/zodd-berserk-pop-up-parade-l\/"},"modified":"2023-08-18T22:11:29","modified_gmt":"2023-08-18T20:11:29","slug":"zodd-berserk-pop-up-parade-l","status":"publish","type":"product","link":"https:\/\/endormoonstore.com\/en\/zodd-berserk-pop-up-parade-l\/","title":{"rendered":"Zodd Berserk Pop Up Parade L"},"content":{"rendered":"<p><strong>Zodd Berserk Pop Up Parade L<\/strong><\/p>\n<ul>\n<li>Presentamos figuras Pop Up Parade ahora en un tama\u00f1o m\u00e1s grande! Pop Up Parade est\u00e1 brindando a los fan de las figuras una nueva sensaci\u00f3n de emoci\u00f3n con la l\u00ednea L.<\/li>\n<li>&#8220;Solo estoy buscando una cosa, la m\u00e1s fuerte&#8221;<\/li>\n<li>Good Smile Company nos trae a Espa\u00f1a del fabricante Max Factory esta impresionante Pop Up Parade L que har\u00e1 las delicias de cualquier fan de Berserk<\/li>\n<li>Del popular manga &#8220;Berserk&#8221; viene una figura de tama\u00f1o L de 19 cm (sin incluir el cuerno) de Zodd el Inmortal. Disfruta de la intimidante escultura y pintura.<\/li>\n<li>Figura de Guts que se muestra en una foto no incluida. Se vende por separado.<\/li>\n<\/ul>\n<p>&nbsp;<\/p>\n<p>&nbsp;<\/p>\n","protected":false},"excerpt":{"rendered":"<p><strong>Zodd Berserk Pop Up Parade L<\/strong><\/p>\n<p>Presentamos figuras Pop Up Parade ahora en un tama\u00f1o m\u00e1s grande! Pop Up Parade\u00a0est\u00e1 brindando a los fan\u00e1ticos de las figuras una nueva sensaci\u00f3n de emoci\u00f3n con la l\u00ednea L.<\/p>\n","protected":false},"featured_media":148968,"template":"","meta":{"_acf_changed":false,"_kad_blocks_custom_css":"","_kad_blocks_head_custom_js":"","_kad_blocks_body_custom_js":"","_kad_blocks_footer_custom_js":""},"product_cat":[1390,13511],"product_tag":[],"class_list":{"0":"post-148993","1":"product","2":"type-product","3":"status-publish","4":"has-post-thumbnail","6":"product_cat-figures","7":"product_cat-new-arrivals","8":"pa_brand-good-smile-company-en","9":"pa_character-zodd-en","10":"pa_license-berserk-en","11":"pa_product-type-figure","12":"pa_theme-pop-up-parade-l-en","14":"first","15":"outofstock","16":"taxable","17":"shipping-taxable","18":"purchasable","19":"product-type-simple"},"acf":[],"yoast_head":"<!-- This site is optimized with the Yoast SEO plugin v26.1.1 - https:\/\/yoast.com\/wordpress\/plugins\/seo\/ -->\n<title>Zodd Berserk Pop Up Parade L - EndormoonStore<\/title>\n<meta name=\"robots\" content=\"index, follow, max-snippet:-1, max-image-preview:large, max-video-preview:-1\" \/>\n<link rel=\"canonical\" href=\"https:\/\/endormoonstore.com\/zodd-berserk-pop-up-parade-l\/\" \/>\n<meta property=\"og:locale\" content=\"en_US\" \/>\n<meta property=\"og:type\" content=\"article\" \/>\n<meta property=\"og:title\" content=\"Zodd Berserk Pop Up Parade L - EndormoonStore\" \/>\n<meta property=\"og:description\" content=\"Zodd Berserk Pop Up Parade L  Presentamos figuras Pop Up Parade ahora en un tama\u00f1o m\u00e1s grande! Pop Up Parade\u00a0est\u00e1 brindando a los fan\u00e1ticos de las figuras una nueva sensaci\u00f3n de emoci\u00f3n con la l\u00ednea L.\" \/>\n<meta property=\"og:url\" content=\"https:\/\/endormoonstore.com\/zodd-berserk-pop-up-parade-l\/\" \/>\n<meta property=\"og:site_name\" content=\"EndormoonStore\" \/>\n<meta property=\"article:modified_time\" content=\"2023-08-18T20:11:29+00:00\" \/>\n<meta property=\"og:image\" content=\"https:\/\/endormoonstore.com\/wp-content\/uploads\/2023\/08\/Zodd-Berserk-Pop-Up-Parade-L-1.jpeg\" \/>\n\t<meta property=\"og:image:width\" content=\"730\" \/>\n\t<meta property=\"og:image:height\" content=\"900\" \/>\n\t<meta property=\"og:image:type\" content=\"image\/jpeg\" \/>\n<meta name=\"twitter:card\" content=\"summary_large_image\" \/>\n<meta name=\"twitter:label1\" content=\"Est. reading time\" \/>\n\t<meta name=\"twitter:data1\" content=\"1 minute\" \/>\n<script type=\"application\/ld+json\" class=\"yoast-schema-graph\">{\"@context\":\"https:\/\/schema.org\",\"@graph\":[{\"@type\":\"WebPage\",\"@id\":\"https:\/\/endormoonstore.com\/zodd-berserk-pop-up-parade-l\/\",\"url\":\"https:\/\/endormoonstore.com\/zodd-berserk-pop-up-parade-l\/\",\"name\":\"Zodd Berserk Pop Up Parade L - EndormoonStore\",\"isPartOf\":{\"@id\":\"https:\/\/endormoonstore.com\/#website\"},\"primaryImageOfPage\":{\"@id\":\"https:\/\/endormoonstore.com\/zodd-berserk-pop-up-parade-l\/#primaryimage\"},\"image\":{\"@id\":\"https:\/\/endormoonstore.com\/zodd-berserk-pop-up-parade-l\/#primaryimage\"},\"thumbnailUrl\":\"https:\/\/endormoonstore.com\/wp-content\/uploads\/2023\/08\/Zodd-Berserk-Pop-Up-Parade-L-1.jpeg\",\"datePublished\":\"2023-08-11T22:50:48+00:00\",\"dateModified\":\"2023-08-18T20:11:29+00:00\",\"breadcrumb\":{\"@id\":\"https:\/\/endormoonstore.com\/zodd-berserk-pop-up-parade-l\/#breadcrumb\"},\"inLanguage\":\"en-US\",\"potentialAction\":[{\"@type\":\"ReadAction\",\"target\":[\"https:\/\/endormoonstore.com\/zodd-berserk-pop-up-parade-l\/\"]}]},{\"@type\":\"ImageObject\",\"inLanguage\":\"en-US\",\"@id\":\"https:\/\/endormoonstore.com\/zodd-berserk-pop-up-parade-l\/#primaryimage\",\"url\":\"https:\/\/endormoonstore.com\/wp-content\/uploads\/2023\/08\/Zodd-Berserk-Pop-Up-Parade-L-1.jpeg\",\"contentUrl\":\"https:\/\/endormoonstore.com\/wp-content\/uploads\/2023\/08\/Zodd-Berserk-Pop-Up-Parade-L-1.jpeg\",\"width\":730,\"height\":900},{\"@type\":\"BreadcrumbList\",\"@id\":\"https:\/\/endormoonstore.com\/zodd-berserk-pop-up-parade-l\/#breadcrumb\",\"itemListElement\":[{\"@type\":\"ListItem\",\"position\":1,\"name\":\"Shop\",\"item\":\"https:\/\/endormoonstore.com\/en\/shop\/\"},{\"@type\":\"ListItem\",\"position\":2,\"name\":\"Zodd Berserk Pop Up Parade L\"}]},{\"@type\":\"WebSite\",\"@id\":\"https:\/\/endormoonstore.com\/#website\",\"url\":\"https:\/\/endormoonstore.com\/\",\"name\":\"EndormoonStore\",\"description\":\"\",\"potentialAction\":[{\"@type\":\"SearchAction\",\"target\":{\"@type\":\"EntryPoint\",\"urlTemplate\":\"https:\/\/endormoonstore.com\/?s={search_term_string}\"},\"query-input\":{\"@type\":\"PropertyValueSpecification\",\"valueRequired\":true,\"valueName\":\"search_term_string\"}}],\"inLanguage\":\"en-US\"}]}<\/script>\n<!-- \/ Yoast SEO plugin. -->","yoast_head_json":{"title":"Zodd Berserk Pop Up Parade L - EndormoonStore","robots":{"index":"index","follow":"follow","max-snippet":"max-snippet:-1","max-image-preview":"max-image-preview:large","max-video-preview":"max-video-preview:-1"},"canonical":"https:\/\/endormoonstore.com\/zodd-berserk-pop-up-parade-l\/","og_locale":"en_US","og_type":"article","og_title":"Zodd Berserk Pop Up Parade L - EndormoonStore","og_description":"Zodd Berserk Pop Up Parade L  Presentamos figuras Pop Up Parade ahora en un tama\u00f1o m\u00e1s grande! Pop Up Parade\u00a0est\u00e1 brindando a los fan\u00e1ticos de las figuras una nueva sensaci\u00f3n de emoci\u00f3n con la l\u00ednea L.","og_url":"https:\/\/endormoonstore.com\/zodd-berserk-pop-up-parade-l\/","og_site_name":"EndormoonStore","article_modified_time":"2023-08-18T20:11:29+00:00","og_image":[{"width":730,"height":900,"url":"https:\/\/endormoonstore.com\/wp-content\/uploads\/2023\/08\/Zodd-Berserk-Pop-Up-Parade-L-1.jpeg","type":"image\/jpeg"}],"twitter_card":"summary_large_image","twitter_misc":{"Est. reading time":"1 minute"},"schema":{"@context":"https:\/\/schema.org","@graph":[{"@type":"WebPage","@id":"https:\/\/endormoonstore.com\/zodd-berserk-pop-up-parade-l\/","url":"https:\/\/endormoonstore.com\/zodd-berserk-pop-up-parade-l\/","name":"Zodd Berserk Pop Up Parade L - EndormoonStore","isPartOf":{"@id":"https:\/\/endormoonstore.com\/#website"},"primaryImageOfPage":{"@id":"https:\/\/endormoonstore.com\/zodd-berserk-pop-up-parade-l\/#primaryimage"},"image":{"@id":"https:\/\/endormoonstore.com\/zodd-berserk-pop-up-parade-l\/#primaryimage"},"thumbnailUrl":"https:\/\/endormoonstore.com\/wp-content\/uploads\/2023\/08\/Zodd-Berserk-Pop-Up-Parade-L-1.jpeg","datePublished":"2023-08-11T22:50:48+00:00","dateModified":"2023-08-18T20:11:29+00:00","breadcrumb":{"@id":"https:\/\/endormoonstore.com\/zodd-berserk-pop-up-parade-l\/#breadcrumb"},"inLanguage":"en-US","potentialAction":[{"@type":"ReadAction","target":["https:\/\/endormoonstore.com\/zodd-berserk-pop-up-parade-l\/"]}]},{"@type":"ImageObject","inLanguage":"en-US","@id":"https:\/\/endormoonstore.com\/zodd-berserk-pop-up-parade-l\/#primaryimage","url":"https:\/\/endormoonstore.com\/wp-content\/uploads\/2023\/08\/Zodd-Berserk-Pop-Up-Parade-L-1.jpeg","contentUrl":"https:\/\/endormoonstore.com\/wp-content\/uploads\/2023\/08\/Zodd-Berserk-Pop-Up-Parade-L-1.jpeg","width":730,"height":900},{"@type":"BreadcrumbList","@id":"https:\/\/endormoonstore.com\/zodd-berserk-pop-up-parade-l\/#breadcrumb","itemListElement":[{"@type":"ListItem","position":1,"name":"Shop","item":"https:\/\/endormoonstore.com\/en\/shop\/"},{"@type":"ListItem","position":2,"name":"Zodd Berserk Pop Up Parade L"}]},{"@type":"WebSite","@id":"https:\/\/endormoonstore.com\/#website","url":"https:\/\/endormoonstore.com\/","name":"EndormoonStore","description":"","potentialAction":[{"@type":"SearchAction","target":{"@type":"EntryPoint","urlTemplate":"https:\/\/endormoonstore.com\/?s={search_term_string}"},"query-input":{"@type":"PropertyValueSpecification","valueRequired":true,"valueName":"search_term_string"}}],"inLanguage":"en-US"}]}},"taxonomy_info":{"product_cat":[{"value":1390,"label":"Figures"},{"value":13511,"label":"New Arrivals"}],"pa_brand":[{"value":2081,"label":"Good Smile Company"}],"pa_character":[{"value":13845,"label":"Zodd"}],"pa_license":[{"value":3617,"label":"Berserk"}],"pa_product-type":[{"value":2387,"label":"Figure"}],"pa_theme":[{"value":13116,"label":"Pop Up Parade L"}]},"featured_image_src_large":["https:\/\/endormoonstore.com\/wp-content\/uploads\/2023\/08\/Zodd-Berserk-Pop-Up-Parade-L-1.jpeg",730,900,false],"author_info":[],"comment_info":"","_links":{"self":[{"href":"https:\/\/endormoonstore.com\/en\/wp-json\/wp\/v2\/product\/148993","targetHints":{"allow":["GET"]}}],"collection":[{"href":"https:\/\/endormoonstore.com\/en\/wp-json\/wp\/v2\/product"}],"about":[{"href":"https:\/\/endormoonstore.com\/en\/wp-json\/wp\/v2\/types\/product"}],"wp:featuredmedia":[{"embeddable":true,"href":"https:\/\/endormoonstore.com\/en\/wp-json\/wp\/v2\/media\/148968"}],"wp:attachment":[{"href":"https:\/\/endormoonstore.com\/en\/wp-json\/wp\/v2\/media?parent=148993"}],"wp:term":[{"taxonomy":"product_cat","embeddable":true,"href":"https:\/\/endormoonstore.com\/en\/wp-json\/wp\/v2\/product_cat?post=148993"},{"taxonomy":"product_tag","embeddable":true,"href":"https:\/\/endormoonstore.com\/en\/wp-json\/wp\/v2\/product_tag?post=148993"}],"curies":[{"name":"wp","href":"https:\/\/api.w.org\/{rel}","templated":true}]}}