{"id":148964,"date":"2024-07-26T00:20:55","date_gmt":"2024-07-25T22:20:55","guid":{"rendered":"https:\/\/endormoonstore.com\/ghost-face-zombie-edition-living-dead-dolls\/"},"modified":"2024-07-27T22:52:04","modified_gmt":"2024-07-27T20:52:04","slug":"ghost-face-zombie-edition-living-dead-dolls","status":"publish","type":"product","link":"https:\/\/endormoonstore.com\/en\/ghost-face-zombie-edition-living-dead-dolls\/","title":{"rendered":"Ghost Face Zombie Edition Living Dead Dolls"},"content":{"rendered":"<p class=\"p1\"><b>Ghost Face Zombie Edition Living Dead Dolls Presents<\/b><\/p>\n<ul class=\"ul1\">\n<li class=\"li1\">Prep\u00e1rate para que te perseguan una vez m\u00e1s por Ghost Face, el maestro del tormento que disfruta usando clich\u00e9s y trivialidades de pel\u00edculas de terror para aterrorizar a sus v\u00edctimas.<\/li>\n<li class=\"li1\">Ghost Face Zombie Edition presenta una cabeza esculpida completamente nueva, que muestra una m\u00e1scara de fantasma agrietada que agrega una capa adicional de terror. El misterioso asesino regresa con su caracter\u00edstica t\u00fanica negra con capucha, blandiendo un cuchillo de caza en su mano derecha, listo para infundir miedo en todos y cada uno.<\/li>\n<li class=\"li1\">El Living Dead Dolls Ghost FaceZombie Edition mide 25,4 cm de alto y presenta 5 puntos de articulaci\u00f3n.<\/li>\n<li class=\"li1\">Ghost Face viene empaquetado en una caja con ventana troquelada, perfecta para exhibir.<\/li>\n<\/ul>\n<p>&nbsp;<\/p>\n","protected":false},"excerpt":{"rendered":"<p class=\"p1\"><b>Ghost Face Zombie Edition Living Dead Dolls Presents<\/b><\/p>\n<p class=\"p1\">Prep\u00e1rate para que te perseguan una vez m\u00e1s por Ghost Face, el maestro del tormento que disfruta usando clich\u00e9s y trivialidades de pel\u00edculas de terror para aterrorizar a sus v\u00edctimas.<\/p>\n","protected":false},"featured_media":148947,"template":"","meta":{"_acf_changed":false,"_kad_blocks_custom_css":"","_kad_blocks_head_custom_js":"","_kad_blocks_body_custom_js":"","_kad_blocks_footer_custom_js":""},"product_cat":[1390,13511],"product_tag":[],"class_list":{"0":"post-148964","1":"product","2":"type-product","3":"status-publish","4":"has-post-thumbnail","6":"product_cat-figures","7":"product_cat-new-arrivals","8":"pa_brand-mezco-toyz-en","9":"pa_character-ghostface-en","10":"pa_license-scream-en","11":"pa_product-type-figure","12":"pa_theme-living-dead-dolls-en","14":"first","15":"instock","16":"taxable","17":"shipping-taxable","18":"purchasable","19":"product-type-simple"},"acf":[],"yoast_head":"<!-- This site is optimized with the Yoast SEO plugin v26.1.1 - https:\/\/yoast.com\/wordpress\/plugins\/seo\/ -->\n<title>Ghost Face Zombie Edition Living Dead Dolls - EndormoonStore<\/title>\n<meta name=\"robots\" content=\"index, follow, max-snippet:-1, max-image-preview:large, max-video-preview:-1\" \/>\n<link rel=\"canonical\" href=\"https:\/\/endormoonstore.com\/en\/ghost-face-zombie-edition-living-dead-dolls\/\" \/>\n<meta property=\"og:locale\" content=\"en_US\" \/>\n<meta property=\"og:type\" content=\"article\" \/>\n<meta property=\"og:title\" content=\"Ghost Face Zombie Edition Living Dead Dolls - EndormoonStore\" \/>\n<meta property=\"og:description\" content=\"Ghost Face Zombie Edition Living Dead Dolls Presents Prep\u00e1rate para que te perseguan una vez m\u00e1s por Ghost Face, el maestro del tormento que disfruta usando clich\u00e9s y trivialidades de pel\u00edculas de terror para aterrorizar a sus v\u00edctimas.\" \/>\n<meta property=\"og:url\" content=\"https:\/\/endormoonstore.com\/en\/ghost-face-zombie-edition-living-dead-dolls\/\" \/>\n<meta property=\"og:site_name\" content=\"EndormoonStore\" \/>\n<meta property=\"article:modified_time\" content=\"2024-07-27T20:52:04+00:00\" \/>\n<meta property=\"og:image\" content=\"https:\/\/endormoonstore.com\/wp-content\/uploads\/2023\/08\/Ghost-Face-Zombie-Edition-Living-Dead-Dolls-1.jpeg\" \/>\n\t<meta property=\"og:image:width\" content=\"800\" \/>\n\t<meta property=\"og:image:height\" content=\"800\" \/>\n\t<meta property=\"og:image:type\" content=\"image\/jpeg\" \/>\n<meta name=\"twitter:card\" content=\"summary_large_image\" \/>\n<meta name=\"twitter:label1\" content=\"Est. reading time\" \/>\n\t<meta name=\"twitter:data1\" content=\"1 minute\" \/>\n<script type=\"application\/ld+json\" class=\"yoast-schema-graph\">{\"@context\":\"https:\/\/schema.org\",\"@graph\":[{\"@type\":\"WebPage\",\"@id\":\"https:\/\/endormoonstore.com\/en\/ghost-face-zombie-edition-living-dead-dolls\/\",\"url\":\"https:\/\/endormoonstore.com\/en\/ghost-face-zombie-edition-living-dead-dolls\/\",\"name\":\"Ghost Face Zombie Edition Living Dead Dolls - EndormoonStore\",\"isPartOf\":{\"@id\":\"https:\/\/endormoonstore.com\/#website\"},\"primaryImageOfPage\":{\"@id\":\"https:\/\/endormoonstore.com\/en\/ghost-face-zombie-edition-living-dead-dolls\/#primaryimage\"},\"image\":{\"@id\":\"https:\/\/endormoonstore.com\/en\/ghost-face-zombie-edition-living-dead-dolls\/#primaryimage\"},\"thumbnailUrl\":\"https:\/\/endormoonstore.com\/wp-content\/uploads\/2023\/08\/Ghost-Face-Zombie-Edition-Living-Dead-Dolls-1.jpeg\",\"datePublished\":\"2024-07-25T22:20:55+00:00\",\"dateModified\":\"2024-07-27T20:52:04+00:00\",\"breadcrumb\":{\"@id\":\"https:\/\/endormoonstore.com\/en\/ghost-face-zombie-edition-living-dead-dolls\/#breadcrumb\"},\"inLanguage\":\"en-US\",\"potentialAction\":[{\"@type\":\"ReadAction\",\"target\":[\"https:\/\/endormoonstore.com\/en\/ghost-face-zombie-edition-living-dead-dolls\/\"]}]},{\"@type\":\"ImageObject\",\"inLanguage\":\"en-US\",\"@id\":\"https:\/\/endormoonstore.com\/en\/ghost-face-zombie-edition-living-dead-dolls\/#primaryimage\",\"url\":\"https:\/\/endormoonstore.com\/wp-content\/uploads\/2023\/08\/Ghost-Face-Zombie-Edition-Living-Dead-Dolls-1.jpeg\",\"contentUrl\":\"https:\/\/endormoonstore.com\/wp-content\/uploads\/2023\/08\/Ghost-Face-Zombie-Edition-Living-Dead-Dolls-1.jpeg\",\"width\":800,\"height\":800},{\"@type\":\"BreadcrumbList\",\"@id\":\"https:\/\/endormoonstore.com\/en\/ghost-face-zombie-edition-living-dead-dolls\/#breadcrumb\",\"itemListElement\":[{\"@type\":\"ListItem\",\"position\":1,\"name\":\"Shop\",\"item\":\"https:\/\/endormoonstore.com\/en\/shop\/\"},{\"@type\":\"ListItem\",\"position\":2,\"name\":\"Ghost Face Zombie Edition Living Dead Dolls\"}]},{\"@type\":\"WebSite\",\"@id\":\"https:\/\/endormoonstore.com\/#website\",\"url\":\"https:\/\/endormoonstore.com\/\",\"name\":\"EndormoonStore\",\"description\":\"\",\"potentialAction\":[{\"@type\":\"SearchAction\",\"target\":{\"@type\":\"EntryPoint\",\"urlTemplate\":\"https:\/\/endormoonstore.com\/?s={search_term_string}\"},\"query-input\":{\"@type\":\"PropertyValueSpecification\",\"valueRequired\":true,\"valueName\":\"search_term_string\"}}],\"inLanguage\":\"en-US\"}]}<\/script>\n<!-- \/ Yoast SEO plugin. -->","yoast_head_json":{"title":"Ghost Face Zombie Edition Living Dead Dolls - EndormoonStore","robots":{"index":"index","follow":"follow","max-snippet":"max-snippet:-1","max-image-preview":"max-image-preview:large","max-video-preview":"max-video-preview:-1"},"canonical":"https:\/\/endormoonstore.com\/en\/ghost-face-zombie-edition-living-dead-dolls\/","og_locale":"en_US","og_type":"article","og_title":"Ghost Face Zombie Edition Living Dead Dolls - EndormoonStore","og_description":"Ghost Face Zombie Edition Living Dead Dolls Presents Prep\u00e1rate para que te perseguan una vez m\u00e1s por Ghost Face, el maestro del tormento que disfruta usando clich\u00e9s y trivialidades de pel\u00edculas de terror para aterrorizar a sus v\u00edctimas.","og_url":"https:\/\/endormoonstore.com\/en\/ghost-face-zombie-edition-living-dead-dolls\/","og_site_name":"EndormoonStore","article_modified_time":"2024-07-27T20:52:04+00:00","og_image":[{"width":800,"height":800,"url":"https:\/\/endormoonstore.com\/wp-content\/uploads\/2023\/08\/Ghost-Face-Zombie-Edition-Living-Dead-Dolls-1.jpeg","type":"image\/jpeg"}],"twitter_card":"summary_large_image","twitter_misc":{"Est. reading time":"1 minute"},"schema":{"@context":"https:\/\/schema.org","@graph":[{"@type":"WebPage","@id":"https:\/\/endormoonstore.com\/en\/ghost-face-zombie-edition-living-dead-dolls\/","url":"https:\/\/endormoonstore.com\/en\/ghost-face-zombie-edition-living-dead-dolls\/","name":"Ghost Face Zombie Edition Living Dead Dolls - EndormoonStore","isPartOf":{"@id":"https:\/\/endormoonstore.com\/#website"},"primaryImageOfPage":{"@id":"https:\/\/endormoonstore.com\/en\/ghost-face-zombie-edition-living-dead-dolls\/#primaryimage"},"image":{"@id":"https:\/\/endormoonstore.com\/en\/ghost-face-zombie-edition-living-dead-dolls\/#primaryimage"},"thumbnailUrl":"https:\/\/endormoonstore.com\/wp-content\/uploads\/2023\/08\/Ghost-Face-Zombie-Edition-Living-Dead-Dolls-1.jpeg","datePublished":"2024-07-25T22:20:55+00:00","dateModified":"2024-07-27T20:52:04+00:00","breadcrumb":{"@id":"https:\/\/endormoonstore.com\/en\/ghost-face-zombie-edition-living-dead-dolls\/#breadcrumb"},"inLanguage":"en-US","potentialAction":[{"@type":"ReadAction","target":["https:\/\/endormoonstore.com\/en\/ghost-face-zombie-edition-living-dead-dolls\/"]}]},{"@type":"ImageObject","inLanguage":"en-US","@id":"https:\/\/endormoonstore.com\/en\/ghost-face-zombie-edition-living-dead-dolls\/#primaryimage","url":"https:\/\/endormoonstore.com\/wp-content\/uploads\/2023\/08\/Ghost-Face-Zombie-Edition-Living-Dead-Dolls-1.jpeg","contentUrl":"https:\/\/endormoonstore.com\/wp-content\/uploads\/2023\/08\/Ghost-Face-Zombie-Edition-Living-Dead-Dolls-1.jpeg","width":800,"height":800},{"@type":"BreadcrumbList","@id":"https:\/\/endormoonstore.com\/en\/ghost-face-zombie-edition-living-dead-dolls\/#breadcrumb","itemListElement":[{"@type":"ListItem","position":1,"name":"Shop","item":"https:\/\/endormoonstore.com\/en\/shop\/"},{"@type":"ListItem","position":2,"name":"Ghost Face Zombie Edition Living Dead Dolls"}]},{"@type":"WebSite","@id":"https:\/\/endormoonstore.com\/#website","url":"https:\/\/endormoonstore.com\/","name":"EndormoonStore","description":"","potentialAction":[{"@type":"SearchAction","target":{"@type":"EntryPoint","urlTemplate":"https:\/\/endormoonstore.com\/?s={search_term_string}"},"query-input":{"@type":"PropertyValueSpecification","valueRequired":true,"valueName":"search_term_string"}}],"inLanguage":"en-US"}]}},"taxonomy_info":{"product_cat":[{"value":1390,"label":"Figures"},{"value":13511,"label":"New Arrivals"}],"pa_brand":[{"value":1638,"label":"Mezco Toyz"}],"pa_character":[{"value":10863,"label":"Ghostface"}],"pa_license":[{"value":1969,"label":"Scream"}],"pa_product-type":[{"value":2387,"label":"Figure"}],"pa_theme":[{"value":14277,"label":"Living Dead Dolls"}]},"featured_image_src_large":["https:\/\/endormoonstore.com\/wp-content\/uploads\/2023\/08\/Ghost-Face-Zombie-Edition-Living-Dead-Dolls-1.jpeg",800,800,false],"author_info":[],"comment_info":"","_links":{"self":[{"href":"https:\/\/endormoonstore.com\/en\/wp-json\/wp\/v2\/product\/148964","targetHints":{"allow":["GET"]}}],"collection":[{"href":"https:\/\/endormoonstore.com\/en\/wp-json\/wp\/v2\/product"}],"about":[{"href":"https:\/\/endormoonstore.com\/en\/wp-json\/wp\/v2\/types\/product"}],"wp:featuredmedia":[{"embeddable":true,"href":"https:\/\/endormoonstore.com\/en\/wp-json\/wp\/v2\/media\/148947"}],"wp:attachment":[{"href":"https:\/\/endormoonstore.com\/en\/wp-json\/wp\/v2\/media?parent=148964"}],"wp:term":[{"taxonomy":"product_cat","embeddable":true,"href":"https:\/\/endormoonstore.com\/en\/wp-json\/wp\/v2\/product_cat?post=148964"},{"taxonomy":"product_tag","embeddable":true,"href":"https:\/\/endormoonstore.com\/en\/wp-json\/wp\/v2\/product_tag?post=148964"}],"curies":[{"name":"wp","href":"https:\/\/api.w.org\/{rel}","templated":true}]}}