{"id":148364,"date":"2023-07-15T00:50:26","date_gmt":"2023-07-14T22:50:26","guid":{"rendered":"https:\/\/endormoonstore.com\/star-wars-the-black-series-darth-vader-revenge-of-the-jedi\/"},"modified":"2023-11-29T14:01:11","modified_gmt":"2023-11-29T13:01:11","slug":"star-wars-the-black-series-darth-vader-revenge-of-the-jedi","status":"publish","type":"product","link":"https:\/\/endormoonstore.com\/en\/star-wars-the-black-series-darth-vader-revenge-of-the-jedi\/","title":{"rendered":"Star Wars: The Black Series Darth Vader (Revenge of the Jedi)"},"content":{"rendered":"<p><strong>Star Wars: The Black Series Darth Vader (Revenge of the Jedi)<\/strong><\/p>\n<ul>\n<li>Hasbro presenta dentro de su colecci\u00f3n Black Series la figura de Darth Vader basada en su aspecto en la pel\u00edcula eL Retorno del Jedi, pero con el que iba a ser el t\u00edtulo original de la pel\u00edcula: &#8220;The Revenge of the Jedi&#8221;. Pocas semanas antes del estreno Lucas decidi\u00f3 cambiar el nombre por el que todos hemos conocido: The Return of The Jedi.<\/li>\n<li>Esta exclusiva figura de acci\u00f3n de Darth Vader (Revenge of the Jedi) est\u00e1 inspirada en el dise\u00f1o y la paleta de colores del p\u00f3ster original de Star Wars: Revenge of the Jedi tiene una altura de unos 15 cm, presenta detalles de primera calidad y m\u00faltiples puntos de articulaci\u00f3n.<\/li>\n<li>La figura incluye 1x sable de luz.<\/li>\n<\/ul>\n<h1 class=\"product_title entry-title\"><\/h1>\n","protected":false},"excerpt":{"rendered":"<p><strong>Star Wars: The Black Series Darth Vader (Revenge of the Jedi)<\/strong><\/p>\n<p>Hasbro presenta dentro de su colecci\u00f3n Black Series la figura de Darth Vader basada en su aspecto en la pel\u00edcula eL Retorno del Jedi, pero con el que iba a ser el t\u00edtulo original de la pel\u00edcula: &#8220;The Revenge of the Jedi&#8221;. Pocas semanas antes del estreno Lucas decidi\u00f3 cambiar el nombre por el que todos hemos conocido: The Return of The Jedi.<\/p>\n","protected":false},"featured_media":148345,"template":"","meta":{"_acf_changed":false,"_kad_blocks_custom_css":"","_kad_blocks_head_custom_js":"","_kad_blocks_body_custom_js":"","_kad_blocks_footer_custom_js":""},"product_cat":[1390,13511],"product_tag":[],"class_list":{"0":"post-148364","1":"product","2":"type-product","3":"status-publish","4":"has-post-thumbnail","6":"product_cat-figures","7":"product_cat-new-arrivals","8":"pa_brand-hasbro-en","9":"pa_character-darth-vader-en","10":"pa_license-star-wars-en","11":"pa_product-type-figure","12":"pa_theme-the-black-series-en","14":"first","15":"instock","16":"taxable","17":"shipping-taxable","18":"purchasable","19":"product-type-simple"},"acf":[],"yoast_head":"<!-- This site is optimized with the Yoast SEO plugin v26.1.1 - https:\/\/yoast.com\/wordpress\/plugins\/seo\/ -->\n<title>Star Wars: The Black Series Darth Vader (Revenge of the Jedi) - EndormoonStore<\/title>\n<meta name=\"robots\" content=\"index, follow, max-snippet:-1, max-image-preview:large, max-video-preview:-1\" \/>\n<link rel=\"canonical\" href=\"https:\/\/endormoonstore.com\/en\/star-wars-the-black-series-darth-vader-revenge-of-the-jedi\/\" \/>\n<meta property=\"og:locale\" content=\"en_US\" \/>\n<meta property=\"og:type\" content=\"article\" \/>\n<meta property=\"og:title\" content=\"Star Wars: The Black Series Darth Vader (Revenge of the Jedi) - EndormoonStore\" \/>\n<meta property=\"og:description\" content=\"Star Wars: The Black Series Darth Vader (Revenge of the Jedi)  Hasbro presenta dentro de su colecci\u00f3n Black Series la figura de Darth Vader basada en su aspecto en la pel\u00edcula eL Retorno del Jedi, pero con el que iba a ser el t\u00edtulo original de la pel\u00edcula: &quot;The Revenge of the Jedi&quot;. Pocas semanas antes del estreno Lucas decidi\u00f3 cambiar el nombre por el que todos hemos conocido: The Return of The Jedi.\" \/>\n<meta property=\"og:url\" content=\"https:\/\/endormoonstore.com\/en\/star-wars-the-black-series-darth-vader-revenge-of-the-jedi\/\" \/>\n<meta property=\"og:site_name\" content=\"EndormoonStore\" \/>\n<meta property=\"article:modified_time\" content=\"2023-11-29T13:01:11+00:00\" \/>\n<meta property=\"og:image\" content=\"https:\/\/endormoonstore.com\/wp-content\/uploads\/2023\/08\/Star-Wars-The-Black-Series-Darth-Vader-Revenge-of-the-Jedi-1.jpg\" \/>\n\t<meta property=\"og:image:width\" content=\"1000\" \/>\n\t<meta property=\"og:image:height\" content=\"1000\" \/>\n\t<meta property=\"og:image:type\" content=\"image\/jpeg\" \/>\n<meta name=\"twitter:card\" content=\"summary_large_image\" \/>\n<meta name=\"twitter:label1\" content=\"Est. reading time\" \/>\n\t<meta name=\"twitter:data1\" content=\"1 minute\" \/>\n<script type=\"application\/ld+json\" class=\"yoast-schema-graph\">{\"@context\":\"https:\/\/schema.org\",\"@graph\":[{\"@type\":\"WebPage\",\"@id\":\"https:\/\/endormoonstore.com\/en\/star-wars-the-black-series-darth-vader-revenge-of-the-jedi\/\",\"url\":\"https:\/\/endormoonstore.com\/en\/star-wars-the-black-series-darth-vader-revenge-of-the-jedi\/\",\"name\":\"Star Wars: The Black Series Darth Vader (Revenge of the Jedi) - EndormoonStore\",\"isPartOf\":{\"@id\":\"https:\/\/endormoonstore.com\/#website\"},\"primaryImageOfPage\":{\"@id\":\"https:\/\/endormoonstore.com\/en\/star-wars-the-black-series-darth-vader-revenge-of-the-jedi\/#primaryimage\"},\"image\":{\"@id\":\"https:\/\/endormoonstore.com\/en\/star-wars-the-black-series-darth-vader-revenge-of-the-jedi\/#primaryimage\"},\"thumbnailUrl\":\"https:\/\/endormoonstore.com\/wp-content\/uploads\/2023\/08\/Star-Wars-The-Black-Series-Darth-Vader-Revenge-of-the-Jedi-1.jpg\",\"datePublished\":\"2023-07-14T22:50:26+00:00\",\"dateModified\":\"2023-11-29T13:01:11+00:00\",\"breadcrumb\":{\"@id\":\"https:\/\/endormoonstore.com\/en\/star-wars-the-black-series-darth-vader-revenge-of-the-jedi\/#breadcrumb\"},\"inLanguage\":\"en-US\",\"potentialAction\":[{\"@type\":\"ReadAction\",\"target\":[\"https:\/\/endormoonstore.com\/en\/star-wars-the-black-series-darth-vader-revenge-of-the-jedi\/\"]}]},{\"@type\":\"ImageObject\",\"inLanguage\":\"en-US\",\"@id\":\"https:\/\/endormoonstore.com\/en\/star-wars-the-black-series-darth-vader-revenge-of-the-jedi\/#primaryimage\",\"url\":\"https:\/\/endormoonstore.com\/wp-content\/uploads\/2023\/08\/Star-Wars-The-Black-Series-Darth-Vader-Revenge-of-the-Jedi-1.jpg\",\"contentUrl\":\"https:\/\/endormoonstore.com\/wp-content\/uploads\/2023\/08\/Star-Wars-The-Black-Series-Darth-Vader-Revenge-of-the-Jedi-1.jpg\",\"width\":1000,\"height\":1000},{\"@type\":\"BreadcrumbList\",\"@id\":\"https:\/\/endormoonstore.com\/en\/star-wars-the-black-series-darth-vader-revenge-of-the-jedi\/#breadcrumb\",\"itemListElement\":[{\"@type\":\"ListItem\",\"position\":1,\"name\":\"Shop\",\"item\":\"https:\/\/endormoonstore.com\/en\/shop\/\"},{\"@type\":\"ListItem\",\"position\":2,\"name\":\"Star Wars: The Black Series Darth Vader (Revenge of the Jedi)\"}]},{\"@type\":\"WebSite\",\"@id\":\"https:\/\/endormoonstore.com\/#website\",\"url\":\"https:\/\/endormoonstore.com\/\",\"name\":\"EndormoonStore\",\"description\":\"\",\"potentialAction\":[{\"@type\":\"SearchAction\",\"target\":{\"@type\":\"EntryPoint\",\"urlTemplate\":\"https:\/\/endormoonstore.com\/?s={search_term_string}\"},\"query-input\":{\"@type\":\"PropertyValueSpecification\",\"valueRequired\":true,\"valueName\":\"search_term_string\"}}],\"inLanguage\":\"en-US\"}]}<\/script>\n<!-- \/ Yoast SEO plugin. -->","yoast_head_json":{"title":"Star Wars: The Black Series Darth Vader (Revenge of the Jedi) - EndormoonStore","robots":{"index":"index","follow":"follow","max-snippet":"max-snippet:-1","max-image-preview":"max-image-preview:large","max-video-preview":"max-video-preview:-1"},"canonical":"https:\/\/endormoonstore.com\/en\/star-wars-the-black-series-darth-vader-revenge-of-the-jedi\/","og_locale":"en_US","og_type":"article","og_title":"Star Wars: The Black Series Darth Vader (Revenge of the Jedi) - EndormoonStore","og_description":"Star Wars: The Black Series Darth Vader (Revenge of the Jedi)  Hasbro presenta dentro de su colecci\u00f3n Black Series la figura de Darth Vader basada en su aspecto en la pel\u00edcula eL Retorno del Jedi, pero con el que iba a ser el t\u00edtulo original de la pel\u00edcula: \"The Revenge of the Jedi\". Pocas semanas antes del estreno Lucas decidi\u00f3 cambiar el nombre por el que todos hemos conocido: The Return of The Jedi.","og_url":"https:\/\/endormoonstore.com\/en\/star-wars-the-black-series-darth-vader-revenge-of-the-jedi\/","og_site_name":"EndormoonStore","article_modified_time":"2023-11-29T13:01:11+00:00","og_image":[{"width":1000,"height":1000,"url":"https:\/\/endormoonstore.com\/wp-content\/uploads\/2023\/08\/Star-Wars-The-Black-Series-Darth-Vader-Revenge-of-the-Jedi-1.jpg","type":"image\/jpeg"}],"twitter_card":"summary_large_image","twitter_misc":{"Est. reading time":"1 minute"},"schema":{"@context":"https:\/\/schema.org","@graph":[{"@type":"WebPage","@id":"https:\/\/endormoonstore.com\/en\/star-wars-the-black-series-darth-vader-revenge-of-the-jedi\/","url":"https:\/\/endormoonstore.com\/en\/star-wars-the-black-series-darth-vader-revenge-of-the-jedi\/","name":"Star Wars: The Black Series Darth Vader (Revenge of the Jedi) - EndormoonStore","isPartOf":{"@id":"https:\/\/endormoonstore.com\/#website"},"primaryImageOfPage":{"@id":"https:\/\/endormoonstore.com\/en\/star-wars-the-black-series-darth-vader-revenge-of-the-jedi\/#primaryimage"},"image":{"@id":"https:\/\/endormoonstore.com\/en\/star-wars-the-black-series-darth-vader-revenge-of-the-jedi\/#primaryimage"},"thumbnailUrl":"https:\/\/endormoonstore.com\/wp-content\/uploads\/2023\/08\/Star-Wars-The-Black-Series-Darth-Vader-Revenge-of-the-Jedi-1.jpg","datePublished":"2023-07-14T22:50:26+00:00","dateModified":"2023-11-29T13:01:11+00:00","breadcrumb":{"@id":"https:\/\/endormoonstore.com\/en\/star-wars-the-black-series-darth-vader-revenge-of-the-jedi\/#breadcrumb"},"inLanguage":"en-US","potentialAction":[{"@type":"ReadAction","target":["https:\/\/endormoonstore.com\/en\/star-wars-the-black-series-darth-vader-revenge-of-the-jedi\/"]}]},{"@type":"ImageObject","inLanguage":"en-US","@id":"https:\/\/endormoonstore.com\/en\/star-wars-the-black-series-darth-vader-revenge-of-the-jedi\/#primaryimage","url":"https:\/\/endormoonstore.com\/wp-content\/uploads\/2023\/08\/Star-Wars-The-Black-Series-Darth-Vader-Revenge-of-the-Jedi-1.jpg","contentUrl":"https:\/\/endormoonstore.com\/wp-content\/uploads\/2023\/08\/Star-Wars-The-Black-Series-Darth-Vader-Revenge-of-the-Jedi-1.jpg","width":1000,"height":1000},{"@type":"BreadcrumbList","@id":"https:\/\/endormoonstore.com\/en\/star-wars-the-black-series-darth-vader-revenge-of-the-jedi\/#breadcrumb","itemListElement":[{"@type":"ListItem","position":1,"name":"Shop","item":"https:\/\/endormoonstore.com\/en\/shop\/"},{"@type":"ListItem","position":2,"name":"Star Wars: The Black Series Darth Vader (Revenge of the Jedi)"}]},{"@type":"WebSite","@id":"https:\/\/endormoonstore.com\/#website","url":"https:\/\/endormoonstore.com\/","name":"EndormoonStore","description":"","potentialAction":[{"@type":"SearchAction","target":{"@type":"EntryPoint","urlTemplate":"https:\/\/endormoonstore.com\/?s={search_term_string}"},"query-input":{"@type":"PropertyValueSpecification","valueRequired":true,"valueName":"search_term_string"}}],"inLanguage":"en-US"}]}},"taxonomy_info":{"product_cat":[{"value":1390,"label":"Figures"},{"value":13511,"label":"New Arrivals"}],"pa_brand":[{"value":2084,"label":"Hasbro"}],"pa_character":[{"value":2810,"label":"Darth Vader"}],"pa_license":[{"value":1644,"label":"Star Wars"}],"pa_product-type":[{"value":2387,"label":"Figure"}],"pa_theme":[{"value":2552,"label":"The Black Series"}]},"featured_image_src_large":["https:\/\/endormoonstore.com\/wp-content\/uploads\/2023\/08\/Star-Wars-The-Black-Series-Darth-Vader-Revenge-of-the-Jedi-1.jpg",1000,1000,false],"author_info":[],"comment_info":"","_links":{"self":[{"href":"https:\/\/endormoonstore.com\/en\/wp-json\/wp\/v2\/product\/148364","targetHints":{"allow":["GET"]}}],"collection":[{"href":"https:\/\/endormoonstore.com\/en\/wp-json\/wp\/v2\/product"}],"about":[{"href":"https:\/\/endormoonstore.com\/en\/wp-json\/wp\/v2\/types\/product"}],"wp:featuredmedia":[{"embeddable":true,"href":"https:\/\/endormoonstore.com\/en\/wp-json\/wp\/v2\/media\/148345"}],"wp:attachment":[{"href":"https:\/\/endormoonstore.com\/en\/wp-json\/wp\/v2\/media?parent=148364"}],"wp:term":[{"taxonomy":"product_cat","embeddable":true,"href":"https:\/\/endormoonstore.com\/en\/wp-json\/wp\/v2\/product_cat?post=148364"},{"taxonomy":"product_tag","embeddable":true,"href":"https:\/\/endormoonstore.com\/en\/wp-json\/wp\/v2\/product_tag?post=148364"}],"curies":[{"name":"wp","href":"https:\/\/api.w.org\/{rel}","templated":true}]}}