{"id":148092,"date":"2023-07-01T03:30:18","date_gmt":"2023-07-01T01:30:18","guid":{"rendered":"https:\/\/endormoonstore.com\/ultimate-count-orlok-nosferatu\/"},"modified":"2024-01-30T22:15:17","modified_gmt":"2024-01-30T21:15:17","slug":"ultimate-count-orlok-nosferatu","status":"publish","type":"product","link":"https:\/\/endormoonstore.com\/en\/ultimate-count-orlok-nosferatu\/","title":{"rendered":"Ultimate Count Orlok Nosferatu"},"content":{"rendered":"<p><strong>Ultimate Count Orlok Nosferatu<\/strong><\/p>\n<ul>\n<li>La pel\u00edcula de vampiros de 1922 Nosferatu se considera una obra maestra influyente de la era muda, y m\u00e1s de 100 a\u00f1os despu\u00e9s todav\u00eda ocupa un lugar en la imaginaci\u00f3n de los fan\u00e1ticos del terror en todas partes.\u00a0La figura de acci\u00f3n Ultimate Count Orlok de Neca presenta al inquietante conde con un estilo sensacional, con detalles y accesorios extra\u00eddos cuidadosamente de la pel\u00edcula.<\/li>\n<li>Esta figura g\u00f3tica est\u00e1 completamente articulada de unos 18 cm de alto incluye 3 cabezas intercambiables y una variedad de manos diferentes para infinitas poses. Los accesorios incluyen sombrero, cinco llaves en una cadena, pluma, tintero, r\u00e9plica de carta y botella.<\/li>\n<li>Viene en una caja con ventana f\u00e1cil de exhibir con solapa frontal que se abre.<\/li>\n<\/ul>\n<p>&nbsp;<\/p>\n","protected":false},"excerpt":{"rendered":"<p><strong>Ultimate Count Orlok Nosferatu<\/strong><\/p>\n<p>La pel\u00edcula de vampiros de 1922 Nosferatu se considera una obra maestra influyente de la era muda, y m\u00e1s de 100 a\u00f1os despu\u00e9s todav\u00eda ocupa un lugar en la imaginaci\u00f3n de los fan\u00e1ticos del terror en todas partes.\u00a0La figura de acci\u00f3n Ultimate Count Orlok de Neca presenta al inquietante conde con un estilo sensacional, con detalles y accesorios extra\u00eddos cuidadosamente de la pel\u00edcula.<\/p>\n","protected":false},"featured_media":148055,"template":"","meta":{"_acf_changed":false,"_kad_blocks_custom_css":"","_kad_blocks_head_custom_js":"","_kad_blocks_body_custom_js":"","_kad_blocks_footer_custom_js":""},"product_cat":[1390],"product_tag":[],"class_list":{"0":"post-148092","1":"product","2":"type-product","3":"status-publish","4":"has-post-thumbnail","6":"product_cat-figures","7":"pa_brand-neca-en","8":"pa_character-count-orlok-en","9":"pa_license-nosferatu-en","10":"pa_product-type-figure","11":"pa_theme-scale-action-figure-en","13":"first","14":"outofstock","15":"taxable","16":"shipping-taxable","17":"purchasable","18":"product-type-simple"},"acf":[],"yoast_head":"<!-- This site is optimized with the Yoast SEO plugin v26.1.1 - https:\/\/yoast.com\/wordpress\/plugins\/seo\/ -->\n<title>Ultimate Count Orlok Nosferatu - EndormoonStore<\/title>\n<meta name=\"robots\" content=\"index, follow, max-snippet:-1, max-image-preview:large, max-video-preview:-1\" \/>\n<link rel=\"canonical\" href=\"https:\/\/endormoonstore.com\/ultimate-count-orlok-nosferatu\/\" \/>\n<meta property=\"og:locale\" content=\"en_US\" \/>\n<meta property=\"og:type\" content=\"article\" \/>\n<meta property=\"og:title\" content=\"Ultimate Count Orlok Nosferatu - EndormoonStore\" \/>\n<meta property=\"og:description\" content=\"Ultimate Count Orlok Nosferatu  La pel\u00edcula de vampiros de 1922 Nosferatu se considera una obra maestra influyente de la era muda, y m\u00e1s de 100 a\u00f1os despu\u00e9s todav\u00eda ocupa un lugar en la imaginaci\u00f3n de los fan\u00e1ticos del terror en todas partes.\u00a0La figura de acci\u00f3n Ultimate Count Orlok de Neca presenta al inquietante conde con un estilo sensacional, con detalles y accesorios extra\u00eddos cuidadosamente de la pel\u00edcula.\" \/>\n<meta property=\"og:url\" content=\"https:\/\/endormoonstore.com\/ultimate-count-orlok-nosferatu\/\" \/>\n<meta property=\"og:site_name\" content=\"EndormoonStore\" \/>\n<meta property=\"article:modified_time\" content=\"2024-01-30T21:15:17+00:00\" \/>\n<meta property=\"og:image\" content=\"https:\/\/endormoonstore.com\/wp-content\/uploads\/2023\/07\/Ultimate-Count-Orlok-Nosferatu-1.jpg\" \/>\n\t<meta property=\"og:image:width\" content=\"1000\" \/>\n\t<meta property=\"og:image:height\" content=\"1250\" \/>\n\t<meta property=\"og:image:type\" content=\"image\/jpeg\" \/>\n<meta name=\"twitter:card\" content=\"summary_large_image\" \/>\n<meta name=\"twitter:label1\" content=\"Est. reading time\" \/>\n\t<meta name=\"twitter:data1\" content=\"1 minute\" \/>\n<script type=\"application\/ld+json\" class=\"yoast-schema-graph\">{\"@context\":\"https:\/\/schema.org\",\"@graph\":[{\"@type\":\"WebPage\",\"@id\":\"https:\/\/endormoonstore.com\/ultimate-count-orlok-nosferatu\/\",\"url\":\"https:\/\/endormoonstore.com\/ultimate-count-orlok-nosferatu\/\",\"name\":\"Ultimate Count Orlok Nosferatu - EndormoonStore\",\"isPartOf\":{\"@id\":\"https:\/\/endormoonstore.com\/#website\"},\"primaryImageOfPage\":{\"@id\":\"https:\/\/endormoonstore.com\/ultimate-count-orlok-nosferatu\/#primaryimage\"},\"image\":{\"@id\":\"https:\/\/endormoonstore.com\/ultimate-count-orlok-nosferatu\/#primaryimage\"},\"thumbnailUrl\":\"https:\/\/endormoonstore.com\/wp-content\/uploads\/2023\/07\/Ultimate-Count-Orlok-Nosferatu-1.jpg\",\"datePublished\":\"2023-07-01T01:30:18+00:00\",\"dateModified\":\"2024-01-30T21:15:17+00:00\",\"breadcrumb\":{\"@id\":\"https:\/\/endormoonstore.com\/ultimate-count-orlok-nosferatu\/#breadcrumb\"},\"inLanguage\":\"en-US\",\"potentialAction\":[{\"@type\":\"ReadAction\",\"target\":[\"https:\/\/endormoonstore.com\/ultimate-count-orlok-nosferatu\/\"]}]},{\"@type\":\"ImageObject\",\"inLanguage\":\"en-US\",\"@id\":\"https:\/\/endormoonstore.com\/ultimate-count-orlok-nosferatu\/#primaryimage\",\"url\":\"https:\/\/endormoonstore.com\/wp-content\/uploads\/2023\/07\/Ultimate-Count-Orlok-Nosferatu-1.jpg\",\"contentUrl\":\"https:\/\/endormoonstore.com\/wp-content\/uploads\/2023\/07\/Ultimate-Count-Orlok-Nosferatu-1.jpg\",\"width\":1000,\"height\":1250},{\"@type\":\"BreadcrumbList\",\"@id\":\"https:\/\/endormoonstore.com\/ultimate-count-orlok-nosferatu\/#breadcrumb\",\"itemListElement\":[{\"@type\":\"ListItem\",\"position\":1,\"name\":\"Shop\",\"item\":\"https:\/\/endormoonstore.com\/en\/shop\/\"},{\"@type\":\"ListItem\",\"position\":2,\"name\":\"Ultimate Count Orlok Nosferatu\"}]},{\"@type\":\"WebSite\",\"@id\":\"https:\/\/endormoonstore.com\/#website\",\"url\":\"https:\/\/endormoonstore.com\/\",\"name\":\"EndormoonStore\",\"description\":\"\",\"potentialAction\":[{\"@type\":\"SearchAction\",\"target\":{\"@type\":\"EntryPoint\",\"urlTemplate\":\"https:\/\/endormoonstore.com\/?s={search_term_string}\"},\"query-input\":{\"@type\":\"PropertyValueSpecification\",\"valueRequired\":true,\"valueName\":\"search_term_string\"}}],\"inLanguage\":\"en-US\"}]}<\/script>\n<!-- \/ Yoast SEO plugin. -->","yoast_head_json":{"title":"Ultimate Count Orlok Nosferatu - EndormoonStore","robots":{"index":"index","follow":"follow","max-snippet":"max-snippet:-1","max-image-preview":"max-image-preview:large","max-video-preview":"max-video-preview:-1"},"canonical":"https:\/\/endormoonstore.com\/ultimate-count-orlok-nosferatu\/","og_locale":"en_US","og_type":"article","og_title":"Ultimate Count Orlok Nosferatu - EndormoonStore","og_description":"Ultimate Count Orlok Nosferatu  La pel\u00edcula de vampiros de 1922 Nosferatu se considera una obra maestra influyente de la era muda, y m\u00e1s de 100 a\u00f1os despu\u00e9s todav\u00eda ocupa un lugar en la imaginaci\u00f3n de los fan\u00e1ticos del terror en todas partes.\u00a0La figura de acci\u00f3n Ultimate Count Orlok de Neca presenta al inquietante conde con un estilo sensacional, con detalles y accesorios extra\u00eddos cuidadosamente de la pel\u00edcula.","og_url":"https:\/\/endormoonstore.com\/ultimate-count-orlok-nosferatu\/","og_site_name":"EndormoonStore","article_modified_time":"2024-01-30T21:15:17+00:00","og_image":[{"width":1000,"height":1250,"url":"https:\/\/endormoonstore.com\/wp-content\/uploads\/2023\/07\/Ultimate-Count-Orlok-Nosferatu-1.jpg","type":"image\/jpeg"}],"twitter_card":"summary_large_image","twitter_misc":{"Est. reading time":"1 minute"},"schema":{"@context":"https:\/\/schema.org","@graph":[{"@type":"WebPage","@id":"https:\/\/endormoonstore.com\/ultimate-count-orlok-nosferatu\/","url":"https:\/\/endormoonstore.com\/ultimate-count-orlok-nosferatu\/","name":"Ultimate Count Orlok Nosferatu - EndormoonStore","isPartOf":{"@id":"https:\/\/endormoonstore.com\/#website"},"primaryImageOfPage":{"@id":"https:\/\/endormoonstore.com\/ultimate-count-orlok-nosferatu\/#primaryimage"},"image":{"@id":"https:\/\/endormoonstore.com\/ultimate-count-orlok-nosferatu\/#primaryimage"},"thumbnailUrl":"https:\/\/endormoonstore.com\/wp-content\/uploads\/2023\/07\/Ultimate-Count-Orlok-Nosferatu-1.jpg","datePublished":"2023-07-01T01:30:18+00:00","dateModified":"2024-01-30T21:15:17+00:00","breadcrumb":{"@id":"https:\/\/endormoonstore.com\/ultimate-count-orlok-nosferatu\/#breadcrumb"},"inLanguage":"en-US","potentialAction":[{"@type":"ReadAction","target":["https:\/\/endormoonstore.com\/ultimate-count-orlok-nosferatu\/"]}]},{"@type":"ImageObject","inLanguage":"en-US","@id":"https:\/\/endormoonstore.com\/ultimate-count-orlok-nosferatu\/#primaryimage","url":"https:\/\/endormoonstore.com\/wp-content\/uploads\/2023\/07\/Ultimate-Count-Orlok-Nosferatu-1.jpg","contentUrl":"https:\/\/endormoonstore.com\/wp-content\/uploads\/2023\/07\/Ultimate-Count-Orlok-Nosferatu-1.jpg","width":1000,"height":1250},{"@type":"BreadcrumbList","@id":"https:\/\/endormoonstore.com\/ultimate-count-orlok-nosferatu\/#breadcrumb","itemListElement":[{"@type":"ListItem","position":1,"name":"Shop","item":"https:\/\/endormoonstore.com\/en\/shop\/"},{"@type":"ListItem","position":2,"name":"Ultimate Count Orlok Nosferatu"}]},{"@type":"WebSite","@id":"https:\/\/endormoonstore.com\/#website","url":"https:\/\/endormoonstore.com\/","name":"EndormoonStore","description":"","potentialAction":[{"@type":"SearchAction","target":{"@type":"EntryPoint","urlTemplate":"https:\/\/endormoonstore.com\/?s={search_term_string}"},"query-input":{"@type":"PropertyValueSpecification","valueRequired":true,"valueName":"search_term_string"}}],"inLanguage":"en-US"}]}},"taxonomy_info":{"product_cat":[{"value":1390,"label":"Figures"}],"pa_brand":[{"value":2090,"label":"Neca"}],"pa_character":[{"value":13768,"label":"Count Orlok"}],"pa_license":[{"value":13765,"label":"Nosferatu"}],"pa_product-type":[{"value":2387,"label":"Figure"}],"pa_theme":[{"value":2864,"label":"Scale Action Figure"}]},"featured_image_src_large":["https:\/\/endormoonstore.com\/wp-content\/uploads\/2023\/07\/Ultimate-Count-Orlok-Nosferatu-1.jpg",1000,1250,false],"author_info":[],"comment_info":"","_links":{"self":[{"href":"https:\/\/endormoonstore.com\/en\/wp-json\/wp\/v2\/product\/148092","targetHints":{"allow":["GET"]}}],"collection":[{"href":"https:\/\/endormoonstore.com\/en\/wp-json\/wp\/v2\/product"}],"about":[{"href":"https:\/\/endormoonstore.com\/en\/wp-json\/wp\/v2\/types\/product"}],"wp:featuredmedia":[{"embeddable":true,"href":"https:\/\/endormoonstore.com\/en\/wp-json\/wp\/v2\/media\/148055"}],"wp:attachment":[{"href":"https:\/\/endormoonstore.com\/en\/wp-json\/wp\/v2\/media?parent=148092"}],"wp:term":[{"taxonomy":"product_cat","embeddable":true,"href":"https:\/\/endormoonstore.com\/en\/wp-json\/wp\/v2\/product_cat?post=148092"},{"taxonomy":"product_tag","embeddable":true,"href":"https:\/\/endormoonstore.com\/en\/wp-json\/wp\/v2\/product_tag?post=148092"}],"curies":[{"name":"wp","href":"https:\/\/api.w.org\/{rel}","templated":true}]}}