{"id":148013,"date":"2023-07-01T03:20:50","date_gmt":"2023-07-01T01:20:50","guid":{"rendered":"https:\/\/endormoonstore.com\/ultimate-foot-bot-teenage-mutant-ninja-turtles-the-last-ronin\/"},"modified":"2023-07-27T14:55:38","modified_gmt":"2023-07-27T12:55:38","slug":"ultimate-foot-bot-teenage-mutant-ninja-turtles-the-last-ronin","status":"publish","type":"product","link":"https:\/\/endormoonstore.com\/en\/ultimate-foot-bot-teenage-mutant-ninja-turtles-the-last-ronin\/","title":{"rendered":"Ultimate Foot Bot Teenage Mutant Ninja Turtles The Last Ronin"},"content":{"rendered":"<p class=\"p1\"><strong>Ultimate Foot Bot Teenage Mutant Ninja Turtles The Last Ronin<\/strong><\/p>\n<ul class=\"ul1\">\n<li class=\"li1\">Extra\u00eddo de las p\u00e1ginas de Teenage Mutant Ninja Turtles: The Last Ronin #3.\u00a0En una ciudad de Nueva York del futuro muy diferente a la que conocemos hoy;\u00a0una tortuga sobreviviente solitaria emprende una misi\u00f3n aparentemente desesperada para obtener justicia para su familia y amigos ca\u00eddos.<\/li>\n<li class=\"li1\">Esta figura de acci\u00f3n de Ultimate Foot Bot es aut\u00e9ntica para la representaci\u00f3n del c\u00f3mic<\/li>\n<li class=\"li1\">Se incluyen esculturas de cabeza intercambiables, manos intercambiables, 2x espadas cibern\u00e9ticas, accesorios extensibles para los antebrazos rob\u00f3ticos y restos de cabeza rob\u00f3tica que se acoplan al mazo de Casey. \u00a1Dolor 101!<\/li>\n<li class=\"li1\">Se presenta en una caja con ventana para coleccionistas con solapa de apertura que incluye una ilustraci\u00f3n personalizada del artista de El \u00faltimo Ronin, Ben Bishop.<\/li>\n<li class=\"li1\">Nota: otras figuras mostradas no incluidas solo una figura por caja<\/li>\n<\/ul>\n","protected":false},"excerpt":{"rendered":"<p class=\"p1\"><strong>Ultimate Foot Bot Teenage Mutant Ninja Turtles The Last Ronin<\/strong><\/p>\n<p class=\"p1\">Extra\u00eddo de las p\u00e1ginas de Teenage Mutant Ninja Turtles: The Last Ronin #3.\u00a0En una ciudad de Nueva York del futuro muy diferente a la que conocemos hoy;\u00a0una tortuga sobreviviente solitaria emprende una misi\u00f3n aparentemente desesperada para obtener justicia para su familia y amigos ca\u00eddos.<\/p>\n","protected":false},"featured_media":147986,"template":"","meta":{"_acf_changed":false,"_kad_blocks_custom_css":"","_kad_blocks_head_custom_js":"","_kad_blocks_body_custom_js":"","_kad_blocks_footer_custom_js":""},"product_cat":[1384],"product_tag":[],"class_list":{"0":"post-148013","1":"product","2":"type-product","3":"status-publish","4":"has-post-thumbnail","6":"product_cat-pre-orders","7":"pa_brand-neca-en","8":"pa_character-foot-soldier-en","9":"pa_license-teenage-mutant-ninja-turtles","10":"pa_product-type-figure","11":"pa_theme-scale-action-figure-en","13":"first","14":"instock","15":"taxable","16":"shipping-taxable","17":"purchasable","18":"product-type-simple"},"acf":[],"yoast_head":"<!-- This site is optimized with the Yoast SEO plugin v26.1.1 - https:\/\/yoast.com\/wordpress\/plugins\/seo\/ -->\n<title>Ultimate Foot Bot Teenage Mutant Ninja Turtles The Last Ronin - EndormoonStore<\/title>\n<meta name=\"robots\" content=\"index, follow, max-snippet:-1, max-image-preview:large, max-video-preview:-1\" \/>\n<link rel=\"canonical\" href=\"https:\/\/endormoonstore.com\/en\/ultimate-foot-bot-teenage-mutant-ninja-turtles-the-last-ronin\/\" \/>\n<meta property=\"og:locale\" content=\"en_US\" \/>\n<meta property=\"og:type\" content=\"article\" \/>\n<meta property=\"og:title\" content=\"Ultimate Foot Bot Teenage Mutant Ninja Turtles The Last Ronin - EndormoonStore\" \/>\n<meta property=\"og:description\" content=\"Ultimate Foot Bot Teenage Mutant Ninja Turtles The Last Ronin Extra\u00eddo de las p\u00e1ginas de Teenage Mutant Ninja Turtles: The Last Ronin #3.\u00a0En una ciudad de Nueva York del futuro muy diferente a la que conocemos hoy;\u00a0una tortuga sobreviviente solitaria emprende una misi\u00f3n aparentemente desesperada para obtener justicia para su familia y amigos ca\u00eddos.\" \/>\n<meta property=\"og:url\" content=\"https:\/\/endormoonstore.com\/en\/ultimate-foot-bot-teenage-mutant-ninja-turtles-the-last-ronin\/\" \/>\n<meta property=\"og:site_name\" content=\"EndormoonStore\" \/>\n<meta property=\"article:modified_time\" content=\"2023-07-27T12:55:38+00:00\" \/>\n<meta property=\"og:image\" content=\"https:\/\/endormoonstore.com\/wp-content\/uploads\/2023\/07\/Ultimate-Foot-Bot-Teenage-Mutant-Ninja-Turtles-The-Last-Ronin-1.jpg\" \/>\n\t<meta property=\"og:image:width\" content=\"1000\" \/>\n\t<meta property=\"og:image:height\" content=\"1250\" \/>\n\t<meta property=\"og:image:type\" content=\"image\/jpeg\" \/>\n<meta name=\"twitter:card\" content=\"summary_large_image\" \/>\n<meta name=\"twitter:label1\" content=\"Est. reading time\" \/>\n\t<meta name=\"twitter:data1\" content=\"1 minute\" \/>\n<script type=\"application\/ld+json\" class=\"yoast-schema-graph\">{\"@context\":\"https:\/\/schema.org\",\"@graph\":[{\"@type\":\"WebPage\",\"@id\":\"https:\/\/endormoonstore.com\/en\/ultimate-foot-bot-teenage-mutant-ninja-turtles-the-last-ronin\/\",\"url\":\"https:\/\/endormoonstore.com\/en\/ultimate-foot-bot-teenage-mutant-ninja-turtles-the-last-ronin\/\",\"name\":\"Ultimate Foot Bot Teenage Mutant Ninja Turtles The Last Ronin - EndormoonStore\",\"isPartOf\":{\"@id\":\"https:\/\/endormoonstore.com\/#website\"},\"primaryImageOfPage\":{\"@id\":\"https:\/\/endormoonstore.com\/en\/ultimate-foot-bot-teenage-mutant-ninja-turtles-the-last-ronin\/#primaryimage\"},\"image\":{\"@id\":\"https:\/\/endormoonstore.com\/en\/ultimate-foot-bot-teenage-mutant-ninja-turtles-the-last-ronin\/#primaryimage\"},\"thumbnailUrl\":\"https:\/\/endormoonstore.com\/wp-content\/uploads\/2023\/07\/Ultimate-Foot-Bot-Teenage-Mutant-Ninja-Turtles-The-Last-Ronin-1.jpg\",\"datePublished\":\"2023-07-01T01:20:50+00:00\",\"dateModified\":\"2023-07-27T12:55:38+00:00\",\"breadcrumb\":{\"@id\":\"https:\/\/endormoonstore.com\/en\/ultimate-foot-bot-teenage-mutant-ninja-turtles-the-last-ronin\/#breadcrumb\"},\"inLanguage\":\"en-US\",\"potentialAction\":[{\"@type\":\"ReadAction\",\"target\":[\"https:\/\/endormoonstore.com\/en\/ultimate-foot-bot-teenage-mutant-ninja-turtles-the-last-ronin\/\"]}]},{\"@type\":\"ImageObject\",\"inLanguage\":\"en-US\",\"@id\":\"https:\/\/endormoonstore.com\/en\/ultimate-foot-bot-teenage-mutant-ninja-turtles-the-last-ronin\/#primaryimage\",\"url\":\"https:\/\/endormoonstore.com\/wp-content\/uploads\/2023\/07\/Ultimate-Foot-Bot-Teenage-Mutant-Ninja-Turtles-The-Last-Ronin-1.jpg\",\"contentUrl\":\"https:\/\/endormoonstore.com\/wp-content\/uploads\/2023\/07\/Ultimate-Foot-Bot-Teenage-Mutant-Ninja-Turtles-The-Last-Ronin-1.jpg\",\"width\":1000,\"height\":1250},{\"@type\":\"BreadcrumbList\",\"@id\":\"https:\/\/endormoonstore.com\/en\/ultimate-foot-bot-teenage-mutant-ninja-turtles-the-last-ronin\/#breadcrumb\",\"itemListElement\":[{\"@type\":\"ListItem\",\"position\":1,\"name\":\"Shop\",\"item\":\"https:\/\/endormoonstore.com\/en\/shop\/\"},{\"@type\":\"ListItem\",\"position\":2,\"name\":\"Ultimate Foot Bot Teenage Mutant Ninja Turtles The Last Ronin\"}]},{\"@type\":\"WebSite\",\"@id\":\"https:\/\/endormoonstore.com\/#website\",\"url\":\"https:\/\/endormoonstore.com\/\",\"name\":\"EndormoonStore\",\"description\":\"\",\"potentialAction\":[{\"@type\":\"SearchAction\",\"target\":{\"@type\":\"EntryPoint\",\"urlTemplate\":\"https:\/\/endormoonstore.com\/?s={search_term_string}\"},\"query-input\":{\"@type\":\"PropertyValueSpecification\",\"valueRequired\":true,\"valueName\":\"search_term_string\"}}],\"inLanguage\":\"en-US\"}]}<\/script>\n<!-- \/ Yoast SEO plugin. -->","yoast_head_json":{"title":"Ultimate Foot Bot Teenage Mutant Ninja Turtles The Last Ronin - EndormoonStore","robots":{"index":"index","follow":"follow","max-snippet":"max-snippet:-1","max-image-preview":"max-image-preview:large","max-video-preview":"max-video-preview:-1"},"canonical":"https:\/\/endormoonstore.com\/en\/ultimate-foot-bot-teenage-mutant-ninja-turtles-the-last-ronin\/","og_locale":"en_US","og_type":"article","og_title":"Ultimate Foot Bot Teenage Mutant Ninja Turtles The Last Ronin - EndormoonStore","og_description":"Ultimate Foot Bot Teenage Mutant Ninja Turtles The Last Ronin Extra\u00eddo de las p\u00e1ginas de Teenage Mutant Ninja Turtles: The Last Ronin #3.\u00a0En una ciudad de Nueva York del futuro muy diferente a la que conocemos hoy;\u00a0una tortuga sobreviviente solitaria emprende una misi\u00f3n aparentemente desesperada para obtener justicia para su familia y amigos ca\u00eddos.","og_url":"https:\/\/endormoonstore.com\/en\/ultimate-foot-bot-teenage-mutant-ninja-turtles-the-last-ronin\/","og_site_name":"EndormoonStore","article_modified_time":"2023-07-27T12:55:38+00:00","og_image":[{"width":1000,"height":1250,"url":"https:\/\/endormoonstore.com\/wp-content\/uploads\/2023\/07\/Ultimate-Foot-Bot-Teenage-Mutant-Ninja-Turtles-The-Last-Ronin-1.jpg","type":"image\/jpeg"}],"twitter_card":"summary_large_image","twitter_misc":{"Est. reading time":"1 minute"},"schema":{"@context":"https:\/\/schema.org","@graph":[{"@type":"WebPage","@id":"https:\/\/endormoonstore.com\/en\/ultimate-foot-bot-teenage-mutant-ninja-turtles-the-last-ronin\/","url":"https:\/\/endormoonstore.com\/en\/ultimate-foot-bot-teenage-mutant-ninja-turtles-the-last-ronin\/","name":"Ultimate Foot Bot Teenage Mutant Ninja Turtles The Last Ronin - EndormoonStore","isPartOf":{"@id":"https:\/\/endormoonstore.com\/#website"},"primaryImageOfPage":{"@id":"https:\/\/endormoonstore.com\/en\/ultimate-foot-bot-teenage-mutant-ninja-turtles-the-last-ronin\/#primaryimage"},"image":{"@id":"https:\/\/endormoonstore.com\/en\/ultimate-foot-bot-teenage-mutant-ninja-turtles-the-last-ronin\/#primaryimage"},"thumbnailUrl":"https:\/\/endormoonstore.com\/wp-content\/uploads\/2023\/07\/Ultimate-Foot-Bot-Teenage-Mutant-Ninja-Turtles-The-Last-Ronin-1.jpg","datePublished":"2023-07-01T01:20:50+00:00","dateModified":"2023-07-27T12:55:38+00:00","breadcrumb":{"@id":"https:\/\/endormoonstore.com\/en\/ultimate-foot-bot-teenage-mutant-ninja-turtles-the-last-ronin\/#breadcrumb"},"inLanguage":"en-US","potentialAction":[{"@type":"ReadAction","target":["https:\/\/endormoonstore.com\/en\/ultimate-foot-bot-teenage-mutant-ninja-turtles-the-last-ronin\/"]}]},{"@type":"ImageObject","inLanguage":"en-US","@id":"https:\/\/endormoonstore.com\/en\/ultimate-foot-bot-teenage-mutant-ninja-turtles-the-last-ronin\/#primaryimage","url":"https:\/\/endormoonstore.com\/wp-content\/uploads\/2023\/07\/Ultimate-Foot-Bot-Teenage-Mutant-Ninja-Turtles-The-Last-Ronin-1.jpg","contentUrl":"https:\/\/endormoonstore.com\/wp-content\/uploads\/2023\/07\/Ultimate-Foot-Bot-Teenage-Mutant-Ninja-Turtles-The-Last-Ronin-1.jpg","width":1000,"height":1250},{"@type":"BreadcrumbList","@id":"https:\/\/endormoonstore.com\/en\/ultimate-foot-bot-teenage-mutant-ninja-turtles-the-last-ronin\/#breadcrumb","itemListElement":[{"@type":"ListItem","position":1,"name":"Shop","item":"https:\/\/endormoonstore.com\/en\/shop\/"},{"@type":"ListItem","position":2,"name":"Ultimate Foot Bot Teenage Mutant Ninja Turtles The Last Ronin"}]},{"@type":"WebSite","@id":"https:\/\/endormoonstore.com\/#website","url":"https:\/\/endormoonstore.com\/","name":"EndormoonStore","description":"","potentialAction":[{"@type":"SearchAction","target":{"@type":"EntryPoint","urlTemplate":"https:\/\/endormoonstore.com\/?s={search_term_string}"},"query-input":{"@type":"PropertyValueSpecification","valueRequired":true,"valueName":"search_term_string"}}],"inLanguage":"en-US"}]}},"taxonomy_info":{"product_cat":[{"value":1384,"label":"Pre-orders"}],"pa_brand":[{"value":2090,"label":"Neca"}],"pa_character":[{"value":3380,"label":"Foot Soldier"}],"pa_license":[{"value":2035,"label":"Teenage Mutant Ninja Turtles"}],"pa_product-type":[{"value":2387,"label":"Figure"}],"pa_theme":[{"value":2864,"label":"Scale Action Figure"}]},"featured_image_src_large":["https:\/\/endormoonstore.com\/wp-content\/uploads\/2023\/07\/Ultimate-Foot-Bot-Teenage-Mutant-Ninja-Turtles-The-Last-Ronin-1.jpg",1000,1250,false],"author_info":[],"comment_info":"","_links":{"self":[{"href":"https:\/\/endormoonstore.com\/en\/wp-json\/wp\/v2\/product\/148013","targetHints":{"allow":["GET"]}}],"collection":[{"href":"https:\/\/endormoonstore.com\/en\/wp-json\/wp\/v2\/product"}],"about":[{"href":"https:\/\/endormoonstore.com\/en\/wp-json\/wp\/v2\/types\/product"}],"wp:featuredmedia":[{"embeddable":true,"href":"https:\/\/endormoonstore.com\/en\/wp-json\/wp\/v2\/media\/147986"}],"wp:attachment":[{"href":"https:\/\/endormoonstore.com\/en\/wp-json\/wp\/v2\/media?parent=148013"}],"wp:term":[{"taxonomy":"product_cat","embeddable":true,"href":"https:\/\/endormoonstore.com\/en\/wp-json\/wp\/v2\/product_cat?post=148013"},{"taxonomy":"product_tag","embeddable":true,"href":"https:\/\/endormoonstore.com\/en\/wp-json\/wp\/v2\/product_tag?post=148013"}],"curies":[{"name":"wp","href":"https:\/\/api.w.org\/{rel}","templated":true}]}}