{"id":147811,"date":"2023-07-01T02:45:24","date_gmt":"2023-07-01T00:45:24","guid":{"rendered":"https:\/\/endormoonstore.com\/joe-fixit-the-incredible-hulk-marvel-legends-series\/"},"modified":"2024-02-01T23:16:52","modified_gmt":"2024-02-01T22:16:52","slug":"joe-fixit-the-incredible-hulk-marvel-legends-series","status":"publish","type":"product","link":"https:\/\/endormoonstore.com\/en\/joe-fixit-the-incredible-hulk-marvel-legends-series\/","title":{"rendered":"Joe Fixit The Incredible Hulk Marvel Legends Series"},"content":{"rendered":"<p class=\"p1\"><b>Joe Fixit The Incredible Hulk Marvel Legends Series<\/b><\/p>\n<ul class=\"ul1\">\n<li class=\"li1\">Hasbro presenta dentro de su colecci\u00f3n Marvel Legends, la figura de Joe Fixit. Est\u00e1 figura de acci\u00f3n est\u00e1 inspirada en la aparici\u00f3n del personaje en los c\u00f3mics de The Incredible Hulk.<\/li>\n<li class=\"li1\">La figura mide 20,7 cm y est\u00e1 inspirada en la apariencia del personaje en los c\u00f3mics de &#8220;El Increible Hulk&#8221;.<\/li>\n<li class=\"li1\">Joe Fixit, el alter-alter-ego de Bruce Banner, intercambia escr\u00fapulos por inteligencia extra, d\u00e1ndole la voluntad y la manera de actuar fuera de los l\u00edmites morales de Bruce y Hulk.<\/li>\n<li class=\"li1\">La figura incluye 5 accesorios: pu\u00f1os intercambiables, cabeza opcional y una metralleta Thompson.<\/li>\n<\/ul>\n","protected":false},"excerpt":{"rendered":"<p class=\"p1\"><strong>Joe Fixit The Incredible Hulk Marvel Legends Series<\/strong><\/p>\n<p class=\"p1\">Hasbro presenta dentro de su colecci\u00f3n Marvel Legends, la figura de Joe Fixit. Est\u00e1 figura de acci\u00f3n est\u00e1 inspirada en la aparici\u00f3n del personaje en los c\u00f3mics de The Incredible Hulk.<\/p>\n","protected":false},"featured_media":147796,"template":"","meta":{"_acf_changed":false,"_kad_blocks_custom_css":"","_kad_blocks_head_custom_js":"","_kad_blocks_body_custom_js":"","_kad_blocks_footer_custom_js":""},"product_cat":[1390],"product_tag":[],"class_list":{"0":"post-147811","1":"product","2":"type-product","3":"status-publish","4":"has-post-thumbnail","6":"product_cat-figures","7":"pa_brand-hasbro-en","8":"pa_character-joe-fixit-grey-hulk-en","9":"pa_license-marvel-en","10":"pa_product-type-figure","11":"pa_theme-marvel-legends-series-en","13":"first","14":"outofstock","15":"taxable","16":"shipping-taxable","17":"purchasable","18":"product-type-simple"},"acf":[],"yoast_head":"<!-- This site is optimized with the Yoast SEO plugin v26.1.1 - https:\/\/yoast.com\/wordpress\/plugins\/seo\/ -->\n<title>Joe Fixit The Incredible Hulk Marvel Legends Series - EndormoonStore<\/title>\n<meta name=\"robots\" content=\"index, follow, max-snippet:-1, max-image-preview:large, max-video-preview:-1\" \/>\n<link rel=\"canonical\" href=\"https:\/\/endormoonstore.com\/en\/joe-fixit-the-incredible-hulk-marvel-legends-series\/\" \/>\n<meta property=\"og:locale\" content=\"en_US\" \/>\n<meta property=\"og:type\" content=\"article\" \/>\n<meta property=\"og:title\" content=\"Joe Fixit The Incredible Hulk Marvel Legends Series - EndormoonStore\" \/>\n<meta property=\"og:description\" content=\"Joe Fixit The Incredible Hulk Marvel Legends Series Hasbro presenta dentro de su colecci\u00f3n Marvel Legends, la figura de Joe Fixit. Est\u00e1 figura de acci\u00f3n est\u00e1 inspirada en la aparici\u00f3n del personaje en los c\u00f3mics de The Incredible Hulk.\" \/>\n<meta property=\"og:url\" content=\"https:\/\/endormoonstore.com\/en\/joe-fixit-the-incredible-hulk-marvel-legends-series\/\" \/>\n<meta property=\"og:site_name\" content=\"EndormoonStore\" \/>\n<meta property=\"article:modified_time\" content=\"2024-02-01T22:16:52+00:00\" \/>\n<meta property=\"og:image\" content=\"https:\/\/endormoonstore.com\/wp-content\/uploads\/2023\/07\/Joe-Fixit-The-Incredible-Hulk-Marvel-Legends-Series-1.jpg\" \/>\n\t<meta property=\"og:image:width\" content=\"1000\" \/>\n\t<meta property=\"og:image:height\" content=\"1000\" \/>\n\t<meta property=\"og:image:type\" content=\"image\/jpeg\" \/>\n<meta name=\"twitter:card\" content=\"summary_large_image\" \/>\n<meta name=\"twitter:label1\" content=\"Est. reading time\" \/>\n\t<meta name=\"twitter:data1\" content=\"1 minute\" \/>\n<script type=\"application\/ld+json\" class=\"yoast-schema-graph\">{\"@context\":\"https:\/\/schema.org\",\"@graph\":[{\"@type\":\"WebPage\",\"@id\":\"https:\/\/endormoonstore.com\/en\/joe-fixit-the-incredible-hulk-marvel-legends-series\/\",\"url\":\"https:\/\/endormoonstore.com\/en\/joe-fixit-the-incredible-hulk-marvel-legends-series\/\",\"name\":\"Joe Fixit The Incredible Hulk Marvel Legends Series - EndormoonStore\",\"isPartOf\":{\"@id\":\"https:\/\/endormoonstore.com\/#website\"},\"primaryImageOfPage\":{\"@id\":\"https:\/\/endormoonstore.com\/en\/joe-fixit-the-incredible-hulk-marvel-legends-series\/#primaryimage\"},\"image\":{\"@id\":\"https:\/\/endormoonstore.com\/en\/joe-fixit-the-incredible-hulk-marvel-legends-series\/#primaryimage\"},\"thumbnailUrl\":\"https:\/\/endormoonstore.com\/wp-content\/uploads\/2023\/07\/Joe-Fixit-The-Incredible-Hulk-Marvel-Legends-Series-1.jpg\",\"datePublished\":\"2023-07-01T00:45:24+00:00\",\"dateModified\":\"2024-02-01T22:16:52+00:00\",\"breadcrumb\":{\"@id\":\"https:\/\/endormoonstore.com\/en\/joe-fixit-the-incredible-hulk-marvel-legends-series\/#breadcrumb\"},\"inLanguage\":\"en-US\",\"potentialAction\":[{\"@type\":\"ReadAction\",\"target\":[\"https:\/\/endormoonstore.com\/en\/joe-fixit-the-incredible-hulk-marvel-legends-series\/\"]}]},{\"@type\":\"ImageObject\",\"inLanguage\":\"en-US\",\"@id\":\"https:\/\/endormoonstore.com\/en\/joe-fixit-the-incredible-hulk-marvel-legends-series\/#primaryimage\",\"url\":\"https:\/\/endormoonstore.com\/wp-content\/uploads\/2023\/07\/Joe-Fixit-The-Incredible-Hulk-Marvel-Legends-Series-1.jpg\",\"contentUrl\":\"https:\/\/endormoonstore.com\/wp-content\/uploads\/2023\/07\/Joe-Fixit-The-Incredible-Hulk-Marvel-Legends-Series-1.jpg\",\"width\":1000,\"height\":1000},{\"@type\":\"BreadcrumbList\",\"@id\":\"https:\/\/endormoonstore.com\/en\/joe-fixit-the-incredible-hulk-marvel-legends-series\/#breadcrumb\",\"itemListElement\":[{\"@type\":\"ListItem\",\"position\":1,\"name\":\"Shop\",\"item\":\"https:\/\/endormoonstore.com\/en\/shop\/\"},{\"@type\":\"ListItem\",\"position\":2,\"name\":\"Joe Fixit The Incredible Hulk Marvel Legends Series\"}]},{\"@type\":\"WebSite\",\"@id\":\"https:\/\/endormoonstore.com\/#website\",\"url\":\"https:\/\/endormoonstore.com\/\",\"name\":\"EndormoonStore\",\"description\":\"\",\"potentialAction\":[{\"@type\":\"SearchAction\",\"target\":{\"@type\":\"EntryPoint\",\"urlTemplate\":\"https:\/\/endormoonstore.com\/?s={search_term_string}\"},\"query-input\":{\"@type\":\"PropertyValueSpecification\",\"valueRequired\":true,\"valueName\":\"search_term_string\"}}],\"inLanguage\":\"en-US\"}]}<\/script>\n<!-- \/ Yoast SEO plugin. -->","yoast_head_json":{"title":"Joe Fixit The Incredible Hulk Marvel Legends Series - EndormoonStore","robots":{"index":"index","follow":"follow","max-snippet":"max-snippet:-1","max-image-preview":"max-image-preview:large","max-video-preview":"max-video-preview:-1"},"canonical":"https:\/\/endormoonstore.com\/en\/joe-fixit-the-incredible-hulk-marvel-legends-series\/","og_locale":"en_US","og_type":"article","og_title":"Joe Fixit The Incredible Hulk Marvel Legends Series - EndormoonStore","og_description":"Joe Fixit The Incredible Hulk Marvel Legends Series Hasbro presenta dentro de su colecci\u00f3n Marvel Legends, la figura de Joe Fixit. Est\u00e1 figura de acci\u00f3n est\u00e1 inspirada en la aparici\u00f3n del personaje en los c\u00f3mics de The Incredible Hulk.","og_url":"https:\/\/endormoonstore.com\/en\/joe-fixit-the-incredible-hulk-marvel-legends-series\/","og_site_name":"EndormoonStore","article_modified_time":"2024-02-01T22:16:52+00:00","og_image":[{"width":1000,"height":1000,"url":"https:\/\/endormoonstore.com\/wp-content\/uploads\/2023\/07\/Joe-Fixit-The-Incredible-Hulk-Marvel-Legends-Series-1.jpg","type":"image\/jpeg"}],"twitter_card":"summary_large_image","twitter_misc":{"Est. reading time":"1 minute"},"schema":{"@context":"https:\/\/schema.org","@graph":[{"@type":"WebPage","@id":"https:\/\/endormoonstore.com\/en\/joe-fixit-the-incredible-hulk-marvel-legends-series\/","url":"https:\/\/endormoonstore.com\/en\/joe-fixit-the-incredible-hulk-marvel-legends-series\/","name":"Joe Fixit The Incredible Hulk Marvel Legends Series - EndormoonStore","isPartOf":{"@id":"https:\/\/endormoonstore.com\/#website"},"primaryImageOfPage":{"@id":"https:\/\/endormoonstore.com\/en\/joe-fixit-the-incredible-hulk-marvel-legends-series\/#primaryimage"},"image":{"@id":"https:\/\/endormoonstore.com\/en\/joe-fixit-the-incredible-hulk-marvel-legends-series\/#primaryimage"},"thumbnailUrl":"https:\/\/endormoonstore.com\/wp-content\/uploads\/2023\/07\/Joe-Fixit-The-Incredible-Hulk-Marvel-Legends-Series-1.jpg","datePublished":"2023-07-01T00:45:24+00:00","dateModified":"2024-02-01T22:16:52+00:00","breadcrumb":{"@id":"https:\/\/endormoonstore.com\/en\/joe-fixit-the-incredible-hulk-marvel-legends-series\/#breadcrumb"},"inLanguage":"en-US","potentialAction":[{"@type":"ReadAction","target":["https:\/\/endormoonstore.com\/en\/joe-fixit-the-incredible-hulk-marvel-legends-series\/"]}]},{"@type":"ImageObject","inLanguage":"en-US","@id":"https:\/\/endormoonstore.com\/en\/joe-fixit-the-incredible-hulk-marvel-legends-series\/#primaryimage","url":"https:\/\/endormoonstore.com\/wp-content\/uploads\/2023\/07\/Joe-Fixit-The-Incredible-Hulk-Marvel-Legends-Series-1.jpg","contentUrl":"https:\/\/endormoonstore.com\/wp-content\/uploads\/2023\/07\/Joe-Fixit-The-Incredible-Hulk-Marvel-Legends-Series-1.jpg","width":1000,"height":1000},{"@type":"BreadcrumbList","@id":"https:\/\/endormoonstore.com\/en\/joe-fixit-the-incredible-hulk-marvel-legends-series\/#breadcrumb","itemListElement":[{"@type":"ListItem","position":1,"name":"Shop","item":"https:\/\/endormoonstore.com\/en\/shop\/"},{"@type":"ListItem","position":2,"name":"Joe Fixit The Incredible Hulk Marvel Legends Series"}]},{"@type":"WebSite","@id":"https:\/\/endormoonstore.com\/#website","url":"https:\/\/endormoonstore.com\/","name":"EndormoonStore","description":"","potentialAction":[{"@type":"SearchAction","target":{"@type":"EntryPoint","urlTemplate":"https:\/\/endormoonstore.com\/?s={search_term_string}"},"query-input":{"@type":"PropertyValueSpecification","valueRequired":true,"valueName":"search_term_string"}}],"inLanguage":"en-US"}]}},"taxonomy_info":{"product_cat":[{"value":1390,"label":"Figures"}],"pa_brand":[{"value":2084,"label":"Hasbro"}],"pa_character":[{"value":15936,"label":"Joe Fixit \/ Grey Hulk"}],"pa_license":[{"value":1642,"label":"Marvel"}],"pa_product-type":[{"value":2387,"label":"Figure"}],"pa_theme":[{"value":2071,"label":"Marvel Legends Series"}]},"featured_image_src_large":["https:\/\/endormoonstore.com\/wp-content\/uploads\/2023\/07\/Joe-Fixit-The-Incredible-Hulk-Marvel-Legends-Series-1.jpg",1000,1000,false],"author_info":[],"comment_info":"","_links":{"self":[{"href":"https:\/\/endormoonstore.com\/en\/wp-json\/wp\/v2\/product\/147811","targetHints":{"allow":["GET"]}}],"collection":[{"href":"https:\/\/endormoonstore.com\/en\/wp-json\/wp\/v2\/product"}],"about":[{"href":"https:\/\/endormoonstore.com\/en\/wp-json\/wp\/v2\/types\/product"}],"wp:featuredmedia":[{"embeddable":true,"href":"https:\/\/endormoonstore.com\/en\/wp-json\/wp\/v2\/media\/147796"}],"wp:attachment":[{"href":"https:\/\/endormoonstore.com\/en\/wp-json\/wp\/v2\/media?parent=147811"}],"wp:term":[{"taxonomy":"product_cat","embeddable":true,"href":"https:\/\/endormoonstore.com\/en\/wp-json\/wp\/v2\/product_cat?post=147811"},{"taxonomy":"product_tag","embeddable":true,"href":"https:\/\/endormoonstore.com\/en\/wp-json\/wp\/v2\/product_tag?post=147811"}],"curies":[{"name":"wp","href":"https:\/\/api.w.org\/{rel}","templated":true}]}}