{"id":147777,"date":"2024-08-25T00:35:56","date_gmt":"2023-07-01T00:35:56","guid":{"rendered":"https:\/\/endormoonstore.com\/e-m-m-i-metroid-dread-figma\/"},"modified":"2025-06-25T12:10:46","modified_gmt":"2025-06-25T10:10:46","slug":"e-m-m-i-metroid-dread-figma","status":"publish","type":"product","link":"https:\/\/endormoonstore.com\/en\/e-m-m-i-metroid-dread-figma\/","title":{"rendered":"E.M.M.I. Metroid Dread figma"},"content":{"rendered":"<p><strong>E.M.M.I. Metroid Dread figma<\/strong><\/p>\n<ul>\n<li>Ser atrapado significa una perdici\u00f3n segura. \u00a1Del juego de Nintendo Switch &#8220;Metroid Dread&#8221; viene una figura de acci\u00f3n figma de uno de los EMMI!<\/li>\n<li>Esta construcci\u00f3n intimidante har\u00e1 todo lo que est\u00e9 a su alcance para cazar a Samus Aran.<\/li>\n<li>Se utiliza un pl\u00e1stico flexible en \u00e1reas importantes. Sus extremidades extendidas se han conservado en forma de figura.<\/li>\n<li>Algunas articulaciones llevan tornillos de metal. Incluye placa frontal, pico extractor de ADN y base de figma de gran tama\u00f1o.<\/li>\n<li>\u00a1Aseg\u00farate de agregar esta impresionante figura a tu colecci\u00f3n Metroid!<\/li>\n<li>Nota: figura figma se Samus se vende por separado<\/li>\n<\/ul>\n<p>&nbsp;<\/p>\n<p>&nbsp;<\/p>\n","protected":false},"excerpt":{"rendered":"<p><strong>E.M.M.I. Metroid Dread figma<\/strong><\/p>\n<p>Ser atrapado significa una perdici\u00f3n segura. \u00a1Del juego de Nintendo Switch &#8220;Metroid Dread&#8221; viene una figura de acci\u00f3n figma de uno de los EMMI!<\/p>\n","protected":false},"featured_media":147762,"template":"","meta":{"_acf_changed":false,"_kad_blocks_custom_css":"","_kad_blocks_head_custom_js":"","_kad_blocks_body_custom_js":"","_kad_blocks_footer_custom_js":""},"product_cat":[1390,13511],"product_tag":[],"class_list":{"0":"post-147777","1":"product","2":"type-product","3":"status-publish","4":"has-post-thumbnail","6":"product_cat-figures","7":"product_cat-new-arrivals","8":"pa_brand-good-smile-company-en","9":"pa_character-e-m-m-i-en","10":"pa_episode-metroid-dread-en","11":"pa_license-metroid-en","12":"pa_product-type-figure","13":"pa_theme-figma-en","15":"first","16":"outofstock","17":"taxable","18":"shipping-taxable","19":"purchasable","20":"product-type-simple"},"acf":[],"yoast_head":"<!-- This site is optimized with the Yoast SEO plugin v26.1.1 - https:\/\/yoast.com\/wordpress\/plugins\/seo\/ -->\n<title>E.M.M.I. Metroid Dread figma - EndormoonStore<\/title>\n<meta name=\"robots\" content=\"index, follow, max-snippet:-1, max-image-preview:large, max-video-preview:-1\" \/>\n<link rel=\"canonical\" href=\"https:\/\/endormoonstore.com\/en\/e-m-m-i-metroid-dread-figma\/\" \/>\n<meta property=\"og:locale\" content=\"en_US\" \/>\n<meta property=\"og:type\" content=\"article\" \/>\n<meta property=\"og:title\" content=\"E.M.M.I. Metroid Dread figma - EndormoonStore\" \/>\n<meta property=\"og:description\" content=\"E.M.M.I. Metroid Dread figma  Ser atrapado significa una perdici\u00f3n segura. \u00a1Del juego de Nintendo Switch &quot;Metroid Dread&quot; viene una figura de acci\u00f3n figma de uno de los EMMI!\" \/>\n<meta property=\"og:url\" content=\"https:\/\/endormoonstore.com\/en\/e-m-m-i-metroid-dread-figma\/\" \/>\n<meta property=\"og:site_name\" content=\"EndormoonStore\" \/>\n<meta property=\"article:modified_time\" content=\"2025-06-25T10:10:46+00:00\" \/>\n<meta property=\"og:image\" content=\"https:\/\/endormoonstore.com\/wp-content\/uploads\/2023\/07\/E.M.M.I.-Metroid-Dread-figma-1.jpeg\" \/>\n\t<meta property=\"og:image:width\" content=\"730\" \/>\n\t<meta property=\"og:image:height\" content=\"900\" \/>\n\t<meta property=\"og:image:type\" content=\"image\/jpeg\" \/>\n<meta name=\"twitter:card\" content=\"summary_large_image\" \/>\n<meta name=\"twitter:label1\" content=\"Est. reading time\" \/>\n\t<meta name=\"twitter:data1\" content=\"1 minute\" \/>\n<script type=\"application\/ld+json\" class=\"yoast-schema-graph\">{\"@context\":\"https:\/\/schema.org\",\"@graph\":[{\"@type\":\"WebPage\",\"@id\":\"https:\/\/endormoonstore.com\/en\/e-m-m-i-metroid-dread-figma\/\",\"url\":\"https:\/\/endormoonstore.com\/en\/e-m-m-i-metroid-dread-figma\/\",\"name\":\"E.M.M.I. Metroid Dread figma - EndormoonStore\",\"isPartOf\":{\"@id\":\"https:\/\/endormoonstore.com\/#website\"},\"primaryImageOfPage\":{\"@id\":\"https:\/\/endormoonstore.com\/en\/e-m-m-i-metroid-dread-figma\/#primaryimage\"},\"image\":{\"@id\":\"https:\/\/endormoonstore.com\/en\/e-m-m-i-metroid-dread-figma\/#primaryimage\"},\"thumbnailUrl\":\"https:\/\/endormoonstore.com\/wp-content\/uploads\/2023\/07\/E.M.M.I.-Metroid-Dread-figma-1.jpeg\",\"datePublished\":\"2023-07-01T00:35:56+00:00\",\"dateModified\":\"2025-06-25T10:10:46+00:00\",\"breadcrumb\":{\"@id\":\"https:\/\/endormoonstore.com\/en\/e-m-m-i-metroid-dread-figma\/#breadcrumb\"},\"inLanguage\":\"en-US\",\"potentialAction\":[{\"@type\":\"ReadAction\",\"target\":[\"https:\/\/endormoonstore.com\/en\/e-m-m-i-metroid-dread-figma\/\"]}]},{\"@type\":\"ImageObject\",\"inLanguage\":\"en-US\",\"@id\":\"https:\/\/endormoonstore.com\/en\/e-m-m-i-metroid-dread-figma\/#primaryimage\",\"url\":\"https:\/\/endormoonstore.com\/wp-content\/uploads\/2023\/07\/E.M.M.I.-Metroid-Dread-figma-1.jpeg\",\"contentUrl\":\"https:\/\/endormoonstore.com\/wp-content\/uploads\/2023\/07\/E.M.M.I.-Metroid-Dread-figma-1.jpeg\",\"width\":730,\"height\":900},{\"@type\":\"BreadcrumbList\",\"@id\":\"https:\/\/endormoonstore.com\/en\/e-m-m-i-metroid-dread-figma\/#breadcrumb\",\"itemListElement\":[{\"@type\":\"ListItem\",\"position\":1,\"name\":\"Shop\",\"item\":\"https:\/\/endormoonstore.com\/en\/shop\/\"},{\"@type\":\"ListItem\",\"position\":2,\"name\":\"E.M.M.I. Metroid Dread figma\"}]},{\"@type\":\"WebSite\",\"@id\":\"https:\/\/endormoonstore.com\/#website\",\"url\":\"https:\/\/endormoonstore.com\/\",\"name\":\"EndormoonStore\",\"description\":\"\",\"potentialAction\":[{\"@type\":\"SearchAction\",\"target\":{\"@type\":\"EntryPoint\",\"urlTemplate\":\"https:\/\/endormoonstore.com\/?s={search_term_string}\"},\"query-input\":{\"@type\":\"PropertyValueSpecification\",\"valueRequired\":true,\"valueName\":\"search_term_string\"}}],\"inLanguage\":\"en-US\"}]}<\/script>\n<!-- \/ Yoast SEO plugin. -->","yoast_head_json":{"title":"E.M.M.I. Metroid Dread figma - EndormoonStore","robots":{"index":"index","follow":"follow","max-snippet":"max-snippet:-1","max-image-preview":"max-image-preview:large","max-video-preview":"max-video-preview:-1"},"canonical":"https:\/\/endormoonstore.com\/en\/e-m-m-i-metroid-dread-figma\/","og_locale":"en_US","og_type":"article","og_title":"E.M.M.I. Metroid Dread figma - EndormoonStore","og_description":"E.M.M.I. Metroid Dread figma  Ser atrapado significa una perdici\u00f3n segura. \u00a1Del juego de Nintendo Switch \"Metroid Dread\" viene una figura de acci\u00f3n figma de uno de los EMMI!","og_url":"https:\/\/endormoonstore.com\/en\/e-m-m-i-metroid-dread-figma\/","og_site_name":"EndormoonStore","article_modified_time":"2025-06-25T10:10:46+00:00","og_image":[{"width":730,"height":900,"url":"https:\/\/endormoonstore.com\/wp-content\/uploads\/2023\/07\/E.M.M.I.-Metroid-Dread-figma-1.jpeg","type":"image\/jpeg"}],"twitter_card":"summary_large_image","twitter_misc":{"Est. reading time":"1 minute"},"schema":{"@context":"https:\/\/schema.org","@graph":[{"@type":"WebPage","@id":"https:\/\/endormoonstore.com\/en\/e-m-m-i-metroid-dread-figma\/","url":"https:\/\/endormoonstore.com\/en\/e-m-m-i-metroid-dread-figma\/","name":"E.M.M.I. Metroid Dread figma - EndormoonStore","isPartOf":{"@id":"https:\/\/endormoonstore.com\/#website"},"primaryImageOfPage":{"@id":"https:\/\/endormoonstore.com\/en\/e-m-m-i-metroid-dread-figma\/#primaryimage"},"image":{"@id":"https:\/\/endormoonstore.com\/en\/e-m-m-i-metroid-dread-figma\/#primaryimage"},"thumbnailUrl":"https:\/\/endormoonstore.com\/wp-content\/uploads\/2023\/07\/E.M.M.I.-Metroid-Dread-figma-1.jpeg","datePublished":"2023-07-01T00:35:56+00:00","dateModified":"2025-06-25T10:10:46+00:00","breadcrumb":{"@id":"https:\/\/endormoonstore.com\/en\/e-m-m-i-metroid-dread-figma\/#breadcrumb"},"inLanguage":"en-US","potentialAction":[{"@type":"ReadAction","target":["https:\/\/endormoonstore.com\/en\/e-m-m-i-metroid-dread-figma\/"]}]},{"@type":"ImageObject","inLanguage":"en-US","@id":"https:\/\/endormoonstore.com\/en\/e-m-m-i-metroid-dread-figma\/#primaryimage","url":"https:\/\/endormoonstore.com\/wp-content\/uploads\/2023\/07\/E.M.M.I.-Metroid-Dread-figma-1.jpeg","contentUrl":"https:\/\/endormoonstore.com\/wp-content\/uploads\/2023\/07\/E.M.M.I.-Metroid-Dread-figma-1.jpeg","width":730,"height":900},{"@type":"BreadcrumbList","@id":"https:\/\/endormoonstore.com\/en\/e-m-m-i-metroid-dread-figma\/#breadcrumb","itemListElement":[{"@type":"ListItem","position":1,"name":"Shop","item":"https:\/\/endormoonstore.com\/en\/shop\/"},{"@type":"ListItem","position":2,"name":"E.M.M.I. Metroid Dread figma"}]},{"@type":"WebSite","@id":"https:\/\/endormoonstore.com\/#website","url":"https:\/\/endormoonstore.com\/","name":"EndormoonStore","description":"","potentialAction":[{"@type":"SearchAction","target":{"@type":"EntryPoint","urlTemplate":"https:\/\/endormoonstore.com\/?s={search_term_string}"},"query-input":{"@type":"PropertyValueSpecification","valueRequired":true,"valueName":"search_term_string"}}],"inLanguage":"en-US"}]}},"taxonomy_info":{"product_cat":[{"value":1390,"label":"Figures"},{"value":13511,"label":"New Arrivals"}],"pa_brand":[{"value":2081,"label":"Good Smile Company"}],"pa_character":[{"value":13750,"label":"E.M.M.I."}],"pa_episode":[{"value":15692,"label":"Metroid Dread"}],"pa_license":[{"value":15690,"label":"Metroid"}],"pa_product-type":[{"value":2387,"label":"Figure"}],"pa_theme":[{"value":1819,"label":"Figma"}]},"featured_image_src_large":["https:\/\/endormoonstore.com\/wp-content\/uploads\/2023\/07\/E.M.M.I.-Metroid-Dread-figma-1.jpeg",730,900,false],"author_info":[],"comment_info":"","_links":{"self":[{"href":"https:\/\/endormoonstore.com\/en\/wp-json\/wp\/v2\/product\/147777","targetHints":{"allow":["GET"]}}],"collection":[{"href":"https:\/\/endormoonstore.com\/en\/wp-json\/wp\/v2\/product"}],"about":[{"href":"https:\/\/endormoonstore.com\/en\/wp-json\/wp\/v2\/types\/product"}],"wp:featuredmedia":[{"embeddable":true,"href":"https:\/\/endormoonstore.com\/en\/wp-json\/wp\/v2\/media\/147762"}],"wp:attachment":[{"href":"https:\/\/endormoonstore.com\/en\/wp-json\/wp\/v2\/media?parent=147777"}],"wp:term":[{"taxonomy":"product_cat","embeddable":true,"href":"https:\/\/endormoonstore.com\/en\/wp-json\/wp\/v2\/product_cat?post=147777"},{"taxonomy":"product_tag","embeddable":true,"href":"https:\/\/endormoonstore.com\/en\/wp-json\/wp\/v2\/product_tag?post=147777"}],"curies":[{"name":"wp","href":"https:\/\/api.w.org\/{rel}","templated":true}]}}