{"id":147398,"date":"2024-01-03T03:20:21","date_gmt":"2023-06-30T22:35:21","guid":{"rendered":"https:\/\/endormoonstore.com\/janemba-dragon-ball-z-figuarts-zero-extra-battle\/"},"modified":"2024-03-14T22:57:52","modified_gmt":"2024-03-14T21:57:52","slug":"janemba-dragon-ball-z-figuarts-zero-extra-battle","status":"publish","type":"product","link":"https:\/\/endormoonstore.com\/en\/janemba-dragon-ball-z-figuarts-zero-extra-battle\/","title":{"rendered":"Janemba Dragon Ball Z Figuarts ZERO Extra Battle"},"content":{"rendered":"<p class=\"p1\"><b>Janemba Dragon Ball Z Figuarts ZERO Extra Battle<\/b><\/p>\n<ul class=\"ul1\">\n<li class=\"li1\">Tamashii Nations presenta, dentro de la colecci\u00f3n Figuarts Zero, la figura de Janemba (Extra Battle).<\/li>\n<li class=\"li1\">La figura mide 26,5 cm (29,5 cm contando hasta la punta de la espada) y est\u00e1 basada en el monstruoso antagonista de la pel\u00edcula &#8220;Dragon Ball Z: Fusion Reborn&#8221;, creada con motivo del 15\u00ba aniversario de la serie.<\/li>\n<li class=\"li1\">Cuenta con unos magn\u00edficos detalles y partes transl\u00facidas. Incluye 1x espada.<\/li>\n<li class=\"li1\">La misma est\u00e1 esculpida para capturar un momento dram\u00e1tico, con detalles finos y partes de acento transl\u00facidas.<\/li>\n<\/ul>\n","protected":false},"excerpt":{"rendered":"<p><strong>Janemba Dragon Ball Z Figuarts ZERO Extra Battle<\/strong><\/p>\n<p>Tamashii Nations presenta, dentro de la colecci\u00f3n Figuarts Zero, la figura de Janemba (Extra Battle).<\/p>\n","protected":false},"featured_media":147387,"template":"","meta":{"_acf_changed":false,"_kad_blocks_custom_css":"","_kad_blocks_head_custom_js":"","_kad_blocks_body_custom_js":"","_kad_blocks_footer_custom_js":""},"product_cat":[1390,13511],"product_tag":[],"class_list":{"0":"post-147398","1":"product","2":"type-product","3":"status-publish","4":"has-post-thumbnail","6":"product_cat-figures","7":"product_cat-new-arrivals","8":"pa_brand-tamashii-nations-en","9":"pa_character-janemba-en","10":"pa_license-dragon-ball-en","11":"pa_product-type-figure","12":"pa_theme-figuarts-zero-en","14":"first","15":"outofstock","16":"taxable","17":"shipping-taxable","18":"purchasable","19":"product-type-simple"},"acf":[],"yoast_head":"<!-- This site is optimized with the Yoast SEO plugin v26.1.1 - https:\/\/yoast.com\/wordpress\/plugins\/seo\/ -->\n<title>Janemba Dragon Ball Z Figuarts ZERO Extra Battle - EndormoonStore<\/title>\n<meta name=\"robots\" content=\"index, follow, max-snippet:-1, max-image-preview:large, max-video-preview:-1\" \/>\n<link rel=\"canonical\" href=\"https:\/\/endormoonstore.com\/en\/janemba-dragon-ball-z-figuarts-zero-extra-battle\/\" \/>\n<meta property=\"og:locale\" content=\"en_US\" \/>\n<meta property=\"og:type\" content=\"article\" \/>\n<meta property=\"og:title\" content=\"Janemba Dragon Ball Z Figuarts ZERO Extra Battle - EndormoonStore\" \/>\n<meta property=\"og:description\" content=\"Janemba Dragon Ball Z Figuarts ZERO Extra Battle  Tamashii Nations presenta, dentro de la colecci\u00f3n Figuarts Zero, la figura de Janemba (Extra Battle).\" \/>\n<meta property=\"og:url\" content=\"https:\/\/endormoonstore.com\/en\/janemba-dragon-ball-z-figuarts-zero-extra-battle\/\" \/>\n<meta property=\"og:site_name\" content=\"EndormoonStore\" \/>\n<meta property=\"article:modified_time\" content=\"2024-03-14T21:57:52+00:00\" \/>\n<meta property=\"og:image\" content=\"https:\/\/endormoonstore.com\/wp-content\/uploads\/2023\/07\/Janemba-Dragon-Ball-Z-Figuarts-ZERO-Extra-Battle-1.jpg\" \/>\n\t<meta property=\"og:image:width\" content=\"800\" \/>\n\t<meta property=\"og:image:height\" content=\"1000\" \/>\n\t<meta property=\"og:image:type\" content=\"image\/jpeg\" \/>\n<meta name=\"twitter:card\" content=\"summary_large_image\" \/>\n<meta name=\"twitter:label1\" content=\"Est. reading time\" \/>\n\t<meta name=\"twitter:data1\" content=\"1 minute\" \/>\n<script type=\"application\/ld+json\" class=\"yoast-schema-graph\">{\"@context\":\"https:\/\/schema.org\",\"@graph\":[{\"@type\":\"WebPage\",\"@id\":\"https:\/\/endormoonstore.com\/en\/janemba-dragon-ball-z-figuarts-zero-extra-battle\/\",\"url\":\"https:\/\/endormoonstore.com\/en\/janemba-dragon-ball-z-figuarts-zero-extra-battle\/\",\"name\":\"Janemba Dragon Ball Z Figuarts ZERO Extra Battle - EndormoonStore\",\"isPartOf\":{\"@id\":\"https:\/\/endormoonstore.com\/#website\"},\"primaryImageOfPage\":{\"@id\":\"https:\/\/endormoonstore.com\/en\/janemba-dragon-ball-z-figuarts-zero-extra-battle\/#primaryimage\"},\"image\":{\"@id\":\"https:\/\/endormoonstore.com\/en\/janemba-dragon-ball-z-figuarts-zero-extra-battle\/#primaryimage\"},\"thumbnailUrl\":\"https:\/\/endormoonstore.com\/wp-content\/uploads\/2023\/07\/Janemba-Dragon-Ball-Z-Figuarts-ZERO-Extra-Battle-1.jpg\",\"datePublished\":\"2023-06-30T22:35:21+00:00\",\"dateModified\":\"2024-03-14T21:57:52+00:00\",\"breadcrumb\":{\"@id\":\"https:\/\/endormoonstore.com\/en\/janemba-dragon-ball-z-figuarts-zero-extra-battle\/#breadcrumb\"},\"inLanguage\":\"en-US\",\"potentialAction\":[{\"@type\":\"ReadAction\",\"target\":[\"https:\/\/endormoonstore.com\/en\/janemba-dragon-ball-z-figuarts-zero-extra-battle\/\"]}]},{\"@type\":\"ImageObject\",\"inLanguage\":\"en-US\",\"@id\":\"https:\/\/endormoonstore.com\/en\/janemba-dragon-ball-z-figuarts-zero-extra-battle\/#primaryimage\",\"url\":\"https:\/\/endormoonstore.com\/wp-content\/uploads\/2023\/07\/Janemba-Dragon-Ball-Z-Figuarts-ZERO-Extra-Battle-1.jpg\",\"contentUrl\":\"https:\/\/endormoonstore.com\/wp-content\/uploads\/2023\/07\/Janemba-Dragon-Ball-Z-Figuarts-ZERO-Extra-Battle-1.jpg\",\"width\":800,\"height\":1000},{\"@type\":\"BreadcrumbList\",\"@id\":\"https:\/\/endormoonstore.com\/en\/janemba-dragon-ball-z-figuarts-zero-extra-battle\/#breadcrumb\",\"itemListElement\":[{\"@type\":\"ListItem\",\"position\":1,\"name\":\"Shop\",\"item\":\"https:\/\/endormoonstore.com\/en\/shop\/\"},{\"@type\":\"ListItem\",\"position\":2,\"name\":\"Janemba Dragon Ball Z Figuarts ZERO Extra Battle\"}]},{\"@type\":\"WebSite\",\"@id\":\"https:\/\/endormoonstore.com\/#website\",\"url\":\"https:\/\/endormoonstore.com\/\",\"name\":\"EndormoonStore\",\"description\":\"\",\"potentialAction\":[{\"@type\":\"SearchAction\",\"target\":{\"@type\":\"EntryPoint\",\"urlTemplate\":\"https:\/\/endormoonstore.com\/?s={search_term_string}\"},\"query-input\":{\"@type\":\"PropertyValueSpecification\",\"valueRequired\":true,\"valueName\":\"search_term_string\"}}],\"inLanguage\":\"en-US\"}]}<\/script>\n<!-- \/ Yoast SEO plugin. -->","yoast_head_json":{"title":"Janemba Dragon Ball Z Figuarts ZERO Extra Battle - EndormoonStore","robots":{"index":"index","follow":"follow","max-snippet":"max-snippet:-1","max-image-preview":"max-image-preview:large","max-video-preview":"max-video-preview:-1"},"canonical":"https:\/\/endormoonstore.com\/en\/janemba-dragon-ball-z-figuarts-zero-extra-battle\/","og_locale":"en_US","og_type":"article","og_title":"Janemba Dragon Ball Z Figuarts ZERO Extra Battle - EndormoonStore","og_description":"Janemba Dragon Ball Z Figuarts ZERO Extra Battle  Tamashii Nations presenta, dentro de la colecci\u00f3n Figuarts Zero, la figura de Janemba (Extra Battle).","og_url":"https:\/\/endormoonstore.com\/en\/janemba-dragon-ball-z-figuarts-zero-extra-battle\/","og_site_name":"EndormoonStore","article_modified_time":"2024-03-14T21:57:52+00:00","og_image":[{"width":800,"height":1000,"url":"https:\/\/endormoonstore.com\/wp-content\/uploads\/2023\/07\/Janemba-Dragon-Ball-Z-Figuarts-ZERO-Extra-Battle-1.jpg","type":"image\/jpeg"}],"twitter_card":"summary_large_image","twitter_misc":{"Est. reading time":"1 minute"},"schema":{"@context":"https:\/\/schema.org","@graph":[{"@type":"WebPage","@id":"https:\/\/endormoonstore.com\/en\/janemba-dragon-ball-z-figuarts-zero-extra-battle\/","url":"https:\/\/endormoonstore.com\/en\/janemba-dragon-ball-z-figuarts-zero-extra-battle\/","name":"Janemba Dragon Ball Z Figuarts ZERO Extra Battle - EndormoonStore","isPartOf":{"@id":"https:\/\/endormoonstore.com\/#website"},"primaryImageOfPage":{"@id":"https:\/\/endormoonstore.com\/en\/janemba-dragon-ball-z-figuarts-zero-extra-battle\/#primaryimage"},"image":{"@id":"https:\/\/endormoonstore.com\/en\/janemba-dragon-ball-z-figuarts-zero-extra-battle\/#primaryimage"},"thumbnailUrl":"https:\/\/endormoonstore.com\/wp-content\/uploads\/2023\/07\/Janemba-Dragon-Ball-Z-Figuarts-ZERO-Extra-Battle-1.jpg","datePublished":"2023-06-30T22:35:21+00:00","dateModified":"2024-03-14T21:57:52+00:00","breadcrumb":{"@id":"https:\/\/endormoonstore.com\/en\/janemba-dragon-ball-z-figuarts-zero-extra-battle\/#breadcrumb"},"inLanguage":"en-US","potentialAction":[{"@type":"ReadAction","target":["https:\/\/endormoonstore.com\/en\/janemba-dragon-ball-z-figuarts-zero-extra-battle\/"]}]},{"@type":"ImageObject","inLanguage":"en-US","@id":"https:\/\/endormoonstore.com\/en\/janemba-dragon-ball-z-figuarts-zero-extra-battle\/#primaryimage","url":"https:\/\/endormoonstore.com\/wp-content\/uploads\/2023\/07\/Janemba-Dragon-Ball-Z-Figuarts-ZERO-Extra-Battle-1.jpg","contentUrl":"https:\/\/endormoonstore.com\/wp-content\/uploads\/2023\/07\/Janemba-Dragon-Ball-Z-Figuarts-ZERO-Extra-Battle-1.jpg","width":800,"height":1000},{"@type":"BreadcrumbList","@id":"https:\/\/endormoonstore.com\/en\/janemba-dragon-ball-z-figuarts-zero-extra-battle\/#breadcrumb","itemListElement":[{"@type":"ListItem","position":1,"name":"Shop","item":"https:\/\/endormoonstore.com\/en\/shop\/"},{"@type":"ListItem","position":2,"name":"Janemba Dragon Ball Z Figuarts ZERO Extra Battle"}]},{"@type":"WebSite","@id":"https:\/\/endormoonstore.com\/#website","url":"https:\/\/endormoonstore.com\/","name":"EndormoonStore","description":"","potentialAction":[{"@type":"SearchAction","target":{"@type":"EntryPoint","urlTemplate":"https:\/\/endormoonstore.com\/?s={search_term_string}"},"query-input":{"@type":"PropertyValueSpecification","valueRequired":true,"valueName":"search_term_string"}}],"inLanguage":"en-US"}]}},"taxonomy_info":{"product_cat":[{"value":1390,"label":"Figures"},{"value":13511,"label":"New Arrivals"}],"pa_brand":[{"value":2096,"label":"Tamashii Nations"}],"pa_character":[{"value":13729,"label":"Janemba"}],"pa_license":[{"value":2240,"label":"Dragon Ball"}],"pa_product-type":[{"value":2387,"label":"Figure"}],"pa_theme":[{"value":2900,"label":"Figuarts Zero"}]},"featured_image_src_large":["https:\/\/endormoonstore.com\/wp-content\/uploads\/2023\/07\/Janemba-Dragon-Ball-Z-Figuarts-ZERO-Extra-Battle-1.jpg",800,1000,false],"author_info":[],"comment_info":"","_links":{"self":[{"href":"https:\/\/endormoonstore.com\/en\/wp-json\/wp\/v2\/product\/147398","targetHints":{"allow":["GET"]}}],"collection":[{"href":"https:\/\/endormoonstore.com\/en\/wp-json\/wp\/v2\/product"}],"about":[{"href":"https:\/\/endormoonstore.com\/en\/wp-json\/wp\/v2\/types\/product"}],"wp:featuredmedia":[{"embeddable":true,"href":"https:\/\/endormoonstore.com\/en\/wp-json\/wp\/v2\/media\/147387"}],"wp:attachment":[{"href":"https:\/\/endormoonstore.com\/en\/wp-json\/wp\/v2\/media?parent=147398"}],"wp:term":[{"taxonomy":"product_cat","embeddable":true,"href":"https:\/\/endormoonstore.com\/en\/wp-json\/wp\/v2\/product_cat?post=147398"},{"taxonomy":"product_tag","embeddable":true,"href":"https:\/\/endormoonstore.com\/en\/wp-json\/wp\/v2\/product_tag?post=147398"}],"curies":[{"name":"wp","href":"https:\/\/api.w.org\/{rel}","templated":true}]}}