{"id":147112,"date":"2023-06-01T01:35:23","date_gmt":"2023-05-31T23:35:23","guid":{"rendered":"https:\/\/endormoonstore.com\/frieza-second-form-dragon-ball-z-s-h-figuarts\/"},"modified":"2025-06-17T12:06:14","modified_gmt":"2025-06-17T10:06:14","slug":"frieza-second-form-dragon-ball-z-s-h-figuarts","status":"publish","type":"product","link":"https:\/\/endormoonstore.com\/en\/frieza-second-form-dragon-ball-z-s-h-figuarts\/","title":{"rendered":"Frieza Second Form Dragon Ball Z S.H Figuarts"},"content":{"rendered":"<p><strong>Frieza Second Form Dragon Ball Z S.H Figuarts<\/strong><\/p>\n<div class=\"pull-left margenDatosSecundarios\">\n<div id=\"ctl00_MainContent_dvSinopsis\" class=\"pull-left w100\">\n<ul>\n<li class=\"pull-left w100 text-justify well well-lg text-primary\"><span id=\"ctl00_MainContent_txtSinpsis\">Tamashii Nations presenta esta figura de Frieza dentro de su colecci\u00f3n S.H Figuarts, tal como aparece en la conocida serie de animaci\u00f3n japonesa &#8220;Dragon Ball Z&#8221;.<\/span><\/li>\n<li class=\"pull-left w100 text-justify well well-lg text-primary\"><span id=\"ctl00_MainContent_txtSinpsis\"> Representa el momento en el que Frieza derriba a Vegeta y sus amigos.<\/span><\/li>\n<li class=\"pull-left w100 text-justify well well-lg text-primary\"><span id=\"ctl00_MainContent_txtSinpsis\"> La figura mide unos 19 cent\u00edmetros, est\u00e1 fabricada en PVC e incluye 3 expresiones, cabeza, piernas, cola y manos intercambiables y una bola de drag\u00f3n de 4 estrellas.<\/span><\/li>\n<\/ul>\n<\/div>\n<\/div>\n<p>&nbsp;<\/p>\n","protected":false},"excerpt":{"rendered":"<p><strong>Frieza Second Form Dragon Ball Z S.H Figuarts<\/strong><\/p>\n<p>Tamashii Nations presenta esta figura de Frieza dentro de su colecci\u00f3n S.H Figuarts, tal como aparece en la conocida serie de animaci\u00f3n japonesa &#8220;Dragon Ball Z&#8221;.<\/p>\n","protected":false},"featured_media":147099,"template":"","meta":{"_acf_changed":false,"_kad_blocks_custom_css":"","_kad_blocks_head_custom_js":"","_kad_blocks_body_custom_js":"","_kad_blocks_footer_custom_js":""},"product_cat":[1390,13511],"product_tag":[],"class_list":{"0":"post-147112","1":"product","2":"type-product","3":"status-publish","4":"has-post-thumbnail","6":"product_cat-figures","7":"product_cat-new-arrivals","8":"pa_brand-tamashii-nations-en","9":"pa_character-frieza-en","10":"pa_license-dragon-ball-en","11":"pa_product-type-figure","12":"pa_theme-s-h-figuarts-en","14":"first","15":"outofstock","16":"taxable","17":"shipping-taxable","18":"purchasable","19":"product-type-simple"},"acf":[],"yoast_head":"<!-- This site is optimized with the Yoast SEO plugin v26.1.1 - https:\/\/yoast.com\/wordpress\/plugins\/seo\/ -->\n<title>Frieza Second Form Dragon Ball Z S.H Figuarts - EndormoonStore<\/title>\n<meta name=\"robots\" content=\"index, follow, max-snippet:-1, max-image-preview:large, max-video-preview:-1\" \/>\n<link rel=\"canonical\" href=\"https:\/\/endormoonstore.com\/en\/frieza-second-form-dragon-ball-z-s-h-figuarts\/\" \/>\n<meta property=\"og:locale\" content=\"en_US\" \/>\n<meta property=\"og:type\" content=\"article\" \/>\n<meta property=\"og:title\" content=\"Frieza Second Form Dragon Ball Z S.H Figuarts - EndormoonStore\" \/>\n<meta property=\"og:description\" content=\"Frieza Second Form Dragon Ball Z S.H Figuarts  Tamashii Nations presenta esta figura de Frieza dentro de su colecci\u00f3n S.H Figuarts, tal como aparece en la conocida serie de animaci\u00f3n japonesa &quot;Dragon Ball Z&quot;.\" \/>\n<meta property=\"og:url\" content=\"https:\/\/endormoonstore.com\/en\/frieza-second-form-dragon-ball-z-s-h-figuarts\/\" \/>\n<meta property=\"og:site_name\" content=\"EndormoonStore\" \/>\n<meta property=\"article:modified_time\" content=\"2025-06-17T10:06:14+00:00\" \/>\n<meta property=\"og:image\" content=\"https:\/\/endormoonstore.com\/wp-content\/uploads\/2023\/06\/Frieza-Second-Form-Dragon-Ball-Z-S.H-Figuarts-1.jpg\" \/>\n\t<meta property=\"og:image:width\" content=\"800\" \/>\n\t<meta property=\"og:image:height\" content=\"1000\" \/>\n\t<meta property=\"og:image:type\" content=\"image\/jpeg\" \/>\n<meta name=\"twitter:card\" content=\"summary_large_image\" \/>\n<meta name=\"twitter:label1\" content=\"Est. reading time\" \/>\n\t<meta name=\"twitter:data1\" content=\"1 minute\" \/>\n<script type=\"application\/ld+json\" class=\"yoast-schema-graph\">{\"@context\":\"https:\/\/schema.org\",\"@graph\":[{\"@type\":\"WebPage\",\"@id\":\"https:\/\/endormoonstore.com\/en\/frieza-second-form-dragon-ball-z-s-h-figuarts\/\",\"url\":\"https:\/\/endormoonstore.com\/en\/frieza-second-form-dragon-ball-z-s-h-figuarts\/\",\"name\":\"Frieza Second Form Dragon Ball Z S.H Figuarts - EndormoonStore\",\"isPartOf\":{\"@id\":\"https:\/\/endormoonstore.com\/#website\"},\"primaryImageOfPage\":{\"@id\":\"https:\/\/endormoonstore.com\/en\/frieza-second-form-dragon-ball-z-s-h-figuarts\/#primaryimage\"},\"image\":{\"@id\":\"https:\/\/endormoonstore.com\/en\/frieza-second-form-dragon-ball-z-s-h-figuarts\/#primaryimage\"},\"thumbnailUrl\":\"https:\/\/endormoonstore.com\/wp-content\/uploads\/2023\/06\/Frieza-Second-Form-Dragon-Ball-Z-S.H-Figuarts-1.jpg\",\"datePublished\":\"2023-05-31T23:35:23+00:00\",\"dateModified\":\"2025-06-17T10:06:14+00:00\",\"breadcrumb\":{\"@id\":\"https:\/\/endormoonstore.com\/en\/frieza-second-form-dragon-ball-z-s-h-figuarts\/#breadcrumb\"},\"inLanguage\":\"en-US\",\"potentialAction\":[{\"@type\":\"ReadAction\",\"target\":[\"https:\/\/endormoonstore.com\/en\/frieza-second-form-dragon-ball-z-s-h-figuarts\/\"]}]},{\"@type\":\"ImageObject\",\"inLanguage\":\"en-US\",\"@id\":\"https:\/\/endormoonstore.com\/en\/frieza-second-form-dragon-ball-z-s-h-figuarts\/#primaryimage\",\"url\":\"https:\/\/endormoonstore.com\/wp-content\/uploads\/2023\/06\/Frieza-Second-Form-Dragon-Ball-Z-S.H-Figuarts-1.jpg\",\"contentUrl\":\"https:\/\/endormoonstore.com\/wp-content\/uploads\/2023\/06\/Frieza-Second-Form-Dragon-Ball-Z-S.H-Figuarts-1.jpg\",\"width\":800,\"height\":1000},{\"@type\":\"BreadcrumbList\",\"@id\":\"https:\/\/endormoonstore.com\/en\/frieza-second-form-dragon-ball-z-s-h-figuarts\/#breadcrumb\",\"itemListElement\":[{\"@type\":\"ListItem\",\"position\":1,\"name\":\"Shop\",\"item\":\"https:\/\/endormoonstore.com\/en\/shop\/\"},{\"@type\":\"ListItem\",\"position\":2,\"name\":\"Frieza Second Form Dragon Ball Z S.H Figuarts\"}]},{\"@type\":\"WebSite\",\"@id\":\"https:\/\/endormoonstore.com\/#website\",\"url\":\"https:\/\/endormoonstore.com\/\",\"name\":\"EndormoonStore\",\"description\":\"\",\"potentialAction\":[{\"@type\":\"SearchAction\",\"target\":{\"@type\":\"EntryPoint\",\"urlTemplate\":\"https:\/\/endormoonstore.com\/?s={search_term_string}\"},\"query-input\":{\"@type\":\"PropertyValueSpecification\",\"valueRequired\":true,\"valueName\":\"search_term_string\"}}],\"inLanguage\":\"en-US\"}]}<\/script>\n<!-- \/ Yoast SEO plugin. -->","yoast_head_json":{"title":"Frieza Second Form Dragon Ball Z S.H Figuarts - EndormoonStore","robots":{"index":"index","follow":"follow","max-snippet":"max-snippet:-1","max-image-preview":"max-image-preview:large","max-video-preview":"max-video-preview:-1"},"canonical":"https:\/\/endormoonstore.com\/en\/frieza-second-form-dragon-ball-z-s-h-figuarts\/","og_locale":"en_US","og_type":"article","og_title":"Frieza Second Form Dragon Ball Z S.H Figuarts - EndormoonStore","og_description":"Frieza Second Form Dragon Ball Z S.H Figuarts  Tamashii Nations presenta esta figura de Frieza dentro de su colecci\u00f3n S.H Figuarts, tal como aparece en la conocida serie de animaci\u00f3n japonesa \"Dragon Ball Z\".","og_url":"https:\/\/endormoonstore.com\/en\/frieza-second-form-dragon-ball-z-s-h-figuarts\/","og_site_name":"EndormoonStore","article_modified_time":"2025-06-17T10:06:14+00:00","og_image":[{"width":800,"height":1000,"url":"https:\/\/endormoonstore.com\/wp-content\/uploads\/2023\/06\/Frieza-Second-Form-Dragon-Ball-Z-S.H-Figuarts-1.jpg","type":"image\/jpeg"}],"twitter_card":"summary_large_image","twitter_misc":{"Est. reading time":"1 minute"},"schema":{"@context":"https:\/\/schema.org","@graph":[{"@type":"WebPage","@id":"https:\/\/endormoonstore.com\/en\/frieza-second-form-dragon-ball-z-s-h-figuarts\/","url":"https:\/\/endormoonstore.com\/en\/frieza-second-form-dragon-ball-z-s-h-figuarts\/","name":"Frieza Second Form Dragon Ball Z S.H Figuarts - EndormoonStore","isPartOf":{"@id":"https:\/\/endormoonstore.com\/#website"},"primaryImageOfPage":{"@id":"https:\/\/endormoonstore.com\/en\/frieza-second-form-dragon-ball-z-s-h-figuarts\/#primaryimage"},"image":{"@id":"https:\/\/endormoonstore.com\/en\/frieza-second-form-dragon-ball-z-s-h-figuarts\/#primaryimage"},"thumbnailUrl":"https:\/\/endormoonstore.com\/wp-content\/uploads\/2023\/06\/Frieza-Second-Form-Dragon-Ball-Z-S.H-Figuarts-1.jpg","datePublished":"2023-05-31T23:35:23+00:00","dateModified":"2025-06-17T10:06:14+00:00","breadcrumb":{"@id":"https:\/\/endormoonstore.com\/en\/frieza-second-form-dragon-ball-z-s-h-figuarts\/#breadcrumb"},"inLanguage":"en-US","potentialAction":[{"@type":"ReadAction","target":["https:\/\/endormoonstore.com\/en\/frieza-second-form-dragon-ball-z-s-h-figuarts\/"]}]},{"@type":"ImageObject","inLanguage":"en-US","@id":"https:\/\/endormoonstore.com\/en\/frieza-second-form-dragon-ball-z-s-h-figuarts\/#primaryimage","url":"https:\/\/endormoonstore.com\/wp-content\/uploads\/2023\/06\/Frieza-Second-Form-Dragon-Ball-Z-S.H-Figuarts-1.jpg","contentUrl":"https:\/\/endormoonstore.com\/wp-content\/uploads\/2023\/06\/Frieza-Second-Form-Dragon-Ball-Z-S.H-Figuarts-1.jpg","width":800,"height":1000},{"@type":"BreadcrumbList","@id":"https:\/\/endormoonstore.com\/en\/frieza-second-form-dragon-ball-z-s-h-figuarts\/#breadcrumb","itemListElement":[{"@type":"ListItem","position":1,"name":"Shop","item":"https:\/\/endormoonstore.com\/en\/shop\/"},{"@type":"ListItem","position":2,"name":"Frieza Second Form Dragon Ball Z S.H Figuarts"}]},{"@type":"WebSite","@id":"https:\/\/endormoonstore.com\/#website","url":"https:\/\/endormoonstore.com\/","name":"EndormoonStore","description":"","potentialAction":[{"@type":"SearchAction","target":{"@type":"EntryPoint","urlTemplate":"https:\/\/endormoonstore.com\/?s={search_term_string}"},"query-input":{"@type":"PropertyValueSpecification","valueRequired":true,"valueName":"search_term_string"}}],"inLanguage":"en-US"}]}},"taxonomy_info":{"product_cat":[{"value":1390,"label":"Figures"},{"value":13511,"label":"New Arrivals"}],"pa_brand":[{"value":2096,"label":"Tamashii Nations"}],"pa_character":[{"value":15664,"label":"Frieza"}],"pa_license":[{"value":2240,"label":"Dragon Ball"}],"pa_product-type":[{"value":2387,"label":"Figure"}],"pa_theme":[{"value":1813,"label":"S.H. Figuarts"}]},"featured_image_src_large":["https:\/\/endormoonstore.com\/wp-content\/uploads\/2023\/06\/Frieza-Second-Form-Dragon-Ball-Z-S.H-Figuarts-1.jpg",800,1000,false],"author_info":[],"comment_info":"","_links":{"self":[{"href":"https:\/\/endormoonstore.com\/en\/wp-json\/wp\/v2\/product\/147112","targetHints":{"allow":["GET"]}}],"collection":[{"href":"https:\/\/endormoonstore.com\/en\/wp-json\/wp\/v2\/product"}],"about":[{"href":"https:\/\/endormoonstore.com\/en\/wp-json\/wp\/v2\/types\/product"}],"wp:featuredmedia":[{"embeddable":true,"href":"https:\/\/endormoonstore.com\/en\/wp-json\/wp\/v2\/media\/147099"}],"wp:attachment":[{"href":"https:\/\/endormoonstore.com\/en\/wp-json\/wp\/v2\/media?parent=147112"}],"wp:term":[{"taxonomy":"product_cat","embeddable":true,"href":"https:\/\/endormoonstore.com\/en\/wp-json\/wp\/v2\/product_cat?post=147112"},{"taxonomy":"product_tag","embeddable":true,"href":"https:\/\/endormoonstore.com\/en\/wp-json\/wp\/v2\/product_tag?post=147112"}],"curies":[{"name":"wp","href":"https:\/\/api.w.org\/{rel}","templated":true}]}}