{"id":147065,"date":"2023-06-01T01:20:48","date_gmt":"2023-05-31T23:20:48","guid":{"rendered":"https:\/\/endormoonstore.com\/star-wars-the-black-series-star-wars-return-of-the-jedi-gamorrean-guard-40th-anniversary\/"},"modified":"2023-06-15T21:31:01","modified_gmt":"2023-06-15T19:31:01","slug":"star-wars-the-black-series-star-wars-return-of-the-jedi-gamorrean-guard-40th-anniversary","status":"publish","type":"product","link":"https:\/\/endormoonstore.com\/en\/star-wars-the-black-series-star-wars-return-of-the-jedi-gamorrean-guard-40th-anniversary\/","title":{"rendered":"Star Wars The Black Series Star Wars: Return of the Jedi  Gamorrean Guard 40th Anniversary"},"content":{"rendered":"<p><strong>Star Wars The Black Series Star Wars: Return of the Jedi Gamorrean Guard 40th Anniversary<\/strong><\/p>\n<ul>\n<li class=\"li1\">Hasbro presenta esta figura de la Gamorrean Guard, dentro de la colecci\u00f3n Black Series de Star Wars .<\/li>\n<li class=\"li1\">Para conmemora el 40 aniversario del lanzamiento de la pel\u00edcula &#8220;El retorno del Jedi&#8221;.<\/li>\n<li class=\"li1\">Esta figura mide 15 cent\u00edmetros, ha sido fabricado en PVC.<\/li>\n<li class=\"li1\">Los fans y coleccionistas de Star Wars pueden exhibir esta figura f\u00e1cilmente articulable (cabeza, brazos y piernas art\u00edculables), con dise\u00f1o premium, en su colecci\u00f3n. Viene con tres accesorios incluida una lanza.<\/li>\n<\/ul>\n","protected":false},"excerpt":{"rendered":"<p><strong>Star Wars The Black Series Star Wars: Return of the Jedi Gamorrean Guard 40th Anniversary<\/strong><\/p>\n<p>Hasbro presenta esta figura de la Gamorrean Guard, dentro de la colecci\u00f3n Black Series de Star Wars .<\/p>\n<p>&nbsp;<\/p>\n","protected":false},"featured_media":147054,"template":"","meta":{"_acf_changed":false,"_kad_blocks_custom_css":"","_kad_blocks_head_custom_js":"","_kad_blocks_body_custom_js":"","_kad_blocks_footer_custom_js":""},"product_cat":[1390,13511],"product_tag":[],"class_list":{"0":"post-147065","1":"product","2":"type-product","3":"status-publish","4":"has-post-thumbnail","6":"product_cat-figures","7":"product_cat-new-arrivals","8":"pa_brand-hasbro-en","9":"pa_character-gamorrean-guard-en","10":"pa_episode-star-wars-return-of-the-jedi","11":"pa_license-star-wars-en","12":"pa_product-type-figure","13":"pa_theme-the-black-series-40th-return-of-the-jedi","15":"first","16":"outofstock","17":"taxable","18":"shipping-taxable","19":"purchasable","20":"product-type-simple"},"acf":[],"yoast_head":"<!-- This site is optimized with the Yoast SEO plugin v26.1.1 - https:\/\/yoast.com\/wordpress\/plugins\/seo\/ -->\n<title>Star Wars The Black Series Star Wars: Return of the Jedi Gamorrean Guard 40th Anniversary - EndormoonStore<\/title>\n<meta name=\"robots\" content=\"index, follow, max-snippet:-1, max-image-preview:large, max-video-preview:-1\" \/>\n<link rel=\"canonical\" href=\"https:\/\/endormoonstore.com\/en\/star-wars-the-black-series-star-wars-return-of-the-jedi-gamorrean-guard-40th-anniversary\/\" \/>\n<meta property=\"og:locale\" content=\"en_US\" \/>\n<meta property=\"og:type\" content=\"article\" \/>\n<meta property=\"og:title\" content=\"Star Wars The Black Series Star Wars: Return of the Jedi Gamorrean Guard 40th Anniversary - EndormoonStore\" \/>\n<meta property=\"og:description\" content=\"Star Wars The Black Series Star Wars: Return of the Jedi Gamorrean Guard 40th Anniversary  Hasbro presenta esta figura de la Gamorrean Guard, dentro de la colecci\u00f3n Black Series de Star Wars .  &nbsp;\" \/>\n<meta property=\"og:url\" content=\"https:\/\/endormoonstore.com\/en\/star-wars-the-black-series-star-wars-return-of-the-jedi-gamorrean-guard-40th-anniversary\/\" \/>\n<meta property=\"og:site_name\" content=\"EndormoonStore\" \/>\n<meta property=\"article:modified_time\" content=\"2023-06-15T19:31:01+00:00\" \/>\n<meta property=\"og:image\" content=\"https:\/\/endormoonstore.com\/wp-content\/uploads\/2023\/06\/Star-Wars-The-Black-Series-Star-Wars-Return-of-the-Jedi-Gamorrean-Guard-40th-Anniversary-1.jpg\" \/>\n\t<meta property=\"og:image:width\" content=\"1000\" \/>\n\t<meta property=\"og:image:height\" content=\"1000\" \/>\n\t<meta property=\"og:image:type\" content=\"image\/jpeg\" \/>\n<meta name=\"twitter:card\" content=\"summary_large_image\" \/>\n<meta name=\"twitter:label1\" content=\"Est. reading time\" \/>\n\t<meta name=\"twitter:data1\" content=\"1 minute\" \/>\n<script type=\"application\/ld+json\" class=\"yoast-schema-graph\">{\"@context\":\"https:\/\/schema.org\",\"@graph\":[{\"@type\":\"WebPage\",\"@id\":\"https:\/\/endormoonstore.com\/en\/star-wars-the-black-series-star-wars-return-of-the-jedi-gamorrean-guard-40th-anniversary\/\",\"url\":\"https:\/\/endormoonstore.com\/en\/star-wars-the-black-series-star-wars-return-of-the-jedi-gamorrean-guard-40th-anniversary\/\",\"name\":\"Star Wars The Black Series Star Wars: Return of the Jedi Gamorrean Guard 40th Anniversary - EndormoonStore\",\"isPartOf\":{\"@id\":\"https:\/\/endormoonstore.com\/#website\"},\"primaryImageOfPage\":{\"@id\":\"https:\/\/endormoonstore.com\/en\/star-wars-the-black-series-star-wars-return-of-the-jedi-gamorrean-guard-40th-anniversary\/#primaryimage\"},\"image\":{\"@id\":\"https:\/\/endormoonstore.com\/en\/star-wars-the-black-series-star-wars-return-of-the-jedi-gamorrean-guard-40th-anniversary\/#primaryimage\"},\"thumbnailUrl\":\"https:\/\/endormoonstore.com\/wp-content\/uploads\/2023\/06\/Star-Wars-The-Black-Series-Star-Wars-Return-of-the-Jedi-Gamorrean-Guard-40th-Anniversary-1.jpg\",\"datePublished\":\"2023-05-31T23:20:48+00:00\",\"dateModified\":\"2023-06-15T19:31:01+00:00\",\"breadcrumb\":{\"@id\":\"https:\/\/endormoonstore.com\/en\/star-wars-the-black-series-star-wars-return-of-the-jedi-gamorrean-guard-40th-anniversary\/#breadcrumb\"},\"inLanguage\":\"en-US\",\"potentialAction\":[{\"@type\":\"ReadAction\",\"target\":[\"https:\/\/endormoonstore.com\/en\/star-wars-the-black-series-star-wars-return-of-the-jedi-gamorrean-guard-40th-anniversary\/\"]}]},{\"@type\":\"ImageObject\",\"inLanguage\":\"en-US\",\"@id\":\"https:\/\/endormoonstore.com\/en\/star-wars-the-black-series-star-wars-return-of-the-jedi-gamorrean-guard-40th-anniversary\/#primaryimage\",\"url\":\"https:\/\/endormoonstore.com\/wp-content\/uploads\/2023\/06\/Star-Wars-The-Black-Series-Star-Wars-Return-of-the-Jedi-Gamorrean-Guard-40th-Anniversary-1.jpg\",\"contentUrl\":\"https:\/\/endormoonstore.com\/wp-content\/uploads\/2023\/06\/Star-Wars-The-Black-Series-Star-Wars-Return-of-the-Jedi-Gamorrean-Guard-40th-Anniversary-1.jpg\",\"width\":1000,\"height\":1000},{\"@type\":\"BreadcrumbList\",\"@id\":\"https:\/\/endormoonstore.com\/en\/star-wars-the-black-series-star-wars-return-of-the-jedi-gamorrean-guard-40th-anniversary\/#breadcrumb\",\"itemListElement\":[{\"@type\":\"ListItem\",\"position\":1,\"name\":\"Shop\",\"item\":\"https:\/\/endormoonstore.com\/en\/shop\/\"},{\"@type\":\"ListItem\",\"position\":2,\"name\":\"Star Wars The Black Series Star Wars: Return of the Jedi Gamorrean Guard 40th Anniversary\"}]},{\"@type\":\"WebSite\",\"@id\":\"https:\/\/endormoonstore.com\/#website\",\"url\":\"https:\/\/endormoonstore.com\/\",\"name\":\"EndormoonStore\",\"description\":\"\",\"potentialAction\":[{\"@type\":\"SearchAction\",\"target\":{\"@type\":\"EntryPoint\",\"urlTemplate\":\"https:\/\/endormoonstore.com\/?s={search_term_string}\"},\"query-input\":{\"@type\":\"PropertyValueSpecification\",\"valueRequired\":true,\"valueName\":\"search_term_string\"}}],\"inLanguage\":\"en-US\"}]}<\/script>\n<!-- \/ Yoast SEO plugin. -->","yoast_head_json":{"title":"Star Wars The Black Series Star Wars: Return of the Jedi Gamorrean Guard 40th Anniversary - EndormoonStore","robots":{"index":"index","follow":"follow","max-snippet":"max-snippet:-1","max-image-preview":"max-image-preview:large","max-video-preview":"max-video-preview:-1"},"canonical":"https:\/\/endormoonstore.com\/en\/star-wars-the-black-series-star-wars-return-of-the-jedi-gamorrean-guard-40th-anniversary\/","og_locale":"en_US","og_type":"article","og_title":"Star Wars The Black Series Star Wars: Return of the Jedi Gamorrean Guard 40th Anniversary - EndormoonStore","og_description":"Star Wars The Black Series Star Wars: Return of the Jedi Gamorrean Guard 40th Anniversary  Hasbro presenta esta figura de la Gamorrean Guard, dentro de la colecci\u00f3n Black Series de Star Wars .  &nbsp;","og_url":"https:\/\/endormoonstore.com\/en\/star-wars-the-black-series-star-wars-return-of-the-jedi-gamorrean-guard-40th-anniversary\/","og_site_name":"EndormoonStore","article_modified_time":"2023-06-15T19:31:01+00:00","og_image":[{"width":1000,"height":1000,"url":"https:\/\/endormoonstore.com\/wp-content\/uploads\/2023\/06\/Star-Wars-The-Black-Series-Star-Wars-Return-of-the-Jedi-Gamorrean-Guard-40th-Anniversary-1.jpg","type":"image\/jpeg"}],"twitter_card":"summary_large_image","twitter_misc":{"Est. reading time":"1 minute"},"schema":{"@context":"https:\/\/schema.org","@graph":[{"@type":"WebPage","@id":"https:\/\/endormoonstore.com\/en\/star-wars-the-black-series-star-wars-return-of-the-jedi-gamorrean-guard-40th-anniversary\/","url":"https:\/\/endormoonstore.com\/en\/star-wars-the-black-series-star-wars-return-of-the-jedi-gamorrean-guard-40th-anniversary\/","name":"Star Wars The Black Series Star Wars: Return of the Jedi Gamorrean Guard 40th Anniversary - EndormoonStore","isPartOf":{"@id":"https:\/\/endormoonstore.com\/#website"},"primaryImageOfPage":{"@id":"https:\/\/endormoonstore.com\/en\/star-wars-the-black-series-star-wars-return-of-the-jedi-gamorrean-guard-40th-anniversary\/#primaryimage"},"image":{"@id":"https:\/\/endormoonstore.com\/en\/star-wars-the-black-series-star-wars-return-of-the-jedi-gamorrean-guard-40th-anniversary\/#primaryimage"},"thumbnailUrl":"https:\/\/endormoonstore.com\/wp-content\/uploads\/2023\/06\/Star-Wars-The-Black-Series-Star-Wars-Return-of-the-Jedi-Gamorrean-Guard-40th-Anniversary-1.jpg","datePublished":"2023-05-31T23:20:48+00:00","dateModified":"2023-06-15T19:31:01+00:00","breadcrumb":{"@id":"https:\/\/endormoonstore.com\/en\/star-wars-the-black-series-star-wars-return-of-the-jedi-gamorrean-guard-40th-anniversary\/#breadcrumb"},"inLanguage":"en-US","potentialAction":[{"@type":"ReadAction","target":["https:\/\/endormoonstore.com\/en\/star-wars-the-black-series-star-wars-return-of-the-jedi-gamorrean-guard-40th-anniversary\/"]}]},{"@type":"ImageObject","inLanguage":"en-US","@id":"https:\/\/endormoonstore.com\/en\/star-wars-the-black-series-star-wars-return-of-the-jedi-gamorrean-guard-40th-anniversary\/#primaryimage","url":"https:\/\/endormoonstore.com\/wp-content\/uploads\/2023\/06\/Star-Wars-The-Black-Series-Star-Wars-Return-of-the-Jedi-Gamorrean-Guard-40th-Anniversary-1.jpg","contentUrl":"https:\/\/endormoonstore.com\/wp-content\/uploads\/2023\/06\/Star-Wars-The-Black-Series-Star-Wars-Return-of-the-Jedi-Gamorrean-Guard-40th-Anniversary-1.jpg","width":1000,"height":1000},{"@type":"BreadcrumbList","@id":"https:\/\/endormoonstore.com\/en\/star-wars-the-black-series-star-wars-return-of-the-jedi-gamorrean-guard-40th-anniversary\/#breadcrumb","itemListElement":[{"@type":"ListItem","position":1,"name":"Shop","item":"https:\/\/endormoonstore.com\/en\/shop\/"},{"@type":"ListItem","position":2,"name":"Star Wars The Black Series Star Wars: Return of the Jedi Gamorrean Guard 40th Anniversary"}]},{"@type":"WebSite","@id":"https:\/\/endormoonstore.com\/#website","url":"https:\/\/endormoonstore.com\/","name":"EndormoonStore","description":"","potentialAction":[{"@type":"SearchAction","target":{"@type":"EntryPoint","urlTemplate":"https:\/\/endormoonstore.com\/?s={search_term_string}"},"query-input":{"@type":"PropertyValueSpecification","valueRequired":true,"valueName":"search_term_string"}}],"inLanguage":"en-US"}]}},"taxonomy_info":{"product_cat":[{"value":1390,"label":"Figures"},{"value":13511,"label":"New Arrivals"}],"pa_brand":[{"value":2084,"label":"Hasbro"}],"pa_character":[{"value":13710,"label":"Gamorrean Guard"}],"pa_episode":[{"value":3410,"label":"Star Wars: Return of the Jedi"}],"pa_license":[{"value":1644,"label":"Star Wars"}],"pa_product-type":[{"value":2387,"label":"Figure"}],"pa_theme":[{"value":13521,"label":"The Black Series 40th Return Of The Jedi"}]},"featured_image_src_large":["https:\/\/endormoonstore.com\/wp-content\/uploads\/2023\/06\/Star-Wars-The-Black-Series-Star-Wars-Return-of-the-Jedi-Gamorrean-Guard-40th-Anniversary-1.jpg",1000,1000,false],"author_info":[],"comment_info":"","_links":{"self":[{"href":"https:\/\/endormoonstore.com\/en\/wp-json\/wp\/v2\/product\/147065","targetHints":{"allow":["GET"]}}],"collection":[{"href":"https:\/\/endormoonstore.com\/en\/wp-json\/wp\/v2\/product"}],"about":[{"href":"https:\/\/endormoonstore.com\/en\/wp-json\/wp\/v2\/types\/product"}],"wp:featuredmedia":[{"embeddable":true,"href":"https:\/\/endormoonstore.com\/en\/wp-json\/wp\/v2\/media\/147054"}],"wp:attachment":[{"href":"https:\/\/endormoonstore.com\/en\/wp-json\/wp\/v2\/media?parent=147065"}],"wp:term":[{"taxonomy":"product_cat","embeddable":true,"href":"https:\/\/endormoonstore.com\/en\/wp-json\/wp\/v2\/product_cat?post=147065"},{"taxonomy":"product_tag","embeddable":true,"href":"https:\/\/endormoonstore.com\/en\/wp-json\/wp\/v2\/product_tag?post=147065"}],"curies":[{"name":"wp","href":"https:\/\/api.w.org\/{rel}","templated":true}]}}