{"id":146985,"date":"2023-06-01T01:00:09","date_gmt":"2023-05-31T23:00:09","guid":{"rendered":"https:\/\/endormoonstore.com\/chifuyu-matsuno-tokyo-revengers-pop-up-parade\/"},"modified":"2023-06-14T22:53:47","modified_gmt":"2023-06-14T20:53:47","slug":"chifuyu-matsuno-tokyo-revengers-pop-up-parade","status":"publish","type":"product","link":"https:\/\/endormoonstore.com\/en\/chifuyu-matsuno-tokyo-revengers-pop-up-parade\/","title":{"rendered":"Chifuyu Matsuno Tokyo Revengers Pop Up Parade"},"content":{"rendered":"<p class=\"p1\"><strong>Chifuyu Matsuno Tokyo Revengers Pop Up Parade<\/strong><\/p>\n<ul class=\"ul1\">\n<li class=\"li1\">De la popular serie de anime &#8220;Tokyo Revengers&#8221;, llega una figura Pop Up Parad de Chifuyu Matsuno con su uniforme tokkofuku. Disfruta de la pose digna del vice capit\u00e1n de Tokyo Manji Gang.<\/li>\n<li>Solo conc\u00e9ntrate en el enemigo que est\u00e1 justo frente a ti, compa\u00f1ero.\u00a0Tengo su espalda.<\/li>\n<li class=\"li1\">Fabricada en PVC mide unos 17,5 cm.<\/li>\n<li class=\"li1\">Incluye base para su exposici\u00f3n.<\/li>\n<\/ul>\n","protected":false},"excerpt":{"rendered":"<p class=\"p1\"><strong>Chifuyu Matsuno Tokyo Revengers Pop Up Parade<\/strong><\/p>\n<p class=\"p1\">De la popular serie de anime &#8220;Tokyo Revengers&#8221;, llega una figura Pop Up Parad de Chifuyu Matsuno con su uniforme tokkofuku. Disfruta de la pose digna del vice capit\u00e1n de Tokyo Manji Gang.<\/p>\n","protected":false},"featured_media":146972,"template":"","meta":{"_acf_changed":false,"_kad_blocks_custom_css":"","_kad_blocks_head_custom_js":"","_kad_blocks_body_custom_js":"","_kad_blocks_footer_custom_js":""},"product_cat":[1390,13511],"product_tag":[],"class_list":{"0":"post-146985","1":"product","2":"type-product","3":"status-publish","4":"has-post-thumbnail","6":"product_cat-figures","7":"product_cat-new-arrivals","8":"pa_brand-good-smile-company-en","9":"pa_character-chifuyu-matsuno-en","10":"pa_license-tokyo-revengers-en","11":"pa_product-type-figure","12":"pa_theme-pop-up-parade-en","14":"first","15":"outofstock","16":"taxable","17":"shipping-taxable","18":"purchasable","19":"product-type-simple"},"acf":[],"yoast_head":"<!-- This site is optimized with the Yoast SEO plugin v26.1.1 - https:\/\/yoast.com\/wordpress\/plugins\/seo\/ -->\n<title>Chifuyu Matsuno Tokyo Revengers Pop Up Parade - EndormoonStore<\/title>\n<meta name=\"robots\" content=\"index, follow, max-snippet:-1, max-image-preview:large, max-video-preview:-1\" \/>\n<link rel=\"canonical\" href=\"https:\/\/endormoonstore.com\/en\/chifuyu-matsuno-tokyo-revengers-pop-up-parade\/\" \/>\n<meta property=\"og:locale\" content=\"en_US\" \/>\n<meta property=\"og:type\" content=\"article\" \/>\n<meta property=\"og:title\" content=\"Chifuyu Matsuno Tokyo Revengers Pop Up Parade - EndormoonStore\" \/>\n<meta property=\"og:description\" content=\"Chifuyu Matsuno Tokyo Revengers Pop Up Parade De la popular serie de anime &quot;Tokyo Revengers&quot;, llega una figura Pop Up Parad de Chifuyu Matsuno con su uniforme tokkofuku. Disfruta de la pose digna del vice capit\u00e1n de Tokyo Manji Gang.\" \/>\n<meta property=\"og:url\" content=\"https:\/\/endormoonstore.com\/en\/chifuyu-matsuno-tokyo-revengers-pop-up-parade\/\" \/>\n<meta property=\"og:site_name\" content=\"EndormoonStore\" \/>\n<meta property=\"article:modified_time\" content=\"2023-06-14T20:53:47+00:00\" \/>\n<meta property=\"og:image\" content=\"https:\/\/endormoonstore.com\/wp-content\/uploads\/2023\/06\/Chifuyu-Matsuno-Tokyo-Revengers-Pop-Up-Parade-1.jpeg\" \/>\n\t<meta property=\"og:image:width\" content=\"730\" \/>\n\t<meta property=\"og:image:height\" content=\"900\" \/>\n\t<meta property=\"og:image:type\" content=\"image\/jpeg\" \/>\n<meta name=\"twitter:card\" content=\"summary_large_image\" \/>\n<meta name=\"twitter:label1\" content=\"Est. reading time\" \/>\n\t<meta name=\"twitter:data1\" content=\"1 minute\" \/>\n<script type=\"application\/ld+json\" class=\"yoast-schema-graph\">{\"@context\":\"https:\/\/schema.org\",\"@graph\":[{\"@type\":\"WebPage\",\"@id\":\"https:\/\/endormoonstore.com\/en\/chifuyu-matsuno-tokyo-revengers-pop-up-parade\/\",\"url\":\"https:\/\/endormoonstore.com\/en\/chifuyu-matsuno-tokyo-revengers-pop-up-parade\/\",\"name\":\"Chifuyu Matsuno Tokyo Revengers Pop Up Parade - EndormoonStore\",\"isPartOf\":{\"@id\":\"https:\/\/endormoonstore.com\/#website\"},\"primaryImageOfPage\":{\"@id\":\"https:\/\/endormoonstore.com\/en\/chifuyu-matsuno-tokyo-revengers-pop-up-parade\/#primaryimage\"},\"image\":{\"@id\":\"https:\/\/endormoonstore.com\/en\/chifuyu-matsuno-tokyo-revengers-pop-up-parade\/#primaryimage\"},\"thumbnailUrl\":\"https:\/\/endormoonstore.com\/wp-content\/uploads\/2023\/06\/Chifuyu-Matsuno-Tokyo-Revengers-Pop-Up-Parade-1.jpeg\",\"datePublished\":\"2023-05-31T23:00:09+00:00\",\"dateModified\":\"2023-06-14T20:53:47+00:00\",\"breadcrumb\":{\"@id\":\"https:\/\/endormoonstore.com\/en\/chifuyu-matsuno-tokyo-revengers-pop-up-parade\/#breadcrumb\"},\"inLanguage\":\"en-US\",\"potentialAction\":[{\"@type\":\"ReadAction\",\"target\":[\"https:\/\/endormoonstore.com\/en\/chifuyu-matsuno-tokyo-revengers-pop-up-parade\/\"]}]},{\"@type\":\"ImageObject\",\"inLanguage\":\"en-US\",\"@id\":\"https:\/\/endormoonstore.com\/en\/chifuyu-matsuno-tokyo-revengers-pop-up-parade\/#primaryimage\",\"url\":\"https:\/\/endormoonstore.com\/wp-content\/uploads\/2023\/06\/Chifuyu-Matsuno-Tokyo-Revengers-Pop-Up-Parade-1.jpeg\",\"contentUrl\":\"https:\/\/endormoonstore.com\/wp-content\/uploads\/2023\/06\/Chifuyu-Matsuno-Tokyo-Revengers-Pop-Up-Parade-1.jpeg\",\"width\":730,\"height\":900},{\"@type\":\"BreadcrumbList\",\"@id\":\"https:\/\/endormoonstore.com\/en\/chifuyu-matsuno-tokyo-revengers-pop-up-parade\/#breadcrumb\",\"itemListElement\":[{\"@type\":\"ListItem\",\"position\":1,\"name\":\"Shop\",\"item\":\"https:\/\/endormoonstore.com\/en\/shop\/\"},{\"@type\":\"ListItem\",\"position\":2,\"name\":\"Chifuyu Matsuno Tokyo Revengers Pop Up Parade\"}]},{\"@type\":\"WebSite\",\"@id\":\"https:\/\/endormoonstore.com\/#website\",\"url\":\"https:\/\/endormoonstore.com\/\",\"name\":\"EndormoonStore\",\"description\":\"\",\"potentialAction\":[{\"@type\":\"SearchAction\",\"target\":{\"@type\":\"EntryPoint\",\"urlTemplate\":\"https:\/\/endormoonstore.com\/?s={search_term_string}\"},\"query-input\":{\"@type\":\"PropertyValueSpecification\",\"valueRequired\":true,\"valueName\":\"search_term_string\"}}],\"inLanguage\":\"en-US\"}]}<\/script>\n<!-- \/ Yoast SEO plugin. -->","yoast_head_json":{"title":"Chifuyu Matsuno Tokyo Revengers Pop Up Parade - EndormoonStore","robots":{"index":"index","follow":"follow","max-snippet":"max-snippet:-1","max-image-preview":"max-image-preview:large","max-video-preview":"max-video-preview:-1"},"canonical":"https:\/\/endormoonstore.com\/en\/chifuyu-matsuno-tokyo-revengers-pop-up-parade\/","og_locale":"en_US","og_type":"article","og_title":"Chifuyu Matsuno Tokyo Revengers Pop Up Parade - EndormoonStore","og_description":"Chifuyu Matsuno Tokyo Revengers Pop Up Parade De la popular serie de anime \"Tokyo Revengers\", llega una figura Pop Up Parad de Chifuyu Matsuno con su uniforme tokkofuku. Disfruta de la pose digna del vice capit\u00e1n de Tokyo Manji Gang.","og_url":"https:\/\/endormoonstore.com\/en\/chifuyu-matsuno-tokyo-revengers-pop-up-parade\/","og_site_name":"EndormoonStore","article_modified_time":"2023-06-14T20:53:47+00:00","og_image":[{"width":730,"height":900,"url":"https:\/\/endormoonstore.com\/wp-content\/uploads\/2023\/06\/Chifuyu-Matsuno-Tokyo-Revengers-Pop-Up-Parade-1.jpeg","type":"image\/jpeg"}],"twitter_card":"summary_large_image","twitter_misc":{"Est. reading time":"1 minute"},"schema":{"@context":"https:\/\/schema.org","@graph":[{"@type":"WebPage","@id":"https:\/\/endormoonstore.com\/en\/chifuyu-matsuno-tokyo-revengers-pop-up-parade\/","url":"https:\/\/endormoonstore.com\/en\/chifuyu-matsuno-tokyo-revengers-pop-up-parade\/","name":"Chifuyu Matsuno Tokyo Revengers Pop Up Parade - EndormoonStore","isPartOf":{"@id":"https:\/\/endormoonstore.com\/#website"},"primaryImageOfPage":{"@id":"https:\/\/endormoonstore.com\/en\/chifuyu-matsuno-tokyo-revengers-pop-up-parade\/#primaryimage"},"image":{"@id":"https:\/\/endormoonstore.com\/en\/chifuyu-matsuno-tokyo-revengers-pop-up-parade\/#primaryimage"},"thumbnailUrl":"https:\/\/endormoonstore.com\/wp-content\/uploads\/2023\/06\/Chifuyu-Matsuno-Tokyo-Revengers-Pop-Up-Parade-1.jpeg","datePublished":"2023-05-31T23:00:09+00:00","dateModified":"2023-06-14T20:53:47+00:00","breadcrumb":{"@id":"https:\/\/endormoonstore.com\/en\/chifuyu-matsuno-tokyo-revengers-pop-up-parade\/#breadcrumb"},"inLanguage":"en-US","potentialAction":[{"@type":"ReadAction","target":["https:\/\/endormoonstore.com\/en\/chifuyu-matsuno-tokyo-revengers-pop-up-parade\/"]}]},{"@type":"ImageObject","inLanguage":"en-US","@id":"https:\/\/endormoonstore.com\/en\/chifuyu-matsuno-tokyo-revengers-pop-up-parade\/#primaryimage","url":"https:\/\/endormoonstore.com\/wp-content\/uploads\/2023\/06\/Chifuyu-Matsuno-Tokyo-Revengers-Pop-Up-Parade-1.jpeg","contentUrl":"https:\/\/endormoonstore.com\/wp-content\/uploads\/2023\/06\/Chifuyu-Matsuno-Tokyo-Revengers-Pop-Up-Parade-1.jpeg","width":730,"height":900},{"@type":"BreadcrumbList","@id":"https:\/\/endormoonstore.com\/en\/chifuyu-matsuno-tokyo-revengers-pop-up-parade\/#breadcrumb","itemListElement":[{"@type":"ListItem","position":1,"name":"Shop","item":"https:\/\/endormoonstore.com\/en\/shop\/"},{"@type":"ListItem","position":2,"name":"Chifuyu Matsuno Tokyo Revengers Pop Up Parade"}]},{"@type":"WebSite","@id":"https:\/\/endormoonstore.com\/#website","url":"https:\/\/endormoonstore.com\/","name":"EndormoonStore","description":"","potentialAction":[{"@type":"SearchAction","target":{"@type":"EntryPoint","urlTemplate":"https:\/\/endormoonstore.com\/?s={search_term_string}"},"query-input":{"@type":"PropertyValueSpecification","valueRequired":true,"valueName":"search_term_string"}}],"inLanguage":"en-US"}]}},"taxonomy_info":{"product_cat":[{"value":1390,"label":"Figures"},{"value":13511,"label":"New Arrivals"}],"pa_brand":[{"value":2081,"label":"Good Smile Company"}],"pa_character":[{"value":12950,"label":"Chifuyu Matsuno"}],"pa_license":[{"value":11609,"label":"Tokyo Revengers"}],"pa_product-type":[{"value":2387,"label":"Figure"}],"pa_theme":[{"value":1939,"label":"Pop Up Parade"}]},"featured_image_src_large":["https:\/\/endormoonstore.com\/wp-content\/uploads\/2023\/06\/Chifuyu-Matsuno-Tokyo-Revengers-Pop-Up-Parade-1.jpeg",730,900,false],"author_info":[],"comment_info":"","_links":{"self":[{"href":"https:\/\/endormoonstore.com\/en\/wp-json\/wp\/v2\/product\/146985","targetHints":{"allow":["GET"]}}],"collection":[{"href":"https:\/\/endormoonstore.com\/en\/wp-json\/wp\/v2\/product"}],"about":[{"href":"https:\/\/endormoonstore.com\/en\/wp-json\/wp\/v2\/types\/product"}],"wp:featuredmedia":[{"embeddable":true,"href":"https:\/\/endormoonstore.com\/en\/wp-json\/wp\/v2\/media\/146972"}],"wp:attachment":[{"href":"https:\/\/endormoonstore.com\/en\/wp-json\/wp\/v2\/media?parent=146985"}],"wp:term":[{"taxonomy":"product_cat","embeddable":true,"href":"https:\/\/endormoonstore.com\/en\/wp-json\/wp\/v2\/product_cat?post=146985"},{"taxonomy":"product_tag","embeddable":true,"href":"https:\/\/endormoonstore.com\/en\/wp-json\/wp\/v2\/product_tag?post=146985"}],"curies":[{"name":"wp","href":"https:\/\/api.w.org\/{rel}","templated":true}]}}