{"id":146879,"date":"2023-05-16T00:04:19","date_gmt":"2023-05-15T22:04:19","guid":{"rendered":"https:\/\/endormoonstore.com\/green-lantern-john-stewart-justice-league-endless-winter-dc-multiverse\/"},"modified":"2023-06-11T22:20:00","modified_gmt":"2023-06-11T20:20:00","slug":"green-lantern-john-stewart-justice-league-endless-winter-dc-multiverse","status":"publish","type":"product","link":"https:\/\/endormoonstore.com\/en\/green-lantern-john-stewart-justice-league-endless-winter-dc-multiverse\/","title":{"rendered":"Green Lantern John Stewart Justice League Endless Winter DC Multiverse"},"content":{"rendered":"<p class=\"p1\"><strong>Green Lantern John Stewart Build A Frost King Justice League: Endless Winter DC Multiverse<\/strong><\/p>\n<ul>\n<li>John Stewart es un ex marine estadounidense que usa su entrenamiento y disciplina militar para proteger la Tierra y el resto del Sector Espacial 2814, como miembro de la fuerza intergal\u00e1ctica de mantenimiento de la paz conocida como Green Lantern Carps.<\/li>\n<li>Como Green Lantern, John maneja un anillo de poder, que crea un escudo protector a su alrededor, le permite volar y genera construcciones de energ\u00eda de luz dura en la forma de cualquier cosa que imagine.\u00a0Impulsado por la fuerza de voluntad, \u00a1el anillo de poder de Green Lantern es una de las armas m\u00e1s poderosas del universo!<\/li>\n<li>Figuras Incre\u00edblemente detalladas de unos 18 cm de alto basadas\u00a0 en DC Multiverse<\/li>\n<li>Dise\u00f1ado con Ultra Articulaci\u00f3n con hasta 22 partes m\u00f3viles para una gama completa de poses y juegos<\/li>\n<li>Green Lantern aparece en su look en el c\u00f3mic Endless Winter.\u00a0Incluye 2 espadas de proyecci\u00f3n de luz y una base.<\/li>\n<li>La figura incluye 1 de 4 piezas que, cuando se combinan con el resto de la l\u00ednea Endless Winter Build-a, ensamblar\u00e1n The Frost King<\/li>\n<li>Incluye tarjeta de arte coleccionable con fotograf\u00eda de figuras en el frente y biograf\u00eda del personaje en el reverso.<\/li>\n<\/ul>\n<div class=\"pull-left margenDatosSecundarios\">\n<div id=\"ctl00_MainContent_dvSinopsis\" class=\"pull-left w100\"><\/div>\n<\/div>\n","protected":false},"excerpt":{"rendered":"<p class=\"p1\"><strong>Green Lantern John Stewart Build A Frost King Justice League: Endless Winter DC Multiverse<\/strong><\/p>\n<p class=\"p1\">John Stewart es un ex marine estadounidense que usa su entrenamiento y disciplina militar para proteger la Tierra y el resto del Sector Espacial 2814, como miembro de la fuerza intergal\u00e1ctica de mantenimiento de la paz conocida como Green Lantern Carps.<\/p>\n","protected":false},"featured_media":146860,"template":"","meta":{"_acf_changed":false,"_kad_blocks_custom_css":"","_kad_blocks_head_custom_js":"","_kad_blocks_body_custom_js":"","_kad_blocks_footer_custom_js":""},"product_cat":[1390,13511],"product_tag":[],"class_list":{"0":"post-146879","1":"product","2":"type-product","3":"status-publish","4":"has-post-thumbnail","6":"product_cat-figures","7":"product_cat-new-arrivals","8":"pa_brand-mcfarlane-toys-en","9":"pa_character-green-lantern-en","10":"pa_license-dc-universe-en","11":"pa_product-type-figure","12":"pa_theme-dc-multiverse-en","14":"first","15":"instock","16":"taxable","17":"shipping-taxable","18":"purchasable","19":"product-type-simple"},"acf":[],"yoast_head":"<!-- This site is optimized with the Yoast SEO plugin v26.1.1 - https:\/\/yoast.com\/wordpress\/plugins\/seo\/ -->\n<title>Green Lantern John Stewart Justice League Endless Winter DC Multiverse - EndormoonStore<\/title>\n<meta name=\"robots\" content=\"index, follow, max-snippet:-1, max-image-preview:large, max-video-preview:-1\" \/>\n<link rel=\"canonical\" href=\"https:\/\/endormoonstore.com\/green-lantern-john-stewart-justice-league-endless-winter-dc-multiverse\/\" \/>\n<meta property=\"og:locale\" content=\"en_US\" \/>\n<meta property=\"og:type\" content=\"article\" \/>\n<meta property=\"og:title\" content=\"Green Lantern John Stewart Justice League Endless Winter DC Multiverse - EndormoonStore\" \/>\n<meta property=\"og:description\" content=\"Green Lantern John Stewart Build A Frost King Justice League: Endless Winter DC Multiverse John Stewart es un ex marine estadounidense que usa su entrenamiento y disciplina militar para proteger la Tierra y el resto del Sector Espacial 2814, como miembro de la fuerza intergal\u00e1ctica de mantenimiento de la paz conocida como Green Lantern Carps.\" \/>\n<meta property=\"og:url\" content=\"https:\/\/endormoonstore.com\/green-lantern-john-stewart-justice-league-endless-winter-dc-multiverse\/\" \/>\n<meta property=\"og:site_name\" content=\"EndormoonStore\" \/>\n<meta property=\"article:modified_time\" content=\"2023-06-11T20:20:00+00:00\" \/>\n<meta property=\"og:image\" content=\"https:\/\/endormoonstore.com\/wp-content\/uploads\/2023\/06\/Green-Lantern-John-Stewart-Justice-League-Endless-Winter-DC-Multiverse-1.jpg\" \/>\n\t<meta property=\"og:image:width\" content=\"1000\" \/>\n\t<meta property=\"og:image:height\" content=\"1000\" \/>\n\t<meta property=\"og:image:type\" content=\"image\/jpeg\" \/>\n<meta name=\"twitter:card\" content=\"summary_large_image\" \/>\n<meta name=\"twitter:label1\" content=\"Est. reading time\" \/>\n\t<meta name=\"twitter:data1\" content=\"1 minute\" \/>\n<script type=\"application\/ld+json\" class=\"yoast-schema-graph\">{\"@context\":\"https:\/\/schema.org\",\"@graph\":[{\"@type\":\"WebPage\",\"@id\":\"https:\/\/endormoonstore.com\/green-lantern-john-stewart-justice-league-endless-winter-dc-multiverse\/\",\"url\":\"https:\/\/endormoonstore.com\/green-lantern-john-stewart-justice-league-endless-winter-dc-multiverse\/\",\"name\":\"Green Lantern John Stewart Justice League Endless Winter DC Multiverse - EndormoonStore\",\"isPartOf\":{\"@id\":\"https:\/\/endormoonstore.com\/#website\"},\"primaryImageOfPage\":{\"@id\":\"https:\/\/endormoonstore.com\/green-lantern-john-stewart-justice-league-endless-winter-dc-multiverse\/#primaryimage\"},\"image\":{\"@id\":\"https:\/\/endormoonstore.com\/green-lantern-john-stewart-justice-league-endless-winter-dc-multiverse\/#primaryimage\"},\"thumbnailUrl\":\"https:\/\/endormoonstore.com\/wp-content\/uploads\/2023\/06\/Green-Lantern-John-Stewart-Justice-League-Endless-Winter-DC-Multiverse-1.jpg\",\"datePublished\":\"2023-05-15T22:04:19+00:00\",\"dateModified\":\"2023-06-11T20:20:00+00:00\",\"breadcrumb\":{\"@id\":\"https:\/\/endormoonstore.com\/green-lantern-john-stewart-justice-league-endless-winter-dc-multiverse\/#breadcrumb\"},\"inLanguage\":\"en-US\",\"potentialAction\":[{\"@type\":\"ReadAction\",\"target\":[\"https:\/\/endormoonstore.com\/green-lantern-john-stewart-justice-league-endless-winter-dc-multiverse\/\"]}]},{\"@type\":\"ImageObject\",\"inLanguage\":\"en-US\",\"@id\":\"https:\/\/endormoonstore.com\/green-lantern-john-stewart-justice-league-endless-winter-dc-multiverse\/#primaryimage\",\"url\":\"https:\/\/endormoonstore.com\/wp-content\/uploads\/2023\/06\/Green-Lantern-John-Stewart-Justice-League-Endless-Winter-DC-Multiverse-1.jpg\",\"contentUrl\":\"https:\/\/endormoonstore.com\/wp-content\/uploads\/2023\/06\/Green-Lantern-John-Stewart-Justice-League-Endless-Winter-DC-Multiverse-1.jpg\",\"width\":1000,\"height\":1000},{\"@type\":\"BreadcrumbList\",\"@id\":\"https:\/\/endormoonstore.com\/green-lantern-john-stewart-justice-league-endless-winter-dc-multiverse\/#breadcrumb\",\"itemListElement\":[{\"@type\":\"ListItem\",\"position\":1,\"name\":\"Shop\",\"item\":\"https:\/\/endormoonstore.com\/en\/shop\/\"},{\"@type\":\"ListItem\",\"position\":2,\"name\":\"Green Lantern John Stewart Justice League Endless Winter DC Multiverse\"}]},{\"@type\":\"WebSite\",\"@id\":\"https:\/\/endormoonstore.com\/#website\",\"url\":\"https:\/\/endormoonstore.com\/\",\"name\":\"EndormoonStore\",\"description\":\"\",\"potentialAction\":[{\"@type\":\"SearchAction\",\"target\":{\"@type\":\"EntryPoint\",\"urlTemplate\":\"https:\/\/endormoonstore.com\/?s={search_term_string}\"},\"query-input\":{\"@type\":\"PropertyValueSpecification\",\"valueRequired\":true,\"valueName\":\"search_term_string\"}}],\"inLanguage\":\"en-US\"}]}<\/script>\n<!-- \/ Yoast SEO plugin. -->","yoast_head_json":{"title":"Green Lantern John Stewart Justice League Endless Winter DC Multiverse - EndormoonStore","robots":{"index":"index","follow":"follow","max-snippet":"max-snippet:-1","max-image-preview":"max-image-preview:large","max-video-preview":"max-video-preview:-1"},"canonical":"https:\/\/endormoonstore.com\/green-lantern-john-stewart-justice-league-endless-winter-dc-multiverse\/","og_locale":"en_US","og_type":"article","og_title":"Green Lantern John Stewart Justice League Endless Winter DC Multiverse - EndormoonStore","og_description":"Green Lantern John Stewart Build A Frost King Justice League: Endless Winter DC Multiverse John Stewart es un ex marine estadounidense que usa su entrenamiento y disciplina militar para proteger la Tierra y el resto del Sector Espacial 2814, como miembro de la fuerza intergal\u00e1ctica de mantenimiento de la paz conocida como Green Lantern Carps.","og_url":"https:\/\/endormoonstore.com\/green-lantern-john-stewart-justice-league-endless-winter-dc-multiverse\/","og_site_name":"EndormoonStore","article_modified_time":"2023-06-11T20:20:00+00:00","og_image":[{"width":1000,"height":1000,"url":"https:\/\/endormoonstore.com\/wp-content\/uploads\/2023\/06\/Green-Lantern-John-Stewart-Justice-League-Endless-Winter-DC-Multiverse-1.jpg","type":"image\/jpeg"}],"twitter_card":"summary_large_image","twitter_misc":{"Est. reading time":"1 minute"},"schema":{"@context":"https:\/\/schema.org","@graph":[{"@type":"WebPage","@id":"https:\/\/endormoonstore.com\/green-lantern-john-stewart-justice-league-endless-winter-dc-multiverse\/","url":"https:\/\/endormoonstore.com\/green-lantern-john-stewart-justice-league-endless-winter-dc-multiverse\/","name":"Green Lantern John Stewart Justice League Endless Winter DC Multiverse - EndormoonStore","isPartOf":{"@id":"https:\/\/endormoonstore.com\/#website"},"primaryImageOfPage":{"@id":"https:\/\/endormoonstore.com\/green-lantern-john-stewart-justice-league-endless-winter-dc-multiverse\/#primaryimage"},"image":{"@id":"https:\/\/endormoonstore.com\/green-lantern-john-stewart-justice-league-endless-winter-dc-multiverse\/#primaryimage"},"thumbnailUrl":"https:\/\/endormoonstore.com\/wp-content\/uploads\/2023\/06\/Green-Lantern-John-Stewart-Justice-League-Endless-Winter-DC-Multiverse-1.jpg","datePublished":"2023-05-15T22:04:19+00:00","dateModified":"2023-06-11T20:20:00+00:00","breadcrumb":{"@id":"https:\/\/endormoonstore.com\/green-lantern-john-stewart-justice-league-endless-winter-dc-multiverse\/#breadcrumb"},"inLanguage":"en-US","potentialAction":[{"@type":"ReadAction","target":["https:\/\/endormoonstore.com\/green-lantern-john-stewart-justice-league-endless-winter-dc-multiverse\/"]}]},{"@type":"ImageObject","inLanguage":"en-US","@id":"https:\/\/endormoonstore.com\/green-lantern-john-stewart-justice-league-endless-winter-dc-multiverse\/#primaryimage","url":"https:\/\/endormoonstore.com\/wp-content\/uploads\/2023\/06\/Green-Lantern-John-Stewart-Justice-League-Endless-Winter-DC-Multiverse-1.jpg","contentUrl":"https:\/\/endormoonstore.com\/wp-content\/uploads\/2023\/06\/Green-Lantern-John-Stewart-Justice-League-Endless-Winter-DC-Multiverse-1.jpg","width":1000,"height":1000},{"@type":"BreadcrumbList","@id":"https:\/\/endormoonstore.com\/green-lantern-john-stewart-justice-league-endless-winter-dc-multiverse\/#breadcrumb","itemListElement":[{"@type":"ListItem","position":1,"name":"Shop","item":"https:\/\/endormoonstore.com\/en\/shop\/"},{"@type":"ListItem","position":2,"name":"Green Lantern John Stewart Justice League Endless Winter DC Multiverse"}]},{"@type":"WebSite","@id":"https:\/\/endormoonstore.com\/#website","url":"https:\/\/endormoonstore.com\/","name":"EndormoonStore","description":"","potentialAction":[{"@type":"SearchAction","target":{"@type":"EntryPoint","urlTemplate":"https:\/\/endormoonstore.com\/?s={search_term_string}"},"query-input":{"@type":"PropertyValueSpecification","valueRequired":true,"valueName":"search_term_string"}}],"inLanguage":"en-US"}]}},"taxonomy_info":{"product_cat":[{"value":1390,"label":"Figures"},{"value":13511,"label":"New Arrivals"}],"pa_brand":[{"value":13680,"label":"McFarlane Toys"}],"pa_character":[{"value":13694,"label":"Green Lantern"}],"pa_license":[{"value":3086,"label":"Dc Universe"}],"pa_product-type":[{"value":2387,"label":"Figure"}],"pa_theme":[{"value":13678,"label":"DC Multiverse"}]},"featured_image_src_large":["https:\/\/endormoonstore.com\/wp-content\/uploads\/2023\/06\/Green-Lantern-John-Stewart-Justice-League-Endless-Winter-DC-Multiverse-1.jpg",1000,1000,false],"author_info":[],"comment_info":"","_links":{"self":[{"href":"https:\/\/endormoonstore.com\/en\/wp-json\/wp\/v2\/product\/146879","targetHints":{"allow":["GET"]}}],"collection":[{"href":"https:\/\/endormoonstore.com\/en\/wp-json\/wp\/v2\/product"}],"about":[{"href":"https:\/\/endormoonstore.com\/en\/wp-json\/wp\/v2\/types\/product"}],"wp:featuredmedia":[{"embeddable":true,"href":"https:\/\/endormoonstore.com\/en\/wp-json\/wp\/v2\/media\/146860"}],"wp:attachment":[{"href":"https:\/\/endormoonstore.com\/en\/wp-json\/wp\/v2\/media?parent=146879"}],"wp:term":[{"taxonomy":"product_cat","embeddable":true,"href":"https:\/\/endormoonstore.com\/en\/wp-json\/wp\/v2\/product_cat?post=146879"},{"taxonomy":"product_tag","embeddable":true,"href":"https:\/\/endormoonstore.com\/en\/wp-json\/wp\/v2\/product_tag?post=146879"}],"curies":[{"name":"wp","href":"https:\/\/api.w.org\/{rel}","templated":true}]}}