{"id":146856,"date":"2023-05-16T00:05:11","date_gmt":"2023-05-15T22:05:11","guid":{"rendered":"https:\/\/endormoonstore.com\/batman-earth-32-green-lantern-multipack-dc-multiverse\/"},"modified":"2023-06-11T21:33:50","modified_gmt":"2023-06-11T19:33:50","slug":"batman-earth-32-green-lantern-multipack-dc-multiverse","status":"publish","type":"product","link":"https:\/\/endormoonstore.com\/en\/batman-earth-32-green-lantern-multipack-dc-multiverse\/","title":{"rendered":"Batman Earth-32 &#038; Green Lantern Multipack DC Multiverse"},"content":{"rendered":"<p class=\"p1\"><strong>Batman Earth-32 &amp; Green Lantern Hal Jordan Pack Collector Multipack DC Multiverse<\/strong><\/p>\n<ul>\n<li>Linterna Verde: La vida de Hal Jordan cambi\u00f3 dos veces al estrellarse un avi\u00f3n.\u00a0La primera vez fue cuando presenci\u00f3 la muerte de su padre, el piloto Martin Jordan.\u00a0El segundo fue cuando, siendo \u00e9l mismo un adulto y un piloto entrenado, fue convocado a los restos estrellados de una nave espacial perteneciente a Abin Sur.<\/li>\n<li>Abin explic\u00f3 que era miembro del Green Lantern Corps, una organizaci\u00f3n de seres de todo el cosmos, armados con anillos de poder alimentados por la energ\u00eda verde de toda la fuerza de voluntad del universo. A su muerte, Abin confi\u00f3 su anillo y sus deberes como Linterna Verde del sector espacial de la Tierra a Hal Jordan.<br \/>\nDawnbreaker: En el multiverso oscuro de DC, en la Tierra -32, la luz verde de la voluntad ha transformado a un enojado Bruce Wayne en algo muy oscuro y siniestro. Despu\u00e9s del asesinato de sus padres en Crime Alley, el joven Bruce recibe un anillo Green Lantern, que le permite volar y generar letales construcciones de energ\u00eda de luz dura.<\/li>\n<li>Sin Alfred Pennyworth para guiarlo, pronto se traga su miedo y dolor y deja que el vac\u00edo que queda lo corrompa a \u00e9l y al anillo, desatando una ola de oscuridad en su mundo, y ahora en el nuestro, como The Dawnbreaker<\/li>\n<li>Figuras Incre\u00edblemente detalladas de unos 18 cm de alto basadas\u00a0 en su apariencia en Dark Nights: Metal<\/li>\n<li>Dise\u00f1ado con Ultra Articulaci\u00f3n con hasta 22 partes m\u00f3viles para una gama completa de poses y juegos<\/li>\n<li>Green Lantern viene con una mochila Light Projection, un guante de boxeo Light Projection.\u00a0Dawnbreaker viene con bates de proyecci\u00f3n de luz.\u00a0Incluye base de proyecci\u00f3n de luz con cohetes, tent\u00e1culos, cadenas y muchos detalles exclusivos de Green Lantern y Dawnbreaker<\/li>\n<li>Incluye dos figuras de tarjetas de arte coleccionables, fotograf\u00eda de la figura de Green Lantern y Dawnbreaker en el frente, y biograf\u00eda del personaje en el reverso.<\/li>\n<\/ul>\n<div class=\"pull-left margenDatosSecundarios\">\n<div id=\"ctl00_MainContent_dvSinopsis\" class=\"pull-left w100\"><\/div>\n<\/div>\n","protected":false},"excerpt":{"rendered":"<p class=\"p1\"><strong>Batman Earth-32 &amp; Green Lantern Hal Jordan Pack Collector Multipack DC Multiverse<\/strong><\/p>\n<p class=\"p1\">Linterna Verde: La vida de Hal Jordan cambi\u00f3 dos veces al estrellarse un avi\u00f3n.\u00a0La primera vez fue cuando presenci\u00f3 la muerte de su padre, el piloto Martin Jordan.\u00a0El segundo fue cuando, siendo \u00e9l mismo un adulto y un piloto entrenado, fue convocado a los restos estrellados de una nave espacial perteneciente a Abin Sur.<\/p>\n","protected":false},"featured_media":146831,"template":"","meta":{"_acf_changed":false,"_kad_blocks_custom_css":"","_kad_blocks_head_custom_js":"","_kad_blocks_body_custom_js":"","_kad_blocks_footer_custom_js":""},"product_cat":[1390,13511],"product_tag":[],"class_list":{"0":"post-146856","1":"product","2":"type-product","3":"status-publish","4":"has-post-thumbnail","6":"product_cat-figures","7":"product_cat-new-arrivals","8":"pa_brand-mcfarlane-toys-en","9":"pa_character-batman-earth-32-en","10":"pa_character-green-lantern-en","11":"pa_license-dc-universe-en","12":"pa_product-type-figure","13":"pa_theme-dc-multiverse-en","15":"first","16":"outofstock","17":"taxable","18":"shipping-taxable","19":"purchasable","20":"product-type-simple"},"acf":[],"yoast_head":"<!-- This site is optimized with the Yoast SEO plugin v26.1.1 - https:\/\/yoast.com\/wordpress\/plugins\/seo\/ -->\n<title>Batman Earth-32 &amp; Green Lantern Multipack DC Multiverse - EndormoonStore<\/title>\n<meta name=\"robots\" content=\"index, follow, max-snippet:-1, max-image-preview:large, max-video-preview:-1\" \/>\n<link rel=\"canonical\" href=\"https:\/\/endormoonstore.com\/en\/batman-earth-32-green-lantern-multipack-dc-multiverse\/\" \/>\n<meta property=\"og:locale\" content=\"en_US\" \/>\n<meta property=\"og:type\" content=\"article\" \/>\n<meta property=\"og:title\" content=\"Batman Earth-32 &amp; Green Lantern Multipack DC Multiverse - EndormoonStore\" \/>\n<meta property=\"og:description\" content=\"Batman Earth-32 &amp; Green Lantern Hal Jordan Pack Collector Multipack DC Multiverse Linterna Verde: La vida de Hal Jordan cambi\u00f3 dos veces al estrellarse un avi\u00f3n.\u00a0La primera vez fue cuando presenci\u00f3 la muerte de su padre, el piloto Martin Jordan.\u00a0El segundo fue cuando, siendo \u00e9l mismo un adulto y un piloto entrenado, fue convocado a los restos estrellados de una nave espacial perteneciente a Abin Sur.\" \/>\n<meta property=\"og:url\" content=\"https:\/\/endormoonstore.com\/en\/batman-earth-32-green-lantern-multipack-dc-multiverse\/\" \/>\n<meta property=\"og:site_name\" content=\"EndormoonStore\" \/>\n<meta property=\"article:modified_time\" content=\"2023-06-11T19:33:50+00:00\" \/>\n<meta property=\"og:image\" content=\"https:\/\/endormoonstore.com\/wp-content\/uploads\/2023\/06\/Batman-Earth-32-Green-Lantern-Hal-Jordan-Pack-Collector-Multipack-DC-Multiverse-1.jpg\" \/>\n\t<meta property=\"og:image:width\" content=\"1000\" \/>\n\t<meta property=\"og:image:height\" content=\"1000\" \/>\n\t<meta property=\"og:image:type\" content=\"image\/jpeg\" \/>\n<meta name=\"twitter:card\" content=\"summary_large_image\" \/>\n<meta name=\"twitter:label1\" content=\"Est. reading time\" \/>\n\t<meta name=\"twitter:data1\" content=\"1 minute\" \/>\n<script type=\"application\/ld+json\" class=\"yoast-schema-graph\">{\"@context\":\"https:\/\/schema.org\",\"@graph\":[{\"@type\":\"WebPage\",\"@id\":\"https:\/\/endormoonstore.com\/en\/batman-earth-32-green-lantern-multipack-dc-multiverse\/\",\"url\":\"https:\/\/endormoonstore.com\/en\/batman-earth-32-green-lantern-multipack-dc-multiverse\/\",\"name\":\"Batman Earth-32 & Green Lantern Multipack DC Multiverse - EndormoonStore\",\"isPartOf\":{\"@id\":\"https:\/\/endormoonstore.com\/#website\"},\"primaryImageOfPage\":{\"@id\":\"https:\/\/endormoonstore.com\/en\/batman-earth-32-green-lantern-multipack-dc-multiverse\/#primaryimage\"},\"image\":{\"@id\":\"https:\/\/endormoonstore.com\/en\/batman-earth-32-green-lantern-multipack-dc-multiverse\/#primaryimage\"},\"thumbnailUrl\":\"https:\/\/endormoonstore.com\/wp-content\/uploads\/2023\/06\/Batman-Earth-32-Green-Lantern-Hal-Jordan-Pack-Collector-Multipack-DC-Multiverse-1.jpg\",\"datePublished\":\"2023-05-15T22:05:11+00:00\",\"dateModified\":\"2023-06-11T19:33:50+00:00\",\"breadcrumb\":{\"@id\":\"https:\/\/endormoonstore.com\/en\/batman-earth-32-green-lantern-multipack-dc-multiverse\/#breadcrumb\"},\"inLanguage\":\"en-US\",\"potentialAction\":[{\"@type\":\"ReadAction\",\"target\":[\"https:\/\/endormoonstore.com\/en\/batman-earth-32-green-lantern-multipack-dc-multiverse\/\"]}]},{\"@type\":\"ImageObject\",\"inLanguage\":\"en-US\",\"@id\":\"https:\/\/endormoonstore.com\/en\/batman-earth-32-green-lantern-multipack-dc-multiverse\/#primaryimage\",\"url\":\"https:\/\/endormoonstore.com\/wp-content\/uploads\/2023\/06\/Batman-Earth-32-Green-Lantern-Hal-Jordan-Pack-Collector-Multipack-DC-Multiverse-1.jpg\",\"contentUrl\":\"https:\/\/endormoonstore.com\/wp-content\/uploads\/2023\/06\/Batman-Earth-32-Green-Lantern-Hal-Jordan-Pack-Collector-Multipack-DC-Multiverse-1.jpg\",\"width\":1000,\"height\":1000},{\"@type\":\"BreadcrumbList\",\"@id\":\"https:\/\/endormoonstore.com\/en\/batman-earth-32-green-lantern-multipack-dc-multiverse\/#breadcrumb\",\"itemListElement\":[{\"@type\":\"ListItem\",\"position\":1,\"name\":\"Shop\",\"item\":\"https:\/\/endormoonstore.com\/en\/shop\/\"},{\"@type\":\"ListItem\",\"position\":2,\"name\":\"Batman Earth-32 &#038; Green Lantern Multipack DC Multiverse\"}]},{\"@type\":\"WebSite\",\"@id\":\"https:\/\/endormoonstore.com\/#website\",\"url\":\"https:\/\/endormoonstore.com\/\",\"name\":\"EndormoonStore\",\"description\":\"\",\"potentialAction\":[{\"@type\":\"SearchAction\",\"target\":{\"@type\":\"EntryPoint\",\"urlTemplate\":\"https:\/\/endormoonstore.com\/?s={search_term_string}\"},\"query-input\":{\"@type\":\"PropertyValueSpecification\",\"valueRequired\":true,\"valueName\":\"search_term_string\"}}],\"inLanguage\":\"en-US\"}]}<\/script>\n<!-- \/ Yoast SEO plugin. -->","yoast_head_json":{"title":"Batman Earth-32 & Green Lantern Multipack DC Multiverse - EndormoonStore","robots":{"index":"index","follow":"follow","max-snippet":"max-snippet:-1","max-image-preview":"max-image-preview:large","max-video-preview":"max-video-preview:-1"},"canonical":"https:\/\/endormoonstore.com\/en\/batman-earth-32-green-lantern-multipack-dc-multiverse\/","og_locale":"en_US","og_type":"article","og_title":"Batman Earth-32 & Green Lantern Multipack DC Multiverse - EndormoonStore","og_description":"Batman Earth-32 &amp; Green Lantern Hal Jordan Pack Collector Multipack DC Multiverse Linterna Verde: La vida de Hal Jordan cambi\u00f3 dos veces al estrellarse un avi\u00f3n.\u00a0La primera vez fue cuando presenci\u00f3 la muerte de su padre, el piloto Martin Jordan.\u00a0El segundo fue cuando, siendo \u00e9l mismo un adulto y un piloto entrenado, fue convocado a los restos estrellados de una nave espacial perteneciente a Abin Sur.","og_url":"https:\/\/endormoonstore.com\/en\/batman-earth-32-green-lantern-multipack-dc-multiverse\/","og_site_name":"EndormoonStore","article_modified_time":"2023-06-11T19:33:50+00:00","og_image":[{"width":1000,"height":1000,"url":"https:\/\/endormoonstore.com\/wp-content\/uploads\/2023\/06\/Batman-Earth-32-Green-Lantern-Hal-Jordan-Pack-Collector-Multipack-DC-Multiverse-1.jpg","type":"image\/jpeg"}],"twitter_card":"summary_large_image","twitter_misc":{"Est. reading time":"1 minute"},"schema":{"@context":"https:\/\/schema.org","@graph":[{"@type":"WebPage","@id":"https:\/\/endormoonstore.com\/en\/batman-earth-32-green-lantern-multipack-dc-multiverse\/","url":"https:\/\/endormoonstore.com\/en\/batman-earth-32-green-lantern-multipack-dc-multiverse\/","name":"Batman Earth-32 & Green Lantern Multipack DC Multiverse - EndormoonStore","isPartOf":{"@id":"https:\/\/endormoonstore.com\/#website"},"primaryImageOfPage":{"@id":"https:\/\/endormoonstore.com\/en\/batman-earth-32-green-lantern-multipack-dc-multiverse\/#primaryimage"},"image":{"@id":"https:\/\/endormoonstore.com\/en\/batman-earth-32-green-lantern-multipack-dc-multiverse\/#primaryimage"},"thumbnailUrl":"https:\/\/endormoonstore.com\/wp-content\/uploads\/2023\/06\/Batman-Earth-32-Green-Lantern-Hal-Jordan-Pack-Collector-Multipack-DC-Multiverse-1.jpg","datePublished":"2023-05-15T22:05:11+00:00","dateModified":"2023-06-11T19:33:50+00:00","breadcrumb":{"@id":"https:\/\/endormoonstore.com\/en\/batman-earth-32-green-lantern-multipack-dc-multiverse\/#breadcrumb"},"inLanguage":"en-US","potentialAction":[{"@type":"ReadAction","target":["https:\/\/endormoonstore.com\/en\/batman-earth-32-green-lantern-multipack-dc-multiverse\/"]}]},{"@type":"ImageObject","inLanguage":"en-US","@id":"https:\/\/endormoonstore.com\/en\/batman-earth-32-green-lantern-multipack-dc-multiverse\/#primaryimage","url":"https:\/\/endormoonstore.com\/wp-content\/uploads\/2023\/06\/Batman-Earth-32-Green-Lantern-Hal-Jordan-Pack-Collector-Multipack-DC-Multiverse-1.jpg","contentUrl":"https:\/\/endormoonstore.com\/wp-content\/uploads\/2023\/06\/Batman-Earth-32-Green-Lantern-Hal-Jordan-Pack-Collector-Multipack-DC-Multiverse-1.jpg","width":1000,"height":1000},{"@type":"BreadcrumbList","@id":"https:\/\/endormoonstore.com\/en\/batman-earth-32-green-lantern-multipack-dc-multiverse\/#breadcrumb","itemListElement":[{"@type":"ListItem","position":1,"name":"Shop","item":"https:\/\/endormoonstore.com\/en\/shop\/"},{"@type":"ListItem","position":2,"name":"Batman Earth-32 &#038; Green Lantern Multipack DC Multiverse"}]},{"@type":"WebSite","@id":"https:\/\/endormoonstore.com\/#website","url":"https:\/\/endormoonstore.com\/","name":"EndormoonStore","description":"","potentialAction":[{"@type":"SearchAction","target":{"@type":"EntryPoint","urlTemplate":"https:\/\/endormoonstore.com\/?s={search_term_string}"},"query-input":{"@type":"PropertyValueSpecification","valueRequired":true,"valueName":"search_term_string"}}],"inLanguage":"en-US"}]}},"taxonomy_info":{"product_cat":[{"value":1390,"label":"Figures"},{"value":13511,"label":"New Arrivals"}],"pa_brand":[{"value":13680,"label":"McFarlane Toys"}],"pa_character":[{"value":13692,"label":"Batman Earth 32"},{"value":13694,"label":"Green Lantern"}],"pa_license":[{"value":3086,"label":"Dc Universe"}],"pa_product-type":[{"value":2387,"label":"Figure"}],"pa_theme":[{"value":13678,"label":"DC Multiverse"}]},"featured_image_src_large":["https:\/\/endormoonstore.com\/wp-content\/uploads\/2023\/06\/Batman-Earth-32-Green-Lantern-Hal-Jordan-Pack-Collector-Multipack-DC-Multiverse-1.jpg",1000,1000,false],"author_info":[],"comment_info":"","_links":{"self":[{"href":"https:\/\/endormoonstore.com\/en\/wp-json\/wp\/v2\/product\/146856","targetHints":{"allow":["GET"]}}],"collection":[{"href":"https:\/\/endormoonstore.com\/en\/wp-json\/wp\/v2\/product"}],"about":[{"href":"https:\/\/endormoonstore.com\/en\/wp-json\/wp\/v2\/types\/product"}],"wp:featuredmedia":[{"embeddable":true,"href":"https:\/\/endormoonstore.com\/en\/wp-json\/wp\/v2\/media\/146831"}],"wp:attachment":[{"href":"https:\/\/endormoonstore.com\/en\/wp-json\/wp\/v2\/media?parent=146856"}],"wp:term":[{"taxonomy":"product_cat","embeddable":true,"href":"https:\/\/endormoonstore.com\/en\/wp-json\/wp\/v2\/product_cat?post=146856"},{"taxonomy":"product_tag","embeddable":true,"href":"https:\/\/endormoonstore.com\/en\/wp-json\/wp\/v2\/product_tag?post=146856"}],"curies":[{"name":"wp","href":"https:\/\/api.w.org\/{rel}","templated":true}]}}